{"id":2,"date":"2011-02-11T16:58:41","date_gmt":"2011-02-11T16:58:41","guid":{"rendered":"https:\/\/markus-schall.de\/?page_id=2"},"modified":"2026-05-09T18:31:35","modified_gmt":"2026-05-09T18:31:35","slug":"otisk","status":"publish","type":"page","link":"https:\/\/www.markus-schall.de\/cs\/otisk\/","title":{"rendered":"Otisk"},"content":{"rendered":"<h3>\u010casopis <em>markus-schall.de<\/em> vyd\u00e1v\u00e1:<\/h3>\r\n<p>M. Nakladatelstv\u00ed Schall<br \/>Hackenweg 97<br \/>26127 Oldenburg<br \/>N\u011bmecko, N\u011bmecko<\/p>\r\n<p>Majitel: Markus Schall<br \/>DI\u010c: DE280073464<\/p>\r\n<p>e-mail:\u00a0<a href=\"mailto:in**@***********ag.de\" data-original-string=\"g9dWLbTdCh93\/F3pYazNcg==680Tzy0Sa+I8gX1MMy98U7Xfejm5tah\/GkLtwxF6kuBajg=\" title=\"Tento kontakt byl zak\u00f3dov\u00e1n programem Anti-Spam by CleanTalk. Klikn\u011bte pro dek\u00f3dov\u00e1n\u00ed. Pro dokon\u010den\u00ed dek\u00f3dov\u00e1n\u00ed se ujist\u011bte, \u017ee je v prohl\u00ed\u017ee\u010di povolen JavaScript.\"><span \n                data-original-string='iMxFYSYz3JTHkY+t5Zzn7w==680z0XBoJyBdsxeoQaexGhESjH5Mxk+9MVGIYPTgZUbfZ8='\n                class='apbct-email-encoder'\n                title='Tento kontakt byl zak\u00f3dov\u00e1n programem Anti-Spam by CleanTalk. Klikn\u011bte pro dek\u00f3dov\u00e1n\u00ed. Pro dokon\u010den\u00ed dek\u00f3dov\u00e1n\u00ed se ujist\u011bte, \u017ee je v prohl\u00ed\u017ee\u010di povolen JavaScript.'>na adrese<span class=\"apbct-blur\">**<\/span>@<span class=\"apbct-blur\">***********<\/span>ag.de<\/span><\/a><\/p>\r\n<p>Obr\u00e1zky (c) <strong><a href=\"https:\/\/pixabay.de\" target=\"_blank\" rel=\"noopener\">Pixabay<\/a><\/strong><\/p>\r\n<p><strong>Nez\u00e1visl\u00e9<\/strong>Autor i \u010dasopis jsou nestrann\u00ed, ve\u0161ker\u00fd obsah vznik\u00e1 bez st\u00e1tn\u00edho \u010di institucion\u00e1ln\u00edho financov\u00e1n\u00ed.<\/p>\r\n<p>Tyto webov\u00e9 str\u00e1nky pou\u017e\u00edvaj\u00ed automatizovan\u00e9 p\u0159eklady (DeepL Pro). Za spr\u00e1vnost a \u00faplnost cizojazy\u010dn\u00e9ho obsahu se neru\u010d\u00ed. Sm\u011brodatn\u00e1 je v\u017edy p\u016fvodn\u00ed n\u011bmeck\u00e1 verze.<\/p>\r\n<hr \/>\r\n<div style=\"background: #ffffff; line-height: 1.6; font-size: 15px;\">\r\n<h3>Podpo\u0159te tento \u010dasopis<\/h3>\r\nTento \u010dasopis vznik\u00e1 nez\u00e1visle, bez placen\u00e9ho p\u0159\u00edstupu, bez reklamy a s c\u00edlem dlouhodob\u011b budovat digit\u00e1ln\u00ed obsah a novin\u00e1\u0159skou podstatu. Pokud chcete tuto pr\u00e1ci podpo\u0159it, m\u016f\u017eete tak dobrovoln\u011b u\u010dinit zde.<\/div>\r\n<div>\u00a0<\/div>\r\n<div style=\"background: #ffffff; line-height: 1.6; font-size: 15px; text-align: left;\"><a style=\"display: inline-block; padding: 12px 22px; background: #1e73be; color: #fff; text-decoration: none; border-radius: 6px; font-weight: 400; transition: 0.2s ease;\" href=\"https:\/\/donate.stripe.com\/8x27sF4is28V4wH9K0e7m00\" target=\"_blank\" rel=\"noopener\">\u010casopis Podpora <\/a><\/div>\r\n<hr \/>\r\n<h3>Z\u00e1sady ochrany osobn\u00edch \u00fadaj\u016f - Pr\u016fzkumy a kontaktn\u00ed formul\u00e1\u0159<\/h3>\r\n<p><strong>Pr\u016fzkumy na t\u011bchto webov\u00fdch str\u00e1nk\u00e1ch<\/strong>Na t\u011bchto webov\u00fdch str\u00e1nk\u00e1ch se p\u0159\u00edle\u017eitostn\u011b prov\u00e1d\u011bj\u00ed anonymn\u00ed pr\u016fzkumy. \u00da\u010dast v nich je dobrovoln\u00e1 a je mo\u017en\u00e1 bez registrace. Neukl\u00e1daj\u00ed se \u017e\u00e1dn\u00e9 osobn\u00ed \u00fadaje. Aby se zabr\u00e1nilo v\u00edcen\u00e1sobn\u00e9mu hlasov\u00e1n\u00ed, m\u016f\u017ee b\u00fdt nastaven technick\u00fd soubor cookie nebo m\u016f\u017ee b\u00fdt IP adresa zpracov\u00e1na v anonymizovan\u00e9 podob\u011b. \u017d\u00e1dn\u00e9 \u00fadaje nejsou p\u0159ed\u00e1v\u00e1ny t\u0159et\u00edm stran\u00e1m.<\/p>\r\n<p><strong>Kontaktn\u00ed formul\u00e1\u0159 pro dotazy<\/strong>Pokud n\u00e1s kontaktujete prost\u0159ednictv\u00edm kontaktn\u00edho formul\u00e1\u0159e, budou v\u00e1mi zadan\u00e9 \u00fadaje (nap\u0159. jm\u00e9no, e-mailov\u00e1 adresa, zpr\u00e1va) zpracov\u00e1ny za \u00fa\u010delem vy\u0159\u00edzen\u00ed va\u0161eho dotazu. Zpracov\u00e1n\u00ed se prov\u00e1d\u00ed v souladu s \u010dl. 6 odst. 1 p\u00edsm. b GDPR na z\u00e1klad\u011b va\u0161\u00ed \u017e\u00e1dosti.<\/p>\r\n<p>Va\u0161e \u00fadaje budou pou\u017eity pouze k zodpov\u011bzen\u00ed va\u0161eho dotazu a nebudou p\u0159ed\u00e1ny t\u0159et\u00edm stran\u00e1m. P\u0159edan\u00e9 informace nebudou trvale uchov\u00e1v\u00e1ny, pokud dotaz nevy\u00fast\u00ed v trval\u00fd smluvn\u00ed nebo poradensk\u00fd vztah.<\/p>\r\n<p><strong>Anal\u00fdza webov\u00fdch str\u00e1nek<\/strong>Pou\u017e\u00edv\u00e1 se pouze m\u00edstn\u00ed analytick\u00fd n\u00e1stroj, kter\u00fd neukl\u00e1d\u00e1 \u017e\u00e1dn\u00e9 osobn\u00ed \u00fadaje. Na t\u011bchto webov\u00fdch str\u00e1nk\u00e1ch se nepou\u017e\u00edv\u00e1 slu\u017eba Google Analytics ani jin\u00e9 cloudov\u00e9 analytick\u00e9 syst\u00e9my.<\/p>\r\n<h3>Odpov\u011bdnost a z\u00e1ruka<\/h3>\r\n<p>I p\u0159es pe\u010dlivou kontrolu obsahu nep\u0159eb\u00edr\u00e1m \u017e\u00e1dnou odpov\u011bdnost za obsah extern\u00edch odkaz\u016f. Za obsah odkazovan\u00fdch str\u00e1nek odpov\u00eddaj\u00ed v\u00fdhradn\u011b jejich provozovatel\u00e9.<\/p>\r\n<p>Ve\u0161ker\u00e9 informace na adrese www.markus-schall.de a dal\u0161\u00edch subdom\u00e9n\u00e1ch pod t\u011bmito adresami jsou poskytov\u00e1ny spole\u010dnost\u00ed Markus Schall bez jak\u00e9hokoli v\u00fdslovn\u00e9ho \u010di p\u0159edpokl\u00e1dan\u00e9ho prohl\u00e1\u0161en\u00ed nebo z\u00e1ruky.<\/p>\r\n<p>Vylou\u010deny jsou rovn\u011b\u017e v\u0161echny p\u0159edpokl\u00e1dan\u00e9 z\u00e1ruky prodejnosti, vhodnosti pro ur\u010dit\u00fd \u00fa\u010del nebo neporu\u0161ov\u00e1n\u00ed z\u00e1kon\u016f a patent\u016f. I kdy\u017e p\u0159edpokl\u00e1d\u00e1m, \u017ee informace, kter\u00e9 poskytuji, jsou p\u0159esn\u00e9, mohou p\u0159esto obsahovat chyby nebo nep\u0159esnosti.<\/p>\r\n<p><strong>Autorsk\u00e1 pr\u00e1va<\/strong><\/p>\r\n<p>Copyright 1998-2026 Markus Schall. V\u0161echna pr\u00e1va vyhrazena.<\/p>\r\n<p>Ve\u0161ker\u00e9 texty, obr\u00e1zky, grafika, zvukov\u00e9, video a anima\u010dn\u00ed soubory a jejich uspo\u0159\u00e1d\u00e1n\u00ed podl\u00e9haj\u00ed autorsk\u00fdm pr\u00e1v\u016fm a dal\u0161\u00edm z\u00e1kon\u016fm na ochranu du\u0161evn\u00edho vlastnictv\u00ed. Nesm\u00ed b\u00fdt kop\u00edrov\u00e1ny pro komer\u010dn\u00ed \u00fa\u010dely nebo pro \u0161\u00ed\u0159en\u00ed, ani upravov\u00e1ny a pou\u017e\u00edv\u00e1ny na jin\u00fdch webov\u00fdch str\u00e1nk\u00e1ch. V\u0161echna loga podl\u00e9haj\u00ed pr\u00e1v\u016fm p\u0159\u00edslu\u0161n\u00fdch v\u00fdrobc\u016f\/vlastn\u00edk\u016f.<\/p>\r\n\r\n<p>&nbsp;<\/p>","protected":false},"excerpt":{"rendered":"<p>Das Magazin markus-schall.de wird ver\u00f6ffentlicht von: M. Schall VerlagHackenweg 9726127 OldenburgDeutschland, Germany Inhaber: Markus SchallUSt.-ID: DE280073464 E-Mail:\u00a0in**@***********ag.de Bildmaterial (c) Pixabay Unabh\u00e4ngig: Der Autor und das Magzin sind parteilos, alle Inhalte werden ohne staatliche oder institutionelle F\u00f6rderung erstellt. Diese Website verwendet automatisierte \u00dcbersetzungen (DeepL Pro). F\u00fcr die Richtigkeit und Vollst\u00e4ndigkeit fremdsprachiger Inhalte wird keine Gew\u00e4hr \u00fcbernommen. &#8230; <a title=\"Otisk\" class=\"read-more\" href=\"https:\/\/www.markus-schall.de\/cs\/otisk\/\" aria-label=\"\u010c\u00edst v\u00edce o Imprint\">\u010c\u00edst d\u00e1l<\/a><\/p>","protected":false},"author":1,"featured_media":0,"parent":0,"menu_order":15,"comment_status":"closed","ping_status":"open","template":"","meta":{"iawp_total_views":253,"footnotes":""},"class_list":["post-2","page","type-page","status-publish"],"_links":{"self":[{"href":"https:\/\/www.markus-schall.de\/cs\/wp-json\/wp\/v2\/pages\/2","targetHints":{"allow":["GET"]}}],"collection":[{"href":"https:\/\/www.markus-schall.de\/cs\/wp-json\/wp\/v2\/pages"}],"about":[{"href":"https:\/\/www.markus-schall.de\/cs\/wp-json\/wp\/v2\/types\/page"}],"author":[{"embeddable":true,"href":"https:\/\/www.markus-schall.de\/cs\/wp-json\/wp\/v2\/users\/1"}],"replies":[{"embeddable":true,"href":"https:\/\/www.markus-schall.de\/cs\/wp-json\/wp\/v2\/comments?post=2"}],"version-history":[{"count":20,"href":"https:\/\/www.markus-schall.de\/cs\/wp-json\/wp\/v2\/pages\/2\/revisions"}],"predecessor-version":[{"id":6021,"href":"https:\/\/www.markus-schall.de\/cs\/wp-json\/wp\/v2\/pages\/2\/revisions\/6021"}],"wp:attachment":[{"href":"https:\/\/www.markus-schall.de\/cs\/wp-json\/wp\/v2\/media?parent=2"}],"curies":[{"name":"wp","href":"https:\/\/api.w.org\/{rel}","templated":true}]}}