{"id":3209,"date":"2025-10-25T14:21:30","date_gmt":"2025-10-25T14:21:30","guid":{"rendered":"https:\/\/www.markus-schall.de\/?page_id=3209"},"modified":"2026-02-09T18:48:24","modified_gmt":"2026-02-09T18:48:24","slug":"kontakt","status":"publish","type":"page","link":"https:\/\/www.markus-schall.de\/cs\/kontakt\/","title":{"rendered":"Kontakt"},"content":{"rendered":"<p data-start=\"206\" data-end=\"472\"><img loading=\"lazy\" decoding=\"async\" class=\"size-large wp-image-3443 alignnone\" src=\"http:\/\/www.markus-schall.de\/wp-content\/uploads\/Kontakt.jpg\" alt=\"Kontakt\" width=\"1024\" height=\"683\" srcset=\"https:\/\/www.markus-schall.de\/wp-content\/uploads\/Kontakt.jpg 1024w, https:\/\/www.markus-schall.de\/wp-content\/uploads\/Kontakt-300x200.jpg 300w, https:\/\/www.markus-schall.de\/wp-content\/uploads\/Kontakt-768x512.jpg 768w, https:\/\/www.markus-schall.de\/wp-content\/uploads\/Kontakt-18x12.jpg 18w\" sizes=\"auto, (max-width: 1024px) 100vw, 1024px\" \/><\/p>\n<p data-start=\"206\" data-end=\"472\">N\u011bkdy je kr\u00e1tk\u00e1 osobn\u00ed v\u00fdm\u011bna n\u00e1zor\u016f nejjednodu\u0161\u0161\u00edm zp\u016fsobem, jak si ujasnit ot\u00e1zku nebo promyslet dal\u0161\u00ed my\u0161lenku.<\/p>\n<p data-start=\"206\" data-end=\"472\">Pomoc\u00ed n\u00e1sleduj\u00edc\u00edho formul\u00e1\u0159e mi m\u016f\u017eete poslat zpr\u00e1vu - a\u0165 u\u017e o nakladatelstv\u00ed, m\u00fdch knih\u00e1ch, m\u00e9m softwaru ERP, mana\u017eersk\u00e9m poradenstv\u00ed, \u0159e\u0161en\u00edch AI nebo mo\u017en\u00e9 spolupr\u00e1ci.<\/p>\n<p data-start=\"474\" data-end=\"651\">V\u0161echny zpr\u00e1vy \u010dtu s\u00e1m a obvykle odpov\u00edd\u00e1m do n\u011bkolika dn\u016f. Popi\u0161te pros\u00edm sv\u016fj po\u017eadavek co nejjasn\u011bji, abych na n\u011bj mohl konkr\u00e9tn\u011b odpov\u011bd\u011bt.<\/p>\n<p data-start=\"653\" data-end=\"776\">S va\u0161imi \u00fadaji bude samoz\u0159ejm\u011b zach\u00e1zeno d\u016fv\u011brn\u011b a budou pou\u017eity v\u00fdhradn\u011b k zodpov\u011bzen\u00ed va\u0161eho dotazu. Plat\u00ed n\u00e1sleduj\u00edc\u00ed pokyny <a href=\"https:\/\/www.markus-schall.de\/cs\/otisk\/\">Ochrana \u00fadaj\u016f<\/a>.<\/p>\n<div class=\"forminator-ui forminator-custom-form forminator-custom-form-3208 forminator-design--flat  forminator_ajax\" data-forminator-render=\"0\" data-form=\"forminator-module-3208\" data-uid=\"69fdde31e864e\"><br\/><\/div><form\n\t\t\t\tid=\"forminator-module-3208\"\n\t\t\t\tclass=\"forminator-ui forminator-custom-form forminator-custom-form-3208 forminator-design--flat  forminator_ajax\"\n\t\t\t\tmethod=\"post\"\n\t\t\t\tdata-forminator-render=\"0\"\n\t\t\t\tdata-form-id=\"3208\"\n\t\t\t\t data-color-option=\"theme\" data-design=\"flat\" data-grid=\"open\" style=\"display: none;\"\n\t\t\t\tdata-uid=\"69fdde31e864e\" action=\"\"\n\t\t\t><div role=\"alert\" aria-live=\"polite\" class=\"forminator-response-message forminator-error\" aria-hidden=\"true\"><\/div><div class=\"forminator-row\"><div id=\"name-1\" class=\"forminator-field-name forminator-col forminator-col-12\"><div class=\"forminator-field\"><label for=\"forminator-field-name-1_69fdde31e864e\" id=\"forminator-field-name-1_69fdde31e864e-label\" class=\"forminator-label\">N\u00e1zev <span class=\"forminator-required\">*<\/span><\/label><input type=\"text\" name=\"name-1\" value=\"\" placeholder=\"\" id=\"forminator-field-name-1_69fdde31e864e\" class=\"forminator-input forminator-name--field\" aria-required=\"true\" autocomplete=\"name\" \/><\/div><\/div><\/div><div class=\"forminator-row\"><div id=\"email-1\" class=\"forminator-field-email forminator-col forminator-col-12\"><div class=\"forminator-field\"><label for=\"forminator-field-email-1_69fdde31e864e\" id=\"forminator-field-email-1_69fdde31e864e-label\" class=\"forminator-label\">E-mailov\u00e1 adresa <span class=\"forminator-required\">*<\/span><\/label><input type=\"email\" name=\"email-1\" value=\"\" placeholder=\"\" id=\"forminator-field-email-1_69fdde31e864e\" class=\"forminator-input forminator-email--field\" data-required=\"true\" aria-required=\"true\" autocomplete=\"email\" \/><\/div><\/div><\/div><div class=\"forminator-row\"><div id=\"phone-1\" class=\"forminator-field-phone forminator-col forminator-col-12\"><div class=\"forminator-field\"><label for=\"forminator-field-phone-1_69fdde31e864e\" id=\"forminator-field-phone-1_69fdde31e864e-label\" class=\"forminator-label\">Telefonn\u00ed \u010d\u00edslo<\/label><input type=\"text\" name=\"phone-1\" value=\"\" placeholder=\"\" id=\"forminator-field-phone-1_69fdde31e864e\" class=\"forminator-input forminator-field--phone\" data-required=\"\" aria-required=\"false\" autocomplete=\"off\" \/><\/div><\/div><\/div><div class=\"forminator-row\"><div id=\"select-1\" class=\"forminator-field-select forminator-col forminator-col-12\"><div class=\"forminator-field\"><label for=\"forminator-form-3208__field--select-1_69fdde31e864e\" id=\"forminator-form-3208__field--select-1_69fdde31e864e-label\" class=\"forminator-label\">Z\u00e1jem o<\/label><select  id=\"forminator-form-3208__field--select-1_69fdde31e864e\" class=\"forminator-select--field forminator-select2 forminator-select2-multiple\" data-required=\"\" name=\"select-1\" data-default-value=\"\" data-hidden-behavior=\"zero\" data-placeholder=\"\" data-search=\"false\" data-search-placeholder=\"\" data-checkbox=\"false\" data-allow-clear=\"false\" aria-labelledby=\"forminator-form-3208__field--select-1_69fdde31e864e-label\"><option value=\"Allgemeine-Anfrage\"  data-calculation=\"0\">Obecn\u00fd dotaz<\/option><option value=\"Gastbeitrag-als-Unternehmen\"  data-calculation=\"0\">Vlastn\u00ed mezin\u00e1rodn\u00ed \u010dasopis<\/option><option value=\"one\"  data-calculation=\"0\">Knihy \/ Vydavatelstv\u00ed knih<\/option><option value=\"Gastbeitrag-als-Autor\"  data-calculation=\"0\">Hostuj\u00edc\u00ed p\u0159\u00edsp\u011bvek jako autor<\/option><option value=\"Eigenes-internationales-Magazin\"  data-calculation=\"0\">P\u0159\u00edsp\u011bvek hosta jako spole\u010dnosti<\/option><option value=\"Artikelservice-Redaktion\"  data-calculation=\"0\">\u010cl\u00e1nek servis\/redakce\/PR<\/option><option value=\"two\"  data-calculation=\"0\">Strategick\u00e9 poradenstv\u00ed<\/option><option value=\"KI-L\u00f6sungen\"  data-calculation=\"0\">Software ERP<\/option><option value=\"KI-L\u00f6sungen\"  data-calculation=\"0\">Poradenstv\u00ed v oblasti \u0159\u00edzen\u00ed<\/option><\/select><\/div><\/div><\/div><div class=\"forminator-row\"><div id=\"textarea-1\" class=\"forminator-field-textarea forminator-col forminator-col-12\"><div class=\"forminator-field\"><label for=\"forminator-field-textarea-1_69fdde31e864e\" id=\"forminator-field-textarea-1_69fdde31e864e-label\" class=\"forminator-label\">Zpr\u00e1va<\/label><span id=\"forminator-field-textarea-1_69fdde31e864e-description\" class=\"forminator-description\"><span data-limit=\"1000\" data-type=\"characters\" data-editor=\"\">0 \/ 1000<\/span><\/span><textarea name=\"textarea-1\" placeholder=\"\" id=\"forminator-field-textarea-1_69fdde31e864e\" class=\"forminator-textarea\" rows=\"6\" style=\"--forminator-textarea-min-height:140px;\" maxlength=\"1000\" ><\/textarea><\/div><\/div><\/div><input type=\"hidden\" name=\"referer_url\" value=\"\" \/><div class=\"forminator-row forminator-row-last\"><div class=\"forminator-col\"><div class=\"forminator-field\"><button class=\"forminator-button forminator-button-submit\">Odes\u00edl\u00e1n\u00ed<\/button><\/div><\/div><\/div><input type=\"hidden\" id=\"forminator_nonce\" name=\"forminator_nonce\" value=\"ab927916cd\" \/><input type=\"hidden\" name=\"_wp_http_referer\" value=\"\/cs\/wp-json\/wp\/v2\/pages\/3209\" \/><input type=\"hidden\" name=\"form_id\" value=\"3208\"><input type=\"hidden\" name=\"page_id\" value=\"3209\"><input type=\"hidden\" name=\"form_type\" value=\"default\"><input type=\"hidden\" name=\"current_url\" value=\"https:\/\/www.markus-schall.de\/cs\/kontakt\/\"><input type=\"hidden\" name=\"render_id\" value=\"0\"><input type=\"hidden\" name=\"action\" value=\"forminator_submit_form_custom-forms\"><label for=\"input_6\" class=\"forminator-hidden\" aria-hidden=\"true\">Toto pole pros\u00edm nevypl\u0148ujte. <input id=\"input_6\" type=\"text\" name=\"input_6\" value=\"\" autocomplete=\"off\"><\/label><input type=\"hidden\" name=\"trp-form-language\" value=\"cs\"\/><\/form>","protected":false},"excerpt":{"rendered":"<p>N\u011bkdy je kr\u00e1tk\u00e1 osobn\u00ed v\u00fdm\u011bna n\u00e1zor\u016f nejjednodu\u0161\u0161\u00edm zp\u016fsobem, jak objasnit ot\u00e1zku nebo posunout my\u0161lenku d\u00e1l. Pomoc\u00ed n\u00ed\u017ee uveden\u00e9ho formul\u00e1\u0159e mi m\u016f\u017eete poslat zpr\u00e1vu - a\u0165 u\u017e se t\u00fdk\u00e1 nakladatelstv\u00ed, m\u00fdch knih, m\u00e9ho softwaru ERP, poradenstv\u00ed v oblasti \u0159\u00edzen\u00ed, \u0159e\u0161en\u00ed um\u011bl\u00e9 inteligence nebo mo\u017en\u00e9 spolupr\u00e1ce. V\u0161echny zpr\u00e1vy si s\u00e1m p\u0159e\u010dtu a obvykle odpov\u00edm do n\u011bkolika dn\u016f. ... <a title=\"Kontakt\" class=\"read-more\" href=\"https:\/\/www.markus-schall.de\/cs\/kontakt\/\" aria-label=\"\u010c\u00edst v\u00edce o kontaktu\">\u010c\u00edst d\u00e1l<\/a><\/p>","protected":false},"author":1,"featured_media":0,"parent":0,"menu_order":0,"comment_status":"closed","ping_status":"closed","template":"","meta":{"iawp_total_views":193,"footnotes":""},"class_list":["post-3209","page","type-page","status-publish"],"_links":{"self":[{"href":"https:\/\/www.markus-schall.de\/cs\/wp-json\/wp\/v2\/pages\/3209","targetHints":{"allow":["GET"]}}],"collection":[{"href":"https:\/\/www.markus-schall.de\/cs\/wp-json\/wp\/v2\/pages"}],"about":[{"href":"https:\/\/www.markus-schall.de\/cs\/wp-json\/wp\/v2\/types\/page"}],"author":[{"embeddable":true,"href":"https:\/\/www.markus-schall.de\/cs\/wp-json\/wp\/v2\/users\/1"}],"replies":[{"embeddable":true,"href":"https:\/\/www.markus-schall.de\/cs\/wp-json\/wp\/v2\/comments?post=3209"}],"version-history":[{"count":7,"href":"https:\/\/www.markus-schall.de\/cs\/wp-json\/wp\/v2\/pages\/3209\/revisions"}],"predecessor-version":[{"id":4858,"href":"https:\/\/www.markus-schall.de\/cs\/wp-json\/wp\/v2\/pages\/3209\/revisions\/4858"}],"wp:attachment":[{"href":"https:\/\/www.markus-schall.de\/cs\/wp-json\/wp\/v2\/media?parent=3209"}],"curies":[{"name":"wp","href":"https:\/\/api.w.org\/{rel}","templated":true}]}}