{"id":5523,"date":"2026-03-28T06:11:12","date_gmt":"2026-03-28T06:11:12","guid":{"rendered":"https:\/\/www.markus-schall.de\/?page_id=5523"},"modified":"2026-04-23T09:33:28","modified_gmt":"2026-04-23T09:33:28","slug":"news","status":"publish","type":"page","link":"https:\/\/www.markus-schall.de\/en\/news\/","title":{"rendered":"Advertising-free monthly news"},"content":{"rendered":"<p data-section-id=\"9ruj28\" data-start=\"372\" data-end=\"406\"><img loading=\"lazy\" decoding=\"async\" class=\"alignnone wp-image-5531 size-full\" src=\"https:\/\/www.markus-schall.de\/wp-content\/uploads\/Monatlicher-Newsletter.jpg\" alt=\"Subscribe to the monthly newsletter\" width=\"1024\" height=\"662\" srcset=\"https:\/\/www.markus-schall.de\/wp-content\/uploads\/Monatlicher-Newsletter.jpg 1024w, https:\/\/www.markus-schall.de\/wp-content\/uploads\/Monatlicher-Newsletter-300x194.jpg 300w, https:\/\/www.markus-schall.de\/wp-content\/uploads\/Monatlicher-Newsletter-768x497.jpg 768w, https:\/\/www.markus-schall.de\/wp-content\/uploads\/Monatlicher-Newsletter-18x12.jpg 18w\" sizes=\"auto, (max-width: 1024px) 100vw, 1024px\" \/><\/p>\n<h2>Subscribe to ad-free monthly news<\/h2>\n<p>Once a month, you will receive a compact overview of the most important articles, developments and background information from the magazine.<\/p>\n<p>The focus is deliberately on clarity and substance - without superfluous content or unnecessary distractions.<\/p>\n<p>If you register in connection with a specific topic (e.g. a script or a specialist article), you will also be informed about relevant updates.<\/p>\n<p>After registering, you will receive a confirmation e-mail (double opt-in). Only then will your registration become active.<\/p>\n<p><div class=\"mailster-block-form-type-content wp-block-mailster-form-outside-wrapper wp-block-mailster-form-outside-wrapper-9484e5d0 wp-block-mailster-form-outside-wrapper-5522 wp-block-mailster-form\"><style class=\"mailster-form-style-9484e5d0\">.mailster-block-form input[type=\"text\"]{padding:10px 15px;border:1px solid rgb(204, 204, 204);font:17px \/ 25.5px -apple-system, system-ui, BlinkMacSystemFont, \"Segoe UI\", Helvetica, Arial, sans-serif, \"Apple Color Emoji\", \"Segoe UI Emoji\", \"Segoe UI Symbol\";border-radius:0px;background:rgb(250, 250, 250) none repeat scroll 0% 0% \/ auto padding-box border-box;box-shadow:none;line-height:25.5px;appearance:auto;outline:rgb(102, 102, 102) none 0px;text-transform:none;letter-spacing:normal;height:47px;}.mailster-block-form input[type=\"email\"]{padding:10px 15px;border:1px solid rgb(204, 204, 204);font:17px \/ 25.5px -apple-system, system-ui, BlinkMacSystemFont, \"Segoe UI\", Helvetica, Arial, sans-serif, \"Apple Color Emoji\", \"Segoe UI Emoji\", \"Segoe UI Symbol\";border-radius:0px;background:rgb(250, 250, 250) none repeat scroll 0% 0% \/ auto padding-box border-box;box-shadow:none;line-height:25.5px;appearance:auto;outline:rgb(102, 102, 102) none 0px;text-transform:none;letter-spacing:normal;height:47px;}.mailster-block-form input[type=\"date\"]{}.mailster-block-form input[type=\"checkbox\"]{}.mailster-block-form input[type=\"radio\"]{}.mailster-block-form input[type=\"submit\"]{padding:10px 20px;border:0px solid rgb(0, 0, 0);font:17px \/ 25.5px -apple-system, system-ui, BlinkMacSystemFont, \"Segoe UI\", Helvetica, Arial, sans-serif, \"Apple Color Emoji\", \"Segoe UI Emoji\", \"Segoe UI Symbol\";border-radius:5px;background:rgb(2, 123, 184) none repeat scroll 0% 0% \/ auto padding-box border-box;box-shadow:none;line-height:25.5px;appearance:button;outline:rgb(255, 255, 255) none 0px;text-transform:none;letter-spacing:normal;border:0px solid rgb(0, 0, 0);outline:rgb(255, 255, 255) none 0px;color:rgb(255, 255, 255);}.mailster-block-form select{}.mailster-block-form label{padding:0px;border:0px none rgb(58, 58, 58);font:17px \/ 25.5px -apple-system, system-ui, BlinkMacSystemFont, \"Segoe UI\", Helvetica, Arial, sans-serif, \"Apple Color Emoji\", \"Segoe UI Emoji\", \"Segoe UI Symbol\";border-radius:0px;background:rgba(0, 0, 0, 0) none repeat scroll 0% 0% \/ auto padding-box border-box;box-shadow:none;line-height:25.5px;appearance:none;outline:rgb(58, 58, 58) none 0px;text-transform:none;letter-spacing:normal;}.mailster-block-form textarea{}div.wp-block-mailster-form-outside-wrapper.wp-block-mailster-form-outside-wrapper-9484e5d0.wp-block-mailster-form-outside-wrapper-5522 .mailster-wrapper{margin-bottom:1em}<\/style>\n<form method=\"post\" novalidate class=\"wp-block-mailster-form-wrapper mailster-block-form\" action=\"\"><div class=\"mailster-block-form-inner\">\n<div class=\"wp-block-mailster-messages mailster-block-form-info mailster-wrapper\" aria-hidden=\"true\"><style>:root {--mailster--color--success-background: #6fbf4d;--mailster--color--success: #ffffff;--mailster--color--error-background: #bf4d4d;--mailster--color--error: #ffffff;}<\/style><div class=\"mailster-block-form-info-success\" style=\"width:100%\"><div>Please confirm your registration!<\/div><div class=\"mailster-block-form-info-extra\"><\/div><\/div><div class=\"mailster-block-form-info-error\" style=\"width:100%\"><div>Some fields are missing or incorrect!<\/div><div class=\"mailster-block-form-info-extra\"><\/div><\/div><\/div>\n\n\n\n<div class=\"wp-block-mailster-field-firstname mailster-wrapper mailster-wrapper-type-text\" style=\"width:100%\"><label for=\"mailster-id-2c4fa9\" class=\"mailster-label\">First name<\/label><input name=\"firstname\" id=\"mailster-id-2c4fa9\" type=\"text\" aria-required=\"false\" aria-label=\"First name\" spellcheck=\"false\" value=\"\" class=\"input\" autocomplete=\"given-name\" placeholder=\" \"\/><\/div>\n\n\n\n<div class=\"wp-block-mailster-field-email mailster-wrapper mailster-wrapper-required mailster-wrapper-type-email mailster-wrapper-asterisk\"><label for=\"mailster-id-4a142f\" class=\"mailster-label\">e-mail<\/label><input name=\"email\" id=\"mailster-id-4a142f\" type=\"email\" aria-required=\"true\" aria-label=\"e-mail\" spellcheck=\"false\" required value=\"\" class=\"input\" autocomplete=\"email\" placeholder=\" \"\/><\/div>\n\n\n\n<div class=\"wp-block-mailster-field-submit mailster-wrapper mailster-wrapper-type-submit mailster-wrapper-align-center wp-block-button\"><input name=\"submit\" id=\"mailster-id-02e1d6\" type=\"submit\" value=\"Subscribe here\" class=\"wp-block-button__link submit-button\"\/><\/div>\n<\/div><script class=\"mailster-block-form-data\" type=\"application\/json\">{\"id\":5522,\"identifier\":\"9484e5d0\",\"cooldown\":0,\"isPreview\":false,\"type\":\"submission\",\"prefill\":false}<\/script><input name=\"_timestamp\" type=\"hidden\" value=\"1778923541\" \/>\n<button class=\"mailster-block-form-close\" aria-label=\"close\" tabindex=\"0\"><svg viewbox=\"0 0 100 100\"><path d=\"M100 10.71 89.29 0 50 39.29 10.71 0 0 10.71 39.29 50 0 89.29 10.71 100 50 60.71 89.29 100 100 89.29 60.71 50z\"\/><\/svg><\/button><input type=\"hidden\" name=\"trp-form-language\" value=\"en\"\/><\/form>\n<\/div><\/p>\n\n<hr \/>\n<h2>Frequently asked questions about the monthly newsletter<\/h2>\n<ol>\n<li><strong>What exactly do I get with this newsletter?<\/strong><br \/>\nOnce a month, you will receive a compact overview of the most important new articles, developments and updates from the magazine. The focus is on relevant content with substance - without distraction and without superfluous repetition.<\/li>\n<li><strong>How often is the newsletter sent out?<\/strong><br \/>\nThe newsletter is usually sent out once a month, usually towards the end of the month. So you won't receive frequent emails, but a bundled, clear summary.<\/li>\n<li><strong>Is the newsletter really ad-free?<\/strong><br \/>\nYes, the newsletter contains no advertising, no affiliate links and no paid content. The aim is to provide a clear information channel that focuses exclusively on content and classification.<\/li>\n<li><strong>What topics are covered in the newsletter?<\/strong><br \/>\nThe newsletter covers the magazine's subject areas, in particular AI, technology, geopolitics, economic contexts and fundamental social developments. In addition, new articles and important updates to existing articles are also highlighted.<\/li>\n<li><strong>Will I also receive information about updates to scripts or projects?<\/strong><br \/>\nYes, if there are relevant updates to the scripts or technical content provided, these will also be announced in the newsletter so that you are kept up to date.<\/li>\n<li><strong>How exactly does registration work?<\/strong><br \/>\nAfter entering your e-mail address, you will receive a confirmation e-mail (double opt-in). Only when you actively confirm this will your registration be completed. This ensures that only you have registered.<\/li>\n<li><strong>Why do I have to confirm my e-mail address?<\/strong><br \/>\nThe confirmation is for your security and ensures that no one registers you without your consent. This procedure is required by law and also ensures clean and reliable communication.<\/li>\n<li><strong>What happens to my data?<\/strong><br \/>\nYour data will be used exclusively for sending the newsletter. It will not be passed on to third parties, sold or used for external purposes. The processing takes place within the framework of the applicable data protection regulations (GDPR).<\/li>\n<li><strong>Can I unsubscribe at any time?<\/strong><br \/>\nYes, you can unsubscribe at any time by clicking on the unsubscribe link in every e-mail. Your address will then be removed from the mailing list.<\/li>\n<li><strong>Do I have to give my name or is my e-mail address sufficient?<\/strong><br \/>\nAs a rule, it is sufficient to provide your e-mail address. Further details are optional and are only used to better address you.<\/li>\n<li><strong>What do I do if I do not receive a confirmation e-mail?<\/strong><br \/>\nPlease check your spam or junk folder first. If you can't find any mail there, you can simply try the registration again or mark the sender address as trustworthy.<\/li>\n<li><strong>Can I read the newsletter again later?<\/strong><br \/>\nAs a rule, you will receive the newsletter by e-mail. Depending on the settings, selected content or issues can also be made available via the website. However, the primary channel remains direct delivery by e-mail.<\/li>\n<\/ol>","protected":false},"excerpt":{"rendered":"<p>H\u00e4ufig gestellte Fragen zum monatlichen Newsletter Was genau bekomme ich mit diesem Newsletter? Du erh\u00e4ltst einmal im Monat eine kompakte \u00dcbersicht \u00fcber die wichtigsten neuen Artikel, Entwicklungen und Aktualisierungen aus dem Magazin. Der Fokus liegt auf relevanten Inhalten mit Substanz &#8211; ohne Ablenkung und ohne \u00fcberfl\u00fcssige Wiederholungen. Wie oft wird der Newsletter verschickt? Der Newsletter &#8230; <a title=\"Advertising-free monthly news\" class=\"read-more\" href=\"https:\/\/www.markus-schall.de\/en\/news\/\" aria-label=\"Read more about Advertising-free monthly news\">Read more<\/a><\/p>","protected":false},"author":1,"featured_media":0,"parent":0,"menu_order":0,"comment_status":"closed","ping_status":"closed","template":"","meta":{"iawp_total_views":30,"footnotes":""},"class_list":["post-5523","page","type-page","status-publish"],"_links":{"self":[{"href":"https:\/\/www.markus-schall.de\/en\/wp-json\/wp\/v2\/pages\/5523","targetHints":{"allow":["GET"]}}],"collection":[{"href":"https:\/\/www.markus-schall.de\/en\/wp-json\/wp\/v2\/pages"}],"about":[{"href":"https:\/\/www.markus-schall.de\/en\/wp-json\/wp\/v2\/types\/page"}],"author":[{"embeddable":true,"href":"https:\/\/www.markus-schall.de\/en\/wp-json\/wp\/v2\/users\/1"}],"replies":[{"embeddable":true,"href":"https:\/\/www.markus-schall.de\/en\/wp-json\/wp\/v2\/comments?post=5523"}],"version-history":[{"count":7,"href":"https:\/\/www.markus-schall.de\/en\/wp-json\/wp\/v2\/pages\/5523\/revisions"}],"predecessor-version":[{"id":5877,"href":"https:\/\/www.markus-schall.de\/en\/wp-json\/wp\/v2\/pages\/5523\/revisions\/5877"}],"wp:attachment":[{"href":"https:\/\/www.markus-schall.de\/en\/wp-json\/wp\/v2\/media?parent=5523"}],"curies":[{"name":"wp","href":"https:\/\/api.w.org\/{rel}","templated":true}]}}