{"id":2,"date":"2011-02-11T16:58:41","date_gmt":"2011-02-11T16:58:41","guid":{"rendered":"https:\/\/markus-schall.de\/?page_id=2"},"modified":"2026-02-20T15:35:07","modified_gmt":"2026-02-20T15:35:07","slug":"imprimir","status":"publish","type":"page","link":"https:\/\/www.markus-schall.de\/es\/imprimir\/","title":{"rendered":"Pie de imprenta"},"content":{"rendered":"<h3>La revista <em>markus-schall.de<\/em> es publicado por:<\/h3>\r\n<p>M. Editorial Schall<br \/>Hackenweg 97<br \/>26127 Oldenburg<br \/>Alemania, Alemania<\/p>\r\n<p>Propietario: Markus Schall<br \/>IVA ID: DE280073464<\/p>\r\n<p>E-Mail:\u00a0<a href=\"mailto:in**@***********ag.de\" data-original-string=\"xGbCusQTulGT4aquj2YzjQ==680PjUrNPhO4fnT4\/DpLPML5NHNeavT\/u+SiQ8xUA7wRPg=\" title=\"Este contacto ha sido codificado por Anti-Spam by CleanTalk. Haz clic para decodificar. Para finalizar la decodificaci\u00f3n, aseg\u00farate de que JavaScript est\u00e1 activado en tu navegador.\"><span \n                data-original-string='hIH3UIcgZ49GSSrbhmnfhQ==680HwoO5mLHKJH5drQB9H7Ri+xtrm9W7+1X\/vJdfaUL52Y='\n                class='apbct-email-encoder'\n                title='Este contacto ha sido codificado por Anti-Spam by CleanTalk. Haz clic para decodificar. Para finalizar la decodificaci\u00f3n, aseg\u00farate de que JavaScript est\u00e1 activado en tu navegador.'>en<span class=\"apbct-blur\">**<\/span>@<span class=\"apbct-blur\">***********<\/span>ag.de<\/span><\/a><\/p>\r\n<p>Im\u00e1genes (c) <strong><a href=\"https:\/\/pixabay.de\" target=\"_blank\" rel=\"noopener\">Pixabay<\/a><\/strong><\/p>\r\n<p><strong>Independiente<\/strong>El autor y la revista son apartidistas, todo el contenido se produce sin financiaci\u00f3n estatal o institucional.<\/p>\r\n<p>Este sitio web utiliza traducciones autom\u00e1ticas (DeepL Pro). No se garantiza la exactitud e integridad de los contenidos en otros idiomas. La versi\u00f3n original en alem\u00e1n es siempre la autorizada.<\/p>\r\n<h3>Pol\u00edtica de privacidad - Encuestas y formulario de contacto<\/h3>\r\n<p><strong>Encuestas en este sitio web<\/strong>En este sitio web se realizan ocasionalmente encuestas an\u00f3nimas. La participaci\u00f3n es voluntaria y posible sin necesidad de registrarse. No se almacena ning\u00fan dato personal. Para evitar votaciones m\u00faltiples, es posible que se instale una cookie t\u00e9cnica o que la direcci\u00f3n IP se procese de forma an\u00f3nima. No se transmite ning\u00fan dato a terceros.<\/p>\r\n<p><strong>Formulario de contacto<\/strong>Si se pone en contacto con nosotros a trav\u00e9s del formulario de contacto, los datos que introduzca (por ejemplo, nombre, direcci\u00f3n de correo electr\u00f3nico, mensaje) se procesar\u00e1n para tramitar su consulta. El tratamiento se lleva a cabo de conformidad con el art. 6, apdo. 1, letra b) del RGPD sobre la base de su solicitud.<\/p>\r\n<p>Sus datos s\u00f3lo se utilizar\u00e1n para responder a su consulta y no se transmitir\u00e1n a terceros. La informaci\u00f3n transmitida no se almacenar\u00e1 de forma permanente a menos que la consulta d\u00e9 lugar a una relaci\u00f3n contractual o de consultor\u00eda en curso.<\/p>\r\n<p><strong>An\u00e1lisis del sitio web<\/strong>S\u00f3lo se utiliza una herramienta de an\u00e1lisis local que no almacena ning\u00fan dato personal. En este sitio web no se utiliza Google Analytics ni otros sistemas de an\u00e1lisis basados en la nube.<\/p>\r\n<h3>Responsabilidad y garant\u00eda<\/h3>\r\n<p>A pesar de comprobar cuidadosamente el contenido, no asumo ninguna responsabilidad por el contenido de los enlaces externos. Los operadores de las p\u00e1ginas enlazadas son los \u00fanicos responsables de su contenido.<\/p>\r\n<p>Toda la informaci\u00f3n en www.markus-schall.de y otros subdominios por debajo de estas direcciones es proporcionada por Markus Schall sin ninguna representaci\u00f3n o garant\u00eda de ning\u00fan tipo, ya sea expresa o impl\u00edcita.<\/p>\r\n<p>Tambi\u00e9n quedan excluidas todas las garant\u00edas impl\u00edcitas de comerciabilidad, idoneidad para un fin determinado o no infracci\u00f3n de leyes y patentes. Aunque presuma que la informaci\u00f3n que facilito es exacta, puede contener errores o inexactitudes.<\/p>\r\n<p><strong>Copyright<\/strong><\/p>\r\n<p>Copyright 1998-2026 Markus Schall. Todos los derechos reservados.<\/p>\r\n<p>Todos los textos, im\u00e1genes, gr\u00e1ficos, archivos de sonido, v\u00eddeo y animaci\u00f3n, as\u00ed como sus arreglos, est\u00e1n sujetos a derechos de autor y otras leyes de protecci\u00f3n de la propiedad intelectual. No pueden copiarse con fines comerciales o de distribuci\u00f3n, ni modificarse y utilizarse en otros sitios web. Todos los logotipos est\u00e1n sujetos a los derechos de sus respectivos fabricantes\/propietarios.<\/p>\r\n\r\n<p>&nbsp;<\/p>","protected":false},"excerpt":{"rendered":"<p>Das Magazin markus-schall.de wird ver\u00f6ffentlicht von: M. Schall VerlagHackenweg 9726127 OldenburgDeutschland, Germany Inhaber: Markus SchallUSt.-ID: DE280073464 E-Mail:\u00a0in**@***********ag.de Bildmaterial (c) Pixabay Unabh\u00e4ngig: Der Autor und das Magzin sind parteilos, alle Inhalte werden ohne staatliche oder institutionelle F\u00f6rderung erstellt. Diese Website verwendet automatisierte \u00dcbersetzungen (DeepL Pro). F\u00fcr die Richtigkeit und Vollst\u00e4ndigkeit fremdsprachiger Inhalte wird keine Gew\u00e4hr \u00fcbernommen. &#8230; <a title=\"Pie de imprenta\" class=\"read-more\" href=\"https:\/\/www.markus-schall.de\/es\/imprimir\/\" aria-label=\"Leer m\u00e1s sobre Pie de imprenta\">Vaciar m\u00e1s<\/a><\/p>","protected":false},"author":1,"featured_media":0,"parent":0,"menu_order":15,"comment_status":"closed","ping_status":"open","template":"","meta":{"iawp_total_views":233,"footnotes":""},"class_list":["post-2","page","type-page","status-publish"],"_links":{"self":[{"href":"https:\/\/www.markus-schall.de\/es\/wp-json\/wp\/v2\/pages\/2","targetHints":{"allow":["GET"]}}],"collection":[{"href":"https:\/\/www.markus-schall.de\/es\/wp-json\/wp\/v2\/pages"}],"about":[{"href":"https:\/\/www.markus-schall.de\/es\/wp-json\/wp\/v2\/types\/page"}],"author":[{"embeddable":true,"href":"https:\/\/www.markus-schall.de\/es\/wp-json\/wp\/v2\/users\/1"}],"replies":[{"embeddable":true,"href":"https:\/\/www.markus-schall.de\/es\/wp-json\/wp\/v2\/comments?post=2"}],"version-history":[{"count":15,"href":"https:\/\/www.markus-schall.de\/es\/wp-json\/wp\/v2\/pages\/2\/revisions"}],"predecessor-version":[{"id":5006,"href":"https:\/\/www.markus-schall.de\/es\/wp-json\/wp\/v2\/pages\/2\/revisions\/5006"}],"wp:attachment":[{"href":"https:\/\/www.markus-schall.de\/es\/wp-json\/wp\/v2\/media?parent=2"}],"curies":[{"name":"wp","href":"https:\/\/api.w.org\/{rel}","templated":true}]}}