{"id":738,"date":"2011-09-28T08:23:39","date_gmt":"2011-09-28T08:23:39","guid":{"rendered":"https:\/\/markus-schall.de\/?page_id=738"},"modified":"2026-04-22T15:07:59","modified_gmt":"2026-04-22T15:07:59","slug":"software-erp","status":"publish","type":"page","link":"https:\/\/www.markus-schall.de\/es\/software-erp\/","title":{"rendered":"Software ERP"},"content":{"rendered":"<p><img loading=\"lazy\" decoding=\"async\" class=\"size-large wp-image-3182 alignnone\" src=\"http:\/\/www.markus-schall.de\/wp-content\/uploads\/ERP-Software.jpg\" alt=\"Software ERP\" width=\"1024\" height=\"683\" srcset=\"https:\/\/www.markus-schall.de\/wp-content\/uploads\/ERP-Software.jpg 1024w, https:\/\/www.markus-schall.de\/wp-content\/uploads\/ERP-Software-300x200.jpg 300w, https:\/\/www.markus-schall.de\/wp-content\/uploads\/ERP-Software-768x512.jpg 768w, https:\/\/www.markus-schall.de\/wp-content\/uploads\/ERP-Software-18x12.jpg 18w\" sizes=\"auto, (max-width: 1024px) 100vw, 1024px\" \/><\/p>\n<h2>Software ERP para pensadores independientes: flexible, local, independiente<\/h2>\n<p><img loading=\"lazy\" decoding=\"async\" class=\"alignleft wp-image-2465\" src=\"https:\/\/www.markus-schall.de\/wp-content\/uploads\/gofilemaker-logo-1.png\" alt=\"Software ERP gofilemaker\" width=\"201\" height=\"69\" srcset=\"https:\/\/www.markus-schall.de\/wp-content\/uploads\/gofilemaker-logo-1.png 400w, https:\/\/www.markus-schall.de\/wp-content\/uploads\/gofilemaker-logo-1-300x103.png 300w, https:\/\/www.markus-schall.de\/wp-content\/uploads\/gofilemaker-logo-1-18x6.png 18w\" sizes=\"auto, (max-width: 201px) 100vw, 201px\" \/>En <strong>gFM-Business Software ERP<\/strong> es un pr\u00e1ctico software empresarial para todos aquellos que no est\u00e1n dispuestos a colocar los datos de su empresa en alguna nube an\u00f3nima, sino que quieren determinar ellos mismos c\u00f3mo funcionan. La soluci\u00f3n se basa en <strong>Claris FileMaker<\/strong>una herramienta de eficacia probada para el desarrollo de software a medida, por lo que es tan flexible como su propia empresa.<\/p>\n<p>Tanto si se dedica a la artesan\u00eda como si es proveedor de servicios o empresa de venta por correo, gFM-Business se adapta, no al rev\u00e9s.<\/p>\n<hr \/>\n<h3>Tres tama\u00f1os de plataforma, una sola idea: mantener el control<\/h3>\n<p>gFM-Business ERP est\u00e1 disponible en tres fases de ampliaci\u00f3n, espec\u00edficamente orientadas a las necesidades de las peque\u00f1as y medianas empresas:<\/p>\n<ol>\n<li><strong>C\u00f3digo abierto (gratuito): <\/strong>La versi\u00f3n b\u00e1sica ideal con gesti\u00f3n de clientes, maestro de art\u00edculos, facturaci\u00f3n sencilla (factura y nota de cr\u00e9dito) - puede utilizarse directamente como freeware y ampliarse abiertamente con FileMaker. El software tambi\u00e9n est\u00e1 disponible como versi\u00f3n ampliada OS Plus, que tambi\u00e9n puede crear presupuestos, pedidos, albaranes y recordatorios.<\/li>\n<li><strong>B\u00e1sico: <\/strong>Para necesidades crecientes: Creaci\u00f3n de documentos desde el presupuesto hasta el recordatorio, gesti\u00f3n de proyectos, registro de tiempos, exportaci\u00f3n dativa e interfaces con todos los sistemas de tienda habituales (incluidos WooCommerce, Shopware, Shopify, Gambio, Modified).<\/li>\n<li><strong>Profesional: <\/strong>Nuestra versi\u00f3n totalmente equipada para empresas con m\u00faltiples clientes, interfaces multitienda, formatos de factura electr\u00f3nica (ZUGFeRD, XRechnung) y multiling\u00fcismo, tambi\u00e9n puede utilizarse a escala internacional.<\/li>\n<\/ol>\n<p><a href=\"https:\/\/www.markus-schall.de\/wp-content\/uploads\/Professional-ERP-Software-scaled.jpg\" rel=\"lightbox[738]\"><img loading=\"lazy\" decoding=\"async\" class=\"alignnone wp-image-2468 size-large\" src=\"https:\/\/www.markus-schall.de\/wp-content\/uploads\/Professional-ERP-Software-1024x536.jpg\" alt=\"gFM-Business Software ERP profesional\" width=\"1024\" height=\"536\" srcset=\"https:\/\/www.markus-schall.de\/wp-content\/uploads\/Professional-ERP-Software-1024x536.jpg 1024w, https:\/\/www.markus-schall.de\/wp-content\/uploads\/Professional-ERP-Software-300x157.jpg 300w, https:\/\/www.markus-schall.de\/wp-content\/uploads\/Professional-ERP-Software-768x402.jpg 768w, https:\/\/www.markus-schall.de\/wp-content\/uploads\/Professional-ERP-Software-1536x804.jpg 1536w, https:\/\/www.markus-schall.de\/wp-content\/uploads\/Professional-ERP-Software-2048x1071.jpg 2048w, https:\/\/www.markus-schall.de\/wp-content\/uploads\/Professional-ERP-Software-18x9.jpg 18w\" sizes=\"auto, (max-width: 1024px) 100vw, 1024px\" \/><\/a><\/p>\n<hr \/>\n<h3>Tres modelos de licencia: m\u00e1xima adaptabilidad<\/h3>\n<p>Existen diferentes formas de licencia para cada versi\u00f3n, en funci\u00f3n del grado de personalizaci\u00f3n deseado:<\/p>\n<ul>\n<li><strong>Licencia est\u00e1ndar<\/strong>Personalice los dise\u00f1os de impresi\u00f3n de forma flexible<\/li>\n<li><strong>Licencia personalizada<\/strong>: Dise\u00f1e usted mismo m\u00e1scaras, campos y tablas<\/li>\n<li><strong>Licencia abierta<\/strong>: Acceso completo FileMaker como en un desarrollo interno<\/li>\n<\/ul>\n<p>Esto permite a los usuarios de FileMaker (o a su equipo de desarrollo) personalizar el software directamente seg\u00fan sus propias necesidades, con control total sobre todas las funciones.<\/p>\n<div style=\"border: 1px solid #d9d9d9; border-left: 6px solid #2f5d62; background: #f8faf9; padding: 26px; margin: 35px 0; border-radius: 10px; box-shadow: 0 2px 10px rgba(0,0,0,0.06);\">\n<h3 style=\"margin-top: 0; margin-bottom: 12px; font-size: 1.6em; color: #1f2d2f;\">Consulta inicial gratuita de 30 minutos para sus procesos empresariales<\/h3>\n<p style=\"margin: 0 0 14px 0; font-size: 1.08em; line-height: 1.6; color: #333;\">Muchas empresas trabajan a diario con estructuras que han evolucionado a lo largo de los a\u00f1os, a menudo con desv\u00edos innecesarios, entradas duplicadas o falta de visi\u00f3n de conjunto.<\/p>\n<p style=\"margin: 0 0 14px 0; font-size: 1.08em; line-height: 1.6; color: #333;\">En un <strong>consulta inicial no vinculante (30 minutos)<\/strong> Analizamos juntos su situaci\u00f3n actual de forma clara, pr\u00e1ctica y sin presiones de venta.<\/p>\n<ul style=\"margin: 0 0 18px 20px; padding: 0; line-height: 1.7; color: #333;\">\n<li>\u00bfD\u00f3nde est\u00e1 perdiendo actualmente el tiempo o la visi\u00f3n de conjunto?<\/li>\n<li>\u00bfQu\u00e9 procesos pueden simplificarse?<\/li>\n<li>Si tiene sentido una soluci\u00f3n ERP personalizada y c\u00f3mo hacerlo<\/li>\n<li>Evaluaci\u00f3n inicial concreta: comprensible y directamente realizable.<\/li>\n<\/ul>\n<p style=\"margin: 0 0 18px 0; font-size: 1.05em; line-height: 1.6; color: #333;\">Una visi\u00f3n clara desde el exterior suele bastar para reconocer la complejidad innecesaria e iniciar las mejoras iniciales.<\/p>\n<div style=\"margin-top: 18px; padding: 16px; background: #ffffff; border: 1px solid #e3e3e3; border-radius: 8px;\">\n<p style=\"margin: 0 0 10px 0; font-weight: bold; color: #1f2d2f;\">Solicite aqu\u00ed una cita sin compromiso:<\/p>\n<p style=\"margin: 0 0 6px 0; line-height: 1.6;\"><strong>E-Mail:<\/strong><a style=\"color: #2f5d62; text-decoration: none;\" href=\"mailto:in**@*********er.de\" data-original-string=\"OGo210vsZaJcTwf9idTLAw==6805sdEZGJn6XPZaexutmFHk8RI1X0d5XcoGfrEJlVzwbQ=\" title=\"Este contacto ha sido codificado por Anti-Spam by CleanTalk. Haz clic para decodificar. Para finalizar la decodificaci\u00f3n, aseg\u00farate de que JavaScript est\u00e1 activado en tu navegador.\"> <span \n                data-original-string='LIcemlucqxmnY9HM1GXr7w==680RLYg8r9f+SBcwTy4bw1R3gJbZ3EQvyzB8H7mU5kN4jw='\n                class='apbct-email-encoder'\n                title='Este contacto ha sido codificado por Anti-Spam by CleanTalk. Haz clic para decodificar. Para finalizar la decodificaci\u00f3n, aseg\u00farate de que JavaScript est\u00e1 activado en tu navegador.'>en<span class=\"apbct-blur\">**<\/span>@<span class=\"apbct-blur\">*********<\/span>er.de<\/span><br \/>\n<\/a><\/p>\n<p style=\"margin: 0 0 6px 0; line-height: 1.6;\"><strong>Tel\u00e9fono:<\/strong><a style=\"color: #2f5d62; text-decoration: none;\" href=\"tel:+4944130437640\"> 0441 &#8211; 30 437 640<br \/>\n<\/a><\/p>\n<p style=\"margin: 0; line-height: 1.6;\">Simplemente escr\u00edbame brevemente con algunos puntos clave sobre su situaci\u00f3n actual - me pondr\u00e9 en contacto con usted personalmente lo antes posible.<\/p>\n<\/div>\n<\/div>\n<hr \/>\n<h3>Pague una vez, \u00faselo permanentemente<\/h3>\n<p>Con nosotros no hay trampas de suscripciones mensuales. Cada licencia est\u00e1 disponible como licencia de compra, a un precio \u00fanico. Los contratos de mantenimiento no son obligatorios, las actualizaciones pueden adquirirse por separado si es necesario.<\/p>\n<hr \/>\n<h3>Sus datos le pertenecen, y punto.<\/h3>\n<p>gFM-Business ERP almacena todos los datos localmente en las instalaciones del cliente, ya sea en su propio ordenador o en un servidor FileMaker interno. Sin nube, sin dependencias, sin estructuras de servidores ocultas. Esto significa que usted conserva en todo momento el control total sobre los datos confidenciales de su empresa.<\/p>\n<hr \/>\n<h3>\u00bfPara qui\u00e9n est\u00e1 hecho el gFM-Business?<\/h3>\n<ul>\n<li><strong>Peque\u00f1as y medianas empresas<\/strong><\/li>\n<li><strong>Empresarios individuales y aut\u00f3nomos<\/strong><\/li>\n<li><strong>Agencias, concesionarios, proveedores de servicios<\/strong><\/li>\n<li><strong>Todos los que prefieren dise\u00f1ar a ser tratados con condescendencia<\/strong><\/li>\n<\/ul>\n<p>Si busca una soluci\u00f3n ERP que hable su idioma, ha llegado al lugar adecuado.<br \/>\n<a href=\"https:\/\/gofilemaker.de\/es\/\" target=\"_blank\" rel=\"noopener\"><strong>M\u00e1s informaci\u00f3n en gofilemaker.de<\/strong><\/a><\/p>\n<hr \/>\n<h3>Preguntas m\u00e1s frecuentes<\/h3>\n<ol>\n<li style=\"text-align: left;\"><strong>\u00bfQu\u00e9 es exactamente gFM-Business: ERP, CRM o gesti\u00f3n de mercanc\u00edas?<\/strong><br \/>\ngFM-Business no es deliberadamente s\u00f3lo \u201eun m\u00f3dulo\u201c, sino una plataforma ERP basada en FileMaker que puede utilizarse como CRM, gesti\u00f3n de mercanc\u00edas, programa de facturaci\u00f3n, software de agencia o software de oficina, seg\u00fan las necesidades. El quid de la cuesti\u00f3n es que usted obtiene una soluci\u00f3n que puede adaptarse a sus procesos empresariales, y no al rev\u00e9s. Esto resulta especialmente pr\u00e1ctico para las empresas que no quieren verse obligadas a utilizar un sistema est\u00e1ndar r\u00edgido, sino que desean digitalizar los procesos de forma limpia y gradual.<\/li>\n<li style=\"text-align: left;\"><strong>\u00bfA qu\u00e9 empresas va dirigido el gFM-Business?<\/strong><br \/>\nNormalmente para peque\u00f1as y medianas empresas que buscan un sistema claro y personalizable, sin el lastre de las cl\u00e1sicas implantaciones de ERP a gran escala. El uso razonable suele comenzar all\u00ed donde las listas de Excel, las soluciones aisladas o una mezcla de procesos \u201ecrecidos\u201c consumen notablemente el tiempo: ofertas, pedidos, almac\u00e9n, albaranes, facturas, comunicaci\u00f3n con el cliente, an\u00e1lisis. Al mismo tiempo, la plataforma es tan escalable que puede crecer con la empresa: desde un \u00fanico puesto de trabajo hasta un grupo de trabajo.<\/li>\n<li style=\"text-align: left;\"><strong>\u00bfEn qu\u00e9 sistemas funciona el software?<\/strong><br \/>\ngFM-Business es multiplataforma y puede utilizarse en macOS, Windows e iOS (iPad). Esto es especialmente interesante para los equipos que trabajan en un entorno mixto o quieren acceder a los datos sobre la marcha. En muchas empresas, esto supone una verdadera ventaja, ya que no es necesario estandarizar todo el mundo del hardware solo para poder manejar un ERP.<\/li>\n<li style=\"text-align: left;\"><strong>\u00bfQu\u00e9 versi\u00f3n me conviene m\u00e1s: Open Source, OS-Plus, Basic o Professional?<\/strong><br \/>\nEl software est\u00e1 disponible en varias fases de ampliaci\u00f3n para que no tengas que ir \u201edemasiado grande\u201c:<br \/>\n- gFM-Business Open Source: entrada gratuita con CRM, direcciones, art\u00edculo\/almac\u00e9n (1 almac\u00e9n), facturas\/notas de cr\u00e9dito m\u00e1s m\u00f3dulo de desarrollador (documentaci\u00f3n de tablas\/campos\/scripts) - ideal para echar un vistazo o como base para personalizaciones.<br \/>\n- gFM-Business OS-Plus: ampl\u00eda el c\u00f3digo abierto para incluir el registro de tiempos\/servicios y tipos de documentos adicionales, incluida la l\u00f3gica de conversi\u00f3n (pedido \u2192 albar\u00e1n \u2192 factura, etc.).<br \/>\n- gFM-Business B\u00e1sico: para muchas PYMES, el inicio \u201ecl\u00e1sico\u201c con m\u00e1s funciones de CRM\/correspondencia\/libreta de direcciones\/proyectos y tienda.<br \/>\n- gFM-Business Professional: para procesos m\u00e1s exigentes (p. ej., varios clientes, almacenes, idiomas en todo el sistema, variantes, listas de piezas\/lotes, sistema de tickets, varias tiendas online en paralelo).<\/li>\n<li style=\"text-align: left;\"><strong>\u00bfQu\u00e9 significa \u201elicencia abierta\u201c y cu\u00e1ndo la necesito?<\/strong><br \/>\nLa licencia abierta est\u00e1 destinada a empresas (o socios de FileMaker) que deseen adaptar y ampliar gFM-Business de forma integral por s\u00ed mismas, con plenos derechos de administraci\u00f3n en FileMaker. La ventaja: los procesos pueden adaptarse durante el funcionamiento si cambian el mercado, la gama de productos, el equipo o los procesos internos. Esto es t\u00edpico de las empresas que desean un software personalizado sobre una base estable a largo plazo, en lugar de cambiar el sistema cada pocos a\u00f1os. Nota al margen: para la licencia abierta se necesita FileMaker Pro Advanced.<\/li>\n<li style=\"text-align: left;\"><strong>\u00bfTengo que tener Claris FileMaker para utilizar gFM-Business?<\/strong><br \/>\nS\u00ed, se requiere una licencia Claris FileMaker Pro para el funcionamiento en una sola estaci\u00f3n de trabajo. Si se utilizan varias estaciones de trabajo compartidas, se requiere una licencia adicional de Claris FileMaker Pro para cada estaci\u00f3n de trabajo. Se recomienda el uso de FileMaker Server para cinco o m\u00e1s usuarios en la red.<\/li>\n<li style=\"text-align: left;\"><strong>\u00bfPuedo asignar presupuestos, pedidos, albaranes, facturas, notas de cr\u00e9dito y recordatorios?<\/strong><br \/>\nS\u00ed - gFM-Business est\u00e1 dise\u00f1ado precisamente para esta cl\u00e1sica \u201esala de m\u00e1quinas de oficina\u201c: del presupuesto a la factura, incluidos los documentos de seguimiento. Resulta especialmente pr\u00e1ctico cuando las conversiones est\u00e1n automatizadas (por ejemplo, pedido \u2192 albar\u00e1n \u2192 factura), ya que as\u00ed se reducen los errores y se ahorra tiempo, sobre todo con procesos recurrentes o importaciones de tiendas.<\/li>\n<li style=\"text-align: left;\"><strong>\u00bfAdmite gFM-Business facturas electr\u00f3nicas (por ejemplo, ZUGFeRD)?<\/strong><br \/>\nS\u00ed - gFM-Business Professional incluye soporte para facturas electr\u00f3nicas de acuerdo con ZUGFeRD y Factur-X, as\u00ed como Swiss-QR; se generan PDF con informaci\u00f3n de factura electr\u00f3nica incrustada. Esto es especialmente importante porque los requisitos de la factura electr\u00f3nica son cada vez mayores y las empresas prefieren establecerla de forma limpia en una fase temprana en lugar de adaptarla fren\u00e9ticamente m\u00e1s tarde.<\/li>\n<li style=\"text-align: left;\"><strong>\u00bfC\u00f3mo funciona el multiling\u00fcismo en la superficie y en la imprenta?<\/strong><br \/>\nEl software est\u00e1 preparado para el multiling\u00fcismo en todo el sistema. Seg\u00fan la p\u00e1gina del producto, Light\/Professional incluye alem\u00e1n, ingl\u00e9s y franc\u00e9s, por ejemplo, y el idioma puede cambiarse por usuario, incluidas las etiquetas, los di\u00e1logos y las listas de selecci\u00f3n\/valores. Importante para el uso pr\u00e1ctico: los dise\u00f1os de impresi\u00f3n tambi\u00e9n est\u00e1n disponibles en todos los idiomas disponibles y los textos se pueden personalizar\/ampliar.<\/li>\n<li style=\"text-align: left;\"><strong>\u00bfPuedo gestionar varias empresas\/clientes y varios almacenes?<\/strong><br \/>\nSi desea asignar varias entidades jur\u00eddicas, sucursales o divisiones de la empresa en un sistema, este es un tema t\u00edpicamente profesional: seg\u00fan el sitio, se admiten varios clientes y almacenes, incluida la l\u00f3gica ampliada de art\u00edculos y almacenes. Para las empresas en crecimiento, este es un punto cl\u00e1sico en el que se pasa de la \u201esimple gesti\u00f3n de mercanc\u00edas\u201c al \u201everdadero ERP\u201c.<\/li>\n<li style=\"text-align: left;\"><strong>\u00bfExisten variantes de productos, propiedades, listas de piezas y lotes?<\/strong><br \/>\nS\u00ed, para Professional se mencionan las variantes de productos, las propiedades relevantes para el precio, las listas de piezas y la gesti\u00f3n de lotes. Estas son precisamente las funciones que muchos sistemas venden como caras \u201epor encima\u201c, pero que en la pr\u00e1ctica son r\u00e1pidamente indispensables para gamas de productos con variantes (tama\u00f1o\/color\/material) o para producci\u00f3n\/montaje.<\/li>\n<li style=\"text-align: left;\"><strong>\u00bfEn qu\u00e9 medida es adecuado el gFM-Business para las tiendas en l\u00ednea?<\/strong><br \/>\ngFM-Business Basic y Professional contienen una interfaz de tienda online (Basic para una tienda; algunos ejemplos son Shopware, WooCommerce, Gambio, Modified) y en Professional tambi\u00e9n varias tiendas paralelas - incluso en funcionamiento mixto de diferentes sistemas de tienda. Seg\u00fan la descripci\u00f3n, la licencia abierta tambi\u00e9n permite adaptar la interfaz a las necesidades individuales o ampliarla a otras tiendas con capacidad REST.<\/li>\n<li style=\"text-align: left;\"><strong>\u00bfDe qu\u00e9 trata \u201egFM-Business goes AI\u201c?<\/strong><br \/>\nLa p\u00e1gina describe que gFM-Business Professional incluye por primera vez la integraci\u00f3n OpenAI\/ChatGPT para generar documentos y textos de IA en el software ERP. El beneficio pr\u00e1ctico no suele ser un \u201etruco\u201c, sino el trabajo diario con textos: plantillas, formulaciones, textos est\u00e1ndar, notas internas... donde, de otro modo, los equipos perder\u00edan tiempo o se volver\u00edan incoherentes.<\/li>\n<li style=\"text-align: left;\"><strong>\u00bfHasta qu\u00e9 punto se pueden personalizar los dise\u00f1os de impresi\u00f3n y con qu\u00e9 rapidez?<\/strong><br \/>\nUn punto fuerte es el sistema de impresi\u00f3n integrado: los dise\u00f1os de impresi\u00f3n pueden editarse o crearse de nuevo en el modo de dise\u00f1o de FileMaker, igual que en un entorno de texto\/DTP. Los nuevos dise\u00f1os se asignan a una secci\u00f3n del programa y est\u00e1n disponibles de inmediato. Este es el cl\u00e1sico \u201epensamiento FileMaker\u201c: es mejor personalizar de forma pragm\u00e1tica que esperar a\u00f1os a las hojas de ruta de los fabricantes.<\/li>\n<li style=\"text-align: left;\"><strong>\u00bfQu\u00e9 interfaces\/exportaciones son posibles (CSV, Excel, DATEV, etc.)?<\/strong><br \/>\ngFM-Business dispone de varios formatos de importaci\u00f3n\/exportaci\u00f3n (texto\/tabulaci\u00f3n, CSV, Excel, FileMaker, DBF; adem\u00e1s de las rutas de fusi\u00f3n\/carta serie de Office). Dependiendo del m\u00f3dulo, la p\u00e1gina tambi\u00e9n enumera exportaciones adicionales como DATEV (en el contexto del libro de caja) y otros formatos financieros\/de pago en subp\u00e1ginas. Para muchas empresas, esto es precisamente lo decisivo: usted sigue siendo capaz de actuar porque los datos se pueden exportar e importar, incluso sin una \u201eintegraci\u00f3n monstruosa\u201c.<\/li>\n<li style=\"text-align: left;\"><strong>\u00bfPuedo enviar y asignar correos electr\u00f3nicos directamente desde el sistema?<\/strong><br \/>\nS\u00ed, seg\u00fan la p\u00e1gina del producto, hay un cliente de correo electr\u00f3nico integrado (POP3\/IMAP). Los correos electr\u00f3nicos de direcciones conocidas se pueden asignar autom\u00e1ticamente a los contactos. Efecto pr\u00e1ctico: menos \u201ecaos de buzones\u201c y m\u00e1s historial de clientes en un solo lugar, igual que antes, ordenado en carpetas, pero en formato digital y con posibilidad de b\u00fasqueda.<\/li>\n<li style=\"text-align: left;\"><strong>\u00bfC\u00f3mo trabaja el equipo: localmente, en red o a trav\u00e9s de Internet?<\/strong><br \/>\nSe describen escenarios de aplicaci\u00f3n t\u00edpicos para gFM-Business: en la red local (por ejemplo, FileMaker Pro\/Server, acceso desde el exterior a trav\u00e9s de VPN) o como recurso compartido a trav\u00e9s de Internet (servidor web + FileMaker Server o gFM-Business Cloud). Esto es importante porque le ofrece varias opciones, dependiendo de si prefiere trabajar en la red cl\u00e1sica de la oficina o en diferentes ubicaciones.<\/li>\n<li style=\"text-align: left;\"><strong>\u00bfCu\u00e1l es la mejor manera de empezar: prueba, informaci\u00f3n, primer paso sensato?<\/strong><br \/>\nLa forma conservadora e inteligente es: primero recopilar los requisitos, luego seleccionar la versi\u00f3n y, a continuaci\u00f3n, comenzar con un proceso piloto claro (por ejemplo, art\u00edculo\/art\u00edculo + documentos + 1-2 impresiones est\u00e1ndar). gofilemaker.de ofrece acceso a las distintas plataformas\/versiones, as\u00ed como descargas\/informaci\u00f3n. Muchas empresas ahorran m\u00e1s si no lo hacen todo \u201ea la perfecci\u00f3n\u201c de una vez, sino que construyen el software paso a paso de la misma forma que tradicionalmente han crecido los procesos, s\u00f3lo que esta vez limpiamente documentados y establemente automatizados.<\/li>\n<\/ol>","protected":false},"excerpt":{"rendered":"<p>Software ERP para los que piensan por s\u00ed mismos: flexible, local, independiente El software ERP gFM-Business es un pr\u00e1ctico software empresarial para todos aquellos que no est\u00e1n dispuestos a colocar los datos de su empresa en alguna nube an\u00f3nima, sino que quieren determinar ellos mismos c\u00f3mo funcionan. La soluci\u00f3n se basa en Claris FileMaker, una herramienta probada para el desarrollo de software a medida, y por lo tanto es tan flexible como su ... <a title=\"Software ERP\" class=\"read-more\" href=\"https:\/\/www.markus-schall.de\/es\/software-erp\/\" aria-label=\"Leer m\u00e1s sobre Software ERP\">Vaciar m\u00e1s<\/a><\/p>","protected":false},"author":1,"featured_media":0,"parent":0,"menu_order":0,"comment_status":"closed","ping_status":"closed","template":"","meta":{"iawp_total_views":253,"footnotes":""},"class_list":["post-738","page","type-page","status-publish"],"_links":{"self":[{"href":"https:\/\/www.markus-schall.de\/es\/wp-json\/wp\/v2\/pages\/738","targetHints":{"allow":["GET"]}}],"collection":[{"href":"https:\/\/www.markus-schall.de\/es\/wp-json\/wp\/v2\/pages"}],"about":[{"href":"https:\/\/www.markus-schall.de\/es\/wp-json\/wp\/v2\/types\/page"}],"author":[{"embeddable":true,"href":"https:\/\/www.markus-schall.de\/es\/wp-json\/wp\/v2\/users\/1"}],"replies":[{"embeddable":true,"href":"https:\/\/www.markus-schall.de\/es\/wp-json\/wp\/v2\/comments?post=738"}],"version-history":[{"count":15,"href":"https:\/\/www.markus-schall.de\/es\/wp-json\/wp\/v2\/pages\/738\/revisions"}],"predecessor-version":[{"id":5809,"href":"https:\/\/www.markus-schall.de\/es\/wp-json\/wp\/v2\/pages\/738\/revisions\/5809"}],"wp:attachment":[{"href":"https:\/\/www.markus-schall.de\/es\/wp-json\/wp\/v2\/media?parent=738"}],"curies":[{"name":"wp","href":"https:\/\/api.w.org\/{rel}","templated":true}]}}