{"id":2,"date":"2011-02-11T16:58:41","date_gmt":"2011-02-11T16:58:41","guid":{"rendered":"https:\/\/markus-schall.de\/?page_id=2"},"modified":"2026-02-20T15:35:07","modified_gmt":"2026-02-20T15:35:07","slug":"mentions-legales","status":"publish","type":"page","link":"https:\/\/www.markus-schall.de\/fr\/mentions-legales\/","title":{"rendered":"Mentions l\u00e9gales"},"content":{"rendered":"<h3>Le magazine <em>markus-schall.de<\/em> est publi\u00e9 par :<\/h3>\r\n<p>M. Maison d'\u00e9dition Schall<br \/>97, rue Hackenweg<br \/>26127 Oldenbourg<br \/>Allemagne, Germany<\/p>\r\n<p>Propri\u00e9taire : Markus Schall<br \/>Num\u00e9ro de TVA : DE280073464<\/p>\r\n<p>Courrier \u00e9lectronique :\u00a0<a href=\"mailto:in**@***********ag.de\" data-original-string=\"fNrMYB8T3DxgnW1hZHNPWg==680RPAO\/LeCAHEZzMx1MlpG66jq7vf0vhqpMP8P0WMoIQo=\" title=\"Ce contact a \u00e9t\u00e9 encod\u00e9 par Anti-Spam par CleanTalk. Cliquez pour d\u00e9coder. Pour terminer le d\u00e9codage, assurez-vous que JavaScript est activ\u00e9 dans votre navigateur.\"><span \n                data-original-string='95iETVyC6kvUOq21PV5E2w==680FCR18vPIr6RyjIw+7YlCdMkb\/j6YstEJuSpSJRy0FOY='\n                class='apbct-email-encoder'\n                title='Ce contact a \u00e9t\u00e9 encod\u00e9 par Anti-Spam par CleanTalk. Cliquez pour d\u00e9coder. Pour terminer le d\u00e9codage, assurez-vous que JavaScript est activ\u00e9 dans votre navigateur.'>dans<span class=\"apbct-blur\">**<\/span>@<span class=\"apbct-blur\">***********<\/span>ag.de<\/span><\/a><\/p>\r\n<p>Images (c) <strong><a href=\"https:\/\/pixabay.de\" target=\"_blank\" rel=\"noopener\">Pixabay<\/a><\/strong><\/p>\r\n<p><strong>Ind\u00e9pendant<\/strong>L'auteur et le magazine ne sont pas affili\u00e9s \u00e0 un parti politique, tous les contenus sont produits sans soutien \u00e9tatique ou institutionnel.<\/p>\r\n<p>Ce site utilise des traductions automatis\u00e9es (DeepL Pro). Aucune garantie n'est donn\u00e9e quant \u00e0 l'exactitude et \u00e0 l'exhaustivit\u00e9 des contenus en langue \u00e9trang\u00e8re. La version originale allemande fait toujours foi.<\/p>\r\n<h3>D\u00e9claration de confidentialit\u00e9 - Sondages et formulaire de contact<\/h3>\r\n<p><strong>Enqu\u00eates sur ce site<\/strong>Ce site web organise occasionnellement des enqu\u00eates anonymes. La participation est volontaire et ne n\u00e9cessite pas d'enregistrement. Aucune donn\u00e9e personnelle n'est enregistr\u00e9e. Afin d'\u00e9viter des votes multiples, un cookie technique peut \u00eatre install\u00e9 ou l'adresse IP peut \u00eatre trait\u00e9e sous forme anonymis\u00e9e. Aucune donn\u00e9e n'est transmise \u00e0 des tiers.<\/p>\r\n<p><strong>Formulaire de contact pour les demandes<\/strong>Si vous nous contactez via le formulaire de contact, les donn\u00e9es que vous avez saisies (par ex. nom, adresse e-mail, message) seront trait\u00e9es pour r\u00e9pondre \u00e0 votre demande. Le traitement est effectu\u00e9 conform\u00e9ment \u00e0 l'article 6, paragraphe 1, point b) du RGPD sur la base de votre demande.<\/p>\r\n<p>Vos donn\u00e9es ne seront utilis\u00e9es que pour r\u00e9pondre \u00e0 votre demande et ne seront pas transmises \u00e0 des tiers. Les informations transmises ne sont pas enregistr\u00e9es durablement, sauf si la demande donne lieu \u00e0 une relation contractuelle ou de conseil en cours.<\/p>\r\n<p><strong>Analyse du site web<\/strong>Un outil d'analyse local est exclusivement utilis\u00e9, qui n'enregistre pas de donn\u00e9es personnelles. Google Analytics ou d'autres syst\u00e8mes d'analyse bas\u00e9s sur le cloud ne sont pas utilis\u00e9s sur ce site.<\/p>\r\n<h3>Responsabilit\u00e9 et garantie<\/h3>\r\n<p>Malgr\u00e9 un contr\u00f4le minutieux du contenu, je n'assume aucune responsabilit\u00e9 pour le contenu des liens externes. Seuls les exploitants de ces sites sont responsables de leur contenu.<\/p>\r\n<p>Toutes les informations disponibles sur www.markus-schall.de et sur les autres sous-domaines situ\u00e9s en dessous de ces adresses sont fournies par Markus Schall sans aucune repr\u00e9sentation ou garantie de quelque nature que ce soit, expresse ou implicite.<\/p>\r\n<p>Sont \u00e9galement exclues toutes les garanties implicites de qualit\u00e9 marchande, d'ad\u00e9quation \u00e0 un usage particulier ou de non-violation de lois ou de brevets. M\u00eame si j'estime que les informations que je fournis sont exactes, elles peuvent contenir des erreurs ou des inexactitudes.<\/p>\r\n<p><strong>Droit d'auteur<\/strong><\/p>\r\n<p>Copyright 1998-2026 Markus Schall. Tous droits r\u00e9serv\u00e9s.<\/p>\r\n<p>Tous les textes, images, graphiques, fichiers audio, vid\u00e9o et d'animation ainsi que leurs arrangements sont soumis au droit d'auteur et aux autres lois sur la protection de la propri\u00e9t\u00e9 intellectuelle. Il est interdit de les copier, de les modifier ou de les utiliser sur d'autres sites web \u00e0 des fins commerciales ou de diffusion. Tous les logos sont soumis aux droits de leurs fabricants\/propri\u00e9taires respectifs.<\/p>\r\n\r\n<p>&nbsp;<\/p>","protected":false},"excerpt":{"rendered":"<p>Das Magazin markus-schall.de wird ver\u00f6ffentlicht von: M. Schall VerlagHackenweg 9726127 OldenburgDeutschland, Germany Inhaber: Markus SchallUSt.-ID: DE280073464 E-Mail:\u00a0in**@***********ag.de Bildmaterial (c) Pixabay Unabh\u00e4ngig: Der Autor und das Magzin sind parteilos, alle Inhalte werden ohne staatliche oder institutionelle F\u00f6rderung erstellt. Diese Website verwendet automatisierte \u00dcbersetzungen (DeepL Pro). F\u00fcr die Richtigkeit und Vollst\u00e4ndigkeit fremdsprachiger Inhalte wird keine Gew\u00e4hr \u00fcbernommen. &#8230; <a title=\"Mentions l\u00e9gales\" class=\"read-more\" href=\"https:\/\/www.markus-schall.de\/fr\/mentions-legales\/\" aria-label=\"En savoir plus sur Mentions l\u00e9gales\">Lire la suite<\/a><\/p>","protected":false},"author":1,"featured_media":0,"parent":0,"menu_order":15,"comment_status":"closed","ping_status":"open","template":"","meta":{"iawp_total_views":251,"footnotes":""},"class_list":["post-2","page","type-page","status-publish"],"_links":{"self":[{"href":"https:\/\/www.markus-schall.de\/fr\/wp-json\/wp\/v2\/pages\/2","targetHints":{"allow":["GET"]}}],"collection":[{"href":"https:\/\/www.markus-schall.de\/fr\/wp-json\/wp\/v2\/pages"}],"about":[{"href":"https:\/\/www.markus-schall.de\/fr\/wp-json\/wp\/v2\/types\/page"}],"author":[{"embeddable":true,"href":"https:\/\/www.markus-schall.de\/fr\/wp-json\/wp\/v2\/users\/1"}],"replies":[{"embeddable":true,"href":"https:\/\/www.markus-schall.de\/fr\/wp-json\/wp\/v2\/comments?post=2"}],"version-history":[{"count":15,"href":"https:\/\/www.markus-schall.de\/fr\/wp-json\/wp\/v2\/pages\/2\/revisions"}],"predecessor-version":[{"id":5006,"href":"https:\/\/www.markus-schall.de\/fr\/wp-json\/wp\/v2\/pages\/2\/revisions\/5006"}],"wp:attachment":[{"href":"https:\/\/www.markus-schall.de\/fr\/wp-json\/wp\/v2\/media?parent=2"}],"curies":[{"name":"wp","href":"https:\/\/api.w.org\/{rel}","templated":true}]}}