{"id":3171,"date":"2025-10-21T14:39:16","date_gmt":"2025-10-21T14:39:16","guid":{"rendered":"https:\/\/www.markus-schall.de\/?page_id=3171"},"modified":"2025-12-15T18:09:57","modified_gmt":"2025-12-15T18:09:57","slug":"conseil-aux-entreprises","status":"publish","type":"page","link":"https:\/\/www.markus-schall.de\/fr\/conseil-aux-entreprises\/","title":{"rendered":"Conseil en gestion"},"content":{"rendered":"<p><img loading=\"lazy\" decoding=\"async\" class=\"aligncenter size-large wp-image-3175\" src=\"http:\/\/www.markus-schall.de\/wp-content\/uploads\/Systemische-Unternehmensberatung.jpg\" alt=\"Conseil en gestion syst\u00e9mique\" width=\"1024\" height=\"683\" srcset=\"https:\/\/www.markus-schall.de\/wp-content\/uploads\/Systemische-Unternehmensberatung.jpg 1024w, https:\/\/www.markus-schall.de\/wp-content\/uploads\/Systemische-Unternehmensberatung-300x200.jpg 300w, https:\/\/www.markus-schall.de\/wp-content\/uploads\/Systemische-Unternehmensberatung-768x512.jpg 768w, https:\/\/www.markus-schall.de\/wp-content\/uploads\/Systemische-Unternehmensberatung-18x12.jpg 18w\" sizes=\"auto, (max-width: 1024px) 100vw, 1024px\" \/><\/p>\n<h2>Conseil en gestion syst\u00e9mique<\/h2>\n<p>Dans de nombreuses entreprises, le quotidien se d\u00e9roule - d'une mani\u00e8re ou d'une autre. Mais sous la surface, on sent que l'organisation ne fonctionne plus comme elle le devrait. Les comp\u00e9tences sont floues. Les voies de d\u00e9cision ne sont pas claires. Les nouveaux outils n'apportent pas de soulagement, mais plut\u00f4t une confusion suppl\u00e9mentaire. Et personne ne sait exactement \u00e0 quoi cela tient.<\/p>\n<p>C'est pr\u00e9cis\u00e9ment l\u00e0 qu'intervient le conseil syst\u00e9mique en entreprise. Elle ne consid\u00e8re pas l'entreprise comme une machine, mais comme un syst\u00e8me vivant compos\u00e9 de personnes, de communication, de d\u00e9cisions, d'habitudes et de tensions.<\/p>\n<p>Et elle ne demande pas en premier : <em>De quel logiciel avons-nous besoin ?<\/em>,<\/p>\n<p>mais <strong><em>Qu'est-ce qui nous bloque en r\u00e9alit\u00e9 - et pourquoi ?<\/em><\/strong><\/p>\n<h3>Mon offre : conseil syst\u00e9mique en entreprise pour les petites et moyennes entreprises<\/h3>\n<p>J'accompagne les entreprises \u00e0 repenser leurs structures, leurs processus et leurs relations de mani\u00e8re ind\u00e9pendante, calme, profonde et pratique. Je ne me contente pas d'analyser les chiffres, je les analyse avant tout :<\/p>\n<ul>\n<li>comment les d\u00e9cisions sont prises,<\/li>\n<li>comment la communication et les processus s'\u00e9coulent r\u00e9ellement (ou pi\u00e9tinent),<\/li>\n<li>o\u00f9 des pertes de friction se produisent,<\/li>\n<li>et comment retrouver plus de clart\u00e9, de fiabilit\u00e9 et d'\u00e9nergie dans l'entreprise avec des moyens simples.<\/li>\n<\/ul>\n<p>Mon approche est syst\u00e9mique - ce qui signifie que je ne cherche pas de solutions rapides, mais les vraies causes derri\u00e8re les sympt\u00f4mes. Et je ne travaille pas avec des sch\u00e9mas standard, mais avec une observation individuelle, une pens\u00e9e claire et un regard respectueux sur ce qui est.<\/p>\n<blockquote><p>Je propose des conseils syst\u00e9miques aux entreprises en mettant clairement l'accent sur le niveau des processus : o\u00f9 est-ce que \u00e7a coince vraiment au quotidien ? O\u00f9 se produisent les pertes de friction parce que la structure ne correspond pas \u00e0 la r\u00e9alit\u00e9 ? Pour ce faire, je ne travaille pas avec des batailles de th\u00e9orie PowerPoint, mais avec une \u00e9coute attentive, une analyse claire et des recommandations directes de mise en \u0153uvre. La base : 30 ans d'exp\u00e9rience dans les logiciels, l'entrepreneuriat et la r\u00e9silience en cas de crise.<\/p><\/blockquote>\n<h3>\u00c0 qui s'adresse cette consultation ?<\/h3>\n<p>Mon offre s'adresse \u00e0 :<\/p>\n<ul>\n<li>Propri\u00e9taires, directeurs et cadres de petites et moyennes entreprises (env. 5-50 collaborateurs)<\/li>\n<li>les entreprises qui se sont d\u00e9velopp\u00e9es, transform\u00e9es, num\u00e9ris\u00e9es ou qui ont connu un ralentissement au cours des derni\u00e8res ann\u00e9es<\/li>\n<li>Les \u00e9quipes dans lesquelles les responsabilit\u00e9s ne sont pas claires, les processus de travail sont difficiles ou l'ambiance est tendue.<\/li>\n<li>Des entreprises qui ont le sentiment <em>\"Nous faisons certes beaucoup de choses - mais d'une mani\u00e8re ou d'une autre, nous n'avan\u00e7ons pas\".<\/em><\/li>\n<\/ul>\n<p>Tous secteurs confondus - de l'artisanat aux logiciels en passant par les services et la petite industrie.<\/p>\n<h3>Comment se d\u00e9roule une telle consultation ?<\/h3>\n<ol>\n<li><strong>Premier entretien gratuit (par t\u00e9l\u00e9phone ou par vid\u00e9o)<\/strong><br \/>\nVous d\u00e9crivez votre situation - j'\u00e9coute, je pose les premi\u00e8res questions et je v\u00e9rifie si je suis la bonne personne. La transparence est importante pour moi : je dis aussi honn\u00eatement si je ne peux pas vous aider ou si je ne vois pas de mandat clair.<\/li>\n<li><strong>Phase d'analyse sur place<\/strong><br \/>\nJe viens dans votre entreprise, je vous accompagne, vous et vos collaborateurs, pendant un ou deux jours. Je m\u00e8ne des entretiens individuels, j'observe les processus, j'\u00e9coute, je pose des questions - et je note tout ce qui saute aux yeux : r\u00e9partition des r\u00f4les, zones de tension, blocages d\u00e9cisionnels, r\u00e8gles implicites.<\/li>\n<li><strong>Sondage anonyme aupr\u00e8s des employ\u00e9s (facultatif)<\/strong><br \/>\nSi vous le souhaitez, je peux r\u00e9aliser une courte enqu\u00eate en ligne conforme au RGPD - anonyme si vous le souhaitez, avec des questions ouvertes. Vous recevez des r\u00e9actions authentiques, non filtr\u00e9es, issues du quotidien de vos collaborateurs - souvent la partie la plus pr\u00e9cieuse de l'analyse.<\/li>\n<li><strong>\u00c9valuation structur\u00e9e avec des observations concr\u00e8tes<\/strong><br \/>\nJe pr\u00e9pare mes observations par \u00e9crit - pas dans un PowerPoint, mais sous la forme d'une analyse claire et lisible avec de v\u00e9ritables impulsions. Pas de reproches, pas de r\u00e9criminations - mais un miroir honn\u00eate de ce que j'ai vu.<\/li>\n<li><strong>D\u00e9duction commune des mesures<\/strong><br \/>\nLors d'un entretien final (sur place ou en ligne), nous d\u00e9veloppons ensemble des \u00e9tapes suivantes r\u00e9alistes et r\u00e9alisables - que ce soit dans le domaine de l'organisation, de la gestion, de la communication ou m\u00eame de la technique.<\/li>\n<li><strong>En option : accompagnement de processus de changement<\/strong><br \/>\nSi vous le souhaitez, j'accompagne certaines \u00e9tapes sur une plus longue p\u00e9riode - en tant que sparring-partner, observateur ou donneur d'impulsions. En toute ind\u00e9pendance. Non vendable et sans focalisation sur les logiciels. Je suis moi-m\u00eame d\u00e9veloppeur de logiciels depuis plus de 15 ans et j'ai mis en \u0153uvre de nombreux syst\u00e8mes num\u00e9riques pour des entreprises - notamment sur la base de FileMaker. Mais dans mon travail de conseil, il ne s'agit pas de vendre FileMaker ou d'imposer une solution particuli\u00e8re. Il s'agit de trouver la solution qui convient \u00e0 votre entreprise - m\u00eame si cela signifie que ce n'est peut-\u00eatre m\u00eame pas une solution technique.<\/li>\n<\/ol>\n<ul>\n<li>Parfois, il suffit de modifier la structure de la r\u00e9union.<\/li>\n<li>Ou une clarification claire des r\u00f4les.<\/li>\n<li>Ou une d\u00e9cision de renoncer \u00e0 un projet.<\/li>\n<\/ul>\n<h2>Conseiller de mani\u00e8re syst\u00e9mique signifie : accompagner de mani\u00e8re ouverte aux r\u00e9sultats.<\/h2>\n<p>Pas optimiser \u00e0 tout prix - mais retrouver un flux coh\u00e9rent. Ce que vous pouvez attendre de moi<\/p>\n<ul>\n<li>Des yeux et des oreilles ouverts<\/li>\n<li>Des mots clairs sans jargon technique<\/li>\n<li>\u00c9valuations structur\u00e9es avec posture<\/li>\n<li>Respect des personnes, des processus et des ressources<\/li>\n<li>La compr\u00e9hension technique - mais pas la panac\u00e9e<\/li>\n<li>Pas de lien avec des outils ou des prestataires de services sp\u00e9cifiques<\/li>\n<\/ul>\n<h3>Int\u00e9ress\u00e9(e) ?<\/h3>\n<p>Si vous avez le sentiment qu'il y a des sujets dans votre entreprise qui ne doivent pas seulement \u00eatre \"num\u00e9ris\u00e9s\", mais vraiment clarifi\u00e9s, alors <strong><a href=\"mailto:in**@*********er.de\" data-original-string=\"ew++LiXAgbKzQMmueXNxRA==680Zd32iAZaJW\/EUiKaHWmfZdDJJcshTYneUGz8qvQK\/zY=\" title=\"Ce contact a \u00e9t\u00e9 encod\u00e9 par Anti-Spam par CleanTalk. Cliquez pour d\u00e9coder. Pour terminer le d\u00e9codage, assurez-vous que JavaScript est activ\u00e9 dans votre navigateur.\">n'h\u00e9sitez pas \u00e0 nous contacter<\/a><\/strong> pour un premier entretien sans engagement.<\/p>","protected":false},"excerpt":{"rendered":"<p>Conseil syst\u00e9mique en entreprise Dans de nombreuses entreprises, le quotidien se d\u00e9roule - d'une mani\u00e8re ou d'une autre. Mais sous la surface, on sent que l'organisation ne fonctionne plus comme elle le devrait. Les comp\u00e9tences sont floues. Les voies de d\u00e9cision ne sont pas claires. Les nouveaux outils n'apportent pas de soulagement, mais plut\u00f4t une confusion suppl\u00e9mentaire. Et personne ne sait exactement \u00e0 quoi cela tient. C'est pr\u00e9cis\u00e9ment l\u00e0 qu'intervient le conseil syst\u00e9mique en entreprise. Il consid\u00e8re ... <a title=\"Conseil en gestion\" class=\"read-more\" href=\"https:\/\/www.markus-schall.de\/fr\/conseil-aux-entreprises\/\" aria-label=\"En savoir plus sur Conseil aux entreprises\">Lire la suite<\/a><\/p>","protected":false},"author":1,"featured_media":0,"parent":0,"menu_order":0,"comment_status":"closed","ping_status":"closed","template":"","meta":{"iawp_total_views":151,"footnotes":""},"class_list":["post-3171","page","type-page","status-publish"],"_links":{"self":[{"href":"https:\/\/www.markus-schall.de\/fr\/wp-json\/wp\/v2\/pages\/3171","targetHints":{"allow":["GET"]}}],"collection":[{"href":"https:\/\/www.markus-schall.de\/fr\/wp-json\/wp\/v2\/pages"}],"about":[{"href":"https:\/\/www.markus-schall.de\/fr\/wp-json\/wp\/v2\/types\/page"}],"author":[{"embeddable":true,"href":"https:\/\/www.markus-schall.de\/fr\/wp-json\/wp\/v2\/users\/1"}],"replies":[{"embeddable":true,"href":"https:\/\/www.markus-schall.de\/fr\/wp-json\/wp\/v2\/comments?post=3171"}],"version-history":[{"count":14,"href":"https:\/\/www.markus-schall.de\/fr\/wp-json\/wp\/v2\/pages\/3171\/revisions"}],"predecessor-version":[{"id":4053,"href":"https:\/\/www.markus-schall.de\/fr\/wp-json\/wp\/v2\/pages\/3171\/revisions\/4053"}],"wp:attachment":[{"href":"https:\/\/www.markus-schall.de\/fr\/wp-json\/wp\/v2\/media?parent=3171"}],"curies":[{"name":"wp","href":"https:\/\/api.w.org\/{rel}","templated":true}]}}