{"id":738,"date":"2011-09-28T08:23:39","date_gmt":"2011-09-28T08:23:39","guid":{"rendered":"https:\/\/markus-schall.de\/?page_id=738"},"modified":"2026-04-14T16:05:25","modified_gmt":"2026-04-14T16:05:25","slug":"logiciel-erp","status":"publish","type":"page","link":"https:\/\/www.markus-schall.de\/fr\/logiciel-erp\/","title":{"rendered":"Logiciel ERP"},"content":{"rendered":"<p><img loading=\"lazy\" decoding=\"async\" class=\"size-large wp-image-3182 alignnone\" src=\"http:\/\/www.markus-schall.de\/wp-content\/uploads\/ERP-Software-1024x683.jpg\" alt=\"Logiciel ERP\" width=\"1024\" height=\"683\" srcset=\"https:\/\/www.markus-schall.de\/wp-content\/uploads\/ERP-Software-1024x683.jpg 1024w, https:\/\/www.markus-schall.de\/wp-content\/uploads\/ERP-Software-300x200.jpg 300w, https:\/\/www.markus-schall.de\/wp-content\/uploads\/ERP-Software-768x512.jpg 768w, https:\/\/www.markus-schall.de\/wp-content\/uploads\/ERP-Software-18x12.jpg 18w, https:\/\/www.markus-schall.de\/wp-content\/uploads\/ERP-Software.jpg 1536w\" sizes=\"auto, (max-width: 1024px) 100vw, 1024px\" \/><\/p>\n<h2>Logiciel ERP pour ceux qui pensent par eux-m\u00eames - flexible, local, ind\u00e9pendant<\/h2>\n<p><img loading=\"lazy\" decoding=\"async\" class=\"alignleft wp-image-2465\" src=\"https:\/\/www.markus-schall.de\/wp-content\/uploads\/gofilemaker-logo-1.png\" alt=\"gofilemaker logiciel ERP\" width=\"201\" height=\"69\" srcset=\"https:\/\/www.markus-schall.de\/wp-content\/uploads\/gofilemaker-logo-1.png 400w, https:\/\/www.markus-schall.de\/wp-content\/uploads\/gofilemaker-logo-1-300x103.png 300w\" sizes=\"auto, (max-width: 201px) 100vw, 201px\" \/>Le site <strong>gFM-Business Logiciel ERP<\/strong> est un logiciel d'entreprise pratique pour tous ceux qui ne sont pas pr\u00eats \u00e0 confier les donn\u00e9es de leur entreprise \u00e0 un quelconque cloud anonyme - mais qui souhaitent d\u00e9terminer eux-m\u00eames la mani\u00e8re dont ils travaillent. La solution est bas\u00e9e sur <strong>Claris FileMaker<\/strong>Il s'agit d'un outil \u00e9prouv\u00e9 de d\u00e9veloppement de logiciels personnalis\u00e9s, aussi flexible que votre entreprise.<\/p>\n<p>Qu'il s'agisse d'une entreprise artisanale, d'un prestataire de services ou d'une entreprise de vente par correspondance, gFM-Business s'adapte, et non l'inverse.<\/p>\n<hr \/>\n<h3>Trois tailles de plateformes - une seule id\u00e9e : garder le contr\u00f4le<\/h3>\n<p>gFM-Business ERP est disponible en trois niveaux d'extension, qui s'orientent de mani\u00e8re cibl\u00e9e sur les exigences des petites et moyennes entreprises :<\/p>\n<ol>\n<li><strong>Open Source (gratuit) : <\/strong>La version d'entr\u00e9e de gamme id\u00e9ale avec gestion des clients, base d'articles, facturation simple (facture &amp; note de cr\u00e9dit) - directement utilisable en tant que freeware et extensible de mani\u00e8re ouverte avec FileMaker. Le logiciel est \u00e9galement disponible en version OS-Plus \u00e9tendue, qui permet en outre de cr\u00e9er des offres, des commandes, des bons de livraison et des rappels.<\/li>\n<li><strong>Basic : <\/strong>Pour des exigences croissantes : Cr\u00e9ation de documents de l'offre au rappel, gestion de projets, saisie du temps, exportation du datif et interfaces vers tous les syst\u00e8mes de boutiques courants (notamment WooCommerce, Shopware, Shopify, Gambio, Modified).<\/li>\n<li><strong>Professionnel : <\/strong>Notre version enti\u00e8rement \u00e9quip\u00e9e pour les entreprises avec plusieurs mandants, interfaces multi-boutiques, formats d'e-factures (ZUGFeRD, XFactures) et multilinguisme - \u00e9galement utilisable \u00e0 l'international.<\/li>\n<\/ol>\n<p><img loading=\"lazy\" decoding=\"async\" class=\"alignnone wp-image-2468 size-full\" src=\"https:\/\/www.markus-schall.de\/wp-content\/uploads\/Professional-ERP-Software-scaled.jpg\" alt=\"gFM-Business Professional Logiciel ERP\" width=\"2560\" height=\"1339\" srcset=\"https:\/\/www.markus-schall.de\/wp-content\/uploads\/Professional-ERP-Software-scaled.jpg 2560w, https:\/\/www.markus-schall.de\/wp-content\/uploads\/Professional-ERP-Software-300x157.jpg 300w, https:\/\/www.markus-schall.de\/wp-content\/uploads\/Professional-ERP-Software-1024x536.jpg 1024w, https:\/\/www.markus-schall.de\/wp-content\/uploads\/Professional-ERP-Software-768x402.jpg 768w, https:\/\/www.markus-schall.de\/wp-content\/uploads\/Professional-ERP-Software-1536x804.jpg 1536w, https:\/\/www.markus-schall.de\/wp-content\/uploads\/Professional-ERP-Software-2048x1071.jpg 2048w, https:\/\/www.markus-schall.de\/wp-content\/uploads\/Professional-ERP-Software-500x262.jpg 500w\" sizes=\"auto, (max-width: 2560px) 100vw, 2560px\" \/><\/p>\n<hr \/>\n<h3>Trois mod\u00e8les de licence - une adaptabilit\u00e9 maximale<\/h3>\n<p>Diff\u00e9rentes formes de licences sont disponibles pour chaque version, en fonction du degr\u00e9 de personnalisation souhait\u00e9 :<\/p>\n<ul>\n<li><strong>Licence standard<\/strong>: adapter de mani\u00e8re flexible les mises en page d'impression<\/li>\n<li><strong>Licence personnalis\u00e9e<\/strong>Cr\u00e9er soi-m\u00eame des masques, des champs et des tableaux<\/li>\n<li><strong>Licence ouverte<\/strong>: acc\u00e8s complet FileMaker comme dans un d\u00e9veloppement propre<\/li>\n<\/ul>\n<p>Les utilisateurs de FileMaker (ou ton \u00e9quipe de d\u00e9veloppeurs) peuvent ainsi personnaliser directement le logiciel selon leurs propres souhaits - avec un contr\u00f4le total sur toutes les fonctions.<\/p>\n<div style=\"border: 1px solid #d9d9d9; border-left: 6px solid #2f5d62; background: #f8faf9; padding: 26px; margin: 35px 0; border-radius: 10px; box-shadow: 0 2px 10px rgba(0,0,0,0.06);\">\n<h3 style=\"margin-top: 0; margin-bottom: 12px; font-size: 1.6em; color: #1f2d2f;\">Premi\u00e8re consultation gratuite de 30 minutes sur les processus de votre entreprise<\/h3>\n<p style=\"margin: 0 0 14px 0; font-size: 1.08em; line-height: 1.6; color: #333;\">De nombreuses entreprises travaillent quotidiennement avec des structures qui se sont d\u00e9velopp\u00e9es au fil des ann\u00e9es - souvent avec des d\u00e9tours inutiles, des doubles saisies ou un manque de visibilit\u00e9.<\/p>\n<p style=\"margin: 0 0 14px 0; font-size: 1.08em; line-height: 1.6; color: #333;\">Dans une <strong>premi\u00e8re consultation sans engagement (30 minutes)<\/strong> nous examinons ensemble votre situation actuelle - de mani\u00e8re claire, pratique et sans pression commerciale.<\/p>\n<ul style=\"margin: 0 0 18px 20px; padding: 0; line-height: 1.7; color: #333;\">\n<li>O\u00f9 perdez-vous actuellement du temps ou une vue d'ensemble ?<\/li>\n<li>Quels sont les processus qui peuvent \u00eatre simplifi\u00e9s ?<\/li>\n<li>Si et comment une solution ERP individuelle est judicieuse<\/li>\n<li>Premi\u00e8re \u00e9valuation concr\u00e8te - compr\u00e9hensible et directement applicable<\/li>\n<\/ul>\n<p style=\"margin: 0 0 18px 0; font-size: 1.05em; line-height: 1.6; color: #333;\">Souvent, un regard ext\u00e9rieur clair suffit pour identifier les complexit\u00e9s inutiles et initier les premi\u00e8res am\u00e9liorations.<\/p>\n<div style=\"margin-top: 18px; padding: 16px; background: #ffffff; border: 1px solid #e3e3e3; border-radius: 8px;\">\n<p style=\"margin: 0 0 10px 0; font-weight: bold; color: #1f2d2f;\">Demandez ici un rendez-vous sans engagement :<\/p>\n<p style=\"margin: 0 0 6px 0; line-height: 1.6;\"><strong>Courrier \u00e9lectronique :<\/strong><a style=\"color: #2f5d62; text-decoration: none;\" href=\"mailto:in**@*********er.de\" data-original-string=\"YkzQzPw3J8V5XiZ\/AFMLuQ==6800HGtxW6ZIfSc8uHaZB3MVsJsFsPNLVp1lQsygDyB6Bg=\" title=\"Ce contact a \u00e9t\u00e9 encod\u00e9 par Anti-Spam par CleanTalk. Cliquez pour d\u00e9coder. Pour terminer le d\u00e9codage, assurez-vous que JavaScript est activ\u00e9 dans votre navigateur.\"> <span \n                data-original-string='81XDC7hIOH97F6pVZltiFw==680eDE5YoIlpIp9tdqQm+JT4dya0OrU6jxymzk9PkWpY5M='\n                class='apbct-email-encoder'\n                title='Ce contact a \u00e9t\u00e9 encod\u00e9 par Anti-Spam par CleanTalk. Cliquez pour d\u00e9coder. Pour terminer le d\u00e9codage, assurez-vous que JavaScript est activ\u00e9 dans votre navigateur.'>dans<span class=\"apbct-blur\">**<\/span>@<span class=\"apbct-blur\">*********<\/span>er.fr<\/span><br \/>\n<\/a><\/p>\n<p style=\"margin: 0 0 6px 0; line-height: 1.6;\"><strong>T\u00e9l\u00e9phone :<\/strong><a style=\"color: #2f5d62; text-decoration: none;\" href=\"tel:+4944130437640\"> 0441 &#8211; 30 437 640<br \/>\n<\/a><\/p>\n<p style=\"margin: 0; line-height: 1.6;\">Il vous suffit de m'\u00e9crire quelques mots cl\u00e9s sur votre situation actuelle. Je vous r\u00e9pondrai personnellement dans les plus brefs d\u00e9lais.<\/p>\n<\/div>\n<\/div>\n<hr \/>\n<h3>Payer une fois, utiliser durablement<\/h3>\n<p>Chez nous, il n'y a pas de pi\u00e8ge d'abonnement mensuel. Chaque licence est disponible en tant que licence d'achat - \u00e0 un prix unique. Les contrats de maintenance ne sont pas obligatoires, les mises \u00e0 jour peuvent \u00eatre achet\u00e9es s\u00e9par\u00e9ment si n\u00e9cessaire.<\/p>\n<hr \/>\n<h3>Vos donn\u00e9es vous appartiennent - point final.<\/h3>\n<p>gFM-Business ERP stocke toutes les donn\u00e9es localement chez le client - soit sur son propre ordinateur, soit sur un serveur FileMaker en interne. Pas de cloud, pas de d\u00e9pendance, pas de structures de serveur cach\u00e9es. Vous gardez ainsi \u00e0 tout moment la pleine souverainet\u00e9 sur vos donn\u00e9es commerciales sensibles.<\/p>\n<hr \/>\n<h3>Pour qui le gFM-Business est-il fait ?<\/h3>\n<ul>\n<li><strong>Petites et moyennes entreprises<\/strong><\/li>\n<li><strong>Entrepreneurs individuels et professions lib\u00e9rales<\/strong><\/li>\n<li><strong>Agences, distributeurs, prestataires de services<\/strong><\/li>\n<li><strong>Tous ceux qui pr\u00e9f\u00e8rent cr\u00e9er plut\u00f4t que d'\u00eatre mis sous tutelle<\/strong><\/li>\n<\/ul>\n<p>Si vous cherchez une solution ERP qui parle votre langue - vous \u00eates au bon endroit.<br \/>\n<a href=\"https:\/\/gofilemaker.de\/fr\/\" target=\"_blank\" rel=\"noopener\"><strong>Plus d'informations sur gofilemaker.de<\/strong><\/a><\/p>\n<hr \/>\n<h3>Foire aux questions<\/h3>\n<ol>\n<li style=\"text-align: left;\"><strong>Qu'est-ce que gFM-Business exactement - ERP, CRM ou gestion des marchandises ?<\/strong><br \/>\ngFM-Business n'est volontairement pas seulement \u201eun module\u201c, mais une plate-forme ERP bas\u00e9e sur FileMaker qui peut \u00eatre utilis\u00e9e comme CRM, gestion des marchandises, programme de facturation\/facturation, logiciel d'agence ou logiciel de bureau, selon les besoins. L'essentiel est que vous obteniez une solution qui s'adapte \u00e0 vos processus d'entreprise - et non l'inverse. C'est particuli\u00e8rement pratique pour les entreprises qui ne veulent pas \u00eatre contraintes \u00e0 un syst\u00e8me standard rigide, mais qui souhaitent num\u00e9riser proprement les processus au fur et \u00e0 mesure.<\/li>\n<li style=\"text-align: left;\"><strong>\u00c0 quelles entreprises s'adresse gFM-Business ?<\/strong><br \/>\nTypiquement pour les petites et moyennes entreprises qui recherchent un syst\u00e8me clair et adaptable - sans le poids des grandes introductions ERP classiques. L'utilisation judicieuse commence souvent l\u00e0 o\u00f9 les listes Excel, les solutions isol\u00e9es ou une combinaison de processus \u201ed\u00e9velopp\u00e9s\u201c consomment sensiblement du temps : offres, commandes, stocks, bons de livraison, factures, communication avec les clients, \u00e9valuations. En m\u00eame temps, la plateforme est si \u00e9volutive qu'elle peut grandir avec l'entreprise - du poste de travail individuel au groupe de travail.<\/li>\n<li style=\"text-align: left;\"><strong>Sur quels syst\u00e8mes le logiciel fonctionne-t-il ?<\/strong><br \/>\ngFM-Business est con\u00e7u pour \u00eatre multiplateforme et peut \u00eatre utilis\u00e9 sur macOS, Windows et iOS (iPad). Cela est particuli\u00e8rement int\u00e9ressant pour les \u00e9quipes qui travaillent de mani\u00e8re mixte ou qui souhaitent acc\u00e9der \u00e0 des donn\u00e9es de mani\u00e8re mobile. Dans de nombreuses entreprises, c'est un v\u00e9ritable avantage, car il n'est pas n\u00e9cessaire d'uniformiser l'ensemble du monde mat\u00e9riel uniquement pour pouvoir exploiter un ERP.<\/li>\n<li style=\"text-align: left;\"><strong>Quelle est la version qui me convient le mieux : Open Source, OS-Plus, Basic ou Professional ?<\/strong><br \/>\nLe logiciel est disponible en plusieurs niveaux d'extension, afin que vous n'ayez pas \u00e0 vous lancer \u201etrop grand\u201c :<br \/>\n- gFM-Business Open Source : entr\u00e9e gratuite avec CRM, adresses, articles\/stocks (1 stock), factures\/cr\u00e9dits plus module de d\u00e9veloppement (documentation des tables\/champs\/scripts) - id\u00e9al pour jeter un coup d'\u0153il ou comme base pour des adaptations.<br \/>\n- gFM-Business OS-Plus : \u00e9tend l'Open Source, entre autres, \u00e0 la saisie des temps\/services ainsi qu'\u00e0 des types de documents suppl\u00e9mentaires, y compris la logique de conversion (commande \u2192 bon de livraison \u2192 facture, etc.).<br \/>\n- gFM-Business Basic : pour de nombreuses PME, le d\u00e9marrage \u201eclassique\u201c avec plus de fonctions CRM\/correspondance\/livre de caisse\/projet et boutique.<br \/>\n- gFM-Business Professional : pour les processus plus exigeants (par ex. plusieurs mandants, lieux de stockage, langues dans tout le syst\u00e8me, variantes, listes de pi\u00e8ces\/lots, syst\u00e8me de tickets, plusieurs boutiques en ligne en parall\u00e8le).<\/li>\n<li style=\"text-align: left;\"><strong>Que signifie \u201elicence ouverte\u201c - et quand en ai-je besoin ?<\/strong><br \/>\nLa licence ouverte est destin\u00e9e aux entreprises (ou aux partenaires FileMaker) qui souhaitent adapter et \u00e9tendre elles-m\u00eames gFM-Business de mani\u00e8re compl\u00e8te - avec des droits d'administration complets dans FileMaker. L'avantage : les processus peuvent \u00eatre adapt\u00e9s en cours de route si le march\u00e9, la gamme, l'\u00e9quipe ou les processus internes changent. C'est typiquement le cas pour les entreprises qui souhaitent disposer \u00e0 long terme d'un logiciel individuel sur une base stable, plut\u00f4t que de changer de syst\u00e8me tous les deux ans. Remarque de la part du site : pour la licence ouverte, FileMaker Pro Advanced est n\u00e9cessaire.<\/li>\n<li style=\"text-align: left;\"><strong>Dois-je poss\u00e9der Claris FileMaker pour utiliser gFM-Business ?<\/strong><br \/>\nOui, une licence de Claris FileMaker Pro est n\u00e9cessaire pour une utilisation individuelle. Si plusieurs postes de travail sont utilis\u00e9s via le partage peer-to-peer, une licence suppl\u00e9mentaire de Claris FileMaker Pro est n\u00e9cessaire pour chaque poste de travail. \u00c0 partir de cinq utilisateurs en r\u00e9seau, il est recommand\u00e9 d'utiliser FileMaker Server.<\/li>\n<li style=\"text-align: left;\"><strong>Puis-je reproduire des offres, des commandes, des bons de livraison, des factures, des avoirs et des rappels ?<\/strong><br \/>\nOui - gFM-Business est pr\u00e9cis\u00e9ment con\u00e7u pour cette \u201esalle des machines bureautique\u201c classique : du devis \u00e0 la facture, documents de suivi compris. Il est particuli\u00e8rement pratique lorsque les conversions sont automatis\u00e9es (par ex. commande \u2192 bon de livraison \u2192 facture), car cela permet de r\u00e9duire les erreurs et de gagner du temps - surtout dans le cas de processus r\u00e9p\u00e9titifs ou d'importations de boutiques.<\/li>\n<li style=\"text-align: left;\"><strong>Est-ce que gFM-Business prend en charge les factures \u00e9lectroniques (par exemple ZUGFeRD) ?<\/strong><br \/>\nOui, gFM-Business Professional prend en charge les factures \u00e9lectroniques selon ZUGFeRD et Factur-X, ainsi que Swiss-QR, ce qui permet de g\u00e9n\u00e9rer des PDF avec des informations d'e-facture int\u00e9gr\u00e9es. C'est important, car les exigences en mati\u00e8re de facturation \u00e9lectronique augmentent et les entreprises pr\u00e9f\u00e8rent s'\u00e9quiper rapidement plut\u00f4t que de se pr\u00e9cipiter pour s'\u00e9quiper plus tard.<\/li>\n<li style=\"text-align: left;\"><strong>Comment fonctionne le multilinguisme - interface et impression ?<\/strong><br \/>\nLe logiciel est pr\u00e9par\u00e9 pour le multilinguisme dans tout le syst\u00e8me. Selon la page du produit, Light\/Professional comprend par exemple l'allemand, l'anglais et le fran\u00e7ais, et la langue peut \u00eatre chang\u00e9e par utilisateur - y compris les \u00e9tiquettes, les bo\u00eetes de dialogue et les listes de s\u00e9lection\/de valeurs. Important pour la pratique : les mises en page d'impression sont \u00e9galement disponibles dans toutes les langues disponibles et les textes peuvent \u00eatre adapt\u00e9s\/\u00e9tendus.<\/li>\n<li style=\"text-align: left;\"><strong>Puis-je g\u00e9rer plusieurs entreprises\/clients et plusieurs entrep\u00f4ts ?<\/strong><br \/>\nSi vous souhaitez repr\u00e9senter plusieurs unit\u00e9s l\u00e9gales, filiales ou secteurs d'entreprise dans un syst\u00e8me, il s'agit typiquement d'un th\u00e8me professionnel : selon le site, plusieurs mandants et entrep\u00f4ts y sont pris en charge, y compris une logique d'article et de stockage \u00e9tendue. Pour les entreprises en croissance, c'est un point classique o\u00f9 l'on passe de la \u201esimple gestion des marchandises\u201c \u00e0 un \u201ev\u00e9ritable ERP\u201c.<\/li>\n<li style=\"text-align: left;\"><strong>Existe-t-il des variantes de produits, des caract\u00e9ristiques, des nomenclatures et des lots ?<\/strong><br \/>\nOui - pour Professional, on mentionne les variantes de produits, les propri\u00e9t\u00e9s pertinentes en mati\u00e8re de prix, les nomenclatures et la gestion des lots. Ce sont pr\u00e9cis\u00e9ment les fonctions que de nombreux syst\u00e8mes vendent d'abord cher \u201een plus\u201c - mais qui, dans la pratique, sont rapidement indispensables pour les gammes avec variantes (taille\/couleur\/mati\u00e8re) ou pour la production\/l'assemblage.<\/li>\n<li style=\"text-align: left;\"><strong>Dans quelle mesure le gFM-Business est-il adapt\u00e9 aux boutiques en ligne ?<\/strong><br \/>\ngFM-Business Basic et Professional contiennent une interface de boutique en ligne (Basic pour une boutique ; exemples : Shopware, WooCommerce, Gambio, Modified) et, dans Professional, \u00e9galement plusieurs boutiques parall\u00e8les - m\u00eame en fonctionnement mixte de diff\u00e9rents syst\u00e8mes de boutique. Selon la description de la licence ouverte, l'interface peut en outre \u00eatre adapt\u00e9e aux exigences individuelles ou \u00e9tendue \u00e0 d'autres boutiques compatibles REST.<\/li>\n<li style=\"text-align: left;\"><strong>Qu'est-ce qui se passe avec \u201egFM-Business goes AI\u201c ?<\/strong><br \/>\nSur la page, il est d\u00e9crit que gFM-Business Professional contient pour la premi\u00e8re fois une int\u00e9gration OpenAI\/ChatGPT pour g\u00e9n\u00e9rer des documents AI et des textes AI dans le logiciel ERP. L'utilit\u00e9 pratique n'est g\u00e9n\u00e9ralement pas un \u201egadget\u201c, mais un travail de texte au quotidien : mod\u00e8les, formulations, textes standard, notes internes - l\u00e0 o\u00f9 les \u00e9quipes perdent sinon du temps ou deviennent incoh\u00e9rentes.<\/li>\n<li style=\"text-align: left;\"><strong>Dans quelle mesure les mises en page d'impression sont-elles personnalisables - et \u00e0 quelle vitesse ?<\/strong><br \/>\nLe syst\u00e8me d'impression int\u00e9gr\u00e9 est un point fort : les mises en page d'impression peuvent \u00eatre \u00e9dit\u00e9es ou cr\u00e9\u00e9es comme dans un environnement texte\/TP dans le mode de mise en page FileMaker. Les nouvelles mises en page sont attribu\u00e9es \u00e0 une partie du programme et sont alors imm\u00e9diatement disponibles. C'est la \u201epens\u00e9e FileMaker\u201c classique : il vaut mieux s'adapter de mani\u00e8re pragmatique plut\u00f4t que d'attendre pendant des ann\u00e9es les feuilles de route des fabricants.<\/li>\n<li style=\"text-align: left;\"><strong>Quelles sont les interfaces\/exportations possibles (CSV, Excel, DATEV, etc.) ?<\/strong><br \/>\ngFM-Business propose divers formats d'importation\/exportation (notamment texte\/tableau, CSV, Excel, FileMaker, DBF ; plus Office Merge\/lettres en s\u00e9rie). En outre, selon le module, la page mentionne des exportations suppl\u00e9mentaires comme DATEV (dans le contexte du livre de caisse) ainsi que d'autres formats financiers\/de paiement sur des sous-pages. Pour de nombreuses entreprises, c'est pr\u00e9cis\u00e9ment ce qui est d\u00e9cisif : on reste capable d'agir parce que les donn\u00e9es peuvent sortir et entrer - m\u00eame sans \u201eint\u00e9gration monstre\u201c.<\/li>\n<li style=\"text-align: left;\"><strong>Puis-je envoyer et attribuer des e-mails directement \u00e0 partir du syst\u00e8me ?<\/strong><br \/>\nOui - selon la page du produit, il existe un client de messagerie int\u00e9gr\u00e9 (POP3\/IMAP). Les e-mails d'adresses connues peuvent \u00eatre automatiquement attribu\u00e9s \u00e0 des contacts. Effet pratique : moins de \u201echaos dans les bo\u00eetes aux lettres\u201c et plus d'historique des clients en un seul endroit - comme on l'avait autrefois proprement dans des classeurs, mais sous forme num\u00e9rique et consultable.<\/li>\n<li style=\"text-align: left;\"><strong>Comment fonctionne l'\u00e9quipe - localement, en r\u00e9seau ou sur Internet ?<\/strong><br \/>\nDes sc\u00e9narios d'utilisation typiques sont d\u00e9crits pour gFM-Business : dans le r\u00e9seau local (par exemple FileMaker Pro\/serveur, acc\u00e8s de l'ext\u00e9rieur via VPN) ou comme partage via Internet (serveur web + FileMaker Server ou gFM-Business Cloud). Ce dernier point est important, car il vous laisse plusieurs possibilit\u00e9s, selon que vous pr\u00e9f\u00e9rez travailler de mani\u00e8re classique sur le r\u00e9seau du bureau ou sur plusieurs sites.<\/li>\n<li style=\"text-align: left;\"><strong>Comment se lancer au mieux - test, informations, premi\u00e8re \u00e9tape utile ?<\/strong><br \/>\nLa m\u00e9thode conservatrice et intelligente consiste \u00e0 rassembler les exigences, \u00e0 choisir la version, puis \u00e0 d\u00e9marrer avec un processus pilote clair (p. ex. articles\/stocks + justificatifs + 1 ou 2 impressions standard). gofilemaker.de propose entre autres une introduction aux diff\u00e9rentes plateformes\/versions ainsi que des t\u00e9l\u00e9chargements\/informations. De nombreuses entreprises \u00e9conomisent le plus en ne faisant pas tout \u201eparfaitement\u201c en une seule fois, mais en construisant le logiciel pas \u00e0 pas, de la m\u00eame mani\u00e8re que les processus se sont d\u00e9velopp\u00e9s traditionnellement - mais cette fois-ci de mani\u00e8re proprement document\u00e9e et solidement automatis\u00e9e.<\/li>\n<\/ol>","protected":false},"excerpt":{"rendered":"<p>Logiciel ERP pour ceux qui pensent par eux-m\u00eames - flexible, local, ind\u00e9pendant Le logiciel ERP gFM-Business est un logiciel d'entreprise pratique pour tous ceux qui ne sont pas pr\u00eats \u00e0 confier les donn\u00e9es de leur entreprise \u00e0 un quelconque cloud anonyme - mais qui veulent d\u00e9cider eux-m\u00eames de la mani\u00e8re dont ils travaillent. La solution est bas\u00e9e sur Claris FileMaker, un outil \u00e9prouv\u00e9 pour le d\u00e9veloppement de logiciels individuels, et est donc aussi flexible que votre ... <a title=\"Logiciel ERP\" class=\"read-more\" href=\"https:\/\/www.markus-schall.de\/fr\/logiciel-erp\/\" aria-label=\"En savoir plus sur Logiciel ERP\">Lire la suite<\/a><\/p>","protected":false},"author":1,"featured_media":0,"parent":0,"menu_order":0,"comment_status":"closed","ping_status":"closed","template":"","meta":{"iawp_total_views":229,"footnotes":""},"class_list":["post-738","page","type-page","status-publish"],"_links":{"self":[{"href":"https:\/\/www.markus-schall.de\/fr\/wp-json\/wp\/v2\/pages\/738","targetHints":{"allow":["GET"]}}],"collection":[{"href":"https:\/\/www.markus-schall.de\/fr\/wp-json\/wp\/v2\/pages"}],"about":[{"href":"https:\/\/www.markus-schall.de\/fr\/wp-json\/wp\/v2\/types\/page"}],"author":[{"embeddable":true,"href":"https:\/\/www.markus-schall.de\/fr\/wp-json\/wp\/v2\/users\/1"}],"replies":[{"embeddable":true,"href":"https:\/\/www.markus-schall.de\/fr\/wp-json\/wp\/v2\/comments?post=738"}],"version-history":[{"count":13,"href":"https:\/\/www.markus-schall.de\/fr\/wp-json\/wp\/v2\/pages\/738\/revisions"}],"predecessor-version":[{"id":5730,"href":"https:\/\/www.markus-schall.de\/fr\/wp-json\/wp\/v2\/pages\/738\/revisions\/5730"}],"wp:attachment":[{"href":"https:\/\/www.markus-schall.de\/fr\/wp-json\/wp\/v2\/media?parent=738"}],"curies":[{"name":"wp","href":"https:\/\/api.w.org\/{rel}","templated":true}]}}