{"id":2,"date":"2011-02-11T16:58:41","date_gmt":"2011-02-11T16:58:41","guid":{"rendered":"https:\/\/markus-schall.de\/?page_id=2"},"modified":"2026-02-20T15:35:07","modified_gmt":"2026-02-20T15:35:07","slug":"impronta","status":"publish","type":"page","link":"https:\/\/www.markus-schall.de\/it\/impronta\/","title":{"rendered":"Impronta"},"content":{"rendered":"<h3>La rivista <em>markus-schall.de<\/em> \u00e8 pubblicato da:<\/h3>\r\n<p>M. Casa editrice Schall<br \/>Hackenweg 97<br \/>26127 Oldenburg<br \/>Germania, Germania<\/p>\r\n<p>Proprietario: Markus Schall<br \/>PARTITA IVA: DE280073464<\/p>\r\n<p>E-mail:\u00a0<a href=\"mailto:in**@***********ag.de\" data-original-string=\"xU+UIe65qzfuKm8DuBP7dQ==680YPXSgoFr8jNx3WVC62vj+\/3qiI7fTtLpOi3UsJcTbzE=\" title=\"Questo contatto \u00e8 stato codificato da Anti-Spam by CleanTalk. Fare clic per decodificare. Per completare la decodifica, assicurarsi che JavaScript sia abilitato nel browser.\"><span \n                data-original-string='ymbW3I9Thz83GJlGVYI5ug==680EnEWqhDwb4gmihDxDLz4kVIWFnRC6aTavLZGcIddtRA='\n                class='apbct-email-encoder'\n                title='Questo contatto \u00e8 stato codificato da Anti-Spam by CleanTalk. Fare clic per decodificare. Per completare la decodifica, assicurarsi che JavaScript sia abilitato nel browser.'>in<span class=\"apbct-blur\">**<\/span>@<span class=\"apbct-blur\">***********<\/span>ag.de<\/span><\/a><\/p>\r\n<p>Immagini (c) <strong><a href=\"https:\/\/pixabay.de\" target=\"_blank\" rel=\"noopener\">Pixabay<\/a><\/strong><\/p>\r\n<p><strong>Indipendente<\/strong>L'autore e la rivista sono apartitici, tutti i contenuti sono prodotti senza finanziamenti statali o istituzionali.<\/p>\r\n<p>Questo sito web utilizza traduzioni automatiche (DeepL Pro). Non si garantisce la correttezza e la completezza dei contenuti in lingua straniera. Fa sempre fede la versione originale in tedesco.<\/p>\r\n<h3>Informativa sulla privacy - Sondaggi e modulo di contatto<\/h3>\r\n<p><strong>Sondaggi su questo sito<\/strong>Su questo sito web vengono occasionalmente condotti sondaggi anonimi. La partecipazione \u00e8 volontaria e possibile senza registrazione. Non vengono memorizzati dati personali. Per evitare votazioni multiple, pu\u00f2 essere impostato un cookie tecnico o l'indirizzo IP pu\u00f2 essere elaborato in forma anonima. Nessun dato viene trasmesso a terzi.<\/p>\r\n<p><strong>Modulo di contatto per le richieste di informazioni<\/strong>Se ci contattate tramite il modulo di contatto, i dati da voi inseriti (ad es. nome, indirizzo e-mail, messaggio) verranno elaborati per gestire la vostra richiesta. L'elaborazione avviene ai sensi dell'art. 6 par. 1 lett. b GDPR sulla base della vostra richiesta.<\/p>\r\n<p>I vostri dati saranno utilizzati solo per rispondere alla vostra richiesta e non saranno trasmessi a terzi. Le informazioni trasmesse non saranno conservate in modo permanente, a meno che la richiesta non si traduca in un rapporto contrattuale o di consulenza in corso.<\/p>\r\n<p><strong>Analisi del sito web<\/strong>Viene utilizzato solo uno strumento di analisi locale che non memorizza alcun dato personale. Google Analytics o altri sistemi di analisi basati su cloud non vengono utilizzati su questo sito.<\/p>\r\n<h3>Responsabilit\u00e0 e garanzia<\/h3>\r\n<p>Nonostante l'attento controllo dei contenuti, non mi assumo alcuna responsabilit\u00e0 per il contenuto dei link esterni. I gestori delle pagine collegate sono gli unici responsabili del loro contenuto.<\/p>\r\n<p>Tutte le informazioni contenute nel sito www.markus-schall.de e negli altri sottodomini sotto questi indirizzi sono fornite da Markus Schall senza alcuna dichiarazione o garanzia di alcun tipo, espressa o implicita.<\/p>\r\n<p>Sono inoltre escluse tutte le garanzie implicite di commerciabilit\u00e0, idoneit\u00e0 per uno scopo particolare o non violazione di leggi e brevetti. Anche se ritengo che le informazioni fornite siano accurate, potrebbero comunque contenere errori o imprecisioni.<\/p>\r\n<p><strong>Copyright<\/strong><\/p>\r\n<p>Copyright 1998-2026 Markus Schall. Tutti i diritti riservati.<\/p>\r\n<p>Tutti i testi, le immagini, i grafici, i file audio, video e di animazione e i loro arrangiamenti sono soggetti a copyright e ad altre leggi per la protezione della propriet\u00e0 intellettuale. Non possono essere copiati per scopi commerciali o per la distribuzione, n\u00e9 possono essere modificati e utilizzati su altri siti web. Tutti i loghi sono soggetti ai diritti dei rispettivi produttori\/proprietari.<\/p>\r\n\r\n<p>&nbsp;<\/p>","protected":false},"excerpt":{"rendered":"<p>Das Magazin markus-schall.de wird ver\u00f6ffentlicht von: M. Schall VerlagHackenweg 9726127 OldenburgDeutschland, Germany Inhaber: Markus SchallUSt.-ID: DE280073464 E-Mail:\u00a0in**@***********ag.de Bildmaterial (c) Pixabay Unabh\u00e4ngig: Der Autor und das Magzin sind parteilos, alle Inhalte werden ohne staatliche oder institutionelle F\u00f6rderung erstellt. Diese Website verwendet automatisierte \u00dcbersetzungen (DeepL Pro). F\u00fcr die Richtigkeit und Vollst\u00e4ndigkeit fremdsprachiger Inhalte wird keine Gew\u00e4hr \u00fcbernommen. &#8230; <a title=\"Impronta\" class=\"read-more\" href=\"https:\/\/www.markus-schall.de\/it\/impronta\/\" aria-label=\"Per saperne di pi\u00f9 su Imprint\">Leggi tutto<\/a><\/p>","protected":false},"author":1,"featured_media":0,"parent":0,"menu_order":15,"comment_status":"closed","ping_status":"open","template":"","meta":{"iawp_total_views":245,"footnotes":""},"class_list":["post-2","page","type-page","status-publish"],"_links":{"self":[{"href":"https:\/\/www.markus-schall.de\/it\/wp-json\/wp\/v2\/pages\/2","targetHints":{"allow":["GET"]}}],"collection":[{"href":"https:\/\/www.markus-schall.de\/it\/wp-json\/wp\/v2\/pages"}],"about":[{"href":"https:\/\/www.markus-schall.de\/it\/wp-json\/wp\/v2\/types\/page"}],"author":[{"embeddable":true,"href":"https:\/\/www.markus-schall.de\/it\/wp-json\/wp\/v2\/users\/1"}],"replies":[{"embeddable":true,"href":"https:\/\/www.markus-schall.de\/it\/wp-json\/wp\/v2\/comments?post=2"}],"version-history":[{"count":15,"href":"https:\/\/www.markus-schall.de\/it\/wp-json\/wp\/v2\/pages\/2\/revisions"}],"predecessor-version":[{"id":5006,"href":"https:\/\/www.markus-schall.de\/it\/wp-json\/wp\/v2\/pages\/2\/revisions\/5006"}],"wp:attachment":[{"href":"https:\/\/www.markus-schall.de\/it\/wp-json\/wp\/v2\/media?parent=2"}],"curies":[{"name":"wp","href":"https:\/\/api.w.org\/{rel}","templated":true}]}}