{"id":2,"date":"2011-02-11T16:58:41","date_gmt":"2011-02-11T16:58:41","guid":{"rendered":"https:\/\/markus-schall.de\/?page_id=2"},"modified":"2026-05-09T18:31:35","modified_gmt":"2026-05-09T18:31:35","slug":"opdruk","status":"publish","type":"page","link":"https:\/\/www.markus-schall.de\/nl\/opdruk\/","title":{"rendered":"Afdruk"},"content":{"rendered":"<h3>Het tijdschrift <em>markus-schall.de<\/em> is uitgegeven door:<\/h3>\r\n<p>M. Schall uitgeverij<br \/>Hackenweg 97<br \/>26127 Oldenburg<br \/>Duitsland, Duitsland<\/p>\r\n<p>Eigenaar: Markus Schall<br \/>BTW-ID: DE280073464<\/p>\r\n<p>E-Mail:\u00a0<a href=\"mailto:in**@***********ag.de\" data-original-string=\"G\/B1aEmpfmWOvB+GNu\/DKg==680U6MSu2BUHnEnj1I+RwMSL\/X\/zxHAO1ZpibJToLKylL4=\" title=\"Dit contact is gecodeerd door Anti-Spam by CleanTalk. Klik om te decoderen. Om het decoderen te voltooien, moet JavaScript ingeschakeld zijn in je browser.\"><span \n                data-original-string='x+jM6FCsuRQNjnt8C+Eh8Q==680W\/g2GaqFqOJ+3LVrfTEKVEisqCsF6EpmgrUhaIKrI3g='\n                class='apbct-email-encoder'\n                title='Dit contact is gecodeerd door Anti-Spam by CleanTalk. Klik om te decoderen. Om het decoderen te voltooien, moet JavaScript ingeschakeld zijn in je browser.'>in<span class=\"apbct-blur\">**<\/span>@<span class=\"apbct-blur\">***********<\/span>ag.de<\/span><\/a><\/p>\r\n<p>Afbeeldingen (c) <strong><a href=\"https:\/\/pixabay.de\" target=\"_blank\" rel=\"noopener\">Pixabay<\/a><\/strong><\/p>\r\n<p><strong>Onafhankelijk<\/strong>De auteur en het tijdschrift zijn onpartijdig, alle inhoud wordt geproduceerd zonder overheids- of institutionele financiering.<\/p>\r\n<p>Deze website maakt gebruik van geautomatiseerde vertalingen (DeepL Pro). Er wordt geen garantie gegeven voor de juistheid en volledigheid van anderstalige inhoud. De originele Duitse versie is altijd gezaghebbend.<\/p>\r\n<hr \/>\r\n<div style=\"background: #ffffff; line-height: 1.6; font-size: 15px;\">\r\n<h3>Steun dit tijdschrift<\/h3>\r\nDit tijdschrift wordt onafhankelijk gemaakt, zonder paywall, reclamevrij en met het doel om digitale inhoud en journalistieke inhoud op lange termijn op te bouwen. Als u dit werk wilt steunen, kunt u dat hier vrijwillig doen.<\/div>\r\n<div>\u00a0<\/div>\r\n<div style=\"background: #ffffff; line-height: 1.6; font-size: 15px; text-align: left;\"><a style=\"display: inline-block; padding: 12px 22px; background: #1e73be; color: #fff; text-decoration: none; border-radius: 6px; font-weight: 400; transition: 0.2s ease;\" href=\"https:\/\/donate.stripe.com\/8x27sF4is28V4wH9K0e7m00\" target=\"_blank\" rel=\"noopener\">Tijdschrift voor ondersteuning <\/a><\/div>\r\n<hr \/>\r\n<h3>Privacybeleid - Enqu\u00eates en contactformulier<\/h3>\r\n<p><strong>Enqu\u00eates op deze website<\/strong>Op deze website worden af en toe anonieme enqu\u00eates gehouden. Deelname is vrijwillig en mogelijk zonder registratie. Er worden geen persoonlijke gegevens opgeslagen. Om meervoudige stemmen te voorkomen, kan een technische cookie worden ingesteld of kan het IP-adres in geanonimiseerde vorm worden verwerkt. Er worden geen gegevens doorgegeven aan derden.<\/p>\r\n<p><strong>Contactformulier voor vragen<\/strong>Als u contact met ons opneemt via het contactformulier, worden de gegevens die u invoert (bijv. naam, e-mailadres, bericht) verwerkt om uw vraag te behandelen. De verwerking wordt uitgevoerd in overeenstemming met Art. 6 para. 1 lit. b GDPR op basis van uw verzoek.<\/p>\r\n<p>Uw gegevens worden alleen gebruikt om uw vraag te beantwoorden en worden niet doorgegeven aan derden. De doorgegeven informatie wordt niet permanent opgeslagen, tenzij de vraag resulteert in een lopende contractuele of adviesrelatie.<\/p>\r\n<p><strong>Website analyse<\/strong>Er wordt alleen een lokaal analyseprogramma gebruikt dat geen persoonlijke gegevens opslaat. Google Analytics of andere cloud-gebaseerde analysesystemen worden niet gebruikt op deze website.<\/p>\r\n<h3>Aansprakelijkheid en garantie<\/h3>\r\n<p>Ondanks zorgvuldige inhoudelijke controle ben ik niet aansprakelijk voor de inhoud van externe links. Voor de inhoud van de gelinkte pagina's zijn uitsluitend de beheerders van die pagina's verantwoordelijk.<\/p>\r\n<p>Alle informatie op www.markus-schall.de en andere subdomeinen onder deze adressen wordt geleverd door Markus Schall zonder enige verklaring of garantie van welke aard dan ook, expliciet of impliciet.<\/p>\r\n<p>Ook alle impliciete garanties van verkoopbaarheid, geschiktheid voor een bepaald doel of het niet schenden van wetten en patenten zijn uitgesloten. Zelfs als ik ervan uitga dat de informatie die ik verstrek accuraat is, kan deze toch fouten of onnauwkeurigheden bevatten.<\/p>\r\n<p><strong>Copyright<\/strong><\/p>\r\n<p>Copyright 1998-2026 Markus Schall. Alle rechten voorbehouden.<\/p>\r\n<p>Alle teksten, afbeeldingen, grafieken, geluids-, video- en animatiebestanden en hun arrangementen vallen onder het auteursrecht en andere wetten ter bescherming van intellectueel eigendom. Ze mogen niet worden gekopieerd voor commerci\u00eble doeleinden of voor verspreiding, noch mogen ze worden gewijzigd en gebruikt op andere websites. Alle logo's zijn onderworpen aan de rechten van de respectieve fabrikanten\/eigenaars.<\/p>\r\n\r\n<p>&nbsp;<\/p>","protected":false},"excerpt":{"rendered":"<p>Das Magazin markus-schall.de wird ver\u00f6ffentlicht von: M. Schall VerlagHackenweg 9726127 OldenburgDeutschland, Germany Inhaber: Markus SchallUSt.-ID: DE280073464 E-Mail:\u00a0in**@***********ag.de Bildmaterial (c) Pixabay Unabh\u00e4ngig: Der Autor und das Magzin sind parteilos, alle Inhalte werden ohne staatliche oder institutionelle F\u00f6rderung erstellt. Diese Website verwendet automatisierte \u00dcbersetzungen (DeepL Pro). F\u00fcr die Richtigkeit und Vollst\u00e4ndigkeit fremdsprachiger Inhalte wird keine Gew\u00e4hr \u00fcbernommen. &#8230; <a title=\"Afdruk\" class=\"read-more\" href=\"https:\/\/www.markus-schall.de\/nl\/opdruk\/\" aria-label=\"Lees meer over Imprint\">Lees verder<\/a><\/p>","protected":false},"author":1,"featured_media":0,"parent":0,"menu_order":15,"comment_status":"closed","ping_status":"open","template":"","meta":{"iawp_total_views":255,"footnotes":""},"class_list":["post-2","page","type-page","status-publish"],"_links":{"self":[{"href":"https:\/\/www.markus-schall.de\/nl\/wp-json\/wp\/v2\/pages\/2","targetHints":{"allow":["GET"]}}],"collection":[{"href":"https:\/\/www.markus-schall.de\/nl\/wp-json\/wp\/v2\/pages"}],"about":[{"href":"https:\/\/www.markus-schall.de\/nl\/wp-json\/wp\/v2\/types\/page"}],"author":[{"embeddable":true,"href":"https:\/\/www.markus-schall.de\/nl\/wp-json\/wp\/v2\/users\/1"}],"replies":[{"embeddable":true,"href":"https:\/\/www.markus-schall.de\/nl\/wp-json\/wp\/v2\/comments?post=2"}],"version-history":[{"count":20,"href":"https:\/\/www.markus-schall.de\/nl\/wp-json\/wp\/v2\/pages\/2\/revisions"}],"predecessor-version":[{"id":6021,"href":"https:\/\/www.markus-schall.de\/nl\/wp-json\/wp\/v2\/pages\/2\/revisions\/6021"}],"wp:attachment":[{"href":"https:\/\/www.markus-schall.de\/nl\/wp-json\/wp\/v2\/media?parent=2"}],"curies":[{"name":"wp","href":"https:\/\/api.w.org\/{rel}","templated":true}]}}