{"id":3822,"date":"2025-12-04T07:05:20","date_gmt":"2025-12-04T07:05:20","guid":{"rendered":"https:\/\/www.markus-schall.de\/?page_id=3822"},"modified":"2026-04-22T15:10:08","modified_gmt":"2026-04-22T15:10:08","slug":"wklad-gosci","status":"publish","type":"page","link":"https:\/\/www.markus-schall.de\/pl\/wklad-gosci\/","title":{"rendered":"Publikacja artyku\u0142u go\u015bcinnego"},"content":{"rendered":"<p><img loading=\"lazy\" decoding=\"async\" class=\"alignnone wp-image-3823 size-large\" src=\"https:\/\/www.markus-schall.de\/wp-content\/uploads\/magazin-gastbeitraege.jpg\" alt=\"Artyku\u0142y go\u015bcinne w magazynie\" width=\"1024\" height=\"683\" srcset=\"https:\/\/www.markus-schall.de\/wp-content\/uploads\/magazin-gastbeitraege.jpg 1024w, https:\/\/www.markus-schall.de\/wp-content\/uploads\/magazin-gastbeitraege-300x200.jpg 300w, https:\/\/www.markus-schall.de\/wp-content\/uploads\/magazin-gastbeitraege-768x512.jpg 768w, https:\/\/www.markus-schall.de\/wp-content\/uploads\/magazin-gastbeitraege-18x12.jpg 18w\" sizes=\"auto, (max-width: 1024px) 100vw, 1024px\" \/><\/p>\n<h2>Artyku\u0142y go\u015bcinne w czasopi\u015bmie M. Schall Verlag<\/h2>\n<p><strong>Zasi\u0119g, tre\u015b\u0107 i widoczno\u015b\u0107 - w dziesi\u0119ciu j\u0119zykach<\/strong><\/p>\n<p>Na tej stronie mo\u017cesz poprosi\u0107 o artyku\u0142y go\u015bcinne do internetowego magazynu Markus Schall. Magazyn jest skierowany do rosn\u0105cej grupy czytelnik\u00f3w, kt\u00f3rzy ceni\u0105 sobie tre\u015b\u0107, przejrzysto\u015b\u0107 i d\u0142ugoterminowe znaczenie - a nie kr\u00f3tkoterminowe liczby klikni\u0119\u0107. Artyku\u0142y go\u015bcinne s\u0105 zatem celowo wybierane, starannie analizowane przez redaktor\u00f3w, a nast\u0119pnie publikowane w dziesi\u0119ciu j\u0119zykach.<\/p>\n<p>Je\u015bli masz temat, kt\u00f3ry naprawd\u0119 ma co\u015b do powiedzenia - profesjonalny, ludzki lub przedsi\u0119biorczy - artyku\u0142 go\u015bcinny w magazynie mo\u017ce by\u0107 trwa\u0142ym elementem budowania Twojej widoczno\u015bci.<\/p>\n<h3>Co sprawia, \u017ce artyku\u0142 go\u015bcinny w tym magazynie jest wyj\u0105tkowy?<\/h3>\n<p>Artyku\u0142 go\u015bcinny to co\u015b wi\u0119cej ni\u017c tylko \u201eartyku\u0142 z linkiem\u201c. Wpisuje si\u0119 w og\u00f3ln\u0105 koncepcj\u0119, kt\u00f3ra koncentruje si\u0119 na d\u0142ugoterminowej czytelno\u015bci, jasnej kategoryzacji i pe\u0142nym szacunku j\u0119zyku. Artyku\u0142 go\u015bcinny w tym magazynie:<\/p>\n<ul>\n<li>jest profesjonalnie sprawdzana i edytowana,<\/li>\n<li>pojawia si\u0119 jednocze\u015bnie w dziesi\u0119ciu j\u0119zykach na domenie, kt\u00f3ra jest online od 1998 roku,<\/li>\n<li>jest t\u0142umaczony w najwy\u017cszej jako\u015bci t\u0142umaczenia maszynowego za pomoc\u0105 DeepL Pro,<\/li>\n<li>jest osadzony w tre\u015bci w taki spos\u00f3b, \u017ce mo\u017cna go znale\u017a\u0107 i przeczyta\u0107 w d\u0142u\u017cszej perspektywie.<\/li>\n<\/ul>\n<p>Zamiast szybko zmieniaj\u0105cych si\u0119 kampanii, chodzi o tre\u015bci, kt\u00f3re b\u0119d\u0105 nadal istotne za kilka lat - dla czytelnik\u00f3w i dla pozycjonowania.<\/p>\n<h2>Niemiecki + dziesi\u0119\u0107 j\u0119zyk\u00f3w - jedna my\u015bl: prawdziwie europejski zasi\u0119g<\/h2>\n<p>Wiele rynk\u00f3w nie jest ju\u017c ograniczonych do danego kraju. Je\u015bli chcesz, aby Tw\u00f3j temat by\u0142 traktowany powa\u017cnie, powiniene\u015b by\u0107 widoczny r\u00f3wnie\u017c poza granicami swojego kraju. Dlatego wszystkie artyku\u0142y go\u015bcinne s\u0105 standardowo publikowane w dziesi\u0119ciu innych j\u0119zykach:<\/p>\n<ul>\n<li><em>Niemiecki (j\u0119zyk ojczysty)<\/em><\/li>\n<li>Angielski<\/li>\n<li>Francuski<\/li>\n<li>W\u0142oski<\/li>\n<li>Hiszpa\u0144ski<\/li>\n<li>Holenderski<\/li>\n<li>Portugalski<\/li>\n<li>Polski<\/li>\n<li>Czechy<\/li>\n<li>Rosyjski<\/li>\n<li>Turecki<\/li>\n<\/ul>\n<p>T\u0142umaczenia s\u0105 wykonywane przy u\u017cyciu DeepL Pro - jednej z najpot\u0119\u017cniejszych dost\u0119pnych obecnie technologii t\u0142umaczenia maszynowego. T\u0142umaczenia s\u0105 znacznie dok\u0142adniejsze ni\u017c w przypadku darmowych translator\u00f3w online i idealnie nadaj\u0105 si\u0119 jako podstawa profesjonalnej wieloj\u0119zyczno\u015bci. Tam, gdzie to konieczne, sformu\u0142owania s\u0105 r\u00f3wnie\u017c dostosowywane redakcyjnie, aby tekst wygl\u0105da\u0142 sp\u00f3jnie w ka\u017cdym j\u0119zyku.<\/p>\n<h3>Do czego nadaje si\u0119 artyku\u0142 go\u015bcinny?<\/h3>\n<p>Wpis go\u015bcinny jest idealny, je\u015bli<\/p>\n<ul>\n<li>chcesz zaprezentowa\u0107 swoj\u0105 firm\u0119, us\u0142ug\u0119 lub pomys\u0142 na produkt w odpowiednim \u015brodowisku,<\/li>\n<li>chc\u0105 wyja\u015bni\u0107 specjalistyczny temat w zrozumia\u0142y i dobrze uzasadniony spos\u00f3b,<\/li>\n<li>chc\u0105 przedstawi\u0107 sw\u00f3j punkt widzenia na kwestie spo\u0142eczne, zdrowotne lub techniczne,<\/li>\n<li>jako konsultant, lekarz, terapeuta, programista, przedsi\u0119biorca lub autor chcesz, aby Twoja wiedza by\u0142a widoczna w d\u0142u\u017cszej perspektywie.<\/li>\n<\/ul>\n<p>Wa\u017cne jest, aby artyku\u0142 pasowa\u0142 do \u015brodowiska tematycznego magazynu (zdrowie, sztuczna inteligencja, cyfryzacja, spo\u0142ecze\u0144stwo, Europa, ERP\/FileMaker, tematy zwi\u0105zane z przedsi\u0119biorczo\u015bci\u0105) i przede wszystkim oferowa\u0142 warto\u015b\u0107 dodan\u0105 pod wzgl\u0119dem tre\u015bci - reklama ma miejsce w tek\u015bcie tylko wtedy, gdy jest organiczn\u0105 cz\u0119\u015bci\u0105 Twojej historii.<\/p>\n<h2>Trzy modele wk\u0142adu go\u015bci<\/h2>\n<p>Dost\u0119pne s\u0105 trzy formy wk\u0142adu go\u015bcinnego, aby zaspokoi\u0107 r\u00f3\u017cne potrzeby. Konkretna forma, d\u0142ugo\u015b\u0107, g\u0142\u0119boko\u015b\u0107 i cena zostan\u0105 wyja\u015bnione indywidualnie w dialogu. Ta strona celowo nie okre\u015bla \u017cadnych kwot - decyduj\u0105cym czynnikiem jest zgodno\u015b\u0107 tre\u015bci, zakresu i celu wk\u0142adu.<\/p>\n<ol>\n<li><strong>1. post go\u015bcinny z oznaczeniem i linkiem no-follow<\/strong>Tw\u00f3j post b\u0119dzie wyra\u017anie oznaczony jako post go\u015bcinny. Umieszczony zostanie jeden lub wi\u0119cej link\u00f3w no-follow do Twojej witryny, firmy lub oferty. Idealny, je\u015bli chcesz przede wszystkim budowa\u0107 reputacj\u0119, widoczno\u015b\u0107 i wiarygodno\u015b\u0107 w kontek\u015bcie tre\u015bci bez skupiania si\u0119 na optymalizacji pod k\u0105tem wyszukiwarek. Ten model jest szczeg\u00f3lnie odpowiedni dla instytucji, organizacji, konsultant\u00f3w lub ekspert\u00f3w, kt\u00f3rzy chc\u0105 przede wszystkim uwidoczni\u0107 swoj\u0105 pozycj\u0119 i wiedz\u0119.<\/li>\n<li><strong>2. post go\u015bcinny z oznaczeniem i linkiem do-follow<\/strong>Tw\u00f3j post b\u0119dzie wyra\u017anie oznaczony jako post go\u015bcinny. Co najmniej jeden link do-follow odnosi si\u0119 do Twojej witryny lub odpowiedniej strony docelowej. Tre\u015b\u0107 pozostaje wysokiej jako\u015bci i redakcyjnie osadzona - nie jest to sztuczny artyku\u0142 SEO, ale czysty, dobrze uzasadniony artyku\u0142, w kt\u00f3rym link do-follow jest zakotwiczony w znacz\u0105cy spos\u00f3b. Model ten jest interesuj\u0105cy dla firm, kt\u00f3re chc\u0105 wykorzysta\u0107 efekty SEO i silniejszy efekt sygna\u0142u dla wyszukiwarek opr\u00f3cz efektu tre\u015bci artyku\u0142u.<\/li>\n<li><strong>3. wk\u0142ad nadzorowany przez redakcj\u0119 (model premium)<\/strong>Temat zostanie opracowany w \u015bcis\u0142ej konsultacji. Tre\u015b\u0107 artyku\u0142u zostanie ustrukturyzowana i, w razie potrzeby, pog\u0142\u0119biona poprzez dodatkowe badania i stylistycznie dostosowana do typowego tonu magazynu. W zale\u017cno\u015bci od umowy, linki do-follow mog\u0105 zosta\u0107 zintegrowane, je\u015bli maj\u0105 sens pod wzgl\u0119dem tre\u015bci. Nacisk k\u0142adziony jest tutaj na wysokiej jako\u015bci przygotowanie redakcyjne, kt\u00f3re nadaje tematowi g\u0142\u0119bi\u0119, przejrzysto\u015b\u0107 i d\u0142ugoterminowe znaczenie. Ten model jest szczeg\u00f3lnie odpowiedni w przypadku z\u0142o\u017conych temat\u00f3w, nowych produkt\u00f3w wymagaj\u0105cych wyja\u015bnienia lub tre\u015bci, kt\u00f3re powinny strategicznie s\u0142u\u017cy\u0107 jako artyku\u0142 referencyjny - na przyk\u0142ad do p\u00f3\u017aniejszego wykorzystania lub jako podstawa do dalszych publikacji.<\/li>\n<\/ol>\n<h3>Co odr\u00f3\u017cnia posty go\u015bcinne od klasycznych \u201epost\u00f3w sponsorowanych\u201c?<\/h3>\n<p>Wiele \u201epost\u00f3w sponsorowanych\u201c w sieci jest wymiennych: og\u00f3lny tekst, ma\u0142o tre\u015bci, krzykliwe reklamy, prawie \u017cadne odniesienie do wyra\u017anego ukierunkowania tematycznego. Ten magazyn przyjmuje inne podej\u015bcie:<\/p>\n<ul>\n<li>Tre\u015b\u0107 jest wa\u017cniejsza ni\u017c reklama.<\/li>\n<li>Artyku\u0142 musi by\u0107 warto\u015bciowy dla czytelnika nawet bez zainteresowania jego ofert\u0105.<\/li>\n<li>Brak masowego SEO.<\/li>\n<li>Nie s\u0105 publikowane niedbale przygotowane pakiety artyku\u0142\u00f3w, ale wybrane, dobrze zorganizowane indywidualne wypowiedzi.<\/li>\n<li>Orientacja d\u0142ugoterminowa.<\/li>\n<\/ul>\n<p>Celem nie jest kr\u00f3tkoterminowa presja, ale d\u0142ugoterminowa wyszukiwalno\u015b\u0107 i trafno\u015b\u0107. Tworzy to sytuacj\u0119 korzystn\u0105 dla obu stron: czytelnik otrzymuje prawdziw\u0105 tre\u015b\u0107, a Ty zyskujesz widoczno\u015b\u0107 w \u015brodowisku, kt\u00f3re niesie Tw\u00f3j przekaz.<\/p>\n<table class=\"gastbeitraege-vergleich\" style=\"width: 100%; border-collapse: collapse;\">\n<thead style=\"background-color: #f2f2f2;\">\n<tr>\n<th style=\"border: 1px solid #ccc; padding: 10px;\">Model<\/th>\n<th style=\"border: 1px solid #ccc; padding: 10px;\">Zalety<\/th>\n<th style=\"border: 1px solid #ccc; padding: 10px;\">Uwagi i ograniczenia<\/th>\n<\/tr>\n<\/thead>\n<tbody>\n<tr>\n<td style=\"border: 1px solid #ccc; padding: 10px;\"><strong>Wpis go\u015bcinny z oznaczeniem i linkiem no-follow<\/strong><\/td>\n<td style=\"border: 1px solid #ccc; padding: 10px;\">- Wyra\u017ane oznaczanie post\u00f3w go\u015bci<br \/>\n- Widoczno\u015b\u0107 w wysokiej jako\u015bci magazynie<br \/>\n- Publikacja w dziesi\u0119ciu j\u0119zykach (DeepL Pro)<br \/>\n- Idealny dla reputacji i zwi\u0119kszania \u015bwiadomo\u015bci<\/td>\n<td style=\"border: 1px solid #ccc; padding: 10px;\">- Brak warto\u015bci SEO link\u00f3w (No-Follow)<br \/>\n- Tre\u015b\u0107 musi by\u0107 ca\u0142kowicie powa\u017cna<br \/>\n- Brak link\u00f3w partnerskich, brak podejrzanych bran\u017c<\/td>\n<\/tr>\n<tr>\n<td style=\"border: 1px solid #ccc; padding: 10px;\"><strong>Wpis go\u015bcinny z oznaczeniem i linkiem do-follow<\/strong><\/td>\n<td style=\"border: 1px solid #ccc; padding: 10px;\">- Wszystkie zalety modelu no-follow<br \/>\n- Dodatkowo skuteczny pod wzgl\u0119dem SEO link do-follow<br \/>\n- Dobry wyb\u00f3r dla firm, kt\u00f3re chc\u0105 wykorzysta\u0107 sygna\u0142y z wyszukiwarek<\/td>\n<td style=\"border: 1px solid #ccc; padding: 10px;\">- Link mo\u017ce wskazywa\u0107 tylko na prawdziw\u0105, renomowan\u0105 stron\u0119 internetow\u0105.<br \/>\n- Niedozwolone s\u0105 linki partnerskie lub \u015bledz\u0105ce<br \/>\n- Tematy takie jak kasyno, erotyka, w\u0105tpliwe modele finansowe wykluczone<\/td>\n<\/tr>\n<tr>\n<td style=\"border: 1px solid #ccc; padding: 10px;\"><strong>Wk\u0142ad nadzorowany przez redakcj\u0119 (Premium)<\/strong><\/td>\n<td style=\"border: 1px solid #ccc; padding: 10px;\">- Struktura i tekst s\u0105 profesjonalnie przygotowane<br \/>\n- Wysoka jako\u015b\u0107 redakcyjna i dostosowanie stylistyczne<br \/>\n- Publikacja w dziesi\u0119ciu j\u0119zykach, w tym dostrajanie<br \/>\n- Idealny do z\u0142o\u017conych temat\u00f3w lub pozycjonowania strategicznego<\/td>\n<td style=\"border: 1px solid #ccc; padding: 10px;\">- Wymaga wi\u0119cej czasu na koordynacj\u0119 i przetwarzanie<br \/>\n- R\u00f3wnie\u017c tutaj: bez link\u00f3w afiliacyjnych, bez hazardu\/erotyki<br \/>\n- Tre\u015bci musz\u0105 oferowa\u0107 rzeczywist\u0105 warto\u015b\u0107 dodan\u0105, a nie p\u0142ask\u0105 reklam\u0119<\/td>\n<\/tr>\n<\/tbody>\n<\/table>\n<h2>Jak dzia\u0142a wsp\u00f3\u0142praca?<\/h2>\n<p>Typowa procedura wygl\u0105da nast\u0119puj\u0105co:<\/p>\n<ul>\n<li><a href=\"https:\/\/www.markus-schall.de\/pl\/kontakt\/\"><strong>Zapytanie przez formularz<\/strong><\/a>Prze\u015blij nam swoje kluczowe dane za po\u015brednictwem formularza kontaktowego: Temat, grup\u0119 docelow\u0105, po\u017c\u0105dany model (no-follow, do-follow lub redakcyjny) oraz kr\u00f3tki opis swojej pro\u015bby.<\/li>\n<li><strong>Testowanie i informacje zwrotne<\/strong>Twoja sugestia zostanie przeanalizowana: Czy temat pasuje do magazynu? Kt\u00f3ry model jest najbardziej odpowiedni? Jak mog\u0142aby wygl\u0105da\u0107 struktura artyku\u0142u? Otrzymasz informacj\u0119 zwrotn\u0105 z ocen\u0105 i sugesti\u0105 dotycz\u0105c\u0105 kolejnych krok\u00f3w.<\/li>\n<li><strong>Koordynacja tre\u015bci<\/strong>Dostarczasz szkic tekstu - lub, w przypadku wsparcia redakcyjnego, kluczowe punkty i materia\u0142y (np. PDF, prezentacj\u0119, istniej\u0105ce teksty). Na tej podstawie artyku\u0142 zostanie przygotowany lub zoptymalizowany.<\/li>\n<li><strong>Edycja, zatwierdzanie, t\u0142umaczenie<\/strong>Artyku\u0142 jest poprawiany pod wzgl\u0119dem j\u0119zykowym, strukturyzowany i wysy\u0142any do zatwierdzenia. Po zatwierdzeniu tekst jest t\u0142umaczony na inne j\u0119zyki za pomoc\u0105 DeepL Pro i osadzany redakcyjnie.<\/li>\n<li><strong>Publikacja w magazynie<\/strong>Tw\u00f3j artyku\u0142 pojawi si\u0119 w magazynie i w odpowiednich wersjach j\u0119zykowych strony; linki i oznaczenia zostan\u0105 ustawione zgodnie z ustaleniami.<\/li>\n<\/ul>\n<h3>Co powinien zawiera\u0107 dobry wpis go\u015bcinny?<\/h3>\n<p>Aby odda\u0107 sprawiedliwo\u015b\u0107 czytelnikom, Tw\u00f3j wk\u0142ad powinien:<\/p>\n<ul>\n<li>mie\u0107 wyra\u017anie rozpoznawalny temat o praktycznym znaczeniu,<\/li>\n<li>Unikaj przesady i zamiast tego skup si\u0119 na obiektywizmie i jasno\u015bci,<\/li>\n<li>pokaza\u0107 rzeczywiste do\u015bwiadczenia, studia przypadk\u00f3w lub konkretne aspekty korzy\u015bci,<\/li>\n<li>stylistycznie pasuj\u0105 do spokojnego, pe\u0142nego szacunku tonu magazynu.<\/li>\n<\/ul>\n<p>Reklama jest dozwolona - ale osadzona w historii, przyk\u0142adzie, jasnym argumencie. Czytelnicy powinni mie\u0107 wra\u017cenie: Ten tekst mi pomo\u017ce, nawet je\u015bli nie skorzystam dzi\u015b z konkretnej oferty.<\/p>\n<h3>Popro\u015b o artyku\u0142 go\u015bcinny ju\u017c teraz<\/h3>\n<p>Je\u015bli chcesz opublikowa\u0107 artyku\u0142 go\u015bcinny w magazynie Markus Schall, skorzystaj z poni\u017cszego formularza <a href=\"https:\/\/www.markus-schall.de\/pl\/kontakt\/\"><strong>Formularz kontaktowy<\/strong><\/a> na tej stronie. Opisz w kilku zdaniach:<\/p>\n<ul>\n<li>Tw\u00f3j temat<\/li>\n<li>Grupa docelowa<\/li>\n<li>Preferowany model (no-follow, do-follow lub zarz\u0105dzany redakcyjnie)<\/li>\n<\/ul>\n<p>Nast\u0119pnie otrzymasz spersonalizowan\u0105 informacj\u0119 zwrotn\u0105 z propozycj\u0105 kolejnych krok\u00f3w i indywidualnym stanem zdrowia.<\/p>\n<h3>Od pierwszego komputera do w\u0142asnej platformy - jak rozwin\u0119\u0142a si\u0119 ta domena<\/h3>\n<p><a href=\"https:\/\/www.markus-schall.de\/pl\/2026\/03\/od-commodore-c16-do-wordpress-podroz-przez-wczesne-lata-internetu\/\"><img loading=\"lazy\" decoding=\"async\" class=\"alignright wp-image-5191 size-medium\" src=\"https:\/\/www.markus-schall.de\/wp-content\/uploads\/Vom-Modem-zum-Internet-300x200.jpg\" alt=\"Od modemu do Internetu i magazynu\" width=\"300\" height=\"200\" srcset=\"https:\/\/www.markus-schall.de\/wp-content\/uploads\/Vom-Modem-zum-Internet-300x200.jpg 300w, https:\/\/www.markus-schall.de\/wp-content\/uploads\/Vom-Modem-zum-Internet-768x512.jpg 768w, https:\/\/www.markus-schall.de\/wp-content\/uploads\/Vom-Modem-zum-Internet-18x12.jpg 18w, https:\/\/www.markus-schall.de\/wp-content\/uploads\/Vom-Modem-zum-Internet.jpg 1024w\" sizes=\"auto, (max-width: 300px) 100vw, 300px\" \/><\/a>Platforma ta nie powsta\u0142a z dnia na dzie\u0144. Stoi za ni\u0105 rozw\u00f3j, kt\u00f3ry si\u0119ga wczesnych lat Internetu - od Commodore C16 do pierwszych system\u00f3w skrzynek pocztowych i prostych stron HTML <a href=\"https:\/\/www.markus-schall.de\/pl\/2026\/03\/od-commodore-c16-do-wordpress-podroz-przez-wczesne-lata-internetu\/\"><strong>poprzez stabiln\u0105 struktur\u0119 WordPress<\/strong><\/a>, kt\u00f3ry ewoluowa\u0142 przez wiele lat. To, co dzi\u015b wygl\u0105da jak nowoczesny magazyn online, jest w rzeczywisto\u015bci wynikiem ponad trzech dekad ci\u0105g\u0142ej pracy, dostosowywania i decyzji technicznych.<\/p>\n<p>W\u0142a\u015bnie dlatego posty go\u015bcinne tutaj s\u0105 czym\u015b wi\u0119cej ni\u017c tylko kr\u00f3tkoterminow\u0105 widoczno\u015bci\u0105. Pojawiaj\u0105 si\u0119 w \u015brodowisku, kt\u00f3re wyros\u0142o - nie kupione razem, nie sztucznie napompowane. Ci, kt\u00f3rzy publikuj\u0105 tutaj, staj\u0105 si\u0119 cz\u0119\u015bci\u0105 struktury, kt\u00f3ra jest zaprojektowana na d\u0142u\u017csz\u0105 met\u0119 i buduje zasi\u0119g organicznie. Je\u015bli jeste\u015b zainteresowany szczeg\u00f3\u0142ami, jak dosz\u0142o do tego rozwoju, mo\u017cesz znale\u017a\u0107 artyku\u0142 na temat historii tej domeny tutaj - od pierwszych linii kodu do dzisiejszego magazynu.<\/p>\n<hr \/>\n<h2>Cz\u0119sto zadawane pytania<\/h2>\n<ol>\n<li><strong>Dla kogo najlepiej nadaj\u0105 si\u0119 artyku\u0142y go\u015bcinne w magazynie?<\/strong><br \/>\nArtyku\u0142y go\u015bcinne s\u0105 idealne dla przedsi\u0119biorc\u00f3w, autor\u00f3w specjalistycznych, konsultant\u00f3w, lekarzy, deweloper\u00f3w i ka\u017cdego, kto chce by\u0107 widoczny z istotnym tematem. Kluczowe jest, aby artyku\u0142 oferowa\u0142 rzeczywist\u0105 warto\u015b\u0107 dodan\u0105, ni\u00f3s\u0142 jasne przes\u0142anie i wpisywa\u0142 si\u0119 w ramy tematyczne magazynu. Czytelnicy szukaj\u0105 tutaj orientacji, a nie powierzchownego tekstu reklamowego.<\/li>\n<li><strong>Kt\u00f3re tematy s\u0105 og\u00f3lnie odpowiednie?<\/strong><br \/>\nOdpowiednie tematy obejmuj\u0105 zdrowie, sztuczn\u0105 inteligencj\u0119, cyfryzacj\u0119, ERP\/FileMaker, Europ\u0119, spo\u0142ecze\u0144stwo, biznes lub obszary rozwoju osobistego. Wa\u017cne jest, aby tekst mia\u0142 g\u0142\u0119bi\u0119 tre\u015bci i by\u0142 napisany spokojnym, rzeczowym tonem. Artyku\u0142 musi organicznie pasowa\u0107 do linii tematycznej magazynu.<\/li>\n<li><strong>Kt\u00f3re tematy lub tre\u015bci s\u0105 wyra\u017anie wy\u0142\u0105czone?<\/strong><br \/>\nPosty go\u015bcinne dotycz\u0105ce hazardu, kasyn, erotyki, w\u0105tpliwych modeli finansowych, oszustw lub innych w\u0105tpliwych bran\u017c s\u0105 niedozwolone. Wykluczone s\u0105 r\u00f3wnie\u017c wpisy, kt\u00f3re maj\u0105 na celu jedynie umieszczenie link\u00f3w partnerskich lub s\u0142u\u017c\u0105 przede wszystkim szybkiemu zwi\u0119kszeniu ruchu. Magazyn powinien pozosta\u0107 wiarygodnym miejscem dla powa\u017cnych tre\u015bci.<\/li>\n<li><strong>Czy mog\u0119 u\u017cy\u0107 link\u00f3w afiliacyjnych w moim wpisie go\u015bcinnym?<\/strong><br \/>\nNie. Linki partnerskie, linki \u015bledz\u0105ce i podobne konstrukcje s\u0105 niedozwolone. Dozwolone s\u0105 tylko prawdziwe, uczciwe linki do stron internetowych, kt\u00f3re odsy\u0142aj\u0105 do renomowanych stron docelowych. Linki powinny s\u0142u\u017cy\u0107 czytelnikowi, a nie modelowi prowizyjnemu. Dzi\u0119ki temu magazyn pozostaje rzetelny i wiarygodny.<\/li>\n<li><strong>Jakich rodzaj\u00f3w link\u00f3w mog\u0119 u\u017cy\u0107 w po\u015bcie go\u015bcinnym?<\/strong><br \/>\nIstniej\u0105 dwa warianty: Posty go\u015bcinne z linkiem no-follow i posty go\u015bcinne z linkiem do-follow. To, kt\u00f3ry wariant ma sens, zale\u017cy od celu wpisu: reputacji, widoczno\u015bci, efektu sygnalizacyjnego SEO lub kombinacji kilku czynnik\u00f3w. W przypadku wsparcia redakcyjnego wsp\u00f3lnie decydujemy, w jaki spos\u00f3b najlepiej wykorzysta\u0107 link.<\/li>\n<li><strong>Jak dzia\u0142a publikacja w dziesi\u0119ciu j\u0119zykach?<\/strong><br \/>\nPo zatwierdzeniu oryginalnego tekstu w j\u0119zyku niemieckim, artyku\u0142 jest t\u0142umaczony na dziewi\u0119\u0107 innych j\u0119zyk\u00f3w za pomoc\u0105 DeepL Pro. T\u0142umaczenia s\u0105 nast\u0119pnie sprawdzane przez redaktor\u00f3w, wyg\u0142adzane i dostosowywane stylistycznie do odpowiedniej wersji j\u0119zykowej magazynu. Rezultatem jest europejski zasi\u0119g, kt\u00f3ry wykracza daleko poza granice kraju.<\/li>\n<li><strong>Kto sprawdza jako\u015b\u0107 wk\u0142adu go\u015bci?<\/strong><br \/>\nKa\u017cdy wk\u0142ad jest sprawdzany osobi\u015bcie. Celem jest stworzenie tekstu, kt\u00f3ry jest zar\u00f3wno stylistycznie odpowiedni dla magazynu, jak i technicznie przekonuj\u0105cy. Powa\u017cne odchylenia stylistyczne s\u0105 korygowane przez redakcj\u0119. W przypadku bardziej z\u0142o\u017conych temat\u00f3w zalecamy model premium, w kt\u00f3rym struktura, j\u0119zyk i kategoryzacja s\u0105 \u015bci\u015ble monitorowane.<\/li>\n<li><strong>Jakie wymagania musi spe\u0142nia\u0107 m\u00f3j tekst?<\/strong><br \/>\nArtyku\u0142 powinien by\u0107 jasno skonstruowany, mie\u0107 zrozumia\u0142\u0105 korzy\u015b\u0107, nie u\u017cywa\u0107 sensacyjnych sformu\u0142owa\u0144, pozosta\u0107 rzeczowy i pe\u0142en szacunku, zawiera\u0107 weryfikowalne stwierdzenia lub przedstawia\u0107 osobiste do\u015bwiadczenia w przejrzysty spos\u00f3b. Reklama mo\u017ce si\u0119 pojawi\u0107, ale tylko osadzona w solidnej argumentacji.<\/li>\n<li><strong>Czy mog\u0119 doda\u0107 zdj\u0119cia lub grafiki?<\/strong><br \/>\nTak, o ile prawa do korzystania z nich zosta\u0142y jasno wyja\u015bnione. Obrazy powinny wygl\u0105da\u0107 powa\u017cnie i pasowa\u0107 do stylu magazynu. Nie u\u017cywamy grafik sensacyjnych ani reklamowych. W razie potrzeby magazyn mo\u017ce r\u00f3wnie\u017c doda\u0107 lub dostosowa\u0107 w\u0142asn\u0105 grafik\u0119.<\/li>\n<li><strong>Jak d\u0142ugo trwa od pierwszego kontaktu do publikacji?<\/strong><br \/>\nTo zale\u017cy od modelu. Sfinalizowany artyku\u0142 go\u015bcinny mo\u017cna zazwyczaj sprawdzi\u0107, dopracowa\u0107 i opublikowa\u0107 w ci\u0105gu kilku dni. Wk\u0142ady redakcyjne wymagaj\u0105 nieco wi\u0119cej czasu, poniewa\u017c struktura, j\u0119zyk i koordynacja s\u0105 starannie opracowywane. T\u0142umaczenia s\u0105 realizowane natychmiast po zatwierdzeniu.<\/li>\n<li><strong>Czy post go\u015bcinny mo\u017cna p\u00f3\u017aniej zaktualizowa\u0107 lub rozszerzy\u0107?<\/strong><br \/>\nTak, je\u015bli tre\u015b\u0107 ewoluuje lub dodawane s\u0105 nowe aspekty, artyku\u0142 mo\u017ce zosta\u0107 zaktualizowany po konsultacji. Jest to szczeg\u00f3lnie przydatne w przypadku temat\u00f3w technicznych lub zwi\u0105zanych ze zdrowiem, aby zapewni\u0107 d\u0142ugoterminow\u0105 przydatno\u015b\u0107 i aktualno\u015b\u0107 wieloj\u0119zyczno\u015bci.<\/li>\n<li><strong>Jak przes\u0142a\u0107 pro\u015bb\u0119 o artyku\u0142 go\u015bcinny?<\/strong><br \/>\nMo\u017cesz skorzysta\u0107 z formularza kontaktowego na tej stronie, aby kr\u00f3tko przedstawi\u0107 sw\u00f3j temat, cel i po\u017c\u0105dany model (no-follow, do-follow lub zarz\u0105dzany redakcyjnie). Nast\u0119pnie otrzymasz spersonalizowan\u0105 informacj\u0119 zwrotn\u0105 z ocen\u0105, procesem i warunkami. Dopiero wtedy zostanie podj\u0119ta wi\u0105\u017c\u0105ca decyzja, czy wsp\u00f3\u0142praca ma sens.<\/li>\n<\/ol>","protected":false},"excerpt":{"rendered":"<p>Artyku\u0142y go\u015bcinne w czasopi\u015bmie M. Schall Verlag Zasi\u0119g, tre\u015b\u0107 i widoczno\u015b\u0107 - w dziesi\u0119ciu j\u0119zykach Na tej stronie mo\u017cesz poprosi\u0107 o artyku\u0142y go\u015bcinne do czasopisma online Markus Schall. Magazyn jest skierowany do rosn\u0105cej grupy czytelnik\u00f3w, kt\u00f3rzy ceni\u0105 sobie tre\u015b\u0107, przejrzysto\u015b\u0107 i d\u0142ugoterminowe znaczenie - a nie kr\u00f3tkoterminowe klikni\u0119cia. Komentarze go\u015bci s\u0105 zatem ... <a title=\"Publikacja artyku\u0142u go\u015bcinnego\" class=\"read-more\" href=\"https:\/\/www.markus-schall.de\/pl\/wklad-gosci\/\" aria-label=\"Dowiedz si\u0119 wi\u0119cej o Publikowanie wpis\u00f3w go\u015bcinnych\">Dowiedz si\u0119 wi\u0119cej<\/a><\/p>","protected":false},"author":1,"featured_media":0,"parent":0,"menu_order":0,"comment_status":"closed","ping_status":"closed","template":"","meta":{"iawp_total_views":130,"footnotes":""},"class_list":["post-3822","page","type-page","status-publish"],"_links":{"self":[{"href":"https:\/\/www.markus-schall.de\/pl\/wp-json\/wp\/v2\/pages\/3822","targetHints":{"allow":["GET"]}}],"collection":[{"href":"https:\/\/www.markus-schall.de\/pl\/wp-json\/wp\/v2\/pages"}],"about":[{"href":"https:\/\/www.markus-schall.de\/pl\/wp-json\/wp\/v2\/types\/page"}],"author":[{"embeddable":true,"href":"https:\/\/www.markus-schall.de\/pl\/wp-json\/wp\/v2\/users\/1"}],"replies":[{"embeddable":true,"href":"https:\/\/www.markus-schall.de\/pl\/wp-json\/wp\/v2\/comments?post=3822"}],"version-history":[{"count":11,"href":"https:\/\/www.markus-schall.de\/pl\/wp-json\/wp\/v2\/pages\/3822\/revisions"}],"predecessor-version":[{"id":5811,"href":"https:\/\/www.markus-schall.de\/pl\/wp-json\/wp\/v2\/pages\/3822\/revisions\/5811"}],"wp:attachment":[{"href":"https:\/\/www.markus-schall.de\/pl\/wp-json\/wp\/v2\/media?parent=3822"}],"curies":[{"name":"wp","href":"https:\/\/api.w.org\/{rel}","templated":true}]}}