{"id":179,"date":"2011-02-14T19:24:14","date_gmt":"2011-02-14T19:24:14","guid":{"rendered":"https:\/\/markus-schall.de\/"},"modified":"2026-03-24T13:43:45","modified_gmt":"2026-03-24T13:43:45","slug":"sobre-mim","status":"publish","type":"page","link":"https:\/\/www.markus-schall.de\/pt\/sobre-mim\/","title":{"rendered":"Sobre mim..."},"content":{"rendered":"<p><img loading=\"lazy\" decoding=\"async\" class=\"wp-image-2657 alignleft\" src=\"https:\/\/www.markus-schall.de\/wp-content\/uploads\/markus-schall.jpg\" alt=\"Markus Schall, empres\u00e1rio e autor\" width=\"217\" height=\"217\" srcset=\"https:\/\/www.markus-schall.de\/wp-content\/uploads\/markus-schall.jpg 434w, https:\/\/www.markus-schall.de\/wp-content\/uploads\/markus-schall-300x300.jpg 300w, https:\/\/www.markus-schall.de\/wp-content\/uploads\/markus-schall-150x150.jpg 150w\" sizes=\"auto, (max-width: 217px) 100vw, 217px\" \/>J\u00e1 em adolescente, era fascinado pela forma como as coisas funcionavam - especialmente quando eram constitu\u00eddas por placas de circuitos, cabos e ecr\u00e3s. Aos 15 anos, recebi o meu primeiro dinheiro do crisma e usei-o para comprar um Commodore 128D. Pouco tempo depois, estava em casa com uma perna enfaixada e engessada devido a uma rotura de ligamentos e, em vez de descansar, comecei a mergulhar na tecnologia deste computador.<\/p>\n<p>Um pouco mais tarde, vi um colega de escola do <a href=\"https:\/\/www.neuesgymnasium.eu\" target=\"_blank\" rel=\"noopener\">Nova Escola Secund\u00e1ria de Oldenburg<\/a> um Atari ST com o ent\u00e3o lend\u00e1rio monitor SM124. Fiquei imediatamente entusiasmado. O Commodore foi rapidamente vendido e o Atari mudou-se para l\u00e1. Come\u00e7ou ent\u00e3o uma fase de experimenta\u00e7\u00e3o, de remendo e de aprendizagem: Reconstru\u00ed o meu Atari, actualizei-o, soldei placas de mem\u00f3ria e dediquei in\u00fameras horas a tirar o melhor partido da tecnologia. Olhando para tr\u00e1s, posso dizer que foi aqui que tudo come\u00e7ou - esta curiosidade e o desejo de compreender e criar coisas ainda hoje me acompanham.<\/p>\n<p><a href=\"https:\/\/www.neuesgymnasium.eu\" target=\"_blank\" rel=\"noopener\"><img loading=\"lazy\" decoding=\"async\" class=\"alignnone wp-image-4397 size-full\" src=\"https:\/\/www.markus-schall.de\/wp-content\/uploads\/markus-schall-ngo.jpg\" alt=\"Nova escola secund\u00e1ria em Oldenburg\" width=\"1536\" height=\"1024\" srcset=\"https:\/\/www.markus-schall.de\/wp-content\/uploads\/markus-schall-ngo.jpg 1536w, https:\/\/www.markus-schall.de\/wp-content\/uploads\/markus-schall-ngo-300x200.jpg 300w, https:\/\/www.markus-schall.de\/wp-content\/uploads\/markus-schall-ngo-1024x683.jpg 1024w, https:\/\/www.markus-schall.de\/wp-content\/uploads\/markus-schall-ngo-768x512.jpg 768w, https:\/\/www.markus-schall.de\/wp-content\/uploads\/markus-schall-ngo-18x12.jpg 18w\" sizes=\"auto, (max-width: 1536px) 100vw, 1536px\" \/><\/a><\/p>\n<h2>Da forma\u00e7\u00e3o ao desenvolvimento de software<\/h2>\n<p>Depois de deixar a escola, comecei um est\u00e1gio comercial na <a href=\"https:\/\/www.creditreform.de\" target=\"_blank\" rel=\"noopener\">Reforma do cr\u00e9dito<\/a>. Foi uma altura em que n\u00e3o s\u00f3 aprendi os conceitos b\u00e1sicos de organiza\u00e7\u00e3o e gest\u00e3o empresarial, como tamb\u00e9m desenvolvi uma vis\u00e3o sobre como conceber processos de forma eficiente.<\/p>\n<p><a href=\"https:\/\/de.wikipedia.org\/wiki\/Jagdbombergeschwader_38\" target=\"_blank\" rel=\"noopener\"><img loading=\"lazy\" decoding=\"async\" class=\"alignleft wp-image-5430\" src=\"https:\/\/www.markus-schall.de\/wp-content\/uploads\/p-jabo38.gif\" alt=\"\" width=\"84\" height=\"100\" \/><\/a>Depois da minha aprendizagem, entrei para as For\u00e7as Armadas alem\u00e3s, mais concretamente para o <a href=\"https:\/\/www.bundeswehr.de\/de\/organisation\/luftwaffe\" target=\"_blank\" rel=\"noopener\">For\u00e7a A\u00e9rea<\/a> (JaboG 38 \u201aFriesland\u2018 com sauda\u00e7\u00f5es \u00e0 antiga equipa da CUA). A\u00ed trabalhei no departamento de inform\u00e1tica e tratei dos computadores do programa de forma\u00e7\u00e3o te\u00f3rica de voo. Foi uma experi\u00eancia formativa para mim, porque pude combinar a parte t\u00e9cnica com os m\u00e9todos de trabalho estruturados de um grande sistema. Tamb\u00e9m tive de agradecer \u00e0 Bundeswehr pela minha forma\u00e7\u00e3o como \u201aNovell Certified Administrator\u2018 sob a forma de BFD.<\/p>\n<p>De volta \u00e0 Creditreform, comecei finalmente a p\u00f4r em pr\u00e1tica a minha paix\u00e3o pelas bases de dados. Desenvolvi o meu primeiro sistema de gest\u00e3o comercial com base nos FileMaker 5 e 6 e, mais tarde, reprogramei-o completamente nos FileMaker 8 e 9.<\/p>\n<p><a href=\"https:\/\/www.creditreform.de\/oldenburg\" target=\"_blank\" rel=\"noopener\"><img loading=\"lazy\" decoding=\"async\" class=\"alignnone size-full wp-image-4398\" src=\"https:\/\/www.markus-schall.de\/wp-content\/uploads\/markus-schall-creditreform-oldenburg.jpg\" alt=\"Creditreform Oldenburg\" width=\"1536\" height=\"1024\" srcset=\"https:\/\/www.markus-schall.de\/wp-content\/uploads\/markus-schall-creditreform-oldenburg.jpg 1536w, https:\/\/www.markus-schall.de\/wp-content\/uploads\/markus-schall-creditreform-oldenburg-300x200.jpg 300w, https:\/\/www.markus-schall.de\/wp-content\/uploads\/markus-schall-creditreform-oldenburg-1024x683.jpg 1024w, https:\/\/www.markus-schall.de\/wp-content\/uploads\/markus-schall-creditreform-oldenburg-768x512.jpg 768w, https:\/\/www.markus-schall.de\/wp-content\/uploads\/markus-schall-creditreform-oldenburg-18x12.jpg 18w\" sizes=\"auto, (max-width: 1536px) 100vw, 1536px\" \/><\/a><\/p>\n<p>Este trabalho teve um impacto duradouro no meu pensamento: Descobri como traduzir processos complexos em estruturas simples - uma abordagem que ainda hoje \u00e9 a base do meu trabalho.<\/p>\n<p>O meu software ainda \u00e9 utilizado e mantido pela Creditreform num estado desenvolvido internamente em alguns locais.<\/p>\n<h2>O caminho para o trabalho independente<\/h2>\n<p>Com o passar dos anos, apercebi-me de que queria p\u00f4r em pr\u00e1tica as minhas pr\u00f3prias ideias. Inicialmente, criei uma empresa como revendedor do Apple e acabei por mudar para o desenvolvimento de software. Esta fase deu origem ao gofilemaker.de - e mais tarde ao meu projeto central at\u00e9 hoje: o gFM-Business.<\/p>\n<h3>Apple Premium Reseller em Oldenburg - tecnologia, vendas e servi\u00e7os a partir de uma \u00fanica fonte<\/h3>\n<p>Por volta de 2008, dirigi a minha pr\u00f3pria loja de retalho em Oldenburg como <a href=\"https:\/\/locate.apple.com\/de\/de\/\" target=\"_blank\" rel=\"noopener\">Apple Revendedor Premium<\/a>. Os aparelhos n\u00e3o eram apenas apresentados, mas tamb\u00e9m aconselhados, vendidos e apoiados no sentido tradicional de um retalhista especializado - como sempre foi o caso das boas lojas de tecnologia. Para al\u00e9m das vendas fixas, as vendas online decorreram em paralelo, de modo a que os clientes pudessem ser alcan\u00e7ados tanto a n\u00edvel regional como nacional.<\/p>\n<p><img loading=\"lazy\" decoding=\"async\" class=\"alignnone wp-image-4834 size-full\" src=\"https:\/\/www.markus-schall.de\/wp-content\/uploads\/Markus-Schall-APR.jpg\" alt=\"Apple Revendedor Premium Oldenburg\" width=\"1536\" height=\"1024\" srcset=\"https:\/\/www.markus-schall.de\/wp-content\/uploads\/Markus-Schall-APR.jpg 1536w, https:\/\/www.markus-schall.de\/wp-content\/uploads\/Markus-Schall-APR-300x200.jpg 300w, https:\/\/www.markus-schall.de\/wp-content\/uploads\/Markus-Schall-APR-1024x683.jpg 1024w, https:\/\/www.markus-schall.de\/wp-content\/uploads\/Markus-Schall-APR-768x512.jpg 768w, https:\/\/www.markus-schall.de\/wp-content\/uploads\/Markus-Schall-APR-18x12.jpg 18w\" sizes=\"auto, (max-width: 1536px) 100vw, 1536px\" \/><\/p>\n<p>O apoio pr\u00e1tico foi tamb\u00e9m uma componente fundamental: instalar computadores, analisar erros, reparar hardware, guardar dados, esclarecer quest\u00f5es de uma forma compreens\u00edvel. Esperava-se que qualquer pessoa que entrasse sa\u00edsse com uma solu\u00e7\u00e3o funcional. Este contacto direto e realista com os utilizadores moldou a minha vis\u00e3o da tecnologia at\u00e9 aos dias de hoje.<\/p>\n<h2>A editora M. Schall e os meus livros<\/h2>\n<p>Ao longo dos anos, foi acrescentada uma nova vertente: a escrita.<\/p>\n<p>Eu tenho o <strong><a href=\"https:\/\/www.schall-verlag.de\" target=\"_blank\" rel=\"noopener\">M. Editora Schall<\/a><\/strong> publicar os meus pr\u00f3prios livros e abordar temas que me tocam pessoalmente: gest\u00e3o de crises, desenvolvimento pessoal, digitaliza\u00e7\u00e3o, IA e sa\u00fade.<\/p>\n<p>Para mim, escrever \u00e9 mais do que produzir conte\u00fados - \u00e9 uma oportunidade para partilhar conhecimentos e dar que pensar. Os meus livros n\u00e3o t\u00eam como objetivo dar li\u00e7\u00f5es, mas sim ajudar as pessoas a compreender e a abrir novas perspectivas.<\/p>\n<h2>Software ERP e gest\u00e3o de mercadorias para macOS, Windows e iOS<\/h2>\n<p>Com o gFM-Business tenho um <a href=\"https:\/\/gofilemaker.de\/pt\/gfm-gestao-comercial-de-mercadorias\/\" target=\"_blank\" rel=\"noopener\">Software ERP<\/a> que vai muito al\u00e9m dos sistemas tradicionais. Combina ERP, CRM, gest\u00e3o de mercadorias e personaliza\u00e7\u00f5es individuais num sistema modular. Ao contr\u00e1rio de muitos grandes fornecedores, n\u00e3o me baseio em estruturas r\u00edgidas, mas sim na flexibilidade e em solu\u00e7\u00f5es personalizadas.<\/p>\n<h3>Liberdade, soberania e independ\u00eancia dos dados<\/h3>\n<p>Um valor fundamental tem-me acompanhado ao longo da minha vida profissional: A liberdade.<\/p>\n<p>Reconheci desde cedo a import\u00e2ncia de manter o controlo sobre os nossos pr\u00f3prios dados. Atualmente, os dados est\u00e3o no centro de todas as empresas e acredito que seria um erro estrat\u00e9gico abdicar deles de \u00e2nimo leve.<\/p>\n<p>\u00c9 por isso que confio conscientemente em <a href=\"https:\/\/www.claris.com\/de\/\" target=\"_blank\" rel=\"noopener\">FileMaker<\/a>Permite-me desenvolver bases de dados que est\u00e3o sempre localizadas nos servidores dos meus clientes. Sem depend\u00eancia de plataformas externas, sem riscos ocultos - em vez disso, o m\u00e1ximo controlo e seguran\u00e7a. Para mim, n\u00e3o se trata de uma quest\u00e3o menor, mas de uma atitude fundamental: se tiver os seus dados sob controlo, mant\u00e9m a sua liberdade de a\u00e7\u00e3o.<\/p>\n<h2>Hoje: Um ecossistema pr\u00f3prio<\/h2>\n<p>Hoje em dia, re\u00fano todos estes dom\u00ednios no meu pr\u00f3prio ecossistema:<\/p>\n<ul>\n<li><strong>M. Schall-Verlag<\/strong> - a minha plataforma para o conhecimento, a pr\u00e1tica e novas perspectivas<\/li>\n<li><strong>gFM-Business<\/strong> - o meu software ERP que apoia as empresas individualmente<\/li>\n<li><strong>Integra\u00e7\u00e3o da IA<\/strong> - a pr\u00f3xima etapa evolutiva da edi\u00e7\u00e3o e do ERP<\/li>\n<\/ul>\n<p>O meu objetivo \u00e9 juntar estes mundos. Quer se trate de software, livros ou IA - no final, para mim, trata-se sempre da mesma coisa: tornar a complexidade compreens\u00edvel e dar \u00e0s pessoas ferramentas que as ajudem a agir de forma independente.<\/p>\n<p><img loading=\"lazy\" decoding=\"async\" class=\"alignnone size-full wp-image-4400\" src=\"https:\/\/www.markus-schall.de\/wp-content\/uploads\/markus-schall-oekosystem.jpg\" alt=\"Ecossistema: livros, revistas, ERP, sistemas de IA\" width=\"1536\" height=\"1024\" srcset=\"https:\/\/www.markus-schall.de\/wp-content\/uploads\/markus-schall-oekosystem.jpg 1536w, https:\/\/www.markus-schall.de\/wp-content\/uploads\/markus-schall-oekosystem-300x200.jpg 300w, https:\/\/www.markus-schall.de\/wp-content\/uploads\/markus-schall-oekosystem-1024x683.jpg 1024w, https:\/\/www.markus-schall.de\/wp-content\/uploads\/markus-schall-oekosystem-768x512.jpg 768w, https:\/\/www.markus-schall.de\/wp-content\/uploads\/markus-schall-oekosystem-18x12.jpg 18w\" sizes=\"auto, (max-width: 1536px) 100vw, 1536px\" \/><\/p>\n<h2>Servi\u00e7os - da publica\u00e7\u00e3o \u00e0 estrutura do processo<\/h2>\n<p>Para al\u00e9m do meu trabalho como autor e editor, tamb\u00e9m dou conselhos pr\u00e1ticos \u00e0s empresas sobre como podem combinar estrutura, visibilidade e processos claros. Ao longo de muitos anos, isto resultou em servi\u00e7os que podem ser utilizados individualmente - mas que t\u00eam um efeito particularmente forte quando combinados.<\/p>\n<p>O foco est\u00e1 sempre nas solu\u00e7\u00f5es que funcionam no dia a dia. Sem teoria, sem tend\u00eancias a curto prazo, mas com ferramentas e formatos que perduram.<\/p>\n<h3>Estrutura da revista - o seu pr\u00f3prio suporte digital<\/h3>\n<p>A <a href=\"https:\/\/www.markus-schall.de\/pt\/a-sua-revista-internacional\/\"><strong>Revista pr\u00f3pria<\/strong><\/a> \u00e9 mais do que um simples s\u00edtio Web. \u00c9 um local onde a experi\u00eancia se torna vis\u00edvel, onde se cria confian\u00e7a e onde a compet\u00eancia permanece compreens\u00edvel. As empresas recebem uma estrutura pronta, experimentada e testada, com a qual os conte\u00fados podem ser desenvolvidos, organizados e tamb\u00e9m apresentados em v\u00e1rias l\u00ednguas a longo prazo. O objetivo n\u00e3o \u00e9 a publicidade r\u00e1pida, mas uma presen\u00e7a sustent\u00e1vel.<\/p>\n<h3>Servi\u00e7o de artigos, edi\u00e7\u00e3o e rela\u00e7\u00f5es p\u00fablicas<\/h3>\n<p>Muitas empresas t\u00eam excelentes temas, mas n\u00e3o t\u00eam tempo para os desenvolver. \u00c9 exatamente aqui que eu dou apoio com <a href=\"https:\/\/www.markus-schall.de\/pt\/servico-de-artigos-redacao\/\"><strong>Servi\u00e7o e edi\u00e7\u00e3o de artigos<\/strong><\/a> para os seus pr\u00f3prios s\u00edtios Web ou revistas. Quer se trate de um artigo especializado, de uma pe\u00e7a de fundo ou de um comunicado de imprensa completo - o conte\u00fado \u00e9 estruturado de forma profissional, claramente formulado e preparado para publica\u00e7\u00e3o.<\/p>\n<p>A coloca\u00e7\u00e3o tamb\u00e9m est\u00e1 inclu\u00edda a pedido, por exemplo, atrav\u00e9s do OpenPR. As empresas disp\u00f5em assim de uma equipa editorial \u00e0 disposi\u00e7\u00e3o sem terem de criar recursos internos. Voc\u00ea d\u00e1 a dire\u00e7\u00e3o, eu trato da implementa\u00e7\u00e3o.<\/p>\n<h3>Consultoria estrat\u00e9gica baseada na experi\u00eancia e na prospetiva<\/h3>\n<p>Ao longo dos anos, aprendi n\u00e3o s\u00f3 a observar os desenvolvimentos, mas tamb\u00e9m a ler os seus padr\u00f5es mais profundos. Muitos dos desafios que as empresas, as administra\u00e7\u00f5es ou os actores pol\u00edticos t\u00eam de ultrapassar hoje em dia n\u00e3o surgem de um dia para o outro - s\u00e3o o resultado de din\u00e2micas a longo prazo que t\u00eam de ser reconhecidas antes de se tornarem vis\u00edveis.<\/p>\n<p>\u00c9 exatamente aqui que eu entro. Combino d\u00e9cadas de experi\u00eancia pr\u00e1tica, um sentido apurado do contexto e uma abordagem calma e sem agita\u00e7\u00e3o \u00e0 an\u00e1lise. Os meus <a href=\"https:\/\/www.markus-schall.de\/pt\/consultoria-estrategica\/\"><strong>Consultoria estrat\u00e9gica<\/strong><\/a> destina-se a pessoas e institui\u00e7\u00f5es que procuram clareza: decis\u00f5es claras, prioridades claras, caminhos claros para o futuro. Sem ideologia, sem chav\u00f5es - mas com uma abordagem realista, prospetiva e a tradi\u00e7\u00e3o de um of\u00edcio que se baseia mais na reflex\u00e3o do que no barulho.<\/p>\n<h3>Software ERP baseado no Claris FileMaker Pro<\/h3>\n<p>No fundo de muitas empresas existem processos que cresceram historicamente e geram muito atrito. Com o gFM-Business, um <a href=\"https:\/\/www.markus-schall.de\/pt\/software-erp\/\"><strong>Solu\u00e7\u00e3o ERP flex\u00edvel<\/strong><\/a> que se baseia no Claris FileMaker e pode ser adaptado \u00e0s necessidades reais.<\/p>\n<p>O objetivo \u00e9 a clareza: dados limpos, processos rastre\u00e1veis e uma base sobre a qual as empresas possam trabalhar e crescer de forma fi\u00e1vel.<\/p>\n<h3>Consultoria de gest\u00e3o<\/h3>\n<p>Nem todos os desafios s\u00e3o imediatamente um problema de software. O primeiro passo \u00e9, muitas vezes, identificar os estrangulamentos, estabelecer prioridades e escolher medidas adequadas \u00e0 organiza\u00e7\u00e3o. Neste caso, a consultoria significa, acima de tudo, olhar para as estruturas a partir do exterior com experi\u00eancia e desenvolver abordagens pr\u00e1ticas que sejam sustent\u00e1veis na vida quotidiana.<\/p>\n<p>Com <a href=\"https:\/\/www.markus-schall.de\/pt\/consultoria-de-gestao\/\"><strong>consultoria de gest\u00e3o sist\u00e9mica<\/strong><\/a> Posso ajudar a encontrar e otimizar lacunas nos processos ou na visibilidade.<\/p>\n<p>Todas as \u00e1reas est\u00e3o interligadas: bons processos geram informa\u00e7\u00e3o fi\u00e1vel, a informa\u00e7\u00e3o gera conte\u00fados, os conte\u00fados geram visibilidade - e a visibilidade fortalece a empresa no seu todo.<\/p>\n<h2>O que me move<\/h2>\n<p>Nunca escolhi o caminho mais f\u00e1cil na minha vida. Em vez de confiar em solu\u00e7\u00f5es padr\u00e3o, quis compreender as coisas, melhor\u00e1-las e conceb\u00ea-las eu pr\u00f3prio. Isto aplica-se igualmente \u00e0 tecnologia, aos modelos empresariais e \u00e0 transfer\u00eancia de conhecimentos.<\/p>\n<p>Atualmente, utilizo esta atitude para proporcionar \u00e0s empresas, aos leitores e aos clientes estruturas claras e uma independ\u00eancia genu\u00edna - com software, livros e conte\u00fados aut\u00eanticos e baseados na minha pr\u00f3pria experi\u00eancia.<\/p>\n<h3>O meu credo<\/h3>\n<blockquote><p>\"Liberdade significa compreender o que nos rodeia e manter o controlo sobre os nossos pr\u00f3prios dados, ferramentas e decis\u00f5es.\"<\/p><\/blockquote>\n<hr \/>\n<h2>Perguntas mais frequentes<\/h2>\n<ol>\n<li><strong>Quem s\u00e3o voc\u00eas e porque \u00e9 que escrevem sobre temas t\u00e3o diferentes?<\/strong><br \/>\nSou empres\u00e1rio, programador de software, autor e editor. Mas, acima de tudo, sou uma pessoa que quer compreender as coisas - n\u00e3o s\u00f3 a n\u00edvel t\u00e9cnico, mas tamb\u00e9m a n\u00edvel social. \u00c0 primeira vista, os temas parecem diferentes, mas est\u00e3o mais intimamente ligados do que se possa pensar: a tecnologia, os neg\u00f3cios, a sa\u00fade e os desenvolvimentos sociais influenciam-se mutuamente.<\/li>\n<li><strong>Qual \u00e9 a sua forma\u00e7\u00e3o profissional?<\/strong><br \/>\nH\u00e1 muitos anos que trabalho de forma independente, principalmente no dom\u00ednio do desenvolvimento de software e do pensamento de processos. Isto resultou nas minhas pr\u00f3prias solu\u00e7\u00f5es, livros e, finalmente, numa editora. O meu percurso n\u00e3o foi um plano de carreira simples, mas sim um processo de aprendizagem - com desvios, pausas e decis\u00f5es conscientes.<\/li>\n<li><strong>Porque \u00e9 que tem a sua pr\u00f3pria revista em linha?<\/strong><br \/>\nPorque muitos temas actuais s\u00e3o apresentados de forma muito abreviada, emocionalizada ou ideologicamente filtrada. A revista \u00e9 a minha tentativa de apresentar conte\u00fados de uma forma mais calma, mais estruturada e com mais profundidade - sem a indigna\u00e7\u00e3o quotidiana, mas tamb\u00e9m sem desviar o olhar.<\/li>\n<li><strong>Qual \u00e9 a atitude subjacente aos seus textos?<\/strong><br \/>\nTento escrever com respeito sem ser conformista. C\u00e9tico sem ser c\u00ednico. O meu objetivo n\u00e3o \u00e9 dar-vos uma opini\u00e3o, mas oferecer modelos de pensamento que possam utilizar para formar a vossa pr\u00f3pria opini\u00e3o.<\/li>\n<li><strong>Porque \u00e9 que tamb\u00e9m escreve sobre quest\u00f5es pol\u00edticas e sociais?<\/strong><br \/>\nPorque as decis\u00f5es t\u00e9cnicas, econ\u00f3micas e pol\u00edticas t\u00eam um impacto direto na nossa vida quotidiana. Quem se limita a analisar temas especializados de forma isolada esquece-se muitas vezes das liga\u00e7\u00f5es reais.<\/li>\n<li><strong>O que \u00e9 que distingue os seus livros dos guias tradicionais?<\/strong><br \/>\nN\u00e3o escrevo de cima para baixo ou com solu\u00e7\u00f5es patenteadas. Os meus livros baseiam-se na minha pr\u00f3pria experi\u00eancia e observa\u00e7\u00f5es. Pretendem ser estimulantes, n\u00e3o instrutivos - e deixam ao leitor espa\u00e7o para tirar as suas pr\u00f3prias conclus\u00f5es.<\/li>\n<li><strong>Que papel desempenha a IA no seu trabalho?<\/strong><br \/>\nPara mim, a IA \u00e9 uma ferramenta e n\u00e3o um substituto do pensamento ou da responsabilidade. Utilizo-a quando me d\u00e1 um apoio \u00fatil - por exemplo, para estruturar, formular, traduzir ou analisar - mas n\u00e3o para produzir conte\u00fados \u00e0 vontade.<\/li>\n<li><strong>Porque \u00e9 que a independ\u00eancia \u00e9 t\u00e3o importante para si?<\/strong><br \/>\nPorque as depend\u00eancias - t\u00e9cnicas, econ\u00f3micas ou intelectuais - t\u00eam sempre o seu pre\u00e7o a longo prazo. Muitas das minhas decis\u00f5es, seja em software, infra-estruturas ou publica\u00e7\u00f5es, seguem precisamente este princ\u00edpio.<\/li>\n<li><strong>A quem se destina o seu conte\u00fado?<\/strong><br \/>\nPara pessoas que preferem pensar por si pr\u00f3prias em vez de serem conduzidas. Empres\u00e1rios, trabalhadores independentes, leitores interessados nas inter-rela\u00e7\u00f5es, mas tamb\u00e9m pessoas comuns que se apercebem de que muitas coisas s\u00e3o mais complexas do que muitas vezes parecem.<\/li>\n<li><strong>Escreve deliberadamente sem exageros extremos?<\/strong><br \/>\nSim, o volume n\u00e3o substitui a subst\u00e2ncia. Especialmente no caso de temas sens\u00edveis, penso que um tom calmo \u00e9 mais eficaz do que a provoca\u00e7\u00e3o por si s\u00f3.<\/li>\n<li><strong>As pessoas podem trabalhar consigo ou escrever para si?<\/strong><br \/>\nSim, basicamente com prazer. Especialmente no meio editorial, considero interessantes as pessoas com pensamentos pr\u00f3prios e uma atitude clara e n\u00e3o procuro curr\u00edculos perfeitos ou textos de marketing.<\/li>\n<li><strong>Como \u00e9 que lida com as cr\u00edticas?<\/strong><br \/>\nAs cr\u00edticas objectivas s\u00e3o bem-vindas. Normalmente, deixo de lado as pol\u00e9micas e os ataques pessoais. Nem todas as reac\u00e7\u00f5es merecem uma resposta.<\/li>\n<li><strong>Porque \u00e9 que escreve tanto em vez de delegar?<\/strong><br \/>\nPorque, para mim, os textos n\u00e3o s\u00e3o um produto intermut\u00e1vel. A linguagem transmite uma atitude - e isso n\u00e3o pode ser completamente subcontratado.<\/li>\n<li><strong>E para ser sincero: alguma vez faz uma pausa?<\/strong><br \/>\nSim, nem sempre o suficiente, mas mais e mais conscientemente. Por vezes, ajuda dar um passo atr\u00e1s, limpar a cabe\u00e7a - e depois voltar a pensar com mais clareza. At\u00e9 j\u00e1 escrevi um <a href=\"https:\/\/www.markus-schall.de\/pt\/2025\/10\/o-stress-nao-e-uma-forca-da-natureza-como-recuperar-a-sua-liberdade-passo-a-passo\/\"><strong>Artigo<\/strong><\/a> escrito...<\/li>\n<\/ol>","protected":false},"excerpt":{"rendered":"<p>J\u00e1 em adolescente, era fascinado pela forma como as coisas funcionavam - especialmente quando eram constitu\u00eddas por placas de circuitos, cabos e ecr\u00e3s. Aos 15 anos, recebi o meu primeiro dinheiro do crisma e usei-o para comprar um Commodore 128D. Pouco tempo depois, uma rotura de ligamentos obrigou-me a ficar engessado, com uma perna rec\u00e9m enfaixada ... <a title=\"Sobre mim...\" class=\"read-more\" href=\"https:\/\/www.markus-schall.de\/pt\/sobre-mim\/\" aria-label=\"Leia mais sobre Sobre mim...\">Ler mais<\/a><\/p>","protected":false},"author":1,"featured_media":0,"parent":0,"menu_order":10,"comment_status":"closed","ping_status":"open","template":"","meta":{"iawp_total_views":1047,"footnotes":""},"class_list":["post-179","page","type-page","status-publish"],"_links":{"self":[{"href":"https:\/\/www.markus-schall.de\/pt\/wp-json\/wp\/v2\/pages\/179","targetHints":{"allow":["GET"]}}],"collection":[{"href":"https:\/\/www.markus-schall.de\/pt\/wp-json\/wp\/v2\/pages"}],"about":[{"href":"https:\/\/www.markus-schall.de\/pt\/wp-json\/wp\/v2\/types\/page"}],"author":[{"embeddable":true,"href":"https:\/\/www.markus-schall.de\/pt\/wp-json\/wp\/v2\/users\/1"}],"replies":[{"embeddable":true,"href":"https:\/\/www.markus-schall.de\/pt\/wp-json\/wp\/v2\/comments?post=179"}],"version-history":[{"count":31,"href":"https:\/\/www.markus-schall.de\/pt\/wp-json\/wp\/v2\/pages\/179\/revisions"}],"predecessor-version":[{"id":5472,"href":"https:\/\/www.markus-schall.de\/pt\/wp-json\/wp\/v2\/pages\/179\/revisions\/5472"}],"wp:attachment":[{"href":"https:\/\/www.markus-schall.de\/pt\/wp-json\/wp\/v2\/media?parent=179"}],"curies":[{"name":"wp","href":"https:\/\/api.w.org\/{rel}","templated":true}]}}