{"id":2,"date":"2011-02-11T16:58:41","date_gmt":"2011-02-11T16:58:41","guid":{"rendered":"https:\/\/markus-schall.de\/?page_id=2"},"modified":"2026-02-20T15:35:07","modified_gmt":"2026-02-20T15:35:07","slug":"impressao","status":"publish","type":"page","link":"https:\/\/www.markus-schall.de\/pt\/impressao\/","title":{"rendered":"Impress\u00e3o"},"content":{"rendered":"<h3>A revista <em>markus-schall.de<\/em> \u00e9 publicado por:<\/h3>\r\n<p>M. Editora Schall<br \/>Hackenweg 97<br \/>26127 Oldenburg<br \/>Alemanha, Alemanha<\/p>\r\n<p>Propriet\u00e1rio: Markus Schall<br \/>ID DO IVA: DE280073464<\/p>\r\n<p>E-Mail:\u00a0<a href=\"mailto:in**@***********ag.de\" data-original-string=\"Domvqh+UMli94gnlDiZ1fg==680Su1EWsg2NDel4gKilVNBNCDTx7rh1Q7kgsefrh4zlBM=\" title=\"Este contacto foi codificado pelo Anti-Spam da CleanTalk. Clique para descodificar. Para terminar a descodifica\u00e7\u00e3o, certifique-se de que o JavaScript est\u00e1 ativado no seu browser.\"><span \n                data-original-string='0R2OGaS0xtOTQ6yWURrhog==680QeuywjjhnVXuax4QyDNRKRISA43d7hWEPKc6c5jEu6g='\n                class='apbct-email-encoder'\n                title='Este contacto foi codificado pelo Anti-Spam da CleanTalk. Clique para descodificar. Para terminar a descodifica\u00e7\u00e3o, certifique-se de que o JavaScript est\u00e1 ativado no seu browser.'>em<span class=\"apbct-blur\">**<\/span>@<span class=\"apbct-blur\">***********<\/span>ag.de<\/span><\/a><\/p>\r\n<p>Imagens (c) <strong><a href=\"https:\/\/pixabay.de\" target=\"_blank\" rel=\"noopener\">Pixabay<\/a><\/strong><\/p>\r\n<p><strong>Independente<\/strong>O autor e a revista s\u00e3o apartid\u00e1rios, todo o conte\u00fado \u00e9 produzido sem financiamento estatal ou institucional.<\/p>\r\n<p>Este s\u00edtio Web utiliza tradu\u00e7\u00f5es autom\u00e1ticas (DeepL Pro). N\u00e3o se assume qualquer responsabilidade pela corre\u00e7\u00e3o e integridade dos conte\u00fados em l\u00edngua estrangeira. A vers\u00e3o original em alem\u00e3o \u00e9 sempre a que faz f\u00e9.<\/p>\r\n<h3>Pol\u00edtica de privacidade - Inqu\u00e9ritos e formul\u00e1rio de contacto<\/h3>\r\n<p><strong>Inqu\u00e9ritos neste s\u00edtio Web<\/strong>Ocasionalmente, s\u00e3o realizados inqu\u00e9ritos an\u00f3nimos neste s\u00edtio Web. A participa\u00e7\u00e3o \u00e9 volunt\u00e1ria e poss\u00edvel sem registo. N\u00e3o s\u00e3o armazenados quaisquer dados pessoais. Para evitar votos m\u00faltiplos, pode ser definido um cookie t\u00e9cnico ou o endere\u00e7o IP pode ser processado de forma an\u00f3nima. N\u00e3o s\u00e3o transmitidos quaisquer dados a terceiros.<\/p>\r\n<p><strong>Formul\u00e1rio de contacto para pedidos de informa\u00e7\u00e3o<\/strong>Se nos contactar atrav\u00e9s do formul\u00e1rio de contacto, os dados introduzidos (por exemplo, nome, endere\u00e7o de correio eletr\u00f3nico, mensagem) ser\u00e3o processados para responder ao seu pedido. O tratamento \u00e9 efectuado de acordo com o Art. 6, n.\u00ba 1, al\u00ednea b) do RGPD, com base no seu pedido.<\/p>\r\n<p>Os seus dados ser\u00e3o utilizados apenas para responder ao seu pedido de informa\u00e7\u00e3o e n\u00e3o ser\u00e3o transmitidos a terceiros. As informa\u00e7\u00f5es transmitidas n\u00e3o ser\u00e3o armazenadas de forma permanente, exceto se o pedido de informa\u00e7\u00e3o resultar numa rela\u00e7\u00e3o contratual ou de consultoria em curso.<\/p>\r\n<p><strong>An\u00e1lise do s\u00edtio Web<\/strong>Apenas \u00e9 utilizada uma ferramenta de an\u00e1lise local que n\u00e3o armazena quaisquer dados pessoais. O Google Analytics ou outros sistemas de an\u00e1lise baseados na nuvem n\u00e3o s\u00e3o utilizados neste s\u00edtio Web.<\/p>\r\n<h3>Responsabilidade e garantia<\/h3>\r\n<p>Apesar de um controlo cuidadoso do conte\u00fado, n\u00e3o assumo qualquer responsabilidade pelo conte\u00fado das liga\u00e7\u00f5es externas. Os operadores das p\u00e1ginas hiperligadas s\u00e3o os \u00fanicos respons\u00e1veis pelo seu conte\u00fado.<\/p>\r\n<p>Todas as informa\u00e7\u00f5es em www.markus-schall.de e outros subdom\u00ednios abaixo desses endere\u00e7os s\u00e3o fornecidas pelo Markus Schall sem qualquer representa\u00e7\u00e3o ou garantia de qualquer tipo, expressa ou impl\u00edcita.<\/p>\r\n<p>Tamb\u00e9m est\u00e3o exclu\u00eddas todas as garantias impl\u00edcitas de comercializa\u00e7\u00e3o, adequa\u00e7\u00e3o a um determinado fim ou n\u00e3o infra\u00e7\u00e3o de leis e patentes. Mesmo que eu assuma que as informa\u00e7\u00f5es que forne\u00e7o s\u00e3o exactas, podem conter erros ou imprecis\u00f5es.<\/p>\r\n<p><strong>Direitos de autor<\/strong><\/p>\r\n<p>Direitos de autor 1998-2026 Markus Schall. Todos os direitos reservados.<\/p>\r\n<p>Todos os textos, imagens, gr\u00e1ficos, ficheiros de som, v\u00eddeo e anima\u00e7\u00e3o, bem como as respectivas disposi\u00e7\u00f5es, est\u00e3o sujeitos a direitos de autor e a outras leis de prote\u00e7\u00e3o da propriedade intelectual. N\u00e3o podem ser copiados para fins comerciais ou de distribui\u00e7\u00e3o, nem podem ser modificados e utilizados noutros s\u00edtios Web. Todos os log\u00f3tipos est\u00e3o sujeitos aos direitos dos respectivos fabricantes\/propriet\u00e1rios.<\/p>\r\n\r\n<p>&nbsp;<\/p>","protected":false},"excerpt":{"rendered":"<p>Das Magazin markus-schall.de wird ver\u00f6ffentlicht von: M. Schall VerlagHackenweg 9726127 OldenburgDeutschland, Germany Inhaber: Markus SchallUSt.-ID: DE280073464 E-Mail:\u00a0in**@***********ag.de Bildmaterial (c) Pixabay Unabh\u00e4ngig: Der Autor und das Magzin sind parteilos, alle Inhalte werden ohne staatliche oder institutionelle F\u00f6rderung erstellt. Diese Website verwendet automatisierte \u00dcbersetzungen (DeepL Pro). F\u00fcr die Richtigkeit und Vollst\u00e4ndigkeit fremdsprachiger Inhalte wird keine Gew\u00e4hr \u00fcbernommen. &#8230; <a title=\"Impress\u00e3o\" class=\"read-more\" href=\"https:\/\/www.markus-schall.de\/pt\/impressao\/\" aria-label=\"Leia mais sobre Imprint\">Ler mais<\/a><\/p>","protected":false},"author":1,"featured_media":0,"parent":0,"menu_order":15,"comment_status":"closed","ping_status":"open","template":"","meta":{"iawp_total_views":244,"footnotes":""},"class_list":["post-2","page","type-page","status-publish"],"_links":{"self":[{"href":"https:\/\/www.markus-schall.de\/pt\/wp-json\/wp\/v2\/pages\/2","targetHints":{"allow":["GET"]}}],"collection":[{"href":"https:\/\/www.markus-schall.de\/pt\/wp-json\/wp\/v2\/pages"}],"about":[{"href":"https:\/\/www.markus-schall.de\/pt\/wp-json\/wp\/v2\/types\/page"}],"author":[{"embeddable":true,"href":"https:\/\/www.markus-schall.de\/pt\/wp-json\/wp\/v2\/users\/1"}],"replies":[{"embeddable":true,"href":"https:\/\/www.markus-schall.de\/pt\/wp-json\/wp\/v2\/comments?post=2"}],"version-history":[{"count":15,"href":"https:\/\/www.markus-schall.de\/pt\/wp-json\/wp\/v2\/pages\/2\/revisions"}],"predecessor-version":[{"id":5006,"href":"https:\/\/www.markus-schall.de\/pt\/wp-json\/wp\/v2\/pages\/2\/revisions\/5006"}],"wp:attachment":[{"href":"https:\/\/www.markus-schall.de\/pt\/wp-json\/wp\/v2\/media?parent=2"}],"curies":[{"name":"wp","href":"https:\/\/api.w.org\/{rel}","templated":true}]}}