{"id":3171,"date":"2025-10-21T14:39:16","date_gmt":"2025-10-21T14:39:16","guid":{"rendered":"https:\/\/www.markus-schall.de\/?page_id=3171"},"modified":"2025-12-15T18:09:57","modified_gmt":"2025-12-15T18:09:57","slug":"consultoria-de-gestao","status":"publish","type":"page","link":"https:\/\/www.markus-schall.de\/pt\/consultoria-de-gestao\/","title":{"rendered":"Consultoria de gest\u00e3o"},"content":{"rendered":"<p><img loading=\"lazy\" decoding=\"async\" class=\"aligncenter size-large wp-image-3175\" src=\"http:\/\/www.markus-schall.de\/wp-content\/uploads\/Systemische-Unternehmensberatung.jpg\" alt=\"Consultoria de gest\u00e3o sist\u00e9mica\" width=\"1024\" height=\"683\" srcset=\"https:\/\/www.markus-schall.de\/wp-content\/uploads\/Systemische-Unternehmensberatung.jpg 1024w, https:\/\/www.markus-schall.de\/wp-content\/uploads\/Systemische-Unternehmensberatung-300x200.jpg 300w, https:\/\/www.markus-schall.de\/wp-content\/uploads\/Systemische-Unternehmensberatung-768x512.jpg 768w, https:\/\/www.markus-schall.de\/wp-content\/uploads\/Systemische-Unternehmensberatung-18x12.jpg 18w\" sizes=\"auto, (max-width: 1024px) 100vw, 1024px\" \/><\/p>\n<h2>Consultoria de gest\u00e3o sist\u00e9mica<\/h2>\n<p>Em muitas empresas, o dia a dia corre bem - de alguma forma. Mas, por baixo da superf\u00edcie, sente-se que a organiza\u00e7\u00e3o j\u00e1 n\u00e3o est\u00e1 a funcionar como deveria. As responsabilidades s\u00e3o pouco claras. Os canais de decis\u00e3o n\u00e3o s\u00e3o claros. As novas ferramentas n\u00e3o trazem al\u00edvio, mas sim mais confus\u00e3o. E ningu\u00e9m sabe exatamente qual \u00e9 o problema.<\/p>\n<p>\u00c9 precisamente aqui que entra a consultoria de gest\u00e3o sist\u00e9mica. N\u00e3o v\u00ea a empresa como uma m\u00e1quina, mas como um sistema vivo de pessoas, comunica\u00e7\u00e3o, decis\u00f5es, h\u00e1bitos e tens\u00f5es.<\/p>\n<p>E ela n\u00e3o pergunta primeiro: <em>De que software necessitamos?<\/em>,<\/p>\n<p>mas: <strong><em>O que \u00e9 que realmente nos est\u00e1 a bloquear - e porqu\u00ea?<\/em><\/strong><\/p>\n<h3>A minha oferta: Consultoria de gest\u00e3o sist\u00e9mica para pequenas e m\u00e9dias empresas<\/h3>\n<p>Ajudo as empresas a repensar as suas estruturas, processos e rela\u00e7\u00f5es - de forma aut\u00f3noma, serena, profunda e pr\u00e1tica. N\u00e3o me limito a analisar n\u00fameros, mas acima de tudo:<\/p>\n<ul>\n<li>como s\u00e3o tomadas as decis\u00f5es,<\/li>\n<li>como a comunica\u00e7\u00e3o e os processos realmente fluem (ou falham),<\/li>\n<li>onde ocorrem perdas por fric\u00e7\u00e3o,<\/li>\n<li>e como recuperar mais clareza, fiabilidade e energia na empresa com meios simples.<\/li>\n<\/ul>\n<p>A minha abordagem \u00e9 sist\u00e9mica - por outras palavras, n\u00e3o procuro solu\u00e7\u00f5es r\u00e1pidas, mas sim as verdadeiras causas por detr\u00e1s dos sintomas. E n\u00e3o trabalho com modelos padr\u00e3o, mas com observa\u00e7\u00e3o individual, pensamento claro e uma vis\u00e3o respeitosa do que \u00e9.<\/p>\n<blockquote><p>Ofere\u00e7o consultoria de gest\u00e3o sist\u00e9mica com um enfoque claro no n\u00edvel do processo: onde \u00e9 que as coisas ficam realmente bloqueadas na vida quotidiana? Onde \u00e9 que ocorrem perdas por fric\u00e7\u00e3o porque a estrutura n\u00e3o corresponde \u00e0 realidade? N\u00e3o trabalho com batalhas te\u00f3ricas de PowerPoint, mas com um ouvido aberto, an\u00e1lises claras e recomenda\u00e7\u00f5es diretas para implementa\u00e7\u00e3o. A base: 30 anos de experi\u00eancia em software, empreendedorismo e resili\u00eancia a crises.<\/p><\/blockquote>\n<h3>A quem se destina este aconselhamento?<\/h3>\n<p>A minha oferta destina-se a:<\/p>\n<ul>\n<li>Propriet\u00e1rios, diretores-gerais e gestores de pequenas e m\u00e9dias empresas (cerca de 5-50 trabalhadores)<\/li>\n<li>Empresas que cresceram, reestruturaram, digitalizaram ou estagnaram nos \u00faltimos anos<\/li>\n<li>Equipas em que as responsabilidades n\u00e3o s\u00e3o claras, os processos de trabalho s\u00e3o lentos ou o ambiente \u00e9 tenso<\/li>\n<li>Empresas que t\u00eam o sentimento: <em>\"Estamos a fazer muito - mas, de alguma forma, n\u00e3o estamos a progredir\".<\/em><\/li>\n<\/ul>\n<p>Em todos os sectores - do com\u00e9rcio e servi\u00e7os ao software e \u00e0 pequena ind\u00fastria.<\/p>\n<h3>Como funciona uma sess\u00e3o de aconselhamento?<\/h3>\n<ol>\n<li><strong>Consulta inicial gratuita (por telefone ou v\u00eddeo)<\/strong><br \/>\nO cliente descreve a sua situa\u00e7\u00e3o - eu ou\u00e7o, fa\u00e7o as primeiras perguntas e verifico se sou a pessoa certa para o trabalho. A transpar\u00eancia \u00e9 importante para mim: tamb\u00e9m lhe digo honestamente se n\u00e3o posso ajudar ou se n\u00e3o vejo um mandato claro.<\/li>\n<li><strong>Fase de an\u00e1lise no local<\/strong><br \/>\nVou \u00e0 sua empresa e acompanho-o a si e aos seus colaboradores durante um ou dois dias. Conduzo reuni\u00f5es individuais, observo processos, ou\u00e7o, fa\u00e7o perguntas - e anoto tudo o que se destaca: atribui\u00e7\u00e3o de fun\u00e7\u00f5es, \u00e1reas de tens\u00e3o, bloqueios de decis\u00e3o, regras impl\u00edcitas.<\/li>\n<li><strong>Inqu\u00e9rito an\u00f3nimo aos trabalhadores (opcional)<\/strong><br \/>\nA pedido, posso realizar um pequeno inqu\u00e9rito online em conformidade com o RGPD - an\u00f3nimo, se desejar, com perguntas abertas. Recebe feedback aut\u00eantico e n\u00e3o filtrado da vida quotidiana dos seus empregados - frequentemente a parte mais valiosa da an\u00e1lise.<\/li>\n<li><strong>Avalia\u00e7\u00e3o estruturada com observa\u00e7\u00f5es concretas<\/strong><br \/>\nPreparo as minhas observa\u00e7\u00f5es por escrito - n\u00e3o em PowerPoint, mas como uma an\u00e1lise clara e leg\u00edvel com impulsos reais. Sem acusa\u00e7\u00f5es, sem apontar o dedo - apenas uma reflex\u00e3o honesta do que vi.<\/li>\n<li><strong>Deriva\u00e7\u00e3o conjunta de medidas<\/strong><br \/>\nNuma reuni\u00e3o final (no local ou em linha), desenvolvemos em conjunto os pr\u00f3ximos passos realistas e vi\u00e1veis - seja nas \u00e1reas da organiza\u00e7\u00e3o, lideran\u00e7a, comunica\u00e7\u00e3o ou tecnologia.<\/li>\n<li><strong>Opcional: Apoio aos processos de mudan\u00e7a<\/strong><br \/>\nSe desejar, posso acompanhar passos individuais durante um per\u00edodo de tempo mais longo - como parceiro de treino, observador ou fonte de inspira\u00e7\u00e3o. Independente. N\u00e3o est\u00e1 \u00e0 venda e n\u00e3o tem um foco de software. Eu pr\u00f3prio sou programador de software h\u00e1 mais de 15 anos e implementei in\u00fameros sistemas digitais para empresas - especialmente com base no FileMaker. Mas o meu trabalho de consultor n\u00e3o consiste em vender o FileMaker ou impor uma solu\u00e7\u00e3o espec\u00edfica. Trata-se de encontrar a solu\u00e7\u00e3o certa para a sua empresa - mesmo que isso signifique que pode n\u00e3o ser uma solu\u00e7\u00e3o t\u00e9cnica de todo.<\/li>\n<\/ol>\n<ul>\n<li>Por vezes, uma mudan\u00e7a na estrutura da reuni\u00e3o \u00e9 suficiente.<\/li>\n<li>Ou uma clarifica\u00e7\u00e3o clara dos pap\u00e9is.<\/li>\n<li>Ou a decis\u00e3o de abandonar um projeto.<\/li>\n<\/ul>\n<h2>O aconselhamento sist\u00e9mico significa prestar um apoio aberto.<\/h2>\n<p>N\u00e3o otimizar a todo o custo - mas voltar a um fluxo harmonioso. O que pode esperar de mim:<\/p>\n<ul>\n<li>Olhos e ouvidos abertos<\/li>\n<li>Palavras claras sem jarg\u00e3o t\u00e9cnico<\/li>\n<li>An\u00e1lises estruturadas com atitude<\/li>\n<li>Respeito pelas pessoas, processos e recursos<\/li>\n<li>Conhecimento t\u00e9cnico - mas n\u00e3o como uma panaceia<\/li>\n<li>Sem compromisso com ferramentas ou prestadores de servi\u00e7os espec\u00edficos<\/li>\n<\/ul>\n<h3>Interessado?<\/h3>\n<p>Se tem a sensa\u00e7\u00e3o de que h\u00e1 quest\u00f5es na sua empresa que n\u00e3o devem ser apenas \"digitalizadas\", mas realmente esclarecidas, ent\u00e3o <strong><a href=\"mailto:in**@*********er.de\" data-original-string=\"PYNecjD3Gw1qfNaY3+dyEg==680SXp\/UArXu5PwgMmGkAKq1WnCBx0TeFduDosZTgQ1mtU=\" title=\"Este contacto foi codificado pelo Anti-Spam da CleanTalk. Clique para descodificar. Para terminar a descodifica\u00e7\u00e3o, certifique-se de que o JavaScript est\u00e1 ativado no seu browser.\">contacte-nos<\/a><\/strong> para uma primeira consulta sem compromisso.<\/p>","protected":false},"excerpt":{"rendered":"<p>Consultoria de Gest\u00e3o Sist\u00e9mica Em muitas empresas, a vida quotidiana est\u00e1 a decorrer - de alguma forma. Mas, por baixo da superf\u00edcie, sente-se que a organiza\u00e7\u00e3o j\u00e1 n\u00e3o est\u00e1 a funcionar como deveria. As responsabilidades s\u00e3o pouco claras. Os canais de decis\u00e3o n\u00e3o s\u00e3o claros. As novas ferramentas n\u00e3o trazem al\u00edvio, mas sim mais confus\u00e3o. E ningu\u00e9m sabe exatamente qual \u00e9 o problema. \u00c9 exatamente aqui que entra a consultoria de gest\u00e3o sist\u00e9mica. Ela analisa ... <a title=\"Consultoria de gest\u00e3o\" class=\"read-more\" href=\"https:\/\/www.markus-schall.de\/pt\/consultoria-de-gestao\/\" aria-label=\"Leia mais sobre Consultoria de Gest\u00e3o\">Ler mais<\/a><\/p>","protected":false},"author":1,"featured_media":0,"parent":0,"menu_order":0,"comment_status":"closed","ping_status":"closed","template":"","meta":{"iawp_total_views":152,"footnotes":""},"class_list":["post-3171","page","type-page","status-publish"],"_links":{"self":[{"href":"https:\/\/www.markus-schall.de\/pt\/wp-json\/wp\/v2\/pages\/3171","targetHints":{"allow":["GET"]}}],"collection":[{"href":"https:\/\/www.markus-schall.de\/pt\/wp-json\/wp\/v2\/pages"}],"about":[{"href":"https:\/\/www.markus-schall.de\/pt\/wp-json\/wp\/v2\/types\/page"}],"author":[{"embeddable":true,"href":"https:\/\/www.markus-schall.de\/pt\/wp-json\/wp\/v2\/users\/1"}],"replies":[{"embeddable":true,"href":"https:\/\/www.markus-schall.de\/pt\/wp-json\/wp\/v2\/comments?post=3171"}],"version-history":[{"count":14,"href":"https:\/\/www.markus-schall.de\/pt\/wp-json\/wp\/v2\/pages\/3171\/revisions"}],"predecessor-version":[{"id":4053,"href":"https:\/\/www.markus-schall.de\/pt\/wp-json\/wp\/v2\/pages\/3171\/revisions\/4053"}],"wp:attachment":[{"href":"https:\/\/www.markus-schall.de\/pt\/wp-json\/wp\/v2\/media?parent=3171"}],"curies":[{"name":"wp","href":"https:\/\/api.w.org\/{rel}","templated":true}]}}