{"id":3209,"date":"2025-10-25T14:21:30","date_gmt":"2025-10-25T14:21:30","guid":{"rendered":"https:\/\/www.markus-schall.de\/?page_id=3209"},"modified":"2026-02-09T18:48:24","modified_gmt":"2026-02-09T18:48:24","slug":"contacto","status":"publish","type":"page","link":"https:\/\/www.markus-schall.de\/pt\/contacto\/","title":{"rendered":"Contactar-nos"},"content":{"rendered":"<p data-start=\"206\" data-end=\"472\"><img loading=\"lazy\" decoding=\"async\" class=\"size-large wp-image-3443 alignnone\" src=\"http:\/\/www.markus-schall.de\/wp-content\/uploads\/Kontakt-1024x683.jpg\" alt=\"Contactar-nos\" width=\"1024\" height=\"683\" srcset=\"https:\/\/www.markus-schall.de\/wp-content\/uploads\/Kontakt-1024x683.jpg 1024w, https:\/\/www.markus-schall.de\/wp-content\/uploads\/Kontakt-300x200.jpg 300w, https:\/\/www.markus-schall.de\/wp-content\/uploads\/Kontakt-768x512.jpg 768w, https:\/\/www.markus-schall.de\/wp-content\/uploads\/Kontakt-18x12.jpg 18w, https:\/\/www.markus-schall.de\/wp-content\/uploads\/Kontakt.jpg 1536w\" sizes=\"auto, (max-width: 1024px) 100vw, 1024px\" \/><\/p>\n<p data-start=\"206\" data-end=\"472\">Por vezes, uma breve troca de impress\u00f5es pessoais \u00e9 a forma mais f\u00e1cil de esclarecer uma quest\u00e3o ou de refletir sobre uma ideia.<\/p>\n<p data-start=\"206\" data-end=\"472\">Pode utilizar o seguinte formul\u00e1rio para me enviar uma mensagem - quer seja sobre a editora, os meus livros, o meu software ERP, consultoria de gest\u00e3o, solu\u00e7\u00f5es de IA ou uma poss\u00edvel colabora\u00e7\u00e3o.<\/p>\n<p data-start=\"474\" data-end=\"651\">Eu pr\u00f3prio leio todas as mensagens e respondo normalmente no prazo de alguns dias. Por favor, descreva o seu pedido o mais claramente poss\u00edvel para que eu possa responder-lhe especificamente.<\/p>\n<p data-start=\"653\" data-end=\"776\">Os seus dados ser\u00e3o, obviamente, tratados de forma confidencial e utilizados exclusivamente para responder ao seu pedido de informa\u00e7\u00e3o. Aplicam-se as seguintes diretrizes <a href=\"https:\/\/www.markus-schall.de\/pt\/impressao\/\">Prote\u00e7\u00e3o de dados<\/a>.<\/p>\n<div class=\"forminator-ui forminator-custom-form forminator-custom-form-3208 forminator-design--flat  forminator_ajax\" data-forminator-render=\"0\" data-form=\"forminator-module-3208\" data-uid=\"69e49494a96b5\"><br\/><\/div><form\n\t\t\t\tid=\"forminator-module-3208\"\n\t\t\t\tclass=\"forminator-ui forminator-custom-form forminator-custom-form-3208 forminator-design--flat  forminator_ajax\"\n\t\t\t\tmethod=\"post\"\n\t\t\t\tdata-forminator-render=\"0\"\n\t\t\t\tdata-form-id=\"3208\"\n\t\t\t\t data-color-option=\"theme\" data-design=\"flat\" data-grid=\"open\" style=\"display: none;\"\n\t\t\t\tdata-uid=\"69e49494a96b5\" action=\"\"\n\t\t\t><div role=\"alert\" aria-live=\"polite\" class=\"forminator-response-message forminator-error\" aria-hidden=\"true\"><\/div><div class=\"forminator-row\"><div id=\"name-1\" class=\"forminator-field-name forminator-col forminator-col-12\"><div class=\"forminator-field\"><label for=\"forminator-field-name-1_69e49494a96b5\" id=\"forminator-field-name-1_69e49494a96b5-label\" class=\"forminator-label\">Nome <span class=\"forminator-required\">*<\/span><\/label><input type=\"text\" name=\"name-1\" value=\"\" placeholder=\"\" id=\"forminator-field-name-1_69e49494a96b5\" class=\"forminator-input forminator-name--field\" aria-required=\"true\" autocomplete=\"name\" \/><\/div><\/div><\/div><div class=\"forminator-row\"><div id=\"email-1\" class=\"forminator-field-email forminator-col forminator-col-12\"><div class=\"forminator-field\"><label for=\"forminator-field-email-1_69e49494a96b5\" id=\"forminator-field-email-1_69e49494a96b5-label\" class=\"forminator-label\">Endere\u00e7o eletr\u00f3nico <span class=\"forminator-required\">*<\/span><\/label><input type=\"email\" name=\"email-1\" value=\"\" placeholder=\"\" id=\"forminator-field-email-1_69e49494a96b5\" class=\"forminator-input forminator-email--field\" data-required=\"true\" aria-required=\"true\" autocomplete=\"email\" \/><\/div><\/div><\/div><div class=\"forminator-row\"><div id=\"phone-1\" class=\"forminator-field-phone forminator-col forminator-col-12\"><div class=\"forminator-field\"><label for=\"forminator-field-phone-1_69e49494a96b5\" id=\"forminator-field-phone-1_69e49494a96b5-label\" class=\"forminator-label\">N\u00famero de telefone<\/label><input type=\"text\" name=\"phone-1\" value=\"\" placeholder=\"\" id=\"forminator-field-phone-1_69e49494a96b5\" class=\"forminator-input forminator-field--phone\" data-required=\"\" aria-required=\"false\" autocomplete=\"off\" \/><\/div><\/div><\/div><div class=\"forminator-row\"><div id=\"select-1\" class=\"forminator-field-select forminator-col forminator-col-12\"><div class=\"forminator-field\"><label for=\"forminator-form-3208__field--select-1_69e49494a96b5\" id=\"forminator-form-3208__field--select-1_69e49494a96b5-label\" class=\"forminator-label\">Interesse em<\/label><select  id=\"forminator-form-3208__field--select-1_69e49494a96b5\" class=\"forminator-select--field forminator-select2 forminator-select2-multiple\" data-required=\"\" name=\"select-1\" data-default-value=\"\" data-hidden-behavior=\"zero\" data-placeholder=\"\" data-search=\"false\" data-search-placeholder=\"\" data-checkbox=\"false\" data-allow-clear=\"false\" aria-labelledby=\"forminator-form-3208__field--select-1_69e49494a96b5-label\"><option value=\"Allgemeine-Anfrage\"  data-calculation=\"0\">Informa\u00e7\u00f5es gerais<\/option><option value=\"Gastbeitrag-als-Unternehmen\"  data-calculation=\"0\">Revista internacional pr\u00f3pria<\/option><option value=\"one\"  data-calculation=\"0\">Livros \/ Editor de livros<\/option><option value=\"Gastbeitrag-als-Autor\"  data-calculation=\"0\">Contribui\u00e7\u00e3o como autor convidado<\/option><option value=\"Eigenes-internationales-Magazin\"  data-calculation=\"0\">Contribui\u00e7\u00e3o dos convidados enquanto empresa<\/option><option value=\"Artikelservice-Redaktion\"  data-calculation=\"0\">Servi\u00e7o de artigos\/escrit\u00f3rio editorial\/PR<\/option><option value=\"two\"  data-calculation=\"0\">Consultoria estrat\u00e9gica<\/option><option value=\"KI-L\u00f6sungen\"  data-calculation=\"0\">Software ERP<\/option><option value=\"KI-L\u00f6sungen\"  data-calculation=\"0\">Consultoria de gest\u00e3o<\/option><\/select><\/div><\/div><\/div><div class=\"forminator-row\"><div id=\"textarea-1\" class=\"forminator-field-textarea forminator-col forminator-col-12\"><div class=\"forminator-field\"><label for=\"forminator-field-textarea-1_69e49494a96b5\" id=\"forminator-field-textarea-1_69e49494a96b5-label\" class=\"forminator-label\">Mensagem<\/label><span id=\"forminator-field-textarea-1_69e49494a96b5-description\" class=\"forminator-description\"><span data-limit=\"1000\" data-type=\"characters\" data-editor=\"\">0 \/ 1000<\/span><\/span><textarea name=\"textarea-1\" placeholder=\"\" id=\"forminator-field-textarea-1_69e49494a96b5\" class=\"forminator-textarea\" rows=\"6\" style=\"min-height:140px;\" maxlength=\"1000\" ><\/textarea><\/div><\/div><\/div><input type=\"hidden\" name=\"referer_url\" value=\"\" \/><div class=\"forminator-row forminator-row-last\"><div class=\"forminator-col\"><div class=\"forminator-field\"><button class=\"forminator-button forminator-button-submit\">Envio<\/button><\/div><\/div><\/div><input type=\"hidden\" id=\"forminator_nonce\" name=\"forminator_nonce\" value=\"2542e769a6\" \/><input type=\"hidden\" name=\"_wp_http_referer\" value=\"\/pt\/wp-json\/wp\/v2\/pages\/3209\" \/><input type=\"hidden\" name=\"form_id\" value=\"3208\"><input type=\"hidden\" name=\"page_id\" value=\"3209\"><input type=\"hidden\" name=\"form_type\" value=\"default\"><input type=\"hidden\" name=\"current_url\" value=\"https:\/\/www.markus-schall.de\/pt\/contacto\/\"><input type=\"hidden\" name=\"render_id\" value=\"0\"><input type=\"hidden\" name=\"action\" value=\"forminator_submit_form_custom-forms\"><label for=\"input_6\" class=\"forminator-hidden\" aria-hidden=\"true\">Por favor, n\u00e3o preencha este campo. <input id=\"input_6\" type=\"text\" name=\"input_6\" value=\"\" autocomplete=\"off\"><\/label><input type=\"hidden\" name=\"trp-form-language\" value=\"pt\"\/><\/form>","protected":false},"excerpt":{"rendered":"<p>Por vezes, uma breve troca de impress\u00f5es pessoais \u00e9 a forma mais f\u00e1cil de esclarecer uma quest\u00e3o ou levar uma ideia mais longe. Pode utilizar o formul\u00e1rio abaixo para me enviar uma mensagem - quer seja sobre a editora, os meus livros, o meu software ERP, consultoria de gest\u00e3o, solu\u00e7\u00f5es de IA ou uma poss\u00edvel colabora\u00e7\u00e3o. Eu pr\u00f3prio leio todas as mensagens e respondo normalmente no prazo de alguns dias. ... <a title=\"Contactar-nos\" class=\"read-more\" href=\"https:\/\/www.markus-schall.de\/pt\/contacto\/\" aria-label=\"Leia mais sobre contacto\">Ler mais<\/a><\/p>","protected":false},"author":1,"featured_media":0,"parent":0,"menu_order":0,"comment_status":"closed","ping_status":"closed","template":"","meta":{"iawp_total_views":178,"footnotes":""},"class_list":["post-3209","page","type-page","status-publish"],"_links":{"self":[{"href":"https:\/\/www.markus-schall.de\/pt\/wp-json\/wp\/v2\/pages\/3209","targetHints":{"allow":["GET"]}}],"collection":[{"href":"https:\/\/www.markus-schall.de\/pt\/wp-json\/wp\/v2\/pages"}],"about":[{"href":"https:\/\/www.markus-schall.de\/pt\/wp-json\/wp\/v2\/types\/page"}],"author":[{"embeddable":true,"href":"https:\/\/www.markus-schall.de\/pt\/wp-json\/wp\/v2\/users\/1"}],"replies":[{"embeddable":true,"href":"https:\/\/www.markus-schall.de\/pt\/wp-json\/wp\/v2\/comments?post=3209"}],"version-history":[{"count":7,"href":"https:\/\/www.markus-schall.de\/pt\/wp-json\/wp\/v2\/pages\/3209\/revisions"}],"predecessor-version":[{"id":4858,"href":"https:\/\/www.markus-schall.de\/pt\/wp-json\/wp\/v2\/pages\/3209\/revisions\/4858"}],"wp:attachment":[{"href":"https:\/\/www.markus-schall.de\/pt\/wp-json\/wp\/v2\/media?parent=3209"}],"curies":[{"name":"wp","href":"https:\/\/api.w.org\/{rel}","templated":true}]}}