{"id":3822,"date":"2025-12-04T07:05:20","date_gmt":"2025-12-04T07:05:20","guid":{"rendered":"https:\/\/www.markus-schall.de\/?page_id=3822"},"modified":"2026-04-22T15:10:08","modified_gmt":"2026-04-22T15:10:08","slug":"contribuicoes-de-convidados","status":"publish","type":"page","link":"https:\/\/www.markus-schall.de\/pt\/contribuicoes-de-convidados\/","title":{"rendered":"Publicar um artigo de convidado"},"content":{"rendered":"<p><img loading=\"lazy\" decoding=\"async\" class=\"alignnone wp-image-3823 size-large\" src=\"https:\/\/www.markus-schall.de\/wp-content\/uploads\/magazin-gastbeitraege.jpg\" alt=\"Artigos convidados na revista\" width=\"1024\" height=\"683\" srcset=\"https:\/\/www.markus-schall.de\/wp-content\/uploads\/magazin-gastbeitraege.jpg 1024w, https:\/\/www.markus-schall.de\/wp-content\/uploads\/magazin-gastbeitraege-300x200.jpg 300w, https:\/\/www.markus-schall.de\/wp-content\/uploads\/magazin-gastbeitraege-768x512.jpg 768w, https:\/\/www.markus-schall.de\/wp-content\/uploads\/magazin-gastbeitraege-18x12.jpg 18w\" sizes=\"auto, (max-width: 1024px) 100vw, 1024px\" \/><\/p>\n<h2>Artigos convidados na revista da M. Schall Verlag<\/h2>\n<p><strong>Alcance, subst\u00e2ncia e visibilidade - em dez l\u00ednguas<\/strong><\/p>\n<p>Nesta p\u00e1gina, tem a oportunidade de solicitar artigos para a revista em linha Markus Schall. A revista dirige-se a um p\u00fablico crescente que valoriza a subst\u00e2ncia, a clareza e a relev\u00e2ncia a longo prazo - e n\u00e3o os cliques a curto prazo. As contribui\u00e7\u00f5es dos convidados s\u00e3o, por isso, deliberadamente selecionadas, cuidadosamente examinadas pelos editores e depois publicadas em dez l\u00ednguas.<\/p>\n<p>Se tem um tema que realmente tem algo a dizer - profissional, humano ou empresarial - um artigo convidado na revista pode ser um alicerce sustent\u00e1vel para a sua visibilidade.<\/p>\n<h3>O que torna especial um artigo de convidado nesta revista?<\/h3>\n<p>Um artigo de convidado aqui \u00e9 mais do que um simples \u201eartigo com uma hiperliga\u00e7\u00e3o\u201c. Insere-se num conceito global que se centra na legibilidade a longo prazo, numa categoriza\u00e7\u00e3o clara e numa linguagem respeitosa. Um artigo convidado nesta revista:<\/p>\n<ul>\n<li>\u00e9 verificado e editado por profissionais,<\/li>\n<li>aparece simultaneamente em dez l\u00ednguas num dom\u00ednio que est\u00e1 em linha desde 1998,<\/li>\n<li>\u00e9 traduzido com a mais alta qualidade de tradu\u00e7\u00e3o autom\u00e1tica com DeepL Pro,<\/li>\n<li>\u00e9 incorporado no conte\u00fado de forma a poder ser encontrado e lido a longo prazo.<\/li>\n<\/ul>\n<p>Em vez de campanhas r\u00e1pidas, trata-se de conte\u00fados que ainda ser\u00e3o relevantes daqui a alguns anos - para os leitores e para o seu posicionamento.<\/p>\n<h2>Alem\u00e3o + dez l\u00ednguas - um pensamento: um verdadeiro alcance europeu<\/h2>\n<p>Muitos mercados j\u00e1 n\u00e3o est\u00e3o limitados ao territ\u00f3rio nacional. Se quer que o seu tema seja levado a s\u00e9rio, deve tamb\u00e9m ser vis\u00edvel fora das suas fronteiras nacionais. Por isso, todos os artigos de convidados s\u00e3o publicados, por norma, em dez outras l\u00ednguas:<\/p>\n<ul>\n<li><em>Alem\u00e3o (l\u00edngua materna)<\/em><\/li>\n<li>Ingl\u00eas<\/li>\n<li>franc\u00eas<\/li>\n<li>italiano<\/li>\n<li>espanhol<\/li>\n<li>holand\u00eas<\/li>\n<li>Portugu\u00eas<\/li>\n<li>Polaco<\/li>\n<li>Checo<\/li>\n<li>Russo<\/li>\n<li>Turco<\/li>\n<\/ul>\n<p>As tradu\u00e7\u00f5es s\u00e3o realizadas utilizando DeepL Pro - uma das mais poderosas tecnologias de tradu\u00e7\u00e3o autom\u00e1tica atualmente dispon\u00edveis. As tradu\u00e7\u00f5es s\u00e3o significativamente mais precisas do que as dos tradutores em linha gratuitos e s\u00e3o ideais como base para o multilinguismo profissional. Quando necess\u00e1rio, as formula\u00e7\u00f5es s\u00e3o tamb\u00e9m adaptadas editorialmente para que o texto pare\u00e7a coerente em todas as l\u00ednguas.<\/p>\n<h3>Para que \u00e9 que um artigo de convidado \u00e9 adequado?<\/h3>\n<p>Um guest post \u00e9 ideal se:<\/p>\n<ul>\n<li>quer apresentar a sua empresa, o seu servi\u00e7o ou a sua ideia de produto num ambiente adequado,<\/li>\n<li>pretende explicar um tema especializado de uma forma compreens\u00edvel e bem fundamentada,<\/li>\n<li>apresentar um ponto de vista sobre a evolu\u00e7\u00e3o social, sanit\u00e1ria ou t\u00e9cnica,<\/li>\n<li>Enquanto consultor, m\u00e9dico, terapeuta, programador, empres\u00e1rio ou autor, pretende tornar a sua experi\u00eancia vis\u00edvel a longo prazo.<\/li>\n<\/ul>\n<p>O importante \u00e9 que o artigo se enquadre no ambiente tem\u00e1tico da revista (sa\u00fade, IA, digitaliza\u00e7\u00e3o, sociedade, Europa, ERP\/FileMaker, temas empresariais) e que ofere\u00e7a, antes de mais, um valor acrescentado em termos de conte\u00fado - a publicidade s\u00f3 tem lugar no texto se for uma parte org\u00e2nica da sua hist\u00f3ria.<\/p>\n<h2>Tr\u00eas modelos para contribui\u00e7\u00f5es de convidados<\/h2>\n<p>Est\u00e3o dispon\u00edveis tr\u00eas formas de contribui\u00e7\u00f5es de convidados para responder a diferentes necessidades. A forma espec\u00edfica, a dura\u00e7\u00e3o, a profundidade e o pre\u00e7o ser\u00e3o esclarecidos individualmente em di\u00e1logo. Esta p\u00e1gina n\u00e3o especifica deliberadamente quaisquer montantes - o fator decisivo \u00e9 que o conte\u00fado, o \u00e2mbito e o objetivo da sua contribui\u00e7\u00e3o correspondam.<\/p>\n<ol>\n<li><strong>1\u00ba guest post com etiqueta e link no-follow<\/strong>A sua publica\u00e7\u00e3o ser\u00e1 claramente identificada como uma publica\u00e7\u00e3o de convidado. S\u00e3o colocados um ou mais links no-follow para o seu s\u00edtio Web, a sua empresa ou a sua oferta. Ideal para quem pretende sobretudo construir reputa\u00e7\u00e3o, visibilidade e credibilidade num contexto de conte\u00fado sem se concentrar na otimiza\u00e7\u00e3o dos motores de busca. Este modelo \u00e9 particularmente adequado para institui\u00e7\u00f5es, organiza\u00e7\u00f5es, consultores ou especialistas que pretendam sobretudo tornar vis\u00edvel a sua posi\u00e7\u00e3o e experi\u00eancia.<\/li>\n<li><strong>2. guest post com rotulagem e link do-follow<\/strong>A sua publica\u00e7\u00e3o ser\u00e1 claramente identificada como uma publica\u00e7\u00e3o de convidado. Pelo menos uma liga\u00e7\u00e3o do-follow refere-se ao seu s\u00edtio Web ou a uma p\u00e1gina de destino relevante. O conte\u00fado permanece de alta qualidade e editorialmente incorporado - n\u00e3o um artigo SEO artificial, mas um artigo limpo e bem fundamentado no qual uma liga\u00e7\u00e3o do-follow est\u00e1 significativamente ancorada. Este modelo \u00e9 interessante para as empresas que pretendem utilizar efeitos de SEO e um efeito de sinal mais forte para os motores de busca, para al\u00e9m do efeito de conte\u00fado do artigo.<\/li>\n<li><strong>3. contribui\u00e7\u00e3o editorialmente supervisionada (modelo premium)<\/strong>O seu tema ser\u00e1 trabalhado em estreita colabora\u00e7\u00e3o. O conte\u00fado do artigo ser\u00e1 estruturado e, se necess\u00e1rio, aprofundado atrav\u00e9s de pesquisas adicionais e adaptado estilisticamente ao tom t\u00edpico da revista. Dependendo do acordo, podem ser integrados links do-follow se fizerem sentido em termos de conte\u00fado. O foco aqui \u00e9 a prepara\u00e7\u00e3o editorial de alta qualidade que d\u00e1 ao seu t\u00f3pico profundidade, clareza e relev\u00e2ncia a longo prazo. Este modelo \u00e9 particularmente adequado para temas complexos, novos produtos que necessitem de explica\u00e7\u00e3o ou conte\u00fados que devam servir estrategicamente como artigo de refer\u00eancia - por exemplo, para consulta posterior ou para servir de base a outras publica\u00e7\u00f5es.<\/li>\n<\/ol>\n<h3>O que \u00e9 que distingue estes posts de convidados dos cl\u00e1ssicos \u201eposts patrocinados\u201c?<\/h3>\n<p>Muitos dos \u201eposts patrocinados\u201c na Internet s\u00e3o intercambi\u00e1veis: texto gen\u00e9rico, pouco conte\u00fado, publicidade vistosa, quase nenhuma refer\u00eancia a um foco tem\u00e1tico claro. Esta revista adopta uma abordagem diferente:<\/p>\n<ul>\n<li>O conte\u00fado vem antes da publicidade.<\/li>\n<li>O artigo deve ser valioso para o leitor, mesmo sem interesse na sua oferta.<\/li>\n<li>Sem SEO em massa.<\/li>\n<li>N\u00e3o s\u00e3o publicados pacotes de artigos produzidos de forma descuidada, mas sim contribui\u00e7\u00f5es individuais selecionadas e bem estruturadas.<\/li>\n<li>Orienta\u00e7\u00e3o a longo prazo.<\/li>\n<\/ul>\n<p>O objetivo n\u00e3o \u00e9 um impulso a curto prazo, mas a capacidade de localiza\u00e7\u00e3o e a relev\u00e2ncia a longo prazo. Isto cria uma situa\u00e7\u00e3o vantajosa para ambas as partes: o leitor obt\u00e9m conte\u00fados reais e voc\u00ea obt\u00e9m visibilidade num ambiente que transmite a sua mensagem.<\/p>\n<table class=\"gastbeitraege-vergleich\" style=\"width: 100%; border-collapse: collapse;\">\n<thead style=\"background-color: #f2f2f2;\">\n<tr>\n<th style=\"border: 1px solid #ccc; padding: 10px;\">Modelo<\/th>\n<th style=\"border: 1px solid #ccc; padding: 10px;\">Vantagens<\/th>\n<th style=\"border: 1px solid #ccc; padding: 10px;\">Notas e restri\u00e7\u00f5es<\/th>\n<\/tr>\n<\/thead>\n<tbody>\n<tr>\n<td style=\"border: 1px solid #ccc; padding: 10px;\"><strong>Publica\u00e7\u00e3o de convidado com etiqueta e liga\u00e7\u00e3o no-follow<\/strong><\/td>\n<td style=\"border: 1px solid #ccc; padding: 10px;\">- Rotulagem clara dos posts de convidados<br \/>\n- Visibilidade numa revista de qualidade<br \/>\n- Publica\u00e7\u00e3o em dez l\u00ednguas (DeepL Pro)<br \/>\n- Ideal para a reputa\u00e7\u00e3o e para aumentar a notoriedade<\/td>\n<td style=\"border: 1px solid #ccc; padding: 10px;\">- Sem valor de liga\u00e7\u00e3o SEO (No-Follow)<br \/>\n- O conte\u00fado deve ser totalmente s\u00e9rio<br \/>\n- Sem liga\u00e7\u00f5es de afiliados, sem ind\u00fastrias duvidosas<\/td>\n<\/tr>\n<tr>\n<td style=\"border: 1px solid #ccc; padding: 10px;\"><strong>Publica\u00e7\u00e3o de convidado com r\u00f3tulo e liga\u00e7\u00e3o do-follow<\/strong><\/td>\n<td style=\"border: 1px solid #ccc; padding: 10px;\">- Todas as vantagens do modelo no-follow<br \/>\n- Adicionalmente, uma liga\u00e7\u00e3o do-follow eficaz em termos de SEO<br \/>\n- Boa escolha para empresas que pretendem utilizar os sinais dos motores de busca<\/td>\n<td style=\"border: 1px solid #ccc; padding: 10px;\">- A liga\u00e7\u00e3o s\u00f3 pode apontar para um s\u00edtio Web genu\u00edno e de boa reputa\u00e7\u00e3o<br \/>\n- N\u00e3o s\u00e3o permitidas liga\u00e7\u00f5es de afiliados ou de rastreio<br \/>\n- Temas como o casino, o erotismo, modelos financeiros duvidosos exclu\u00eddos<\/td>\n<\/tr>\n<tr>\n<td style=\"border: 1px solid #ccc; padding: 10px;\"><strong>Contribui\u00e7\u00e3o editorialmente controlada (Premium)<\/strong><\/td>\n<td style=\"border: 1px solid #ccc; padding: 10px;\">- A estrutura e o texto s\u00e3o preparados com profissionalismo<br \/>\n- Elevada qualidade editorial e personaliza\u00e7\u00e3o estil\u00edstica<br \/>\n- Publica\u00e7\u00e3o em dez l\u00ednguas, incluindo afina\u00e7\u00e3o<br \/>\n- Ideal para temas complexos ou posicionamento estrat\u00e9gico<\/td>\n<td style=\"border: 1px solid #ccc; padding: 10px;\">- Requer mais tempo de coordena\u00e7\u00e3o e processamento<br \/>\n- Tamb\u00e9m aqui: sem liga\u00e7\u00f5es de afiliados, sem jogos de azar\/erotismo<br \/>\n- Os conte\u00fados devem oferecer um verdadeiro valor acrescentado e n\u00e3o uma simples publicidade<\/td>\n<\/tr>\n<\/tbody>\n<\/table>\n<h2>Como \u00e9 que a colabora\u00e7\u00e3o funciona?<\/h2>\n<p>O procedimento t\u00edpico \u00e9 o seguinte:<\/p>\n<ul>\n<li><a href=\"https:\/\/www.markus-schall.de\/pt\/contacto\/\"><strong>Pedido de informa\u00e7\u00e3o atrav\u00e9s do formul\u00e1rio<\/strong><\/a>Envie-nos os seus dados essenciais atrav\u00e9s do formul\u00e1rio de contacto: T\u00f3pico, grupo-alvo, modelo pretendido (no-follow, do-follow ou editorial) e uma breve descri\u00e7\u00e3o do seu pedido.<\/li>\n<li><strong>Testes e feedback<\/strong>A sua sugest\u00e3o ser\u00e1 verificada: O tema \u00e9 adequado para a revista? Qual \u00e9 o modelo mais adequado? Como poderia ser a estrutura do artigo? Receber\u00e1 um feedback com uma avalia\u00e7\u00e3o e uma sugest\u00e3o para os passos seguintes.<\/li>\n<li><strong>Coordena\u00e7\u00e3o de conte\u00fados<\/strong>O autor fornece um projeto de texto - ou, no caso de apoio editorial, os pontos-chave e os materiais (por exemplo, PDF, apresenta\u00e7\u00e3o, textos existentes). O artigo ser\u00e1 preparado ou optimizado nesta base.<\/li>\n<li><strong>Edi\u00e7\u00e3o, aprova\u00e7\u00e3o, tradu\u00e7\u00e3o<\/strong>O artigo \u00e9 revisto linguisticamente, estruturado e enviado ao utilizador para aprova\u00e7\u00e3o. Ap\u00f3s a aprova\u00e7\u00e3o, o texto \u00e9 traduzido para as outras l\u00ednguas utilizando DeepL Pro e incorporado editorialmente.<\/li>\n<li><strong>Publica\u00e7\u00e3o na revista<\/strong>O seu artigo aparecer\u00e1 na revista e nas vers\u00f5es lingu\u00edsticas correspondentes do s\u00edtio; as hiperliga\u00e7\u00f5es e a rotulagem ser\u00e3o definidas conforme acordado.<\/li>\n<\/ul>\n<h3>O que \u00e9 que um bom guest post deve ter?<\/h3>\n<p>Para fazer justi\u00e7a aos leitores, a sua contribui\u00e7\u00e3o deve<\/p>\n<ul>\n<li>ter um tema claramente reconhec\u00edvel com relev\u00e2ncia pr\u00e1tica,<\/li>\n<li>Evite o exagero e privilegie a objetividade e a clareza,<\/li>\n<li>mostrar experi\u00eancias reais, estudos de casos ou aspectos concretos dos benef\u00edcios,<\/li>\n<li>O estilo da revista corresponde ao tom calmo e respeitoso da revista.<\/li>\n<\/ul>\n<p>A publicidade \u00e9 permitida, mas inserida numa hist\u00f3ria, num exemplo, num argumento claro. Os leitores devem ter a sensa\u00e7\u00e3o de que: Este texto ajuda-me, mesmo que eu n\u00e3o utilize a oferta espec\u00edfica hoje.<\/p>\n<h3>Solicitar um artigo de convidado agora<\/h3>\n<p>Se desejar publicar um artigo convidado na revista Markus Schall, utilize o formul\u00e1rio <a href=\"https:\/\/www.markus-schall.de\/pt\/contacto\/\"><strong>Formul\u00e1rio de contacto<\/strong><\/a> nesta p\u00e1gina. Descreva em poucas frases:<\/p>\n<ul>\n<li>O seu tema<\/li>\n<li>O seu grupo-alvo<\/li>\n<li>O seu modelo preferido (no-follow, do-follow ou gerido editorialmente)<\/li>\n<\/ul>\n<p>Receber\u00e1 ent\u00e3o um feedback personalizado com uma proposta para os pr\u00f3ximos passos e para o seu estado individual.<\/p>\n<h3>Do primeiro computador \u00e0 sua pr\u00f3pria plataforma - como este dom\u00ednio cresceu<\/h3>\n<p><a href=\"https:\/\/www.markus-schall.de\/pt\/2026\/03\/do-commodore-c16-ao-wordpress-uma-viagem-pelos-primeiros-anos-da-internet\/\"><img loading=\"lazy\" decoding=\"async\" class=\"alignright wp-image-5191 size-medium\" src=\"https:\/\/www.markus-schall.de\/wp-content\/uploads\/Vom-Modem-zum-Internet-300x200.jpg\" alt=\"Do modem \u00e0 Internet e \u00e0 revista\" width=\"300\" height=\"200\" srcset=\"https:\/\/www.markus-schall.de\/wp-content\/uploads\/Vom-Modem-zum-Internet-300x200.jpg 300w, https:\/\/www.markus-schall.de\/wp-content\/uploads\/Vom-Modem-zum-Internet-768x512.jpg 768w, https:\/\/www.markus-schall.de\/wp-content\/uploads\/Vom-Modem-zum-Internet-18x12.jpg 18w, https:\/\/www.markus-schall.de\/wp-content\/uploads\/Vom-Modem-zum-Internet.jpg 1024w\" sizes=\"auto, (max-width: 300px) 100vw, 300px\" \/><\/a>Esta plataforma n\u00e3o foi criada de um dia para o outro. Por detr\u00e1s dela est\u00e1 um desenvolvimento que remonta aos primeiros anos da Internet - desde o Commodore C16 at\u00e9 aos primeiros sistemas de caixa de correio e p\u00e1ginas HTML simples <a href=\"https:\/\/www.markus-schall.de\/pt\/2026\/03\/do-commodore-c16-ao-wordpress-uma-viagem-pelos-primeiros-anos-da-internet\/\"><strong>at\u00e9 uma estrutura WordPress est\u00e1vel<\/strong><\/a>, que evoluiu ao longo de muitos anos. O que hoje parece ser uma revista em linha moderna \u00e9, na realidade, o resultado de mais de tr\u00eas d\u00e9cadas de trabalho cont\u00ednuo, personaliza\u00e7\u00e3o e decis\u00f5es t\u00e9cnicas.<\/p>\n<p>\u00c9 precisamente por isso que os guest posts aqui s\u00e3o mais do que apenas visibilidade a curto prazo. Aparecem num ambiente que cresceu - n\u00e3o foi comprado em conjunto, n\u00e3o foi artificialmente inflacionado. Aqueles que publicam aqui tornam-se parte de uma estrutura concebida para o longo prazo e que constr\u00f3i organicamente o seu alcance. Se estiver interessado em saber em pormenor como surgiu este desenvolvimento, pode encontrar o artigo de fundo sobre a hist\u00f3ria deste dom\u00ednio aqui - desde as primeiras linhas de c\u00f3digo at\u00e9 \u00e0 revista atual.<\/p>\n<hr \/>\n<h2>Perguntas mais frequentes<\/h2>\n<ol>\n<li><strong>A quem se destinam melhor os artigos de convidados da revista?<\/strong><br \/>\nOs artigos de convidados s\u00e3o ideais para empres\u00e1rios, autores especializados, consultores, m\u00e9dicos, promotores e qualquer pessoa que queira ter visibilidade com um tema substancial. \u00c9 fundamental que o artigo ofere\u00e7a um verdadeiro valor acrescentado, transmita uma mensagem clara e se enquadre no \u00e2mbito tem\u00e1tico da revista. Os leitores procuram aqui orienta\u00e7\u00e3o - e n\u00e3o um texto publicit\u00e1rio superficial.<\/li>\n<li><strong>Que temas s\u00e3o geralmente adequados?<\/strong><br \/>\nOs temas adequados incluem sa\u00fade, IA, digitaliza\u00e7\u00e3o, ERP\/FileMaker, Europa, sociedade, neg\u00f3cios ou \u00e1reas de desenvolvimento pessoal. \u00c9 importante que o texto tenha uma profundidade de conte\u00fado e seja escrito num tom calmo e factual. O artigo deve inserir-se organicamente na linha tem\u00e1tica da revista.<\/li>\n<li><strong>Que temas ou conte\u00fados est\u00e3o expressamente exclu\u00eddos?<\/strong><br \/>\nN\u00e3o s\u00e3o permitidas mensagens de convidados sobre jogos de azar, casinos, erotismo, modelos financeiros duvidosos, burlas ou outros sectores duvidosos. Tamb\u00e9m est\u00e3o exclu\u00eddas as contribui\u00e7\u00f5es que apenas pretendam colocar liga\u00e7\u00f5es de afiliados ou que sirvam principalmente para aumentar rapidamente o tr\u00e1fego. A revista deve continuar a ser um local fi\u00e1vel para conte\u00fados s\u00e9rios.<\/li>\n<li><strong>Posso utilizar liga\u00e7\u00f5es de afiliados na minha publica\u00e7\u00e3o como convidado?<\/strong><br \/>\nN\u00e3o. N\u00e3o s\u00e3o permitidas liga\u00e7\u00f5es de afiliados, liga\u00e7\u00f5es de rastreio e constru\u00e7\u00f5es semelhantes. S\u00f3 s\u00e3o permitidas hiperliga\u00e7\u00f5es de s\u00edtios Web genu\u00ednos e honestos que remetam para p\u00e1ginas-alvo com boa reputa\u00e7\u00e3o. As hiperliga\u00e7\u00f5es devem servir o leitor e n\u00e3o um modelo de comiss\u00e3o. Isto garante que a revista se mant\u00e9m fi\u00e1vel e cred\u00edvel.<\/li>\n<li><strong>Que tipos de hiperliga\u00e7\u00f5es posso utilizar num guest post?<\/strong><br \/>\nExistem duas variantes: Posts de convidados com um link no-follow e posts de convidados com um link do-follow. A variante que faz sentido depende do objetivo da publica\u00e7\u00e3o: reputa\u00e7\u00e3o, visibilidade, efeito de sinaliza\u00e7\u00e3o SEO ou uma combina\u00e7\u00e3o de v\u00e1rios factores. No caso do apoio editorial, decidimos em conjunto qual a melhor forma de utilizar a liga\u00e7\u00e3o.<\/li>\n<li><strong>Como funciona a publica\u00e7\u00e3o em dez l\u00ednguas?<\/strong><br \/>\nUma vez aprovado o texto original em alem\u00e3o, o artigo \u00e9 traduzido para nove outras l\u00ednguas utilizando o DeepL Pro. As tradu\u00e7\u00f5es s\u00e3o ent\u00e3o verificadas por editores, suavizadas e adaptadas estilisticamente \u00e0 respectiva vers\u00e3o lingu\u00edstica da revista. O resultado \u00e9 um alcance europeu que se estende muito para al\u00e9m das fronteiras nacionais.<\/li>\n<li><strong>Quem verifica a qualidade da contribui\u00e7\u00e3o dos convidados?<\/strong><br \/>\nCada contribui\u00e7\u00e3o \u00e9 verificada pessoalmente. O objetivo \u00e9 produzir um texto estilisticamente adequado \u00e0 revista e tecnicamente convincente. Os desvios estil\u00edsticos mais importantes s\u00e3o corrigidos editorialmente. Para temas mais complexos, recomendamos o modelo premium, no qual a estrutura, a linguagem e a categoriza\u00e7\u00e3o s\u00e3o acompanhadas de perto.<\/li>\n<li><strong>Que requisitos deve preencher o meu texto?<\/strong><br \/>\nO artigo deve ser estruturado de forma clara, ter uma utilidade compreens\u00edvel, n\u00e3o utilizar uma reda\u00e7\u00e3o sensacionalista, ser factual e respeitoso, fazer afirma\u00e7\u00f5es verific\u00e1veis ou apresentar experi\u00eancias pessoais de forma transparente. Pode ser feita publicidade, mas apenas no \u00e2mbito de uma argumenta\u00e7\u00e3o s\u00f3lida.<\/li>\n<li><strong>Posso contribuir com imagens ou gr\u00e1ficos?<\/strong><br \/>\nSim, desde que os direitos de utiliza\u00e7\u00e3o tenham sido claramente clarificados. As imagens devem ter um aspeto s\u00e9rio e corresponder ao estilo da revista. N\u00e3o utilizamos gr\u00e1ficos sensacionalistas ou publicit\u00e1rios. Se necess\u00e1rio, a revista pode tamb\u00e9m acrescentar ou adaptar os seus pr\u00f3prios gr\u00e1ficos.<\/li>\n<li><strong>Quanto tempo demora desde o primeiro contacto at\u00e9 \u00e0 publica\u00e7\u00e3o?<\/strong><br \/>\nIsso depende do modelo. Um artigo de convidado finalizado pode normalmente ser verificado, polido e publicado em poucos dias. As contribui\u00e7\u00f5es editoriais requerem um pouco mais de tempo, uma vez que a estrutura, a l\u00edngua e a coordena\u00e7\u00e3o s\u00e3o cuidadosamente elaboradas. As tradu\u00e7\u00f5es s\u00e3o efectuadas imediatamente ap\u00f3s a aprova\u00e7\u00e3o.<\/li>\n<li><strong>Uma publica\u00e7\u00e3o de convidado pode ser actualizada ou alargada mais tarde?<\/strong><br \/>\nSim, se o conte\u00fado evoluir ou se forem acrescentados novos aspectos, o artigo pode ser atualizado ap\u00f3s consulta. Isto \u00e9 particularmente \u00fatil para temas t\u00e9cnicos ou relacionados com a sa\u00fade, a fim de garantir a relev\u00e2ncia a longo prazo e manter o multilinguismo atualizado.<\/li>\n<li><strong>Como \u00e9 que envio um pedido para um artigo de convidado?<\/strong><br \/>\nPode utilizar o formul\u00e1rio de contacto desta p\u00e1gina para descrever brevemente o seu tema, o objetivo e o modelo pretendido (no-follow, do-follow ou gerido editorialmente). Receber\u00e1 ent\u00e3o um feedback personalizado com uma avalia\u00e7\u00e3o, um processo e condi\u00e7\u00f5es. S\u00f3 ent\u00e3o ser\u00e1 tomada uma decis\u00e3o vinculativa sobre a pertin\u00eancia de uma colabora\u00e7\u00e3o.<\/li>\n<\/ol>","protected":false},"excerpt":{"rendered":"<p>Contribui\u00e7\u00f5es de convidados para a revista da M. Schall Verlag Alcance, subst\u00e2ncia e visibilidade - em dez l\u00ednguas Nesta p\u00e1gina, tem a oportunidade de solicitar contribui\u00e7\u00f5es de convidados para a revista em linha Markus Schall. A revista dirige-se a um p\u00fablico crescente que valoriza a subst\u00e2ncia, a clareza e a relev\u00e2ncia a longo prazo - e n\u00e3o os cliques a curto prazo. Por isso, as contribui\u00e7\u00f5es dos convidados s\u00e3o ... <a title=\"Publicar um artigo de convidado\" class=\"read-more\" href=\"https:\/\/www.markus-schall.de\/pt\/contribuicoes-de-convidados\/\" aria-label=\"Leia mais sobre Publicar guest post\">Ler mais<\/a><\/p>","protected":false},"author":1,"featured_media":0,"parent":0,"menu_order":0,"comment_status":"closed","ping_status":"closed","template":"","meta":{"iawp_total_views":130,"footnotes":""},"class_list":["post-3822","page","type-page","status-publish"],"_links":{"self":[{"href":"https:\/\/www.markus-schall.de\/pt\/wp-json\/wp\/v2\/pages\/3822","targetHints":{"allow":["GET"]}}],"collection":[{"href":"https:\/\/www.markus-schall.de\/pt\/wp-json\/wp\/v2\/pages"}],"about":[{"href":"https:\/\/www.markus-schall.de\/pt\/wp-json\/wp\/v2\/types\/page"}],"author":[{"embeddable":true,"href":"https:\/\/www.markus-schall.de\/pt\/wp-json\/wp\/v2\/users\/1"}],"replies":[{"embeddable":true,"href":"https:\/\/www.markus-schall.de\/pt\/wp-json\/wp\/v2\/comments?post=3822"}],"version-history":[{"count":11,"href":"https:\/\/www.markus-schall.de\/pt\/wp-json\/wp\/v2\/pages\/3822\/revisions"}],"predecessor-version":[{"id":5811,"href":"https:\/\/www.markus-schall.de\/pt\/wp-json\/wp\/v2\/pages\/3822\/revisions\/5811"}],"wp:attachment":[{"href":"https:\/\/www.markus-schall.de\/pt\/wp-json\/wp\/v2\/media?parent=3822"}],"curies":[{"name":"wp","href":"https:\/\/api.w.org\/{rel}","templated":true}]}}