{"id":738,"date":"2011-09-28T08:23:39","date_gmt":"2011-09-28T08:23:39","guid":{"rendered":"https:\/\/markus-schall.de\/?page_id=738"},"modified":"2026-04-22T15:07:59","modified_gmt":"2026-04-22T15:07:59","slug":"software-erp","status":"publish","type":"page","link":"https:\/\/www.markus-schall.de\/pt\/software-erp\/","title":{"rendered":"Software ERP"},"content":{"rendered":"<p><img loading=\"lazy\" decoding=\"async\" class=\"size-large wp-image-3182 alignnone\" src=\"http:\/\/www.markus-schall.de\/wp-content\/uploads\/ERP-Software.jpg\" alt=\"Software ERP\" width=\"1024\" height=\"683\" srcset=\"https:\/\/www.markus-schall.de\/wp-content\/uploads\/ERP-Software.jpg 1024w, https:\/\/www.markus-schall.de\/wp-content\/uploads\/ERP-Software-300x200.jpg 300w, https:\/\/www.markus-schall.de\/wp-content\/uploads\/ERP-Software-768x512.jpg 768w, https:\/\/www.markus-schall.de\/wp-content\/uploads\/ERP-Software-18x12.jpg 18w\" sizes=\"auto, (max-width: 1024px) 100vw, 1024px\" \/><\/p>\n<h2>Software ERP para pensadores independentes - flex\u00edvel, local, independente<\/h2>\n<p><img loading=\"lazy\" decoding=\"async\" class=\"alignleft wp-image-2465\" src=\"https:\/\/www.markus-schall.de\/wp-content\/uploads\/gofilemaker-logo-1.png\" alt=\"software ERP gofilemaker\" width=\"201\" height=\"69\" srcset=\"https:\/\/www.markus-schall.de\/wp-content\/uploads\/gofilemaker-logo-1.png 400w, https:\/\/www.markus-schall.de\/wp-content\/uploads\/gofilemaker-logo-1-300x103.png 300w, https:\/\/www.markus-schall.de\/wp-content\/uploads\/gofilemaker-logo-1-18x6.png 18w\" sizes=\"auto, (max-width: 201px) 100vw, 201px\" \/>O <strong>gFM-Business Software ERP<\/strong> \u00e9 um software empresarial pr\u00e1tico para todos aqueles que n\u00e3o est\u00e3o preparados para colocar os dados da sua empresa numa nuvem an\u00f3nima, mas que querem ser eles pr\u00f3prios a determinar como funcionam. A solu\u00e7\u00e3o baseia-se em <strong>Claris FileMaker<\/strong>uma ferramenta comprovada para o desenvolvimento de software personalizado, sendo, por isso, t\u00e3o flex\u00edvel como a sua pr\u00f3pria empresa.<\/p>\n<p>Quer seja uma empresa de artesanato, um prestador de servi\u00e7os ou uma empresa de venda por correspond\u00eancia - o gFM-Business adapta-se e n\u00e3o o contr\u00e1rio.<\/p>\n<hr \/>\n<h3>Tr\u00eas tamanhos de plataforma - uma ideia: manter o controlo<\/h3>\n<p>O ERP gFM-Business est\u00e1 dispon\u00edvel em tr\u00eas fases de expans\u00e3o, especificamente orientadas para as necessidades das pequenas e m\u00e9dias empresas:<\/p>\n<ol>\n<li><strong>C\u00f3digo aberto (gratuito): <\/strong>A vers\u00e3o de entrada ideal com gest\u00e3o de clientes, mestre de artigos, fatura\u00e7\u00e3o simples (fatura e nota de cr\u00e9dito) - pode ser utilizada diretamente como freeware e pode ser expandida abertamente com o FileMaker. O software tamb\u00e9m est\u00e1 dispon\u00edvel numa vers\u00e3o alargada OS Plus, que tamb\u00e9m pode criar cota\u00e7\u00f5es, encomendas, notas de entrega e lembretes.<\/li>\n<li><strong>B\u00e1sicos: <\/strong>Para necessidades crescentes: Cria\u00e7\u00e3o de documentos desde a cota\u00e7\u00e3o at\u00e9 ao lembrete, gest\u00e3o de projectos, registo de tempo, exporta\u00e7\u00e3o de dados e interfaces para todos os sistemas de lojas comuns (incluindo WooCommerce, Shopware, Shopify, Gambio, Modified).<\/li>\n<li><strong>Profissional: <\/strong>A nossa vers\u00e3o totalmente equipada para empresas com v\u00e1rios clientes, interfaces multi-lojas, formatos de fatura eletr\u00f3nica (ZUGFeRD, XRechnung) e multilinguismo - tamb\u00e9m pode ser utilizada internacionalmente.<\/li>\n<\/ol>\n<p><a href=\"https:\/\/www.markus-schall.de\/wp-content\/uploads\/Professional-ERP-Software-scaled.jpg\" rel=\"lightbox[738]\"><img loading=\"lazy\" decoding=\"async\" class=\"alignnone wp-image-2468 size-large\" src=\"https:\/\/www.markus-schall.de\/wp-content\/uploads\/Professional-ERP-Software-1024x536.jpg\" alt=\"gFM-Business Software ERP profissional\" width=\"1024\" height=\"536\" srcset=\"https:\/\/www.markus-schall.de\/wp-content\/uploads\/Professional-ERP-Software-1024x536.jpg 1024w, https:\/\/www.markus-schall.de\/wp-content\/uploads\/Professional-ERP-Software-300x157.jpg 300w, https:\/\/www.markus-schall.de\/wp-content\/uploads\/Professional-ERP-Software-768x402.jpg 768w, https:\/\/www.markus-schall.de\/wp-content\/uploads\/Professional-ERP-Software-1536x804.jpg 1536w, https:\/\/www.markus-schall.de\/wp-content\/uploads\/Professional-ERP-Software-2048x1071.jpg 2048w, https:\/\/www.markus-schall.de\/wp-content\/uploads\/Professional-ERP-Software-18x9.jpg 18w\" sizes=\"auto, (max-width: 1024px) 100vw, 1024px\" \/><\/a><\/p>\n<hr \/>\n<h3>Tr\u00eas modelos de licen\u00e7a - m\u00e1xima adaptabilidade<\/h3>\n<p>Est\u00e3o dispon\u00edveis diferentes formul\u00e1rios de licen\u00e7a para cada vers\u00e3o, consoante o grau de personaliza\u00e7\u00e3o pretendido:<\/p>\n<ul>\n<li><strong>Licen\u00e7a standard<\/strong>Personalize os layouts de impress\u00e3o de forma flex\u00edvel<\/li>\n<li><strong>Licen\u00e7a personalizada<\/strong>Desenhe voc\u00ea mesmo m\u00e1scaras, campos e tabelas<\/li>\n<li><strong>Licen\u00e7a aberta<\/strong>Acesso completo ao FileMaker como num desenvolvimento interno<\/li>\n<\/ul>\n<p>Isto permite que os utilizadores do FileMaker (ou a sua equipa de desenvolvimento) personalizem o software diretamente de acordo com as suas pr\u00f3prias necessidades - com controlo total sobre todas as fun\u00e7\u00f5es.<\/p>\n<div style=\"border: 1px solid #d9d9d9; border-left: 6px solid #2f5d62; background: #f8faf9; padding: 26px; margin: 35px 0; border-radius: 10px; box-shadow: 0 2px 10px rgba(0,0,0,0.06);\">\n<h3 style=\"margin-top: 0; margin-bottom: 12px; font-size: 1.6em; color: #1f2d2f;\">Consulta inicial gratuita de 30 minutos sobre os seus processos empresariais<\/h3>\n<p style=\"margin: 0 0 14px 0; font-size: 1.08em; line-height: 1.6; color: #333;\">Muitas empresas trabalham diariamente com estruturas que evolu\u00edram ao longo dos anos - muitas vezes com desvios desnecess\u00e1rios, entradas duplicadas ou falta de vis\u00e3o geral.<\/p>\n<p style=\"margin: 0 0 14px 0; font-size: 1.08em; line-height: 1.6; color: #333;\">Num <strong>consulta inicial sem compromisso (30 minutos)<\/strong> analisamos em conjunto a sua situa\u00e7\u00e3o atual - de forma clara, pr\u00e1tica e sem press\u00e3o de vendas.<\/p>\n<ul style=\"margin: 0 0 18px 20px; padding: 0; line-height: 1.7; color: #333;\">\n<li>Onde est\u00e1 atualmente a perder tempo ou vis\u00e3o geral?<\/li>\n<li>Que processos podem ser simplificados?<\/li>\n<li>Se e como faz sentido uma solu\u00e7\u00e3o ERP personalizada<\/li>\n<li>Avalia\u00e7\u00e3o inicial concreta - compreens\u00edvel e diretamente realiz\u00e1vel<\/li>\n<\/ul>\n<p style=\"margin: 0 0 18px 0; font-size: 1.05em; line-height: 1.6; color: #333;\">Uma vis\u00e3o clara do exterior \u00e9 muitas vezes suficiente para reconhecer a complexidade desnecess\u00e1ria e iniciar as primeiras melhorias.<\/p>\n<div style=\"margin-top: 18px; padding: 16px; background: #ffffff; border: 1px solid #e3e3e3; border-radius: 8px;\">\n<p style=\"margin: 0 0 10px 0; font-weight: bold; color: #1f2d2f;\">Solicite uma marca\u00e7\u00e3o sem compromisso aqui:<\/p>\n<p style=\"margin: 0 0 6px 0; line-height: 1.6;\"><strong>E-Mail:<\/strong><a style=\"color: #2f5d62; text-decoration: none;\" href=\"mailto:in**@*********er.de\" data-original-string=\"X8qimaSZrqW8sw3LUqvnow==680DND+t5dVN9wo\/tv0H7QdF\/4nzY9Zc8HNUZ92AleHnB0=\" title=\"Este contacto foi codificado pelo Anti-Spam da CleanTalk. Clique para descodificar. Para terminar a descodifica\u00e7\u00e3o, certifique-se de que o JavaScript est\u00e1 ativado no seu browser.\"> <span \n                data-original-string='iM0HKZu2IQURm7vl1NkTMQ==680XBs3Wes+tm9CWXuWIu\/\/YJoI\/MmVpM5SydsbICMHQ5k='\n                class='apbct-email-encoder'\n                title='Este contacto foi codificado pelo Anti-Spam da CleanTalk. Clique para descodificar. Para terminar a descodifica\u00e7\u00e3o, certifique-se de que o JavaScript est\u00e1 ativado no seu browser.'>em<span class=\"apbct-blur\">**<\/span>@<span class=\"apbct-blur\">*********<\/span>er.de<\/span><br \/>\n<\/a><\/p>\n<p style=\"margin: 0 0 6px 0; line-height: 1.6;\"><strong>Telefone:<\/strong><a style=\"color: #2f5d62; text-decoration: none;\" href=\"tel:+4944130437640\"> 0441 &#8211; 30 437 640<br \/>\n<\/a><\/p>\n<p style=\"margin: 0; line-height: 1.6;\">Basta escrever-me brevemente com alguns pontos-chave sobre a sua situa\u00e7\u00e3o atual - responder-lhe-ei pessoalmente o mais rapidamente poss\u00edvel.<\/p>\n<\/div>\n<\/div>\n<hr \/>\n<h3>Pagar uma vez, utilizar permanentemente<\/h3>\n<p>Connosco, n\u00e3o existem subscri\u00e7\u00f5es mensais. Cada licen\u00e7a est\u00e1 dispon\u00edvel como uma licen\u00e7a de compra - a um pre\u00e7o \u00fanico. Os contratos de manuten\u00e7\u00e3o n\u00e3o s\u00e3o obrigat\u00f3rios, as actualiza\u00e7\u00f5es podem ser adquiridas separadamente, se necess\u00e1rio.<\/p>\n<hr \/>\n<h3>Os seus dados pertencem-lhe - ponto final.<\/h3>\n<p>O gFM-Business ERP armazena todos os dados localmente nas instala\u00e7\u00f5es do cliente - seja no seu pr\u00f3prio computador ou num servidor interno do FileMaker. Sem nuvem, sem depend\u00eancias, sem estruturas de servidor ocultas. Isto significa que o cliente mant\u00e9m sempre o controlo total sobre os seus dados comerciais sens\u00edveis.<\/p>\n<hr \/>\n<h3>A quem se destina o gFM-Business?<\/h3>\n<ul>\n<li><strong>Pequenas e m\u00e9dias empresas<\/strong><\/li>\n<li><strong>Empres\u00e1rios em nome individual e freelancers<\/strong><\/li>\n<li><strong>Ag\u00eancias, comerciantes, prestadores de servi\u00e7os<\/strong><\/li>\n<li><strong>Todos aqueles que preferem desenhar do que ser tratados como mecenas<\/strong><\/li>\n<\/ul>\n<p>Se est\u00e1 \u00e0 procura de uma solu\u00e7\u00e3o ERP que fale a sua l\u00edngua - ent\u00e3o veio ao s\u00edtio certo.<br \/>\n<a href=\"https:\/\/gofilemaker.de\/pt\/\" target=\"_blank\" rel=\"noopener\"><strong>Mais informa\u00e7\u00f5es em gofilemaker.de<\/strong><\/a><\/p>\n<hr \/>\n<h3>Perguntas mais frequentes<\/h3>\n<ol>\n<li style=\"text-align: left;\"><strong>O que \u00e9 exatamente o gFM-Business - ERP, CRM ou gest\u00e3o de mercadorias?<\/strong><br \/>\nO gFM-Business n\u00e3o \u00e9 deliberadamente apenas \u201eum m\u00f3dulo\u201c, mas uma plataforma ERP baseada no FileMaker que pode ser utilizada como CRM, gest\u00e3o de mercadorias, programa de fatura\u00e7\u00e3o, software de ag\u00eancia ou software de escrit\u00f3rio, conforme necess\u00e1rio. A ess\u00eancia \u00e9: obt\u00e9m uma solu\u00e7\u00e3o que pode ser adaptada aos seus processos comerciais - e n\u00e3o o contr\u00e1rio. Isto \u00e9 particularmente pr\u00e1tico para as empresas que n\u00e3o querem ser for\u00e7adas a um sistema padr\u00e3o r\u00edgido, mas querem digitalizar os processos de forma limpa e gradual.<\/li>\n<li style=\"text-align: left;\"><strong>A que empresas se destina o gFM-Business?<\/strong><br \/>\nTipicamente para pequenas e m\u00e9dias empresas que procuram um sistema claro e personaliz\u00e1vel - sem o lastro das implementa\u00e7\u00f5es cl\u00e1ssicas de ERP em grande escala. A utiliza\u00e7\u00e3o sensata come\u00e7a muitas vezes onde as listas Excel, as solu\u00e7\u00f5es isoladas ou uma mistura de processos \u201ecrescidos\u201c consomem muito tempo: cota\u00e7\u00f5es, encomendas, armaz\u00e9m, guias de remessa, facturas, comunica\u00e7\u00e3o com os clientes, an\u00e1lises. Ao mesmo tempo, a plataforma \u00e9 t\u00e3o escal\u00e1vel que pode crescer com a empresa - de um \u00fanico posto de trabalho a um grupo de trabalho.<\/li>\n<li style=\"text-align: left;\"><strong>Em que sistemas \u00e9 que o software funciona?<\/strong><br \/>\nO gFM-Business \u00e9 multiplataforma e pode ser utilizado em macOS, Windows e iOS (iPad). Isto \u00e9 particularmente interessante para as equipas que trabalham num ambiente misto ou que pretendem aceder a dados em movimento. Em muitas empresas, esta \u00e9 uma vantagem real, pois n\u00e3o \u00e9 necess\u00e1rio padronizar todo o mundo do hardware apenas para poder operar um ERP.<\/li>\n<li style=\"text-align: left;\"><strong>Qual \u00e9 a vers\u00e3o mais adequada para mim: Open Source, OS-Plus, Basic ou Professional?<\/strong><br \/>\nO software est\u00e1 dispon\u00edvel em v\u00e1rias fases de expans\u00e3o para que n\u00e3o tenha de se tornar \u201edemasiado grande\u201c:<br \/>\n- gFM-Business Open Source: entrada gratuita com CRM, endere\u00e7os, artigo\/armaz\u00e9m (1 armaz\u00e9m), facturas\/notas de cr\u00e9dito mais m\u00f3dulo de desenvolvimento (documenta\u00e7\u00e3o de tabelas\/campos\/scripts) - ideal para dar uma vista de olhos ou como base para personaliza\u00e7\u00f5es.<br \/>\n- gFM-Business OS-Plus: amplia a fonte aberta para incluir registo\/servi\u00e7os de tempo e tipos de documentos adicionais, incluindo l\u00f3gica de convers\u00e3o (encomenda \u2192 nota de entrega \u2192 fatura, etc.).<br \/>\n- gFM-Business B\u00e1sico: para muitas PME, o in\u00edcio \u201ecl\u00e1ssico\u201c com mais fun\u00e7\u00f5es de CRM\/correspond\u00eancia\/caderneta\/projeto e loja.<br \/>\n- gFM-Business Professional: para processos mais exigentes (por exemplo, v\u00e1rios clientes, locais de armazenamento, idiomas em todo o sistema, variantes, listas de pe\u00e7as\/lotes, sistema de bilhetes, v\u00e1rias lojas online em paralelo).<\/li>\n<li style=\"text-align: left;\"><strong>O que significa \u201elicen\u00e7a aberta\u201c - e quando \u00e9 que preciso dela?<\/strong><br \/>\nA licen\u00e7a aberta destina-se a empresas (ou parceiros do FileMaker) que pretendam adaptar e expandir o gFM-Business de forma abrangente - com plenos direitos de administra\u00e7\u00e3o no FileMaker. A vantagem: os processos podem ser adaptados durante a opera\u00e7\u00e3o se o mercado, a gama de produtos, a equipa ou os processos internos mudarem. Isso \u00e9 t\u00edpico para empresas que querem um software personalizado numa base est\u00e1vel a longo prazo, em vez de mudar o sistema a cada poucos anos. Nota lateral: FileMaker Pro Advanced \u00e9 necess\u00e1rio para a licen\u00e7a aberta.<\/li>\n<li style=\"text-align: left;\"><strong>Tenho de possuir o Claris FileMaker para utilizar o gFM-Business?<\/strong><br \/>\nSim, \u00e9 necess\u00e1ria uma licen\u00e7a Claris FileMaker Pro para o funcionamento de uma \u00fanica esta\u00e7\u00e3o de trabalho. Se v\u00e1rias esta\u00e7\u00f5es de trabalho forem utilizadas atrav\u00e9s de partilha ponto-a-ponto, \u00e9 necess\u00e1ria uma licen\u00e7a adicional do Claris FileMaker Pro para cada esta\u00e7\u00e3o de trabalho. A utiliza\u00e7\u00e3o do FileMaker Server \u00e9 recomendada para cinco ou mais utilizadores na rede.<\/li>\n<li style=\"text-align: left;\"><strong>Posso mapear cota\u00e7\u00f5es, encomendas, notas de entrega, facturas, notas de cr\u00e9dito e lembretes?<\/strong><br \/>\nSim - o gFM-Business foi concebido precisamente para esta cl\u00e1ssica \u201esala de m\u00e1quinas de escrit\u00f3rio\u201c: da cota\u00e7\u00e3o \u00e0 fatura, incluindo documentos de acompanhamento. \u00c9 particularmente pr\u00e1tico quando as convers\u00f5es s\u00e3o automatizadas (por exemplo, encomenda \u2192 guia de remessa \u2192 fatura), uma vez que reduz os erros e poupa tempo - especialmente em processos recorrentes ou importa\u00e7\u00f5es de lojas.<\/li>\n<li style=\"text-align: left;\"><strong>O gFM-Business suporta facturas electr\u00f3nicas (por exemplo, ZUGFeRD)?<\/strong><br \/>\nSim - o gFM-Business Professional inclui suporte para facturas electr\u00f3nicas de acordo com ZUGFeRD e Factur-X, bem como Swiss-QR; s\u00e3o gerados PDFs com informa\u00e7\u00e3o de fatura eletr\u00f3nica incorporada. Isto \u00e9 particularmente importante porque os requisitos de fatura\u00e7\u00e3o eletr\u00f3nica est\u00e3o a aumentar e as empresas preferem estabelecer-se de forma limpa numa fase inicial em vez de se adaptarem freneticamente mais tarde.<\/li>\n<li style=\"text-align: left;\"><strong>Como funciona o multilinguismo - de superf\u00edcie e impresso?<\/strong><br \/>\nO software est\u00e1 preparado para o multilinguismo em todo o sistema. De acordo com a p\u00e1gina do produto, o Light\/Professional inclui alem\u00e3o, ingl\u00eas e franc\u00eas, por exemplo, e a l\u00edngua pode ser alterada por utilizador - incluindo etiquetas, di\u00e1logos e listas de sele\u00e7\u00e3o\/valores. Importante para a utiliza\u00e7\u00e3o pr\u00e1tica: Os layouts de impress\u00e3o tamb\u00e9m est\u00e3o dispon\u00edveis em todas as l\u00ednguas dispon\u00edveis e os textos podem ser personalizados\/extendidos.<\/li>\n<li style=\"text-align: left;\"><strong>Posso gerir v\u00e1rias empresas\/clientes e v\u00e1rios locais de armazenamento?<\/strong><br \/>\nSe pretender mapear v\u00e1rias entidades jur\u00eddicas, sucursais ou divis\u00f5es da empresa num \u00fanico sistema, este \u00e9 um t\u00f3pico tipicamente profissional: de acordo com o site, s\u00e3o suportados v\u00e1rios clientes e locais de armazenamento, incluindo artigos alargados e l\u00f3gica de armaz\u00e9m. Para as empresas em crescimento, este \u00e9 um ponto cl\u00e1ssico em que se passa de uma \u201esimples gest\u00e3o de mercadorias\u201c para um \u201everdadeiro ERP\u201c.<\/li>\n<li style=\"text-align: left;\"><strong>Existem variantes, propriedades, listas de pe\u00e7as e lotes de produtos?<\/strong><br \/>\nSim - para o Professional, s\u00e3o mencionadas as variantes de produtos, as propriedades relevantes em termos de pre\u00e7o, as listas de pe\u00e7as e a gest\u00e3o de lotes. Estas s\u00e3o precisamente as fun\u00e7\u00f5es que muitos sistemas vendem como \u201etopo de gama\u201c dispendioso - mas que, na pr\u00e1tica, se tornam rapidamente indispens\u00e1veis para gamas de produtos com variantes (tamanho\/cor\/material) ou para a produ\u00e7\u00e3o\/montagem.<\/li>\n<li style=\"text-align: left;\"><strong>Qual a adequa\u00e7\u00e3o do gFM-Business \u00e0s lojas em linha?<\/strong><br \/>\nO gFM-Business Basic e o Professional cont\u00eam uma interface de loja online (Basic para uma loja; exemplos incluem Shopware, WooCommerce, Gambio, Modified) e no Professional tamb\u00e9m v\u00e1rias lojas paralelas - mesmo em opera\u00e7\u00e3o mista de diferentes sistemas de loja. De acordo com a descri\u00e7\u00e3o, a licen\u00e7a aberta tamb\u00e9m permite que a interface seja adaptada \u00e0s necessidades individuais ou alargada a outras lojas com capacidade REST.<\/li>\n<li style=\"text-align: left;\"><strong>De que se trata o \u201egFM-Business goes AI\u201c?<\/strong><br \/>\nA p\u00e1gina descreve que o gFM-Business Professional inclui pela primeira vez a integra\u00e7\u00e3o OpenAI\/ChatGPT para gerar documentos e textos com IA no software ERP. A vantagem pr\u00e1tica n\u00e3o \u00e9 normalmente um \u201etruque\u201c, mas sim o trabalho quotidiano com textos: modelos, formula\u00e7\u00f5es, textos normalizados, notas internas - onde as equipas perderiam tempo ou se tornariam inconsistentes.<\/li>\n<li style=\"text-align: left;\"><strong>At\u00e9 que ponto os layouts de impress\u00e3o s\u00e3o personaliz\u00e1veis - e com que rapidez isso pode ser feito?<\/strong><br \/>\nUm ponto forte \u00e9 o sistema de impress\u00e3o integrado: os layouts de impress\u00e3o podem ser editados ou criados de novo no modo de layout do FileMaker, tal como num ambiente de texto\/DTP. Os novos layouts s\u00e3o atribu\u00eddos a uma sec\u00e7\u00e3o do programa e ficam imediatamente dispon\u00edveis. Este \u00e9 o cl\u00e1ssico \u201epensamento FileMaker\u201c: \u00e9 melhor personalizar pragmaticamente do que esperar anos pelos roadmaps dos fabricantes.<\/li>\n<li style=\"text-align: left;\"><strong>Que interfaces\/exporta\u00e7\u00f5es s\u00e3o poss\u00edveis (CSV, Excel, DATEV, etc.)?<\/strong><br \/>\nO gFM-Business disp\u00f5e de v\u00e1rios formatos para importa\u00e7\u00e3o\/exporta\u00e7\u00e3o (incluindo texto\/tabela, CSV, Excel, FileMaker, DBF; al\u00e9m de caminhos de fus\u00e3o\/letra serial do Office). Consoante o m\u00f3dulo, a p\u00e1gina apresenta tamb\u00e9m exporta\u00e7\u00f5es adicionais, como DATEV (no contexto do livro de caixa) e outros formatos financeiros\/pagamentos em subp\u00e1ginas. Para muitas empresas, \u00e9 precisamente isto que \u00e9 decisivo: continua a ser capaz de atuar porque os dados podem ser exportados e importados - mesmo sem uma \u201eintegra\u00e7\u00e3o monstruosa\u201c.<\/li>\n<li style=\"text-align: left;\"><strong>Posso enviar e atribuir mensagens de correio eletr\u00f3nico diretamente a partir do sistema?<\/strong><br \/>\nSim - de acordo com a p\u00e1gina do produto, existe um cliente de correio eletr\u00f3nico integrado (POP3\/IMAP). Os e-mails de endere\u00e7os conhecidos podem ser automaticamente atribu\u00eddos aos contactos. Efeito pr\u00e1tico: menos \u201ecaos na caixa de correio\u201c e mais hist\u00f3rico de clientes num \u00fanico local - tal como antigamente, organizado em pastas, mas digital e pesquis\u00e1vel.<\/li>\n<li style=\"text-align: left;\"><strong>Como \u00e9 que a equipa trabalha - localmente, em rede ou atrav\u00e9s da Internet?<\/strong><br \/>\nS\u00e3o descritos cen\u00e1rios t\u00edpicos de aplica\u00e7\u00e3o para o gFM-Business: na rede local (por exemplo, FileMaker Pro\/Server, acesso de fora via VPN) ou como compartilhamento via Internet (servidor web + FileMaker Server ou gFM-Business Cloud). Isto \u00e9 importante porque lhe d\u00e1 v\u00e1rias op\u00e7\u00f5es - dependendo se prefere trabalhar na rede cl\u00e1ssica do escrit\u00f3rio ou em diferentes locais.<\/li>\n<li style=\"text-align: left;\"><strong>Qual \u00e9 a melhor forma de come\u00e7ar - teste, informa\u00e7\u00e3o, primeiro passo sensato?<\/strong><br \/>\nA forma conservadora e inteligente \u00e9: primeiro recolher os requisitos, depois selecionar a vers\u00e3o e, em seguida, come\u00e7ar com um processo piloto claro (por exemplo, artigo\/estoque + documentos + 1-2 impress\u00f5es padr\u00e3o). O gofilemaker.de oferece acesso \u00e0s v\u00e1rias plataformas\/vers\u00f5es, bem como downloads\/informa\u00e7\u00f5es. Muitas empresas poupam mais se n\u00e3o fizerem tudo \u201ena perfei\u00e7\u00e3o\u201c de uma s\u00f3 vez, mas se, em vez disso, constru\u00edrem o software passo a passo da mesma forma que os processos t\u00eam crescido tradicionalmente - s\u00f3 que desta vez documentados de forma clara e automatizados de forma est\u00e1vel.<\/li>\n<\/ol>","protected":false},"excerpt":{"rendered":"<p>O software ERP gFM-Business \u00e9 um software empresarial pr\u00e1tico para todos aqueles que n\u00e3o est\u00e3o preparados para colocar os dados da sua empresa numa nuvem an\u00f3nima - mas que querem ser eles pr\u00f3prios a determinar a forma como trabalham. A solu\u00e7\u00e3o baseia-se no Claris FileMaker, uma ferramenta comprovada para o desenvolvimento de software personalizado, e \u00e9, portanto, t\u00e3o flex\u00edvel como o seu ... <a title=\"Software ERP\" class=\"read-more\" href=\"https:\/\/www.markus-schall.de\/pt\/software-erp\/\" aria-label=\"Leia mais sobre Software ERP\">Ler mais<\/a><\/p>","protected":false},"author":1,"featured_media":0,"parent":0,"menu_order":0,"comment_status":"closed","ping_status":"closed","template":"","meta":{"iawp_total_views":254,"footnotes":""},"class_list":["post-738","page","type-page","status-publish"],"_links":{"self":[{"href":"https:\/\/www.markus-schall.de\/pt\/wp-json\/wp\/v2\/pages\/738","targetHints":{"allow":["GET"]}}],"collection":[{"href":"https:\/\/www.markus-schall.de\/pt\/wp-json\/wp\/v2\/pages"}],"about":[{"href":"https:\/\/www.markus-schall.de\/pt\/wp-json\/wp\/v2\/types\/page"}],"author":[{"embeddable":true,"href":"https:\/\/www.markus-schall.de\/pt\/wp-json\/wp\/v2\/users\/1"}],"replies":[{"embeddable":true,"href":"https:\/\/www.markus-schall.de\/pt\/wp-json\/wp\/v2\/comments?post=738"}],"version-history":[{"count":15,"href":"https:\/\/www.markus-schall.de\/pt\/wp-json\/wp\/v2\/pages\/738\/revisions"}],"predecessor-version":[{"id":5809,"href":"https:\/\/www.markus-schall.de\/pt\/wp-json\/wp\/v2\/pages\/738\/revisions\/5809"}],"wp:attachment":[{"href":"https:\/\/www.markus-schall.de\/pt\/wp-json\/wp\/v2\/media?parent=738"}],"curies":[{"name":"wp","href":"https:\/\/api.w.org\/{rel}","templated":true}]}}