{"id":2,"date":"2011-02-11T16:58:41","date_gmt":"2011-02-11T16:58:41","guid":{"rendered":"https:\/\/markus-schall.de\/?page_id=2"},"modified":"2026-02-20T15:35:07","modified_gmt":"2026-02-20T15:35:07","slug":"%d0%be%d1%82%d0%bf%d0%b5%d1%87%d0%b0%d1%82%d0%be%d0%ba","status":"publish","type":"page","link":"https:\/\/www.markus-schall.de\/ru\/%d0%be%d1%82%d0%bf%d0%b5%d1%87%d0%b0%d1%82%d0%be%d0%ba\/","title":{"rendered":"\u041e\u0442\u0442\u0438\u0441\u043a"},"content":{"rendered":"<h3>\u0416\u0443\u0440\u043d\u0430\u043b <em>markus-schall.de<\/em> \u0438\u0437\u0434\u0430\u0435\u0442\u0441\u044f:<\/h3>\r\n<p>M. Schall Verlag<br \/>Hackenweg 97<br \/>26127 Oldenburg<br \/>\u0413\u0435\u0440\u043c\u0430\u043d\u0438\u044f<\/p>\r\n<p>\u0412\u043b\u0430\u0434\u0435\u043b\u0435\u0446: Markus Schall<br \/>\u0418\u0414\u0415\u041d\u0422\u0418\u0424\u0418\u041a\u0410\u0422\u041e\u0420 \u041d\u0414\u0421: DE280073464<\/p>\r\n<p>\u042d\u043b\u0435\u043a\u0442\u0440\u043e\u043d\u043d\u0430\u044f \u043f\u043e\u0447\u0442\u0430:\u00a0<a href=\"mailto:in**@***********ag.de\" data-original-string=\"PWKoFTPHUPrZ6SZNd59BDg==680vQv6L9zBXlzwx4\/P6T9tUyJ8H7jZppE3bQ7ss0SZiN0=\" title=\"\u042d\u0442\u043e\u0442 \u043a\u043e\u043d\u0442\u0430\u043a\u0442 \u0437\u0430\u043a\u043e\u0434\u0438\u0440\u043e\u0432\u0430\u043d \u043f\u043b\u0430\u0433\u0438\u043d\u043e\u043c Anti-Spam by CleanTalk. \u041d\u0430\u0436\u043c\u0438\u0442\u0435 \u043d\u0430 \u0442\u0435\u043a\u0441\u0442 \u0434\u043b\u044f \u0434\u0435\u043a\u043e\u0434\u0438\u0440\u043e\u0432\u0430\u043d\u0438\u044f. \u0422\u0430\u043a\u0436\u0435 \u0443\u0431\u0435\u0434\u0438\u0442\u0435\u0441\u044c, \u0447\u0442\u043e \u0432 \u0432\u0430\u0448\u0435\u043c \u0431\u0440\u0430\u0443\u0437\u0435\u0440\u0435 \u0432\u043a\u043b\u044e\u0447\u0451\u043d JavaScript.\"><span \n                data-original-string='EviMOZMo3BEjM3AwimBOoQ==680mJ2+stHJMOhEZ6OkgJNHg77f0NEpxt3m6aRqB6r1xtA='\n                class='apbct-email-encoder'\n                title='\u042d\u0442\u043e\u0442 \u043a\u043e\u043d\u0442\u0430\u043a\u0442 \u0437\u0430\u043a\u043e\u0434\u0438\u0440\u043e\u0432\u0430\u043d \u043f\u043b\u0430\u0433\u0438\u043d\u043e\u043c Anti-Spam by CleanTalk. \u041d\u0430\u0436\u043c\u0438\u0442\u0435 \u043d\u0430 \u0442\u0435\u043a\u0441\u0442 \u0434\u043b\u044f \u0434\u0435\u043a\u043e\u0434\u0438\u0440\u043e\u0432\u0430\u043d\u0438\u044f. \u0422\u0430\u043a\u0436\u0435 \u0443\u0431\u0435\u0434\u0438\u0442\u0435\u0441\u044c, \u0447\u0442\u043e \u0432 \u0432\u0430\u0448\u0435\u043c \u0431\u0440\u0430\u0443\u0437\u0435\u0440\u0435 \u0432\u043a\u043b\u044e\u0447\u0451\u043d JavaScript.'>\u0432<span class=\"apbct-blur\">**<\/span>@<span class=\"apbct-blur\">***********<\/span>ag.de<\/span><\/a><\/p>\r\n<p>\u0418\u0437\u043e\u0431\u0440\u0430\u0436\u0435\u043d\u0438\u044f (\u0441) <strong><a href=\"https:\/\/pixabay.de\" target=\"_blank\" rel=\"noopener\">Pixabay<\/a><\/strong><\/p>\r\n<p><strong>\u041d\u0435\u0437\u0430\u0432\u0438\u0441\u0438\u043c\u044b\u0439<\/strong>\u0410\u0432\u0442\u043e\u0440 \u0438 \u0436\u0443\u0440\u043d\u0430\u043b \u044f\u0432\u043b\u044f\u044e\u0442\u0441\u044f \u0431\u0435\u0441\u043f\u0430\u0440\u0442\u0438\u0439\u043d\u044b\u043c\u0438, \u0432\u0441\u0435 \u043c\u0430\u0442\u0435\u0440\u0438\u0430\u043b\u044b \u043f\u0440\u043e\u0438\u0437\u0432\u043e\u0434\u044f\u0442\u0441\u044f \u0431\u0435\u0437 \u0433\u043e\u0441\u0443\u0434\u0430\u0440\u0441\u0442\u0432\u0435\u043d\u043d\u043e\u0433\u043e \u0438\u043b\u0438 \u0438\u043d\u0441\u0442\u0438\u0442\u0443\u0446\u0438\u043e\u043d\u0430\u043b\u044c\u043d\u043e\u0433\u043e \u0444\u0438\u043d\u0430\u043d\u0441\u0438\u0440\u043e\u0432\u0430\u043d\u0438\u044f.<\/p>\r\n<p>\u041d\u0430 \u044d\u0442\u043e\u043c \u0441\u0430\u0439\u0442\u0435 \u0438\u0441\u043f\u043e\u043b\u044c\u0437\u0443\u044e\u0442\u0441\u044f \u0430\u0432\u0442\u043e\u043c\u0430\u0442\u0438\u0447\u0435\u0441\u043a\u0438\u0435 \u043f\u0435\u0440\u0435\u0432\u043e\u0434\u044b (DeepL Pro). \u041f\u0440\u0430\u0432\u0438\u043b\u044c\u043d\u043e\u0441\u0442\u044c \u0438 \u043f\u043e\u043b\u043d\u043e\u0442\u0430 \u0438\u043d\u043e\u044f\u0437\u044b\u0447\u043d\u043e\u0433\u043e \u043a\u043e\u043d\u0442\u0435\u043d\u0442\u0430 \u043d\u0435 \u0433\u0430\u0440\u0430\u043d\u0442\u0438\u0440\u0443\u0435\u0442\u0441\u044f. \u041e\u0440\u0438\u0433\u0438\u043d\u0430\u043b\u044c\u043d\u0430\u044f \u043d\u0435\u043c\u0435\u0446\u043a\u0430\u044f \u0432\u0435\u0440\u0441\u0438\u044f \u0432\u0441\u0435\u0433\u0434\u0430 \u044f\u0432\u043b\u044f\u0435\u0442\u0441\u044f \u0430\u0432\u0442\u043e\u0440\u0438\u0442\u0435\u0442\u043d\u043e\u0439.<\/p>\r\n<h3>\u041f\u043e\u043b\u0438\u0442\u0438\u043a\u0430 \u043a\u043e\u043d\u0444\u0438\u0434\u0435\u043d\u0446\u0438\u0430\u043b\u044c\u043d\u043e\u0441\u0442\u0438 - \u041e\u043f\u0440\u043e\u0441\u044b \u0438 \u043a\u043e\u043d\u0442\u0430\u043a\u0442\u043d\u0430\u044f \u0444\u043e\u0440\u043c\u0430<\/h3>\r\n<p><strong>\u041e\u043f\u0440\u043e\u0441\u044b \u043d\u0430 \u044d\u0442\u043e\u043c \u0441\u0430\u0439\u0442\u0435<\/strong>\u041d\u0430 \u044d\u0442\u043e\u043c \u0441\u0430\u0439\u0442\u0435 \u043f\u0435\u0440\u0438\u043e\u0434\u0438\u0447\u0435\u0441\u043a\u0438 \u043f\u0440\u043e\u0432\u043e\u0434\u044f\u0442\u0441\u044f \u0430\u043d\u043e\u043d\u0438\u043c\u043d\u044b\u0435 \u043e\u043f\u0440\u043e\u0441\u044b. \u0423\u0447\u0430\u0441\u0442\u0438\u0435 \u0432 \u043d\u0438\u0445 \u044f\u0432\u043b\u044f\u0435\u0442\u0441\u044f \u0434\u043e\u0431\u0440\u043e\u0432\u043e\u043b\u044c\u043d\u044b\u043c \u0438 \u0432\u043e\u0437\u043c\u043e\u0436\u043d\u043e \u0431\u0435\u0437 \u0440\u0435\u0433\u0438\u0441\u0442\u0440\u0430\u0446\u0438\u0438. \u041d\u0438\u043a\u0430\u043a\u0438\u0435 \u043b\u0438\u0447\u043d\u044b\u0435 \u0434\u0430\u043d\u043d\u044b\u0435 \u043d\u0435 \u0441\u043e\u0445\u0440\u0430\u043d\u044f\u044e\u0442\u0441\u044f. \u0427\u0442\u043e\u0431\u044b \u0438\u0437\u0431\u0435\u0436\u0430\u0442\u044c \u043c\u043d\u043e\u0433\u043e\u043a\u0440\u0430\u0442\u043d\u043e\u0433\u043e \u0433\u043e\u043b\u043e\u0441\u043e\u0432\u0430\u043d\u0438\u044f, \u043c\u043e\u0436\u0435\u0442 \u0431\u044b\u0442\u044c \u0443\u0441\u0442\u0430\u043d\u043e\u0432\u043b\u0435\u043d \u0442\u0435\u0445\u043d\u0438\u0447\u0435\u0441\u043a\u0438\u0439 \u0444\u0430\u0439\u043b cookie \u0438\u043b\u0438 IP-\u0430\u0434\u0440\u0435\u0441 \u043c\u043e\u0436\u0435\u0442 \u0431\u044b\u0442\u044c \u043e\u0431\u0440\u0430\u0431\u043e\u0442\u0430\u043d \u0432 \u0430\u043d\u043e\u043d\u0438\u043c\u0438\u0437\u0438\u0440\u043e\u0432\u0430\u043d\u043d\u043e\u0439 \u0444\u043e\u0440\u043c\u0435. \u041d\u0438\u043a\u0430\u043a\u0438\u0435 \u0434\u0430\u043d\u043d\u044b\u0435 \u043d\u0435 \u043f\u0435\u0440\u0435\u0434\u0430\u044e\u0442\u0441\u044f \u0442\u0440\u0435\u0442\u044c\u0438\u043c \u043b\u0438\u0446\u0430\u043c.<\/p>\r\n<p><strong>\u041a\u043e\u043d\u0442\u0430\u043a\u0442\u043d\u0430\u044f \u0444\u043e\u0440\u043c\u0430 \u0434\u043b\u044f \u0437\u0430\u043f\u0440\u043e\u0441\u043e\u0432<\/strong>\u0415\u0441\u043b\u0438 \u0432\u044b \u0441\u0432\u044f\u0437\u044b\u0432\u0430\u0435\u0442\u0435\u0441\u044c \u0441 \u043d\u0430\u043c\u0438 \u0447\u0435\u0440\u0435\u0437 \u043a\u043e\u043d\u0442\u0430\u043a\u0442\u043d\u0443\u044e \u0444\u043e\u0440\u043c\u0443, \u0432\u0432\u0435\u0434\u0435\u043d\u043d\u044b\u0435 \u0432\u0430\u043c\u0438 \u0434\u0430\u043d\u043d\u044b\u0435 (\u043d\u0430\u043f\u0440\u0438\u043c\u0435\u0440, \u0438\u043c\u044f, \u0430\u0434\u0440\u0435\u0441 \u044d\u043b\u0435\u043a\u0442\u0440\u043e\u043d\u043d\u043e\u0439 \u043f\u043e\u0447\u0442\u044b, \u0441\u043e\u043e\u0431\u0449\u0435\u043d\u0438\u0435) \u0431\u0443\u0434\u0443\u0442 \u043e\u0431\u0440\u0430\u0431\u043e\u0442\u0430\u043d\u044b \u0434\u043b\u044f \u043e\u0442\u0432\u0435\u0442\u0430 \u043d\u0430 \u0432\u0430\u0448 \u0437\u0430\u043f\u0440\u043e\u0441. \u041e\u0431\u0440\u0430\u0431\u043e\u0442\u043a\u0430 \u043e\u0441\u0443\u0449\u0435\u0441\u0442\u0432\u043b\u044f\u0435\u0442\u0441\u044f \u0432 \u0441\u043e\u043e\u0442\u0432\u0435\u0442\u0441\u0442\u0432\u0438\u0438 \u0441\u043e \u0441\u0442. 6 \u043f. 1 \u043b\u0438\u0442. b GDPR \u043d\u0430 \u043e\u0441\u043d\u043e\u0432\u0430\u043d\u0438\u0438 \u0432\u0430\u0448\u0435\u0433\u043e \u0437\u0430\u043f\u0440\u043e\u0441\u0430.<\/p>\r\n<p>\u0412\u0430\u0448\u0438 \u0434\u0430\u043d\u043d\u044b\u0435 \u0431\u0443\u0434\u0443\u0442 \u0438\u0441\u043f\u043e\u043b\u044c\u0437\u043e\u0432\u0430\u043d\u044b \u0442\u043e\u043b\u044c\u043a\u043e \u0434\u043b\u044f \u043e\u0442\u0432\u0435\u0442\u0430 \u043d\u0430 \u0432\u0430\u0448 \u0437\u0430\u043f\u0440\u043e\u0441 \u0438 \u043d\u0435 \u0431\u0443\u0434\u0443\u0442 \u043f\u0435\u0440\u0435\u0434\u0430\u043d\u044b \u0442\u0440\u0435\u0442\u044c\u0438\u043c \u043b\u0438\u0446\u0430\u043c. \u041f\u0435\u0440\u0435\u0434\u0430\u043d\u043d\u0430\u044f \u0438\u043d\u0444\u043e\u0440\u043c\u0430\u0446\u0438\u044f \u043d\u0435 \u0431\u0443\u0434\u0435\u0442 \u0445\u0440\u0430\u043d\u0438\u0442\u044c\u0441\u044f \u043f\u043e\u0441\u0442\u043e\u044f\u043d\u043d\u043e, \u0435\u0441\u043b\u0438 \u0442\u043e\u043b\u044c\u043a\u043e \u0437\u0430\u043f\u0440\u043e\u0441 \u043d\u0435 \u043f\u0440\u0438\u0432\u0435\u0434\u0435\u0442 \u043a \u043f\u043e\u0441\u0442\u043e\u044f\u043d\u043d\u044b\u043c \u0434\u043e\u0433\u043e\u0432\u043e\u0440\u043d\u044b\u043c \u0438\u043b\u0438 \u043a\u043e\u043d\u0441\u0443\u043b\u044c\u0442\u0430\u0446\u0438\u043e\u043d\u043d\u044b\u043c \u043e\u0442\u043d\u043e\u0448\u0435\u043d\u0438\u044f\u043c.<\/p>\r\n<p><strong>\u0410\u043d\u0430\u043b\u0438\u0437 \u0441\u0430\u0439\u0442\u0430<\/strong>\u0418\u0441\u043f\u043e\u043b\u044c\u0437\u0443\u0435\u0442\u0441\u044f \u0442\u043e\u043b\u044c\u043a\u043e \u043b\u043e\u043a\u0430\u043b\u044c\u043d\u044b\u0439 \u0438\u043d\u0441\u0442\u0440\u0443\u043c\u0435\u043d\u0442 \u0430\u043d\u0430\u043b\u0438\u0442\u0438\u043a\u0438, \u043a\u043e\u0442\u043e\u0440\u044b\u0439 \u043d\u0435 \u0445\u0440\u0430\u043d\u0438\u0442 \u043d\u0438\u043a\u0430\u043a\u0438\u0445 \u043b\u0438\u0447\u043d\u044b\u0445 \u0434\u0430\u043d\u043d\u044b\u0445. Google Analytics \u0438\u043b\u0438 \u0434\u0440\u0443\u0433\u0438\u0435 \u043e\u0431\u043b\u0430\u0447\u043d\u044b\u0435 \u0441\u0438\u0441\u0442\u0435\u043c\u044b \u0430\u043d\u0430\u043b\u0438\u0437\u0430 \u043d\u0430 \u044d\u0442\u043e\u043c \u0441\u0430\u0439\u0442\u0435 \u043d\u0435 \u0438\u0441\u043f\u043e\u043b\u044c\u0437\u0443\u044e\u0442\u0441\u044f.<\/p>\r\n<h3>\u041e\u0442\u0432\u0435\u0442\u0441\u0442\u0432\u0435\u043d\u043d\u043e\u0441\u0442\u044c \u0438 \u0433\u0430\u0440\u0430\u043d\u0442\u0438\u044f<\/h3>\r\n<p>\u041d\u0435\u0441\u043c\u043e\u0442\u0440\u044f \u043d\u0430 \u0442\u0449\u0430\u0442\u0435\u043b\u044c\u043d\u0443\u044e \u043f\u0440\u043e\u0432\u0435\u0440\u043a\u0443 \u0441\u043e\u0434\u0435\u0440\u0436\u0430\u043d\u0438\u044f, \u044f \u043d\u0435 \u043d\u0435\u0441\u0443 \u043d\u0438\u043a\u0430\u043a\u043e\u0439 \u043e\u0442\u0432\u0435\u0442\u0441\u0442\u0432\u0435\u043d\u043d\u043e\u0441\u0442\u0438 \u0437\u0430 \u0441\u043e\u0434\u0435\u0440\u0436\u0430\u043d\u0438\u0435 \u0432\u043d\u0435\u0448\u043d\u0438\u0445 \u0441\u0441\u044b\u043b\u043e\u043a. \u041e\u043f\u0435\u0440\u0430\u0442\u043e\u0440\u044b \u0441\u0442\u0440\u0430\u043d\u0438\u0446, \u043d\u0430 \u043a\u043e\u0442\u043e\u0440\u044b\u0435 \u0432\u0435\u0434\u0443\u0442 \u0441\u0441\u044b\u043b\u043a\u0438, \u043d\u0435\u0441\u0443\u0442 \u043f\u043e\u043b\u043d\u0443\u044e \u043e\u0442\u0432\u0435\u0442\u0441\u0442\u0432\u0435\u043d\u043d\u043e\u0441\u0442\u044c \u0437\u0430 \u0438\u0445 \u0441\u043e\u0434\u0435\u0440\u0436\u0430\u043d\u0438\u0435.<\/p>\r\n<p>\u0412\u0441\u044f \u0438\u043d\u0444\u043e\u0440\u043c\u0430\u0446\u0438\u044f \u043d\u0430 \u0441\u0430\u0439\u0442\u0435 www.markus-schall.de \u0438 \u0434\u0440\u0443\u0433\u0438\u0445 \u043f\u043e\u0434\u0434\u043e\u043c\u0435\u043d\u0430\u0445, \u0440\u0430\u0441\u043f\u043e\u043b\u043e\u0436\u0435\u043d\u043d\u044b\u0445 \u043d\u0438\u0436\u0435 \u044d\u0442\u0438\u0445 \u0430\u0434\u0440\u0435\u0441\u043e\u0432, \u043f\u0440\u0435\u0434\u043e\u0441\u0442\u0430\u0432\u043b\u044f\u0435\u0442\u0441\u044f \u043a\u043e\u043c\u043f\u0430\u043d\u0438\u0435\u0439 Markus Schall \u0431\u0435\u0437 \u043a\u0430\u043a\u0438\u0445-\u043b\u0438\u0431\u043e \u0437\u0430\u044f\u0432\u043b\u0435\u043d\u0438\u0439 \u0438\u043b\u0438 \u0433\u0430\u0440\u0430\u043d\u0442\u0438\u0439, \u044f\u0432\u043d\u044b\u0445 \u0438\u043b\u0438 \u043f\u043e\u0434\u0440\u0430\u0437\u0443\u043c\u0435\u0432\u0430\u0435\u043c\u044b\u0445.<\/p>\r\n<p>\u0422\u0430\u043a\u0436\u0435 \u0438\u0441\u043a\u043b\u044e\u0447\u0430\u044e\u0442\u0441\u044f \u0432\u0441\u0435 \u043f\u043e\u0434\u0440\u0430\u0437\u0443\u043c\u0435\u0432\u0430\u0435\u043c\u044b\u0435 \u0433\u0430\u0440\u0430\u043d\u0442\u0438\u0438 \u0442\u043e\u0432\u0430\u0440\u043d\u043e\u0433\u043e \u0441\u043e\u0441\u0442\u043e\u044f\u043d\u0438\u044f, \u043f\u0440\u0438\u0433\u043e\u0434\u043d\u043e\u0441\u0442\u0438 \u0434\u043b\u044f \u043a\u043e\u043d\u043a\u0440\u0435\u0442\u043d\u043e\u0439 \u0446\u0435\u043b\u0438 \u0438\u043b\u0438 \u043d\u0435\u043d\u0430\u0440\u0443\u0448\u0435\u043d\u0438\u044f \u0437\u0430\u043a\u043e\u043d\u043e\u0432 \u0438 \u043f\u0430\u0442\u0435\u043d\u0442\u043e\u0432. \u0414\u0430\u0436\u0435 \u0435\u0441\u043b\u0438 \u044f \u043f\u0440\u0435\u0434\u043f\u043e\u043b\u0430\u0433\u0430\u044e, \u0447\u0442\u043e \u043f\u0440\u0435\u0434\u043e\u0441\u0442\u0430\u0432\u043b\u044f\u0435\u043c\u0430\u044f \u043c\u043d\u043e\u0439 \u0438\u043d\u0444\u043e\u0440\u043c\u0430\u0446\u0438\u044f \u044f\u0432\u043b\u044f\u0435\u0442\u0441\u044f \u0442\u043e\u0447\u043d\u043e\u0439, \u043e\u043d\u0430 \u0432\u0441\u0435 \u0440\u0430\u0432\u043d\u043e \u043c\u043e\u0436\u0435\u0442 \u0441\u043e\u0434\u0435\u0440\u0436\u0430\u0442\u044c \u043e\u0448\u0438\u0431\u043a\u0438 \u0438\u043b\u0438 \u043d\u0435\u0442\u043e\u0447\u043d\u043e\u0441\u0442\u0438.<\/p>\r\n<p><strong>\u0410\u0432\u0442\u043e\u0440\u0441\u043a\u043e\u0435 \u043f\u0440\u0430\u0432\u043e<\/strong><\/p>\r\n<p>Copyright 1998-2026 Markus Schall. \u0412\u0441\u0435 \u043f\u0440\u0430\u0432\u0430 \u0437\u0430\u0449\u0438\u0449\u0435\u043d\u044b.<\/p>\r\n<p>\u0412\u0441\u0435 \u0442\u0435\u043a\u0441\u0442\u044b, \u0438\u0437\u043e\u0431\u0440\u0430\u0436\u0435\u043d\u0438\u044f, \u0433\u0440\u0430\u0444\u0438\u0447\u0435\u0441\u043a\u0438\u0435, \u0437\u0432\u0443\u043a\u043e\u0432\u044b\u0435, \u0432\u0438\u0434\u0435\u043e- \u0438 \u0430\u043d\u0438\u043c\u0430\u0446\u0438\u043e\u043d\u043d\u044b\u0435 \u0444\u0430\u0439\u043b\u044b \u0438 \u0438\u0445 \u0440\u0430\u0441\u043f\u043e\u043b\u043e\u0436\u0435\u043d\u0438\u0435 \u044f\u0432\u043b\u044f\u044e\u0442\u0441\u044f \u043e\u0431\u044a\u0435\u043a\u0442\u043e\u043c \u0430\u0432\u0442\u043e\u0440\u0441\u043a\u043e\u0433\u043e \u043f\u0440\u0430\u0432\u0430 \u0438 \u0434\u0440\u0443\u0433\u0438\u0445 \u0437\u0430\u043a\u043e\u043d\u043e\u0432 \u043e \u0437\u0430\u0449\u0438\u0442\u0435 \u0438\u043d\u0442\u0435\u043b\u043b\u0435\u043a\u0442\u0443\u0430\u043b\u044c\u043d\u043e\u0439 \u0441\u043e\u0431\u0441\u0442\u0432\u0435\u043d\u043d\u043e\u0441\u0442\u0438. \u0418\u0445 \u043d\u0435\u043b\u044c\u0437\u044f \u043a\u043e\u043f\u0438\u0440\u043e\u0432\u0430\u0442\u044c \u0432 \u043a\u043e\u043c\u043c\u0435\u0440\u0447\u0435\u0441\u043a\u0438\u0445 \u0446\u0435\u043b\u044f\u0445 \u0438\u043b\u0438 \u0434\u043b\u044f \u0440\u0430\u0441\u043f\u0440\u043e\u0441\u0442\u0440\u0430\u043d\u0435\u043d\u0438\u044f, \u0430 \u0442\u0430\u043a\u0436\u0435 \u0438\u0437\u043c\u0435\u043d\u044f\u0442\u044c \u0438 \u0438\u0441\u043f\u043e\u043b\u044c\u0437\u043e\u0432\u0430\u0442\u044c \u043d\u0430 \u0434\u0440\u0443\u0433\u0438\u0445 \u0441\u0430\u0439\u0442\u0430\u0445. \u041d\u0430 \u0432\u0441\u0435 \u043b\u043e\u0433\u043e\u0442\u0438\u043f\u044b \u0440\u0430\u0441\u043f\u0440\u043e\u0441\u0442\u0440\u0430\u043d\u044f\u044e\u0442\u0441\u044f \u043f\u0440\u0430\u0432\u0430 \u0441\u043e\u043e\u0442\u0432\u0435\u0442\u0441\u0442\u0432\u0443\u044e\u0449\u0438\u0445 \u043f\u0440\u043e\u0438\u0437\u0432\u043e\u0434\u0438\u0442\u0435\u043b\u0435\u0439\/\u0432\u043b\u0430\u0434\u0435\u043b\u044c\u0446\u0435\u0432.<\/p>\r\n\r\n<p>&nbsp;<\/p>","protected":false},"excerpt":{"rendered":"<p>Das Magazin markus-schall.de wird ver\u00f6ffentlicht von: M. Schall VerlagHackenweg 9726127 OldenburgDeutschland, Germany Inhaber: Markus SchallUSt.-ID: DE280073464 E-Mail:\u00a0in**@***********ag.de Bildmaterial (c) Pixabay Unabh\u00e4ngig: Der Autor und das Magzin sind parteilos, alle Inhalte werden ohne staatliche oder institutionelle F\u00f6rderung erstellt. Diese Website verwendet automatisierte \u00dcbersetzungen (DeepL Pro). F\u00fcr die Richtigkeit und Vollst\u00e4ndigkeit fremdsprachiger Inhalte wird keine Gew\u00e4hr \u00fcbernommen. &#8230; <a title=\"\u041e\u0442\u0442\u0438\u0441\u043a\" class=\"read-more\" href=\"https:\/\/www.markus-schall.de\/ru\/%d0%be%d1%82%d0%bf%d0%b5%d1%87%d0%b0%d1%82%d0%be%d0%ba\/\" aria-label=\"\u041f\u0440\u043e\u0447\u0438\u0442\u0430\u0442\u044c \u0431\u043e\u043b\u044c\u0448\u0435 \u043e Impressum\">\u0427\u0438\u0442\u0430\u0442\u044c \u0434\u0430\u043b\u0435\u0435<\/a><\/p>","protected":false},"author":1,"featured_media":0,"parent":0,"menu_order":15,"comment_status":"closed","ping_status":"open","template":"","meta":{"iawp_total_views":226,"footnotes":""},"class_list":["post-2","page","type-page","status-publish"],"_links":{"self":[{"href":"https:\/\/www.markus-schall.de\/ru\/wp-json\/wp\/v2\/pages\/2","targetHints":{"allow":["GET"]}}],"collection":[{"href":"https:\/\/www.markus-schall.de\/ru\/wp-json\/wp\/v2\/pages"}],"about":[{"href":"https:\/\/www.markus-schall.de\/ru\/wp-json\/wp\/v2\/types\/page"}],"author":[{"embeddable":true,"href":"https:\/\/www.markus-schall.de\/ru\/wp-json\/wp\/v2\/users\/1"}],"replies":[{"embeddable":true,"href":"https:\/\/www.markus-schall.de\/ru\/wp-json\/wp\/v2\/comments?post=2"}],"version-history":[{"count":15,"href":"https:\/\/www.markus-schall.de\/ru\/wp-json\/wp\/v2\/pages\/2\/revisions"}],"predecessor-version":[{"id":5006,"href":"https:\/\/www.markus-schall.de\/ru\/wp-json\/wp\/v2\/pages\/2\/revisions\/5006"}],"wp:attachment":[{"href":"https:\/\/www.markus-schall.de\/ru\/wp-json\/wp\/v2\/media?parent=2"}],"curies":[{"name":"wp","href":"https:\/\/api.w.org\/{rel}","templated":true}]}}