{"id":3209,"date":"2025-10-25T14:21:30","date_gmt":"2025-10-25T14:21:30","guid":{"rendered":"https:\/\/www.markus-schall.de\/?page_id=3209"},"modified":"2026-02-09T18:48:24","modified_gmt":"2026-02-09T18:48:24","slug":"%d1%81%d0%b2%d1%8f%d0%b7%d0%b0%d1%82%d1%8c%d1%81%d1%8f-%d1%81","status":"publish","type":"page","link":"https:\/\/www.markus-schall.de\/ru\/%d1%81%d0%b2%d1%8f%d0%b7%d0%b0%d1%82%d1%8c%d1%81%d1%8f-%d1%81\/","title":{"rendered":"\u0421\u0432\u044f\u0436\u0438\u0442\u0435\u0441\u044c \u0441 \u043d\u0430\u043c\u0438"},"content":{"rendered":"<p data-start=\"206\" data-end=\"472\"><img loading=\"lazy\" decoding=\"async\" class=\"size-large wp-image-3443 alignnone\" src=\"http:\/\/www.markus-schall.de\/wp-content\/uploads\/Kontakt.jpg\" alt=\"\u0421\u0432\u044f\u0436\u0438\u0442\u0435\u0441\u044c \u0441 \u043d\u0430\u043c\u0438\" width=\"1024\" height=\"683\" srcset=\"https:\/\/www.markus-schall.de\/wp-content\/uploads\/Kontakt.jpg 1024w, https:\/\/www.markus-schall.de\/wp-content\/uploads\/Kontakt-300x200.jpg 300w, https:\/\/www.markus-schall.de\/wp-content\/uploads\/Kontakt-768x512.jpg 768w, https:\/\/www.markus-schall.de\/wp-content\/uploads\/Kontakt-18x12.jpg 18w\" sizes=\"auto, (max-width: 1024px) 100vw, 1024px\" \/><\/p>\n<p data-start=\"206\" data-end=\"472\">\u0418\u043d\u043e\u0433\u0434\u0430 \u043a\u043e\u0440\u043e\u0442\u043a\u0438\u0439 \u043b\u0438\u0447\u043d\u044b\u0439 \u043e\u0431\u043c\u0435\u043d \u043c\u043d\u0435\u043d\u0438\u044f\u043c\u0438 - \u0441\u0430\u043c\u044b\u0439 \u043f\u0440\u043e\u0441\u0442\u043e\u0439 \u0441\u043f\u043e\u0441\u043e\u0431 \u043f\u0440\u043e\u044f\u0441\u043d\u0438\u0442\u044c \u0432\u043e\u043f\u0440\u043e\u0441 \u0438\u043b\u0438 \u043e\u0431\u0434\u0443\u043c\u0430\u0442\u044c \u0438\u0434\u0435\u044e.<\/p>\n<p data-start=\"206\" data-end=\"472\">\u0412\u044b \u043c\u043e\u0436\u0435\u0442\u0435 \u0438\u0441\u043f\u043e\u043b\u044c\u0437\u043e\u0432\u0430\u0442\u044c \u0441\u043b\u0435\u0434\u0443\u044e\u0449\u0443\u044e \u0444\u043e\u0440\u043c\u0443, \u0447\u0442\u043e\u0431\u044b \u043e\u0442\u043f\u0440\u0430\u0432\u0438\u0442\u044c \u043c\u043d\u0435 \u0441\u043e\u043e\u0431\u0449\u0435\u043d\u0438\u0435 - \u043e\u0431 \u0438\u0437\u0434\u0430\u0442\u0435\u043b\u044c\u0441\u0442\u0432\u0435, \u043c\u043e\u0438\u0445 \u043a\u043d\u0438\u0433\u0430\u0445, \u043c\u043e\u0435\u043c \u043f\u0440\u043e\u0433\u0440\u0430\u043c\u043c\u043d\u043e\u043c \u043e\u0431\u0435\u0441\u043f\u0435\u0447\u0435\u043d\u0438\u0438 ERP, \u0443\u043f\u0440\u0430\u0432\u043b\u0435\u043d\u0447\u0435\u0441\u043a\u043e\u043c \u043a\u043e\u043d\u0441\u0430\u043b\u0442\u0438\u043d\u0433\u0435, \u0440\u0435\u0448\u0435\u043d\u0438\u044f\u0445 AI \u0438\u043b\u0438 \u043e \u0432\u043e\u0437\u043c\u043e\u0436\u043d\u043e\u043c \u0441\u043e\u0442\u0440\u0443\u0434\u043d\u0438\u0447\u0435\u0441\u0442\u0432\u0435.<\/p>\n<p data-start=\"474\" data-end=\"651\">\u042f \u0441\u0430\u043c \u0447\u0438\u0442\u0430\u044e \u0432\u0441\u0435 \u0441\u043e\u043e\u0431\u0449\u0435\u043d\u0438\u044f \u0438 \u043e\u0431\u044b\u0447\u043d\u043e \u043e\u0442\u0432\u0435\u0447\u0430\u044e \u043d\u0430 \u043d\u0438\u0445 \u0432 \u0442\u0435\u0447\u0435\u043d\u0438\u0435 \u043d\u0435\u0441\u043a\u043e\u043b\u044c\u043a\u0438\u0445 \u0434\u043d\u0435\u0439. \u041f\u043e\u0436\u0430\u043b\u0443\u0439\u0441\u0442\u0430, \u043e\u043f\u0438\u0448\u0438\u0442\u0435 \u0432\u0430\u0448 \u0437\u0430\u043f\u0440\u043e\u0441 \u043a\u0430\u043a \u043c\u043e\u0436\u043d\u043e \u0431\u043e\u043b\u0435\u0435 \u0447\u0435\u0442\u043a\u043e, \u0447\u0442\u043e\u0431\u044b \u044f \u043c\u043e\u0433 \u043e\u0442\u0432\u0435\u0442\u0438\u0442\u044c \u043d\u0430 \u043d\u0435\u0433\u043e \u043a\u043e\u043d\u043a\u0440\u0435\u0442\u043d\u043e.<\/p>\n<p data-start=\"653\" data-end=\"776\">\u0420\u0430\u0437\u0443\u043c\u0435\u0435\u0442\u0441\u044f, \u0432\u0430\u0448\u0438 \u0434\u0430\u043d\u043d\u044b\u0435 \u0431\u0443\u0434\u0443\u0442 \u043a\u043e\u043d\u0444\u0438\u0434\u0435\u043d\u0446\u0438\u0430\u043b\u044c\u043d\u043e \u043e\u0431\u0440\u0430\u0431\u043e\u0442\u0430\u043d\u044b \u0438 \u0438\u0441\u043f\u043e\u043b\u044c\u0437\u043e\u0432\u0430\u043d\u044b \u0438\u0441\u043a\u043b\u044e\u0447\u0438\u0442\u0435\u043b\u044c\u043d\u043e \u0434\u043b\u044f \u043e\u0442\u0432\u0435\u0442\u0430 \u043d\u0430 \u0432\u0430\u0448 \u0437\u0430\u043f\u0440\u043e\u0441. \u041f\u0440\u0438 \u044d\u0442\u043e\u043c \u0434\u0435\u0439\u0441\u0442\u0432\u0443\u044e\u0442 \u0441\u043b\u0435\u0434\u0443\u044e\u0449\u0438\u0435 \u043f\u0440\u0430\u0432\u0438\u043b\u0430 <a href=\"https:\/\/www.markus-schall.de\/ru\/%d0%be%d1%82%d0%bf%d0%b5%d1%87%d0%b0%d1%82%d0%be%d0%ba\/\">\u0417\u0430\u0449\u0438\u0442\u0430 \u0434\u0430\u043d\u043d\u044b\u0445<\/a>.<\/p>\n<div class=\"forminator-ui forminator-custom-form forminator-custom-form-3208 forminator-design--flat  forminator_ajax\" data-forminator-render=\"0\" data-form=\"forminator-module-3208\" data-uid=\"69f598c317074\"><br\/><\/div><form\n\t\t\t\tid=\"forminator-module-3208\"\n\t\t\t\tclass=\"forminator-ui forminator-custom-form forminator-custom-form-3208 forminator-design--flat  forminator_ajax\"\n\t\t\t\tmethod=\"post\"\n\t\t\t\tdata-forminator-render=\"0\"\n\t\t\t\tdata-form-id=\"3208\"\n\t\t\t\t data-color-option=\"theme\" data-design=\"flat\" data-grid=\"open\" style=\"display: none;\"\n\t\t\t\tdata-uid=\"69f598c317074\" action=\"\"\n\t\t\t><div role=\"alert\" aria-live=\"polite\" class=\"forminator-response-message forminator-error\" aria-hidden=\"true\"><\/div><div class=\"forminator-row\"><div id=\"name-1\" class=\"forminator-field-name forminator-col forminator-col-12\"><div class=\"forminator-field\"><label for=\"forminator-field-name-1_69f598c317074\" id=\"forminator-field-name-1_69f598c317074-label\" class=\"forminator-label\">\u0418\u043c\u044f <span class=\"forminator-required\">*<\/span><\/label><input type=\"text\" name=\"name-1\" value=\"\" placeholder=\"\" id=\"forminator-field-name-1_69f598c317074\" class=\"forminator-input forminator-name--field\" aria-required=\"true\" autocomplete=\"name\" \/><\/div><\/div><\/div><div class=\"forminator-row\"><div id=\"email-1\" class=\"forminator-field-email forminator-col forminator-col-12\"><div class=\"forminator-field\"><label for=\"forminator-field-email-1_69f598c317074\" id=\"forminator-field-email-1_69f598c317074-label\" class=\"forminator-label\">\u0410\u0434\u0440\u0435\u0441 \u044d\u043b\u0435\u043a\u0442\u0440\u043e\u043d\u043d\u043e\u0439 \u043f\u043e\u0447\u0442\u044b <span class=\"forminator-required\">*<\/span><\/label><input type=\"email\" name=\"email-1\" value=\"\" placeholder=\"\" id=\"forminator-field-email-1_69f598c317074\" class=\"forminator-input forminator-email--field\" data-required=\"true\" aria-required=\"true\" autocomplete=\"email\" \/><\/div><\/div><\/div><div class=\"forminator-row\"><div id=\"phone-1\" class=\"forminator-field-phone forminator-col forminator-col-12\"><div class=\"forminator-field\"><label for=\"forminator-field-phone-1_69f598c317074\" id=\"forminator-field-phone-1_69f598c317074-label\" class=\"forminator-label\">\u041d\u043e\u043c\u0435\u0440 \u0442\u0435\u043b\u0435\u0444\u043e\u043d\u0430<\/label><input type=\"text\" name=\"phone-1\" value=\"\" placeholder=\"\" id=\"forminator-field-phone-1_69f598c317074\" class=\"forminator-input forminator-field--phone\" data-required=\"\" aria-required=\"false\" autocomplete=\"off\" \/><\/div><\/div><\/div><div class=\"forminator-row\"><div id=\"select-1\" class=\"forminator-field-select forminator-col forminator-col-12\"><div class=\"forminator-field\"><label for=\"forminator-form-3208__field--select-1_69f598c317074\" id=\"forminator-form-3208__field--select-1_69f598c317074-label\" class=\"forminator-label\">\u0418\u043d\u0442\u0435\u0440\u0435\u0441 \u043a<\/label><select  id=\"forminator-form-3208__field--select-1_69f598c317074\" class=\"forminator-select--field forminator-select2 forminator-select2-multiple\" data-required=\"\" name=\"select-1\" data-default-value=\"\" data-hidden-behavior=\"zero\" data-placeholder=\"\" data-search=\"false\" data-search-placeholder=\"\" data-checkbox=\"false\" data-allow-clear=\"false\" aria-labelledby=\"forminator-form-3208__field--select-1_69f598c317074-label\"><option value=\"Allgemeine-Anfrage\"  data-calculation=\"0\">\u041e\u0431\u0449\u0438\u0439 \u0437\u0430\u043f\u0440\u043e\u0441<\/option><option value=\"Gastbeitrag-als-Unternehmen\"  data-calculation=\"0\">\u0421\u043e\u0431\u0441\u0442\u0432\u0435\u043d\u043d\u044b\u0439 \u043c\u0435\u0436\u0434\u0443\u043d\u0430\u0440\u043e\u0434\u043d\u044b\u0439 \u0436\u0443\u0440\u043d\u0430\u043b<\/option><option value=\"one\"  data-calculation=\"0\">\u041a\u043d\u0438\u0433\u0438 \/ \u041a\u043d\u0438\u0436\u043d\u043e\u0435 \u0438\u0437\u0434\u0430\u0442\u0435\u043b\u044c\u0441\u0442\u0432\u043e<\/option><option value=\"Gastbeitrag-als-Autor\"  data-calculation=\"0\">\u0413\u043e\u0441\u0442\u0435\u0432\u043e\u0439 \u0432\u043a\u043b\u0430\u0434 \u0432 \u043a\u0430\u0447\u0435\u0441\u0442\u0432\u0435 \u0430\u0432\u0442\u043e\u0440\u0430<\/option><option value=\"Eigenes-internationales-Magazin\"  data-calculation=\"0\">\u0413\u043e\u0441\u0442\u0435\u0432\u043e\u0439 \u0432\u043a\u043b\u0430\u0434 \u043a\u043e\u043c\u043f\u0430\u043d\u0438\u0438<\/option><option value=\"Artikelservice-Redaktion\"  data-calculation=\"0\">\u041e\u0431\u0441\u043b\u0443\u0436\u0438\u0432\u0430\u043d\u0438\u0435\/\u0440\u0435\u0434\u0430\u043a\u0442\u0438\u0440\u043e\u0432\u0430\u043d\u0438\u0435 \u0441\u0442\u0430\u0442\u0435\u0439\/PR<\/option><option value=\"two\"  data-calculation=\"0\">\u0421\u0442\u0440\u0430\u0442\u0435\u0433\u0438\u0447\u0435\u0441\u043a\u0438\u0439 \u043a\u043e\u043d\u0441\u0430\u043b\u0442\u0438\u043d\u0433<\/option><option value=\"KI-L\u00f6sungen\"  data-calculation=\"0\">\u041f\u0440\u043e\u0433\u0440\u0430\u043c\u043c\u043d\u043e\u0435 \u043e\u0431\u0435\u0441\u043f\u0435\u0447\u0435\u043d\u0438\u0435 ERP<\/option><option value=\"KI-L\u00f6sungen\"  data-calculation=\"0\">\u0423\u043f\u0440\u0430\u0432\u043b\u0435\u043d\u0447\u0435\u0441\u043a\u0438\u0439 \u043a\u043e\u043d\u0441\u0430\u043b\u0442\u0438\u043d\u0433<\/option><\/select><\/div><\/div><\/div><div class=\"forminator-row\"><div id=\"textarea-1\" class=\"forminator-field-textarea forminator-col forminator-col-12\"><div class=\"forminator-field\"><label for=\"forminator-field-textarea-1_69f598c317074\" id=\"forminator-field-textarea-1_69f598c317074-label\" class=\"forminator-label\">\u0421\u043e\u043e\u0431\u0449\u0435\u043d\u0438\u0435<\/label><span id=\"forminator-field-textarea-1_69f598c317074-description\" class=\"forminator-description\"><span data-limit=\"1000\" data-type=\"characters\" data-editor=\"\">0 \/ 1000<\/span><\/span><textarea name=\"textarea-1\" placeholder=\"\" id=\"forminator-field-textarea-1_69f598c317074\" class=\"forminator-textarea\" rows=\"6\" style=\"--forminator-textarea-min-height:140px;\" maxlength=\"1000\" ><\/textarea><\/div><\/div><\/div><input type=\"hidden\" name=\"referer_url\" value=\"\" \/><div class=\"forminator-row forminator-row-last\"><div class=\"forminator-col\"><div class=\"forminator-field\"><button class=\"forminator-button forminator-button-submit\">\u041e\u0442\u043f\u0440\u0430\u0432\u043a\u0430<\/button><\/div><\/div><\/div><input type=\"hidden\" id=\"forminator_nonce\" name=\"forminator_nonce\" value=\"e336b3a5c6\" \/><input type=\"hidden\" name=\"_wp_http_referer\" value=\"\/ru\/wp-json\/wp\/v2\/pages\/3209\" \/><input type=\"hidden\" name=\"form_id\" value=\"3208\"><input type=\"hidden\" name=\"page_id\" value=\"3209\"><input type=\"hidden\" name=\"form_type\" value=\"default\"><input type=\"hidden\" name=\"current_url\" value=\"https:\/\/www.markus-schall.de\/ru\/%d1%81%d0%b2%d1%8f%d0%b7%d0%b0%d1%82%d1%8c%d1%81%d1%8f-%d1%81\/\"><input type=\"hidden\" name=\"render_id\" value=\"0\"><input type=\"hidden\" name=\"action\" value=\"forminator_submit_form_custom-forms\"><label for=\"input_6\" class=\"forminator-hidden\" aria-hidden=\"true\">\u041f\u043e\u0436\u0430\u043b\u0443\u0439\u0441\u0442\u0430, \u043d\u0435 \u0437\u0430\u043f\u043e\u043b\u043d\u044f\u0439\u0442\u0435 \u044d\u0442\u043e \u043f\u043e\u043b\u0435. <input id=\"input_6\" type=\"text\" name=\"input_6\" value=\"\" autocomplete=\"off\"><\/label><input type=\"hidden\" name=\"trp-form-language\" value=\"ru\"\/><\/form>","protected":false},"excerpt":{"rendered":"<p>Manchmal ist ein kurzer pers\u00f6nlicher Austausch der einfachste Weg, eine Frage zu kl\u00e4ren oder eine Idee weiterzudenken. \u00dcber das folgende Formular kannst Du mir eine Nachricht senden \u2013 ob zum Verlag, meinen B\u00fcchern, meiner ERP-Software, Unternehmensberatung, KI-L\u00f6sungen oder zu einer m\u00f6glichen Zusammenarbeit. Ich lese alle Mitteilungen selbst und antworte in der Regel innerhalb weniger Tage. &#8230; <a title=\"\u0421\u0432\u044f\u0436\u0438\u0442\u0435\u0441\u044c \u0441 \u043d\u0430\u043c\u0438\" class=\"read-more\" href=\"https:\/\/www.markus-schall.de\/ru\/%d1%81%d0%b2%d1%8f%d0%b7%d0%b0%d1%82%d1%8c%d1%81%d1%8f-%d1%81\/\" aria-label=\"\u041f\u0440\u043e\u0447\u0438\u0442\u0430\u0442\u044c \u0431\u043e\u043b\u044c\u0448\u0435 \u043e Kontakt\">\u0427\u0438\u0442\u0430\u0442\u044c \u0434\u0430\u043b\u0435\u0435<\/a><\/p>","protected":false},"author":1,"featured_media":0,"parent":0,"menu_order":0,"comment_status":"closed","ping_status":"closed","template":"","meta":{"iawp_total_views":187,"footnotes":""},"class_list":["post-3209","page","type-page","status-publish"],"_links":{"self":[{"href":"https:\/\/www.markus-schall.de\/ru\/wp-json\/wp\/v2\/pages\/3209","targetHints":{"allow":["GET"]}}],"collection":[{"href":"https:\/\/www.markus-schall.de\/ru\/wp-json\/wp\/v2\/pages"}],"about":[{"href":"https:\/\/www.markus-schall.de\/ru\/wp-json\/wp\/v2\/types\/page"}],"author":[{"embeddable":true,"href":"https:\/\/www.markus-schall.de\/ru\/wp-json\/wp\/v2\/users\/1"}],"replies":[{"embeddable":true,"href":"https:\/\/www.markus-schall.de\/ru\/wp-json\/wp\/v2\/comments?post=3209"}],"version-history":[{"count":7,"href":"https:\/\/www.markus-schall.de\/ru\/wp-json\/wp\/v2\/pages\/3209\/revisions"}],"predecessor-version":[{"id":4858,"href":"https:\/\/www.markus-schall.de\/ru\/wp-json\/wp\/v2\/pages\/3209\/revisions\/4858"}],"wp:attachment":[{"href":"https:\/\/www.markus-schall.de\/ru\/wp-json\/wp\/v2\/media?parent=3209"}],"curies":[{"name":"wp","href":"https:\/\/api.w.org\/{rel}","templated":true}]}}