{"id":1469,"date":"2012-11-09T17:15:17","date_gmt":"2012-11-09T17:15:17","guid":{"rendered":"https:\/\/markus-schall.de\/?page_id=1469"},"modified":"2025-12-09T07:31:57","modified_gmt":"2025-12-09T07:31:57","slug":"kitap-yayincisi","status":"publish","type":"page","link":"https:\/\/www.markus-schall.de\/tr\/kitap-yayincisi\/","title":{"rendered":"Kitap yay\u0131nevi"},"content":{"rendered":"<p data-start=\"312\" data-end=\"382\"><img loading=\"lazy\" decoding=\"async\" class=\"aligncenter size-large wp-image-3180\" src=\"http:\/\/www.markus-schall.de\/wp-content\/uploads\/Buchverlag.jpg\" alt=\"\" width=\"1024\" height=\"683\" srcset=\"https:\/\/www.markus-schall.de\/wp-content\/uploads\/Buchverlag.jpg 1024w, https:\/\/www.markus-schall.de\/wp-content\/uploads\/Buchverlag-300x200.jpg 300w, https:\/\/www.markus-schall.de\/wp-content\/uploads\/Buchverlag-768x512.jpg 768w, https:\/\/www.markus-schall.de\/wp-content\/uploads\/Buchverlag-18x12.jpg 18w\" sizes=\"auto, (max-width: 1024px) 100vw, 1024px\" \/><\/p>\n<h2 data-start=\"312\" data-end=\"382\">M. Schall yay\u0131nevi - deneyime dayal\u0131, \u00f6ng\u00f6r\u00fc ile yaz\u0131lm\u0131\u015f kitaplar<\/h2>\n<p data-start=\"384\" data-end=\"749\">Baz\u0131 \u015feyler zaman al\u0131r.<\/p>\n<p data-start=\"384\" data-end=\"749\"><img loading=\"lazy\" decoding=\"async\" class=\"alignleft wp-image-2481\" src=\"https:\/\/www.markus-schall.de\/wp-content\/uploads\/Schall-Verlag-Logo-Schwarz.png\" alt=\"M. Schall Verlag Logo\" width=\"199\" height=\"103\" srcset=\"https:\/\/www.markus-schall.de\/wp-content\/uploads\/Schall-Verlag-Logo-Schwarz.png 872w, https:\/\/www.markus-schall.de\/wp-content\/uploads\/Schall-Verlag-Logo-Schwarz-300x155.png 300w, https:\/\/www.markus-schall.de\/wp-content\/uploads\/Schall-Verlag-Logo-Schwarz-768x397.png 768w, https:\/\/www.markus-schall.de\/wp-content\/uploads\/Schall-Verlag-Logo-Schwarz-18x9.png 18w\" sizes=\"auto, (max-width: 199px) 100vw, 199px\" \/>50 ya\u015f\u0131nda, deneyimler, kararlar ve dolamba\u00e7l\u0131 yollarla dolu hareketli bir hayattan sonra, art\u0131k bu i\u00e7g\u00f6r\u00fcleri kendime saklamak istemedi\u011fime, bunlar\u0131 aktarmak istedi\u011fime karar verdim. Bir ko\u00e7 olarak de\u011fil, alternatif bir uygulay\u0131c\u0131 olarak de\u011fil - ama bana her zaman en \u00e7ok \u015fey veren formda: kitap.<\/p>\n<p data-start=\"751\" data-end=\"1009\">Ben Markus Schall, yaz\u0131l\u0131m geli\u015ftiricisi, sistem d\u00fc\u015f\u00fcn\u00fcr\u00fc, g\u00f6zlemciyim - ve 2025'ten beri ayn\u0131 zamanda bir yay\u0131nc\u0131y\u0131m. Ben <a href=\"https:\/\/www.schall-verlag.de\" target=\"_blank\" rel=\"noopener\"><strong>M. Schall-Verlag<\/strong><\/a> bir i\u015f plan\u0131ndan de\u011fil, i\u00e7sel bir d\u00fcrt\u00fcden do\u011fdu: Deneyimledi\u011fim ve anlad\u0131\u011f\u0131m \u015fey ba\u015fkalar\u0131na yard\u0131mc\u0131 olmal\u0131<strong data-start=\"949\" data-end=\"1009\">.<\/strong><\/p>\n<hr data-start=\"1011\" data-end=\"1014\" \/>\n<h3 data-start=\"1016\" data-end=\"1049\">Neden kendi yay\u0131neviniz var?<\/h3>\n<p data-start=\"1051\" data-end=\"1484\">Y\u0131llard\u0131r \u00e7evremdeki insanlar bana bildiklerimi yazmam gerekti\u011fini s\u00f6yl\u00fcyordu - \u00f6zellikle de yo\u011fun olarak ilgilendi\u011fim sa\u011fl\u0131k konular\u0131 hakk\u0131nda. Hatta baz\u0131lar\u0131 neden naturopath olmad\u0131\u011f\u0131m\u0131 sordu. Ama bunun benim yolum olmad\u0131\u011f\u0131n\u0131 biliyordum. Kat\u0131 kurallara uymak ya da bir sisteme zorlanmak istemiyorum - yararl\u0131 ve do\u011fru oldu\u011funu d\u00fc\u015f\u00fcnd\u00fc\u011f\u00fcm \u015feyleri \u00f6zg\u00fcrce yazmak istiyorum.<\/p>\n<p data-start=\"1486\" data-end=\"1874\">Modern yapay zeka ara\u00e7lar\u0131n\u0131n ortaya \u00e7\u0131kmas\u0131yla - \u00f6zellikle 2023'ten bu yana - kitap fikirlerini daha h\u0131zl\u0131 yap\u0131land\u0131rmak, metinleri rafine etmek ve karma\u015f\u0131k fikirlerin kalbine inmek ilk kez m\u00fcmk\u00fcn hale geldi. Bana kararl\u0131 itici g\u00fcc\u00fc veren de tam olarak buydu: 2025'te yay\u0131nevimi kurdum ve birka\u00e7 ay i\u00e7inde birka\u00e7 kitap yaz\u0131p yay\u0131nlad\u0131m bile.<\/p>\n<hr data-start=\"1876\" data-end=\"1879\" \/>\n<h3 data-start=\"1881\" data-end=\"1908\">Ne yay\u0131nl\u0131yoruz<\/h3>\n<p data-start=\"1910\" data-end=\"2081\">M. Schall-Verlag ger\u00e7ek d\u00fcnyaya yak\u0131n kitaplar yay\u0131nlamaktad\u0131r. C\u00fcmlelerle de\u011fil, ger\u00e7ek konularla ilgilenirler. Deneyimlenmi\u015f, \u00fczerinde d\u00fc\u015f\u00fcn\u00fclm\u00fc\u015f ve uygulanm\u0131\u015f \u015feyler hakk\u0131nda.<\/p>\n<p data-start=\"2083\" data-end=\"2146\">Bug\u00fcne kadar yay\u0131nlanan ba\u015fl\u0131klar \u00fc\u00e7 temel alan\u0131 kapsamaktad\u0131r:<\/p>\n<h4 data-start=\"2148\" data-end=\"2173\">\ud83d\udd27 Teknik konular<\/h4>\n<ul data-start=\"2174\" data-end=\"2401\">\n<li data-start=\"2174\" data-end=\"2283\">\n<p data-start=\"2176\" data-end=\"2283\"><strong><em data-start=\"2176\" data-end=\"2208\">Bir farkla veritaban\u0131 kitab\u0131<\/em><\/strong> - ili\u015fkisel veritabanlar\u0131n\u0131n arkas\u0131ndaki genellikle hafife al\u0131nan yakla\u015f\u0131m hakk\u0131nda<\/p>\n<\/li>\n<li data-start=\"2284\" data-end=\"2401\">\n<p data-start=\"2286\" data-end=\"2401\"><strong><em data-start=\"2286\" data-end=\"2308\">Kitap yazmak 2.0<\/em><\/strong> - G\u00fcn\u00fcm\u00fczde \u00f6zg\u00fcnl\u00fc\u011f\u00fc kaybetmeden yapay zeka ile nas\u0131l kitap yaz\u0131l\u0131r?<\/p>\n<\/li>\n<\/ul>\n<h4 data-start=\"2403\" data-end=\"2430\">\ud83c\udf3f Sa\u011fl\u0131k ve v\u00fccut<\/h4>\n<ul data-start=\"2431\" data-end=\"2564\">\n<li data-start=\"2431\" data-end=\"2485\">\n<p data-start=\"2433\" data-end=\"2485\"><em data-start=\"2433\" data-end=\"2483\"><strong>CMD - Modern t\u0131bb\u0131n unutulmu\u015f sorunu<\/strong> &#8211; <\/em>Nedenleri tan\u0131ma, ba\u011flant\u0131lar\u0131 anlama<\/p>\n<\/li>\n<li data-start=\"2486\" data-end=\"2564\">\n<p data-start=\"2488\" data-end=\"2564\"><em data-start=\"2488\" data-end=\"2564\"><strong>Biraz farkl\u0131 hemoroid kitab\u0131<\/strong> - <\/em>B\u00fct\u00fcnsel yakla\u015f\u0131mlar i\u00e7eren d\u00fcr\u00fcst bir deneyim raporu<\/p>\n<\/li>\n<\/ul>\n<h4 data-start=\"2566\" data-end=\"2596\">\ud83e\udded Ya\u015fam tarz\u0131 ve de\u011fi\u015fim<\/h4>\n<ul data-start=\"2597\" data-end=\"2713\">\n<li data-start=\"2597\" data-end=\"2713\">\n<p data-start=\"2599\" data-end=\"2713\"><strong><em data-start=\"2599\" data-end=\"2623\">D\u00f6n\u00fcm noktas\u0131 olarak krizler<\/em><\/strong> - Zor zamanlar\u0131n \u00fcstesinden gelmek ve aksiliklerden ders \u00e7\u0131karmak \u00fczerine ki\u015fisel bir kitap<\/p>\n<\/li>\n<\/ul>\n<p data-start=\"2715\" data-end=\"2979\">T\u00fcm kitaplar Almanca ve \u0130ngilizce olarak yay\u0131nlan\u0131yor, Frans\u0131zca ve Hollandaca gibi di\u011fer diller de s\u0131rada. Hem yazar hem de yay\u0131nc\u0131 olarak neyin nas\u0131l yay\u0131nlanaca\u011f\u0131na karar vermekte \u00f6zg\u00fcr\u00fcm.<\/p>\n<hr data-start=\"2981\" data-end=\"2984\" \/>\n<h3 data-start=\"2986\" data-end=\"3027\">Daha fazlas\u0131n\u0131 isteyen okurlar i\u00e7in bir yay\u0131nc\u0131<\/h3>\n<p data-start=\"3029\" data-end=\"3347\">Schall-Verlag, s\u00fcsl\u00fc ya\u015fam rehberleri veya bo\u015f sa\u011fl\u0131k vaatleri de\u011fil, netlik, derinlik ve sayg\u0131l\u0131 bir \u00fcslup arayan okuyucular\u0131 hedeflemektedir. T\u00fcm kitaplar bilin\u00e7li olarak geleneksel bir tarzda yaz\u0131lm\u0131\u015f ve temel konulara odaklanan klasik bir dil izlenmi\u015ftir.<\/p>\n<p data-start=\"3349\" data-end=\"3553\">D\u00fc\u015f\u00fcnd\u00fc\u011f\u00fcm gibi yaz\u0131yorum: yap\u0131land\u0131r\u0131lm\u0131\u015f, sorgulayan ama asla ders vermeyen. Kitaplar manuel olarak, b\u00f6l\u00fcm b\u00f6l\u00fcm - modern yapay zekan\u0131n deste\u011fiyle, ancak her zaman kendi ki\u015fisel el yaz\u0131mla olu\u015fturuluyor.<\/p>\n<hr data-start=\"3555\" data-end=\"3558\" \/>\n<h3 data-start=\"3560\" data-end=\"3583\">Yolculuk devam ediyor<\/h3>\n<p data-start=\"3585\" data-end=\"3629\">A\u015fa\u011f\u0131daki alanlarda ba\u015fka ba\u015fl\u0131klar da planlanmaktad\u0131r:<\/p>\n<ul data-start=\"3630\" data-end=\"3732\">\n<li data-start=\"3630\" data-end=\"3658\">\n<p data-start=\"3632\" data-end=\"3658\">Ki\u015fisel geli\u015fim<\/p>\n<\/li>\n<li data-start=\"3659\" data-end=\"3673\">\n<p data-start=\"3661\" data-end=\"3673\">Sistem d\u00fc\u015f\u00fcncesi<\/p>\n<\/li>\n<li data-start=\"3674\" data-end=\"3704\">\n<p data-start=\"3676\" data-end=\"3704\">Ekonomi ve dijitalle\u015fme<\/p>\n<\/li>\n<li data-start=\"3705\" data-end=\"3732\">\n<p data-start=\"3707\" data-end=\"3732\">Yapay zeka ve gelecek teknolojileri<\/p>\n<\/li>\n<\/ul>\n<p data-start=\"3734\" data-end=\"3911\">Ama\u00e7, \u00f6n\u00fcm\u00fczdeki 1-2 y\u0131l i\u00e7inde \u00e7e\u015fitli dillerde toplam 15 ila 20 kitaptan olu\u015fan, tematik a\u00e7\u0131dan farkl\u0131 bir kitap serisi olu\u015fturmakt\u0131r. \u0130lk ad\u0131mlar \u00e7oktan at\u0131ld\u0131.<\/p>\n<h3 data-start=\"3918\" data-end=\"3936\">Daha fazlas\u0131n\u0131 \u00f6\u011frenmek ister misiniz?<\/h3>\n<p data-start=\"3938\" data-end=\"4008\"><strong><a class=\"decorated-link cursor-pointer\" href=\"https:\/\/schall-verlag.de\" target=\"_blank\" rel=\"noopener\" data-start=\"3938\" data-end=\"3968\">Kitap program\u0131na \u2192<\/a><\/strong><\/p>\n<hr \/>\n<h2 data-start=\"3938\" data-end=\"4008\">M. Schall Verlag ile yazar olun<\/h2>\n<p data-start=\"3938\" data-end=\"4008\">Kendi kitaplar\u0131m\u0131z\u0131n yan\u0131 s\u0131ra, hem Almanca konu\u015fulan \u00fclkelerde hem de uluslararas\u0131 alanda d\u0131\u015far\u0131dan yazarlar\u0131n kitaplar\u0131n\u0131 da yay\u0131nl\u0131yoruz. Yay\u0131nevimiz bilin\u00e7li olarak bask\u0131 deste\u011fi veya ba\u015fka \u00fccretler almadan \u00e7al\u0131\u015fmaktad\u0131r: Bizimle yay\u0131nc\u0131l\u0131k yapanlar yanlar\u0131nda para getirmiyorlar - iyi bir fikir, bir taslak ve birlikte de\u011ferli bir kitap yaratma iste\u011fi getiriyorlar. Biz i\u00e7erikle ilgileniyoruz, yazar\u0131n c\u00fczdan\u0131yla de\u011fil. \u0130\u015fin ticari y\u00f6n\u00fc ancak daha sonra, eri\u015fim, sat\u0131\u015f ba\u015far\u0131s\u0131 ve her iki tarafa da fayda sa\u011flayan adil bir payla\u015f\u0131mla ortaya \u00e7\u0131kar.<\/p>\n<p data-start=\"3938\" data-end=\"4008\">M. Schall Verlag, kal\u0131c\u0131 bir etkiye sahip kitaplar anlam\u0131na gelir. Sadece bilgilendirmekle kalmayan, ayn\u0131 zamanda y\u00f6nlendirme de sa\u011flayan eserler i\u00e7in - genellikle iyi oldu\u011fundan daha h\u0131zl\u0131 olan bir zamanda. Akl\u0131n\u0131zda bu yakla\u015f\u0131ma uygun bir kitap projesi varsa - ister ki\u015fisel geli\u015fim, giri\u015fimcilik, sa\u011fl\u0131k veya toplum alanlar\u0131nda olsun - o zaman do\u011fru yere geldiniz. Elbette di\u011fer ilgin\u00e7 alanlara da a\u00e7\u0131\u011f\u0131z.<\/p>\n<p data-start=\"3938\" data-end=\"4008\">Biz seri \u00fcretim mallar aram\u0131yoruz. Biz \u00f6z ar\u0131yoruz.<\/p>\n<p data-start=\"3938\" data-end=\"4008\">A\u00e7\u0131k bir dile, samimi hikayelere ve derinli\u011fi olan konulara inan\u0131yoruz - hatta (ve \u00f6zellikle) sessizce ortaya \u00e7\u0131kt\u0131klar\u0131nda bile.<\/p>\n<h3 data-start=\"3938\" data-end=\"4008\">En ba\u015f\u0131ndan itibaren veya ihtiya\u00e7 duyuldu\u011funda destek<\/h3>\n<p data-start=\"3938\" data-end=\"4008\">\u0130ster bitmi\u015f bir tasla\u011f\u0131n\u0131z olsun, ister sadece belirsiz bir fikriniz, size yard\u0131mc\u0131 olmaktan mutluluk duyar\u0131z. \u0130lk konsept ve yap\u0131dan dizgi ve yay\u0131na kadar - Schallverlag'da kitab\u0131 bir b\u00fct\u00fcn olarak d\u00fc\u015f\u00fcn\u00fcyoruz. Hedefe y\u00f6nelik k\u0131smi destek de faydal\u0131 olabilir, \u00f6rne\u011fin:<\/p>\n<ul>\n<li data-start=\"3938\" data-end=\"4008\">Konu belirleme ve konumland\u0131rma konusunda yard\u0131m<\/li>\n<li data-start=\"3938\" data-end=\"4008\">Yazma s\u00fcreci ile ilgili destek<\/li>\n<li data-start=\"3938\" data-end=\"4008\">Profesyonel d\u00fczenleme ve mizanpaj<\/li>\n<li data-start=\"3938\" data-end=\"4008\">ISBN tahsisi, e-kitap formatlama ve talep \u00fczerine bask\u0131<\/li>\n<\/ul>\n<h3 data-start=\"3938\" data-end=\"4008\">Ortak pazarlama ve g\u00f6r\u00fcn\u00fcrl\u00fck<\/h3>\n<p data-start=\"3938\" data-end=\"4008\">E\u011fer hala ba\u015flang\u0131\u00e7 a\u015famas\u0131ndaysan\u0131z, kitab\u0131m \"<a href=\"https:\/\/www.markus-schall.de\/tr\/2025\/08\/ki%cc%87-caginda-ki%cc%87tap-yazmak-2-0-yazarlar-i%cc%87ci%cc%87n-prati%cc%87k-rehber\/\"><strong>Kitap yazmak 2.0<\/strong><\/a>\" de\u011ferli bir yol arkada\u015f\u0131 olacak. Bu kitapta size sadece bug\u00fcn iyi bir kitab\u0131n nas\u0131l yaz\u0131laca\u011f\u0131n\u0131 de\u011fil, ayn\u0131 zamanda bunu yapay zeka deste\u011fiyle, \u00f6z\u00fc veya tarz\u0131 kaybetmeden nas\u0131l verimli bir \u015fekilde uygulayaca\u011f\u0131n\u0131z\u0131 da \u00f6\u011fretiyorum.<\/p>\n<p data-start=\"3938\" data-end=\"4008\">Kendi kulland\u0131\u011f\u0131m y\u00f6ntemleri a\u00e7\u0131k\u00e7a payla\u015f\u0131yorum - \u00e7\u00fcnk\u00fc bilgiyi biriktirmektense yayman\u0131n daha iyi oldu\u011funa inan\u0131yorum.<\/p>\n<p data-start=\"3938\" data-end=\"4008\"><a href=\"https:\/\/www.markus-schall.de\/tr\/yazar-olarak-basvurun\/\"><strong>\u0130lgileniyor musunuz? O zaman ileti\u015fime ge\u00e7in!<\/strong><\/a><\/p>\n<p data-start=\"3938\" data-end=\"4008\">M. Schall Verlag ile \u00e7al\u0131\u015fmay\u0131 hayal edebiliyorsan\u0131z, bana a\u015fa\u011f\u0131daki adresten yazman\u0131z yeterlidir <a href=\"https:\/\/www.markus-schall.de\/tr\/iletisim\/\"><strong>\u0130leti\u015fim formu<\/strong><\/a>. Ciddi, iyi d\u00fc\u015f\u00fcn\u00fclm\u00fc\u015f fikirleri ve metinleriyle bir \u015feyleri harekete ge\u00e7irmek isteyen insanlar\u0131 d\u00f6rt g\u00f6zle bekliyorum.<\/p>\n<hr \/>\n<h2 data-start=\"3938\" data-end=\"4008\">M. Schall Verlag hakk\u0131nda s\u0131k\u00e7a sorulan sorular<\/h2>\n<ol>\n<li data-start=\"3938\" data-end=\"4008\"><strong>M. Schall-Verlag'\u0131 geleneksel yay\u0131nc\u0131lardan ay\u0131ran nedir?<\/strong><br \/>\nM. Schall-Verlag bir pazar plan\u0131ndan de\u011fil, ki\u015fisel bir yolculuktan do\u011fdu. Bu, h\u0131zl\u0131 trendlerle de\u011fil, ger\u00e7ek deneyimlere dayanan kitaplarla ilgilidir. Kararlar sat\u0131\u015f listelerine g\u00f6re de\u011fil, i\u00e7erik derinli\u011fine ve ki\u015fisel inanca g\u00f6re al\u0131nmaktad\u0131r. Kitaplar\u0131n etkili olmas\u0131, rehberlik sa\u011flamas\u0131 ve insanlar\u0131n ilerlemesine yard\u0131mc\u0131 olmas\u0131 ama\u00e7lanmaktad\u0131r \u00e7\u00fcnk\u00fc bunlar ya\u015fanm\u0131\u015f deneyimlerin sonucudur. Bu ba\u011f\u0131ms\u0131zl\u0131k, yay\u0131nevini cesur, d\u00fcr\u00fcst ve bazen de al\u0131\u015f\u0131lmad\u0131k konular\u0131 ele alma konusunda \u00f6zg\u00fcr k\u0131lmaktad\u0131r.<\/li>\n<li data-start=\"3938\" data-end=\"4008\"><strong>Sa\u011fl\u0131k konular\u0131 yay\u0131nevi i\u00e7in neden bu kadar \u00f6nemli?<\/strong><br \/>\n\u00c7\u00fcnk\u00fc bu sorunlar\u0131n \u00e7o\u011fu nihayetinde ki\u015fisel deneyimlerden kaynaklanmaktad\u0131r. CMD, hemoroid, kronik \u015fikayetler - bunlar\u0131n hepsi, genellikle uzun s\u00fcre hafife al\u0131nan veya yanl\u0131\u015f yorumlanan hayat\u0131n ger\u00e7ekleridir. Yay\u0131nc\u0131n\u0131n kitaplar\u0131 mucize tedaviler vaat etmekten ziyade ba\u011flant\u0131lar\u0131 a\u00e7\u0131klamak, deneyimleri payla\u015fmak ve etkilenenlere netlik hissi vermek i\u00e7in tasarlanm\u0131\u015ft\u0131r. Burada geleneksel bir tutum \u00f6nemli bir rol oynamaktad\u0131r: y\u0131llar boyunca kendini kan\u0131tlam\u0131\u015f olana bak\u0131yoruz ve \u00f6nemli olan\u0131 \u00f6nemsiz olandan ay\u0131r\u0131yoruz.<\/li>\n<li data-start=\"3938\" data-end=\"4008\"><strong>Modern yapay zeka kitaplar\u0131n yarat\u0131lmas\u0131nda nas\u0131l bir rol oynuyor?<\/strong><br \/>\nYapay zeka burada d\u00fc\u015f\u00fcnmenin yerine de\u011fil, bir ara\u00e7 olarak kullan\u0131lmaktad\u0131r. Yap\u0131land\u0131rmaya, dilin ince ayar\u0131n\u0131 yapmaya ve karma\u015f\u0131k ba\u011flamlara n\u00fcfuz etmeye yard\u0131mc\u0131 olur. Metnin \u00f6z\u00fc her zaman el yaz\u0131s\u0131 olarak kal\u0131r - ki\u015fisel bir yakla\u015f\u0131m, ki\u015fisel i\u00e7g\u00f6r\u00fcler ve makine taraf\u0131ndan kopyalanamayan bir \u00fcslupla. Yapay zeka basitle\u015ftirmeye de\u011fil, netle\u015ftirmeye hizmet eder. Bu, modern yard\u0131mc\u0131lardan \u00f6d\u00fcn vermeden kitaplar\u0131n geleneksel karakterini korur.<\/li>\n<li data-start=\"3938\" data-end=\"4008\"><strong>Yay\u0131nc\u0131n\u0131n teknik odakl\u0131 kitaplar\u0131n\u0131 karakterize eden nedir?<\/strong><br \/>\nBu kitaplar teknolojiye soyut bir konu alan\u0131 olarak de\u011fil, bir d\u00fc\u015f\u00fcnce s\u00fcreci olarak bakma yakla\u015f\u0131m\u0131n\u0131 benimsiyor. \u0130ster veritabanlar\u0131, ister FileMaker veya yapay zeka olsun, her konu okuyucunun i\u015flerin sadece nas\u0131l de\u011fil, neden y\u00fcr\u00fcd\u00fc\u011f\u00fcn\u00fc anlayaca\u011f\u0131 \u015fekilde a\u00e7\u0131klanmaktad\u0131r. Yay\u0131nc\u0131 pragmatizmi, a\u00e7\u0131k bir dili ve ge\u00e7mi\u015fte daha yayg\u0131n olan klasik teknik \u00f6\u011fretim tarz\u0131n\u0131 vurgulamaktad\u0131r: az g\u00fcr\u00fclt\u00fc, \u00e7ok i\u00e7erik.<\/li>\n<li data-start=\"3938\" data-end=\"4008\"><strong>Yay\u0131nc\u0131n\u0131n hedef kitlesi kim?<\/strong><br \/>\nYay\u0131nevi, basit rehber kitaplardan daha fazlas\u0131n\u0131 isteyen okuyucular\u0131 hedefliyor. Soru soran, arka plan\u0131 anlamak isteyen, kendi yollar\u0131nda gitmeye haz\u0131r olan insanlar. Giri\u015fimciler, geli\u015ftiriciler, sa\u011fl\u0131k sorunlar\u0131ndan etkilenen insanlar, krizdeki insanlar - hepsi burada ge\u00e7i\u015ftirmeyen, ancak y\u00f6nlendirme sa\u011flayan kitaplar bulacaklar. Yay\u0131nc\u0131, sakin, sayg\u0131l\u0131 bir dili takdir eden ve y\u00fczeysellikle yetinmeyen okuyuculara hitap ediyor.<\/li>\n<li data-start=\"3938\" data-end=\"4008\"><strong>Yay\u0131nevinde yeni bir kitap projesi nas\u0131l ortaya \u00e7\u0131k\u0131yor?<\/strong><br \/>\nS\u00fcre\u00e7 bir piyasa e\u011filimi ile de\u011fil, i\u00e7sel bir g\u00f6zlemle ba\u015flar: Ne a\u00e7\u0131klanmal\u0131? Kamusal alanda eksik olan nedir? Hangi deneyim ba\u015fkalar\u0131na yard\u0131mc\u0131 olabilir? Ancak o zaman bir yap\u0131 ortaya \u00e7\u0131k\u0131yor ve bunu b\u00f6l\u00fcm b\u00f6l\u00fcm metin takip ediyor. Yapay zeka daha kesin olmas\u0131na yard\u0131mc\u0131 oluyor, ancak \u00f6z\u00fc yazar\u0131n kendi d\u00fc\u015f\u00fcnceleri olu\u015fturuyor. Sonu\u00e7 olarak, her kitap organik olarak geli\u015fiyor - \u00fcretim bask\u0131s\u0131na g\u00f6re de\u011fil, olgunlu\u011fa g\u00f6re.<\/li>\n<li data-start=\"3938\" data-end=\"4008\"><strong>Neden t\u00fcm kitaplar birka\u00e7 dilde yay\u0131nlan\u0131yor?<\/strong><br \/>\n\u00c7\u00fcnk\u00fc bir\u00e7ok konu evrenseldir. Ac\u0131, krizler, teknoloji, ki\u015fisel geli\u015fim - bunlar her yerde insanlar\u0131 etkiler. \u00c7ok dillilik, Avrupa'daki ve \u00f6tesindeki okurlar\u0131n ulusal s\u0131n\u0131rlara ba\u011fl\u0131 olmayan deneyimlere eri\u015fimini sa\u011flar. Ayn\u0131 zamanda yay\u0131nevini ba\u011f\u0131ms\u0131z bir Avrupa yay\u0131nc\u0131l\u0131k merkezi olarak g\u00fc\u00e7lendirir. \u00c7eviriler, tipik sakin \u00fcslubu kaybetmeden, dikkatli ve sayg\u0131l\u0131 bir \u015fekilde \u00fcretilmektedir.<\/li>\n<li data-start=\"3938\" data-end=\"4008\"><strong>Yay\u0131nc\u0131 ne t\u00fcr el yazmalar\u0131 ar\u0131yor?<\/strong><br \/>\nYay\u0131nc\u0131, konu ne olursa olsun, i\u00e7eri\u011fi olan metinler ar\u0131yor. Bunlar ki\u015fisel deneyimler, sistemik g\u00f6zlemler, sa\u011fl\u0131k i\u00e7g\u00f6r\u00fcleri veya teknik bilgi olabilir. Belirleyici fakt\u00f6r, metnin i\u00e7sel bir ger\u00e7e\u011fi ta\u015f\u0131mas\u0131, bir tutumu ortaya koymas\u0131 ve okuyucuya ger\u00e7ekten bir \u015feyler vermesidir. Yay\u0131nc\u0131, korkun\u00e7, yapay olarak \u015fi\u015firilmi\u015f konular\u0131 reddeder. Y\u00fcksek sesli vaatler yerine sessiz bir g\u00fc\u00e7 arar.<\/li>\n<li data-start=\"3938\" data-end=\"4008\"><strong>Yay\u0131nc\u0131 yazarlar\u0131 yazma konusunda nas\u0131l destekliyor?<\/strong><br \/>\nTalep \u00fczerine, yay\u0131nevi t\u00fcm s\u00fcrece e\u015flik edecektir: beyin f\u0131rt\u0131nas\u0131ndan yap\u0131ya, yaz\u0131ma, d\u00fczenlemeye, bi\u00e7imlendirmeye ve yay\u0131na kadar. Tamamlanmam\u0131\u015f bir tasla\u011f\u0131n d\u00fczenlenmesi veya dilin yo\u011funla\u015ft\u0131r\u0131lmas\u0131 gibi m\u00fcnferit b\u00f6l\u00fcmler de desteklenebilir. Yay\u0131nevi s\u00fcre\u00e7 odakl\u0131 ve geleneklere duyarl\u0131 bir \u015fekilde \u00e7al\u0131\u015f\u0131r: kal\u0131c\u0131 bir kitap yaratmak amac\u0131yla ad\u0131m ad\u0131m ilerler.<\/li>\n<li data-start=\"3938\" data-end=\"4008\"><strong>Yay\u0131nevine nas\u0131l ba\u015fvurabilirim veya bir kitap projesini nas\u0131l sunabilirim?<\/strong><br \/>\nOlduk\u00e7a basit: ileti\u015fim formu arac\u0131l\u0131\u011f\u0131yla. Belirleyici fakt\u00f6r bitmi\u015f metin de\u011fil, projenin ciddiyetidir. Fikrin k\u0131sa bir a\u00e7\u0131klamas\u0131 yeterlidir. Tav\u0131r do\u011fruysa ve konu yay\u0131nevinin \u00e7izgisine uyuyorsa, yolculu\u011fumuza birlikte ba\u015flayabiliriz. Yay\u0131nevi kitleler aramaz - anlam arar.<\/li>\n<\/ol>","protected":false},"excerpt":{"rendered":"<p>M. Schall yay\u0131nevi - deneyime dayal\u0131, \u00f6ng\u00f6r\u00fc ile yaz\u0131lm\u0131\u015f kitaplar Baz\u0131 \u015feyler zaman al\u0131r. 50 ya\u015f\u0131mda, deneyimler, kararlar ve dolamba\u00e7l\u0131 yollarla dolu hareketli bir hayattan sonra, bu birikmi\u015f i\u00e7g\u00f6r\u00fcleri art\u0131k kendime saklamamaya, onlar\u0131 aktarmaya karar verdim. Bir ko\u00e7 olarak de\u011fil, alternatif bir uygulay\u0131c\u0131 olarak de\u011fil - ama ... <a title=\"Kitap yay\u0131nevi\" class=\"read-more\" href=\"https:\/\/www.markus-schall.de\/tr\/kitap-yayincisi\/\" aria-label=\"Kitap yay\u0131nc\u0131s\u0131 hakk\u0131nda devam\u0131n\u0131 oku\">Devam\u0131n\u0131 oku<\/a><\/p>","protected":false},"author":1,"featured_media":0,"parent":0,"menu_order":3,"comment_status":"closed","ping_status":"closed","template":"","meta":{"iawp_total_views":260,"footnotes":""},"class_list":["post-1469","page","type-page","status-publish"],"_links":{"self":[{"href":"https:\/\/www.markus-schall.de\/tr\/wp-json\/wp\/v2\/pages\/1469","targetHints":{"allow":["GET"]}}],"collection":[{"href":"https:\/\/www.markus-schall.de\/tr\/wp-json\/wp\/v2\/pages"}],"about":[{"href":"https:\/\/www.markus-schall.de\/tr\/wp-json\/wp\/v2\/types\/page"}],"author":[{"embeddable":true,"href":"https:\/\/www.markus-schall.de\/tr\/wp-json\/wp\/v2\/users\/1"}],"replies":[{"embeddable":true,"href":"https:\/\/www.markus-schall.de\/tr\/wp-json\/wp\/v2\/comments?post=1469"}],"version-history":[{"count":13,"href":"https:\/\/www.markus-schall.de\/tr\/wp-json\/wp\/v2\/pages\/1469\/revisions"}],"predecessor-version":[{"id":3919,"href":"https:\/\/www.markus-schall.de\/tr\/wp-json\/wp\/v2\/pages\/1469\/revisions\/3919"}],"wp:attachment":[{"href":"https:\/\/www.markus-schall.de\/tr\/wp-json\/wp\/v2\/media?parent=1469"}],"curies":[{"name":"wp","href":"https:\/\/api.w.org\/{rel}","templated":true}]}}