{"id":2,"date":"2011-02-11T16:58:41","date_gmt":"2011-02-11T16:58:41","guid":{"rendered":"https:\/\/markus-schall.de\/?page_id=2"},"modified":"2026-05-09T18:31:35","modified_gmt":"2026-05-09T18:31:35","slug":"baski","status":"publish","type":"page","link":"https:\/\/www.markus-schall.de\/tr\/baski\/","title":{"rendered":"K\u00fcnye"},"content":{"rendered":"<h3>Dergi <em>markus-schall.de<\/em> taraf\u0131ndan yay\u0131nland\u0131:<\/h3>\r\n<p>M. Schall yay\u0131nevi<br \/>Hackenweg 97<br \/>26127 Oldenburg<br \/>Almanya, Almanya<\/p>\r\n<p>Sahibi: Markus Schall<br \/>KDV KI\u0307MLI\u0307\u011eI\u0307: DE280073464<\/p>\r\n<p>E-Mail:\u00a0<a href=\"mailto:in**@***********ag.de\" data-original-string=\"gci8VhqthpgZXyUs9W1xbQ==680DEwzLHbK4b8uVDk2nCW97L+Bs6bYwDSfa+YWx78xYa4=\" title=\"Bu ki\u015fi Anti-Spam by CleanTalk taraf\u0131ndan kodlanm\u0131\u015ft\u0131r. \u015eifreyi \u00e7\u00f6zmek i\u00e7in t\u0131klay\u0131n. Kod \u00e7\u00f6zme i\u015flemini tamamlamak i\u00e7in taray\u0131c\u0131n\u0131zda JavaScript&#039;in etkin oldu\u011fundan emin olun.\"><span \n                data-original-string='qXqMcDbz33jpFezs8sW1xA==680pCJ+xBdrH1pM\/6AvbsU1TExIauVhzRSFbJyu4liIeN8='\n                class='apbct-email-encoder'\n                title='Bu ki\u015fi Anti-Spam by CleanTalk taraf\u0131ndan kodlanm\u0131\u015ft\u0131r. \u015eifreyi \u00e7\u00f6zmek i\u00e7in t\u0131klay\u0131n. Kod \u00e7\u00f6zme i\u015flemini tamamlamak i\u00e7in taray\u0131c\u0131n\u0131zda JavaScript&#039;in etkin oldu\u011fundan emin olun.'>i\u00e7inde<span class=\"apbct-blur\">**<\/span>@<span class=\"apbct-blur\">***********<\/span>ag.de<\/span><\/a><\/p>\r\n<p>G\u00f6r\u00fcnt\u00fcler (c) <strong><a href=\"https:\/\/pixabay.de\" target=\"_blank\" rel=\"noopener\">Pixabay<\/a><\/strong><\/p>\r\n<p><strong>Ba\u011f\u0131ms\u0131z<\/strong>Yazar ve dergi partizan de\u011fildir, t\u00fcm i\u00e7erik devlet veya kurumsal finansman olmadan \u00fcretilmektedir.<\/p>\r\n<p>Bu web sitesi otomatik \u00e7eviriler kullanmaktad\u0131r (DeepL Pro). Yabanc\u0131 dildeki i\u00e7eri\u011fin do\u011frulu\u011fu ve eksiksizli\u011fi konusunda hi\u00e7bir garanti verilmemektedir. Orijinal Almanca versiyon her zaman g\u00fcvenilirdir.<\/p>\r\n<hr \/>\r\n<div style=\"background: #ffffff; line-height: 1.6; font-size: 15px;\">\r\n<h3>Bu dergiyi destekleyin<\/h3>\r\nBu dergi ba\u011f\u0131ms\u0131z olarak, \u00f6deme duvar\u0131 olmadan, reklams\u0131z ve uzun vadeli dijital i\u00e7erik ve gazetecilik \u00f6z\u00fc olu\u015fturmak amac\u0131yla olu\u015fturulmu\u015ftur. Bu \u00e7al\u0131\u015fmay\u0131 desteklemek isterseniz, bunu g\u00f6n\u00fcll\u00fc olarak buradan yapabilirsiniz.<\/div>\r\n<div>\u00a0<\/div>\r\n<div style=\"background: #ffffff; line-height: 1.6; font-size: 15px; text-align: left;\"><a style=\"display: inline-block; padding: 12px 22px; background: #1e73be; color: #fff; text-decoration: none; border-radius: 6px; font-weight: 400; transition: 0.2s ease;\" href=\"https:\/\/donate.stripe.com\/8x27sF4is28V4wH9K0e7m00\" target=\"_blank\" rel=\"noopener\">Destek dergisi <\/a><\/div>\r\n<hr \/>\r\n<h3>Gizlilik politikas\u0131 - Anketler ve ileti\u015fim formu<\/h3>\r\n<p><strong>Bu web sitesindeki anketler<\/strong>Bu web sitesinde zaman zaman anonim anketler d\u00fczenlenmektedir. Kat\u0131l\u0131m g\u00f6n\u00fcll\u00fcd\u00fcr ve kay\u0131t olmadan m\u00fcmk\u00fcnd\u00fcr. Hi\u00e7bir ki\u015fisel veri saklanmaz. Birden fazla oylamay\u0131 \u00f6nlemek i\u00e7in teknik bir \u00e7erez ayarlanabilir veya IP adresi anonimle\u015ftirilmi\u015f bi\u00e7imde i\u015flenebilir. \u00dc\u00e7\u00fcnc\u00fc taraflara hi\u00e7bir veri aktar\u0131lmaz.<\/p>\r\n<p><strong>Sorular\u0131n\u0131z i\u00e7in ileti\u015fim formu<\/strong>\u0130leti\u015fim formu arac\u0131l\u0131\u011f\u0131yla bizimle ileti\u015fime ge\u00e7erseniz, girdi\u011finiz veriler (\u00f6rn. ad, e-posta adresi, mesaj) talebinizle ilgilenmek i\u00e7in i\u015flenecektir. \u0130\u015fleme, talebiniz temelinde GDPR Madde 6 paragraf 1 lit. b uyar\u0131nca ger\u00e7ekle\u015ftirilir.<\/p>\r\n<p>Verileriniz yaln\u0131zca sorunuzu yan\u0131tlamak i\u00e7in kullan\u0131lacak ve \u00fc\u00e7\u00fcnc\u00fc taraflara aktar\u0131lmayacakt\u0131r. Talep devam eden bir s\u00f6zle\u015fme veya dan\u0131\u015fmanl\u0131k ili\u015fkisi ile sonu\u00e7lanmad\u0131\u011f\u0131 s\u00fcrece iletilen bilgiler kal\u0131c\u0131 olarak saklanmayacakt\u0131r.<\/p>\r\n<p><strong>Web sitesi analizi<\/strong>Yaln\u0131zca herhangi bir ki\u015fisel veri depolamayan yerel bir analiz arac\u0131 kullan\u0131l\u0131r. Bu web sitesinde Google Analytics veya di\u011fer bulut tabanl\u0131 analiz sistemleri kullan\u0131lmamaktad\u0131r.<\/p>\r\n<h3>Sorumluluk ve garanti<\/h3>\r\n<p>\u0130\u00e7eri\u011fin dikkatli bir \u015fekilde kontrol edilmesine ra\u011fmen, harici ba\u011flant\u0131lar\u0131n i\u00e7eri\u011fi i\u00e7in hi\u00e7bir sorumluluk kabul etmiyorum. Ba\u011flant\u0131l\u0131 sayfalar\u0131n operat\u00f6rleri i\u00e7eriklerinden tek ba\u015f\u0131na sorumludur.<\/p>\r\n<p>www.markus-schall.de adresindeki ve bu adreslerin alt\u0131ndaki di\u011fer alt alan adlar\u0131ndaki t\u00fcm bilgiler, Markus Schall taraf\u0131ndan a\u00e7\u0131k veya z\u0131mni herhangi bir beyan veya garanti olmaks\u0131z\u0131n sa\u011flanmaktad\u0131r.<\/p>\r\n<p>Ayr\u0131ca, sat\u0131labilirlik, belirli bir amaca uygunluk veya yasalar\u0131n ve patentlerin ihlal edilmemesine ili\u015fkin t\u00fcm z\u0131mni garantiler de hari\u00e7 tutulmu\u015ftur. Sa\u011flad\u0131\u011f\u0131m bilgilerin do\u011fru oldu\u011funu varsaysam bile, yine de hatalar veya yanl\u0131\u015fl\u0131klar i\u00e7erebilir.<\/p>\r\n<p><strong>Telif Hakk\u0131<\/strong><\/p>\r\n<p>Telif hakk\u0131 1998-2026 Markus Schall. T\u00fcm haklar\u0131 sakl\u0131d\u0131r.<\/p>\r\n<p>T\u00fcm metinler, resimler, grafikler, ses, video ve animasyon dosyalar\u0131 ve bunlar\u0131n d\u00fczenlemeleri, fikri m\u00fclkiyetin korunmas\u0131 i\u00e7in telif hakk\u0131 ve di\u011fer yasalara tabidir. Ticari ama\u00e7larla veya da\u011f\u0131t\u0131m i\u00e7in kopyalanamazlar, de\u011fi\u015ftirilemezler ve ba\u015fka web sitelerinde kullan\u0131lamazlar. T\u00fcm logolar ilgili \u00fcreticilerin\/sahiplerin haklar\u0131na tabidir.<\/p>\r\n\r\n<p>&nbsp;<\/p>","protected":false},"excerpt":{"rendered":"<p>Das Magazin markus-schall.de wird ver\u00f6ffentlicht von: M. Schall VerlagHackenweg 9726127 OldenburgDeutschland, Germany Inhaber: Markus SchallUSt.-ID: DE280073464 E-Mail:\u00a0in**@***********ag.de Bildmaterial (c) Pixabay Unabh\u00e4ngig: Der Autor und das Magzin sind parteilos, alle Inhalte werden ohne staatliche oder institutionelle F\u00f6rderung erstellt. Diese Website verwendet automatisierte \u00dcbersetzungen (DeepL Pro). F\u00fcr die Richtigkeit und Vollst\u00e4ndigkeit fremdsprachiger Inhalte wird keine Gew\u00e4hr \u00fcbernommen. &#8230; <a title=\"K\u00fcnye\" class=\"read-more\" href=\"https:\/\/www.markus-schall.de\/tr\/baski\/\" aria-label=\"Imprint hakk\u0131nda daha fazla bilgi edinin\">Devam\u0131n\u0131 oku<\/a><\/p>","protected":false},"author":1,"featured_media":0,"parent":0,"menu_order":15,"comment_status":"closed","ping_status":"open","template":"","meta":{"iawp_total_views":253,"footnotes":""},"class_list":["post-2","page","type-page","status-publish"],"_links":{"self":[{"href":"https:\/\/www.markus-schall.de\/tr\/wp-json\/wp\/v2\/pages\/2","targetHints":{"allow":["GET"]}}],"collection":[{"href":"https:\/\/www.markus-schall.de\/tr\/wp-json\/wp\/v2\/pages"}],"about":[{"href":"https:\/\/www.markus-schall.de\/tr\/wp-json\/wp\/v2\/types\/page"}],"author":[{"embeddable":true,"href":"https:\/\/www.markus-schall.de\/tr\/wp-json\/wp\/v2\/users\/1"}],"replies":[{"embeddable":true,"href":"https:\/\/www.markus-schall.de\/tr\/wp-json\/wp\/v2\/comments?post=2"}],"version-history":[{"count":20,"href":"https:\/\/www.markus-schall.de\/tr\/wp-json\/wp\/v2\/pages\/2\/revisions"}],"predecessor-version":[{"id":6021,"href":"https:\/\/www.markus-schall.de\/tr\/wp-json\/wp\/v2\/pages\/2\/revisions\/6021"}],"wp:attachment":[{"href":"https:\/\/www.markus-schall.de\/tr\/wp-json\/wp\/v2\/media?parent=2"}],"curies":[{"name":"wp","href":"https:\/\/api.w.org\/{rel}","templated":true}]}}