{"id":3171,"date":"2025-10-21T14:39:16","date_gmt":"2025-10-21T14:39:16","guid":{"rendered":"https:\/\/www.markus-schall.de\/?page_id=3171"},"modified":"2025-12-15T18:09:57","modified_gmt":"2025-12-15T18:09:57","slug":"yoeneti%cc%87m-danismanligi","status":"publish","type":"page","link":"https:\/\/www.markus-schall.de\/tr\/yoeneti%cc%87m-danismanligi\/","title":{"rendered":"Y\u00f6netim Dan\u0131\u015fmanl\u0131\u011f\u0131"},"content":{"rendered":"<p><img loading=\"lazy\" decoding=\"async\" class=\"aligncenter size-large wp-image-3175\" src=\"http:\/\/www.markus-schall.de\/wp-content\/uploads\/Systemische-Unternehmensberatung.jpg\" alt=\"Sistemik y\u00f6netim dan\u0131\u015fmanl\u0131\u011f\u0131\" width=\"1024\" height=\"683\" srcset=\"https:\/\/www.markus-schall.de\/wp-content\/uploads\/Systemische-Unternehmensberatung.jpg 1024w, https:\/\/www.markus-schall.de\/wp-content\/uploads\/Systemische-Unternehmensberatung-300x200.jpg 300w, https:\/\/www.markus-schall.de\/wp-content\/uploads\/Systemische-Unternehmensberatung-768x512.jpg 768w, https:\/\/www.markus-schall.de\/wp-content\/uploads\/Systemische-Unternehmensberatung-18x12.jpg 18w\" sizes=\"auto, (max-width: 1024px) 100vw, 1024px\" \/><\/p>\n<h2>Sistemik y\u00f6netim dan\u0131\u015fmanl\u0131\u011f\u0131<\/h2>\n<p>Bir\u00e7ok \u015firkette g\u00fcnl\u00fck hayat bir \u015fekilde sorunsuz ilerler. Ancak y\u00fczeyin alt\u0131nda, organizasyonun art\u0131k olmas\u0131 gerekti\u011fi gibi i\u015flemedi\u011fini hissedebilirsiniz. Sorumluluklar bulan\u0131kt\u0131r. Karar alma kanallar\u0131 belirsizdir. Yeni ara\u00e7lar rahatlama de\u011fil, aksine daha fazla kafa kar\u0131\u015f\u0131kl\u0131\u011f\u0131 getirir. Ve kimse sorunun tam olarak ne oldu\u011funu bilmiyor.<\/p>\n<p>Sistemik y\u00f6netim dan\u0131\u015fmanl\u0131\u011f\u0131 tam da bu noktada devreye girer. \u015eirketi bir makine olarak de\u011fil, insanlardan, ileti\u015fimden, kararlardan, al\u0131\u015fkanl\u0131klardan ve gerilimlerden olu\u015fan canl\u0131 bir sistem olarak g\u00f6r\u00fcr.<\/p>\n<p>Ve \u00f6nce o sormuyor: <em>Hangi yaz\u0131l\u0131ma ihtiyac\u0131m\u0131z var?<\/em>,<\/p>\n<p>Ama: <strong><em>Asl\u0131nda bizi engelleyen nedir ve neden?<\/em><\/strong><\/p>\n<h3>Teklifim: K\u00fc\u00e7\u00fck ve orta \u00f6l\u00e7ekli i\u015fletmeler i\u00e7in sistemik y\u00f6netim dan\u0131\u015fmanl\u0131\u011f\u0131<\/h3>\n<p>\u015eirketlerin yap\u0131lar\u0131n\u0131, s\u00fcre\u00e7lerini ve ili\u015fkilerini yeniden d\u00fc\u015f\u00fcnmelerine yard\u0131mc\u0131 oluyorum - ba\u011f\u0131ms\u0131z, sakin, derin ve pratik bir \u015fekilde. Sadece rakamlar\u0131 analiz etmiyorum, her \u015feyden \u00f6nce<\/p>\n<ul>\n<li>kararlar\u0131n nas\u0131l al\u0131nd\u0131\u011f\u0131n\u0131,<\/li>\n<li>ileti\u015fim ve s\u00fcre\u00e7lerin ger\u00e7ekten nas\u0131l akt\u0131\u011f\u0131 (veya aksad\u0131\u011f\u0131),<\/li>\n<li>s\u00fcrt\u00fcnme kay\u0131plar\u0131n\u0131n meydana geldi\u011fi yer,<\/li>\n<li>ve basit y\u00f6ntemlerle \u015firkette daha fazla netlik, g\u00fcvenilirlik ve enerjinin nas\u0131l yeniden kazan\u0131laca\u011f\u0131.<\/li>\n<\/ul>\n<p>Benim yakla\u015f\u0131m\u0131m sistemiktir - ba\u015fka bir deyi\u015fle, h\u0131zl\u0131 \u00e7\u00f6z\u00fcmler de\u011fil, semptomlar\u0131n ard\u0131ndaki ger\u00e7ek nedenleri arar\u0131m. Ve standart \u015fablonlarla de\u011fil, bireysel g\u00f6zlem, net d\u00fc\u015f\u00fcnme ve olana sayg\u0131l\u0131 bir bak\u0131\u015f a\u00e7\u0131s\u0131yla \u00e7al\u0131\u015f\u0131yorum.<\/p>\n<blockquote><p>S\u00fcre\u00e7 seviyesine net bir \u015fekilde odaklanarak sistemik y\u00f6netim dan\u0131\u015fmanl\u0131\u011f\u0131 sunuyorum: G\u00fcnl\u00fck hayatta i\u015fler ger\u00e7ekten nerede t\u0131kan\u0131yor? Yap\u0131 ger\u00e7eklikle uyu\u015fmad\u0131\u011f\u0131 i\u00e7in s\u00fcrt\u00fcnme kay\u0131plar\u0131 nerede meydana geliyor? Teorik PowerPoint sava\u015flar\u0131 ile de\u011fil, a\u00e7\u0131k bir kulak, net analizler ve uygulama i\u00e7in do\u011frudan \u00f6nerilerle \u00e7al\u0131\u015f\u0131yorum. Temel: Yaz\u0131l\u0131m, giri\u015fimcilik ve kriz dayan\u0131kl\u0131l\u0131\u011f\u0131 alanlar\u0131nda 30 y\u0131ll\u0131k deneyim.<\/p><\/blockquote>\n<h3>Bu dan\u0131\u015fmanl\u0131k kimin i\u00e7in?<\/h3>\n<p>Teklifim \u015fu amaca y\u00f6neliktir:<\/p>\n<ul>\n<li>K\u00fc\u00e7\u00fck ve orta \u00f6l\u00e7ekli \u015firketlerin sahipleri, genel m\u00fcd\u00fcrleri ve y\u00f6neticileri (yakla\u015f\u0131k 5-50 \u00e7al\u0131\u015fan)<\/li>\n<li>Son y\u0131llarda b\u00fcy\u00fcyen, yeniden yap\u0131land\u0131r\u0131lan, dijitalle\u015fen veya duraklayan \u015firketler<\/li>\n<li>Sorumluluklar\u0131n net olmad\u0131\u011f\u0131, i\u015f s\u00fcre\u00e7lerinin yava\u015f oldu\u011fu veya ortam\u0131n gergin oldu\u011fu ekipler<\/li>\n<li>Bu duyguya sahip \u015firketler: <em>\"\u00c7ok \u015fey yap\u0131yoruz ama bir t\u00fcrl\u00fc ilerleme kaydedemiyoruz.\"<\/em><\/li>\n<\/ul>\n<p>Ticaret ve hizmetlerden yaz\u0131l\u0131m ve k\u00fc\u00e7\u00fck sanayiye kadar t\u00fcm sekt\u00f6rlerde.<\/p>\n<h3>Bir dan\u0131\u015fmanl\u0131k seans\u0131 nas\u0131l \u00e7al\u0131\u015f\u0131r?<\/h3>\n<ol>\n<li><strong>\u00dccretsiz ilk dan\u0131\u015fmanl\u0131k (telefon veya video ile)<\/strong><br \/>\nDurumunuzu anlat\u0131yorsunuz - sizi dinliyorum, ilk sorular\u0131 soruyorum ve bu i\u015f i\u00e7in do\u011fru ki\u015fi olup olmad\u0131\u011f\u0131m\u0131 kontrol ediyorum. \u015eeffafl\u0131k benim i\u00e7in \u00f6nemli: Yard\u0131mc\u0131 olam\u0131yorsam veya net bir yetki g\u00f6remiyorsam bunu size d\u00fcr\u00fcst\u00e7e s\u00f6ylerim.<\/li>\n<li><strong>Yerinde analiz a\u015famas\u0131<\/strong><br \/>\n\u015eirketinize gelip bir ya da iki g\u00fcn boyunca size ve \u00e7al\u0131\u015fanlar\u0131n\u0131za e\u015flik ediyorum. Bire bir toplant\u0131lar yap\u0131yorum, s\u00fcre\u00e7leri g\u00f6zlemliyorum, dinliyorum, sorular soruyorum - ve \u00f6ne \u00e7\u0131kan her \u015feyi not ediyorum: rol da\u011f\u0131l\u0131mlar\u0131, gerilim alanlar\u0131, karar t\u0131kan\u0131kl\u0131klar\u0131, \u00f6rt\u00fck kurallar.<\/li>\n<li><strong>Anonim \u00e7al\u0131\u015fan anketi (iste\u011fe ba\u011fl\u0131)<\/strong><br \/>\nTalep \u00fczerine, GDPR uyumlu k\u0131sa bir \u00e7evrimi\u00e7i anket d\u00fczenleyebilirim - istenirse anonim olarak, a\u00e7\u0131k sorularla. \u00c7al\u0131\u015fanlar\u0131n\u0131z\u0131n g\u00fcnl\u00fck ya\u015famlar\u0131ndan ger\u00e7ek, filtrelenmemi\u015f geri bildirim al\u0131rs\u0131n\u0131z - genellikle analizin en de\u011ferli k\u0131sm\u0131d\u0131r.<\/li>\n<li><strong>Somut g\u00f6zlemlerle yap\u0131land\u0131r\u0131lm\u0131\u015f de\u011ferlendirme<\/strong><br \/>\nG\u00f6zlemlerimi yaz\u0131l\u0131 olarak haz\u0131rl\u0131yorum - PowerPoint'te de\u011fil, ama ger\u00e7ek d\u00fcrt\u00fclerle net, okunabilir bir analiz olarak. Su\u00e7lama yok, parmakla g\u00f6sterme yok - sadece g\u00f6rd\u00fcklerimin d\u00fcr\u00fcst bir yans\u0131mas\u0131.<\/li>\n<li><strong>\u00d6l\u00e7\u00fclerin ortak t\u00fcretilmesi<\/strong><br \/>\nSon bir toplant\u0131da (yerinde veya \u00e7evrimi\u00e7i), organizasyon, liderlik, ileti\u015fim veya teknoloji alanlar\u0131nda ger\u00e7ek\u00e7i, uygulanabilir sonraki ad\u0131mlar\u0131 birlikte geli\u015ftiriyoruz.<\/li>\n<li><strong>\u0130ste\u011fe ba\u011fl\u0131: De\u011fi\u015fim s\u00fcre\u00e7leri i\u00e7in destek<\/strong><br \/>\n\u0130stenirse, bireysel ad\u0131mlara daha uzun bir s\u00fcre boyunca e\u015flik edebilirim - bir antrenman partneri, g\u00f6zlemci veya ilham kayna\u011f\u0131 olarak. Ba\u011f\u0131ms\u0131z. Sat\u0131l\u0131k de\u011fil ve yaz\u0131l\u0131m odakl\u0131 de\u011fil. Kendim de 15 y\u0131l\u0131 a\u015fk\u0131n bir s\u00fcredir yaz\u0131l\u0131m geli\u015ftiricisiyim ve \u00f6zellikle FileMaker temelinde \u015firketler i\u00e7in \u00e7ok say\u0131da dijital sistem uygulad\u0131m. Ancak benim dan\u0131\u015fmanl\u0131k i\u015fim FileMaker satmak ya da belirli bir \u00e7\u00f6z\u00fcm\u00fc dayatmakla ilgili de\u011fil. Bu, \u015firketiniz i\u00e7in do\u011fru \u00e7\u00f6z\u00fcm\u00fc bulmakla ilgili - bu, teknik bir \u00e7\u00f6z\u00fcm olmayabilece\u011fi anlam\u0131na gelse bile.<\/li>\n<\/ol>\n<ul>\n<li>Bazen toplant\u0131 yap\u0131s\u0131n\u0131n de\u011fi\u015ftirilmesi yeterli olabilir.<\/li>\n<li>Ya da rollerin net bir \u015fekilde a\u00e7\u0131klanmas\u0131.<\/li>\n<li>Ya da bir projeden vazge\u00e7me karar\u0131.<\/li>\n<\/ul>\n<h2>Sistemik dan\u0131\u015fmanl\u0131k, a\u00e7\u0131k u\u00e7lu destek sa\u011flamak anlam\u0131na gelir.<\/h2>\n<p>Her ne pahas\u0131na olursa olsun optimize etmek de\u011fil - uyumlu bir ak\u0131\u015fa geri d\u00f6nmek. Benden ne bekleyebilirsiniz:<\/p>\n<ul>\n<li>A\u00e7\u0131k g\u00f6zler ve a\u00e7\u0131k kulaklar<\/li>\n<li>Teknik jargon i\u00e7ermeyen net kelimeler<\/li>\n<li>Tutum ile yap\u0131land\u0131r\u0131lm\u0131\u015f analizler<\/li>\n<li>\u0130nsanlara, s\u00fcre\u00e7lere ve kaynaklara sayg\u0131<\/li>\n<li>Teknik anlay\u0131\u015f - ama her derde deva olarak de\u011fil<\/li>\n<li>Belirli ara\u00e7lara veya hizmet sa\u011flay\u0131c\u0131lara ba\u011fl\u0131l\u0131k yok<\/li>\n<\/ul>\n<h3>\u0130lgileniyor musunuz?<\/h3>\n<p>\u015eirketinizde sadece \"dijitalle\u015ftirilmesi\" de\u011fil, ayn\u0131 zamanda ger\u00e7ekten a\u00e7\u0131kl\u0131\u011fa kavu\u015fturulmas\u0131 gereken konular oldu\u011funu hissediyorsan\u0131z <strong><a href=\"mailto:in**@*********er.de\" data-original-string=\"JjDflb0nJZFeti5Pz2hwTw==680iWX\/85i0kcvg8a3qSUiuFeFWsryqrFX2ZhOgTpzHOfU=\" title=\"Bu ki\u015fi Anti-Spam by CleanTalk taraf\u0131ndan kodlanm\u0131\u015ft\u0131r. \u015eifreyi \u00e7\u00f6zmek i\u00e7in t\u0131klay\u0131n. Kod \u00e7\u00f6zme i\u015flemini tamamlamak i\u00e7in taray\u0131c\u0131n\u0131zda JavaScript&#039;in etkin oldu\u011fundan emin olun.\">l\u00fctfen bizimle ileti\u015fime ge\u00e7in<\/a><\/strong> ba\u011flay\u0131c\u0131 olmayan bir ilk dan\u0131\u015fma i\u00e7in.<\/p>","protected":false},"excerpt":{"rendered":"<p>Sistemik Y\u00f6netim Dan\u0131\u015fmanl\u0131\u011f\u0131 Bir\u00e7ok \u015firkette g\u00fcnl\u00fck hayat bir \u015fekilde devam ediyor. Ancak y\u00fczeyin alt\u0131nda, organizasyonun art\u0131k olmas\u0131 gerekti\u011fi gibi i\u015flemedi\u011fini hissedebilirsiniz. Sorumluluklar bulan\u0131kt\u0131r. Karar alma kanallar\u0131 belirsizdir. Yeni ara\u00e7lar rahatlama de\u011fil, aksine daha fazla kafa kar\u0131\u015f\u0131kl\u0131\u011f\u0131 getiriyor. Ve kimse sorunun tam olarak ne oldu\u011funu bilmiyor. Sistemik y\u00f6netim dan\u0131\u015fmanl\u0131\u011f\u0131 tam da bu noktada devreye girer. Bu dan\u0131\u015fmanl\u0131k... <a title=\"Y\u00f6netim Dan\u0131\u015fmanl\u0131\u011f\u0131\" class=\"read-more\" href=\"https:\/\/www.markus-schall.de\/tr\/yoeneti%cc%87m-danismanligi\/\" aria-label=\"Y\u00f6netim Dan\u0131\u015fmanl\u0131\u011f\u0131 hakk\u0131nda daha fazla bilgi edinin\">Devam\u0131n\u0131 oku<\/a><\/p>","protected":false},"author":1,"featured_media":0,"parent":0,"menu_order":0,"comment_status":"closed","ping_status":"closed","template":"","meta":{"iawp_total_views":152,"footnotes":""},"class_list":["post-3171","page","type-page","status-publish"],"_links":{"self":[{"href":"https:\/\/www.markus-schall.de\/tr\/wp-json\/wp\/v2\/pages\/3171","targetHints":{"allow":["GET"]}}],"collection":[{"href":"https:\/\/www.markus-schall.de\/tr\/wp-json\/wp\/v2\/pages"}],"about":[{"href":"https:\/\/www.markus-schall.de\/tr\/wp-json\/wp\/v2\/types\/page"}],"author":[{"embeddable":true,"href":"https:\/\/www.markus-schall.de\/tr\/wp-json\/wp\/v2\/users\/1"}],"replies":[{"embeddable":true,"href":"https:\/\/www.markus-schall.de\/tr\/wp-json\/wp\/v2\/comments?post=3171"}],"version-history":[{"count":14,"href":"https:\/\/www.markus-schall.de\/tr\/wp-json\/wp\/v2\/pages\/3171\/revisions"}],"predecessor-version":[{"id":4053,"href":"https:\/\/www.markus-schall.de\/tr\/wp-json\/wp\/v2\/pages\/3171\/revisions\/4053"}],"wp:attachment":[{"href":"https:\/\/www.markus-schall.de\/tr\/wp-json\/wp\/v2\/media?parent=3171"}],"curies":[{"name":"wp","href":"https:\/\/api.w.org\/{rel}","templated":true}]}}