{"id":3209,"date":"2025-10-25T14:21:30","date_gmt":"2025-10-25T14:21:30","guid":{"rendered":"https:\/\/www.markus-schall.de\/?page_id=3209"},"modified":"2026-02-09T18:48:24","modified_gmt":"2026-02-09T18:48:24","slug":"iletisim","status":"publish","type":"page","link":"https:\/\/www.markus-schall.de\/tr\/iletisim\/","title":{"rendered":"\u0130leti\u015fim"},"content":{"rendered":"<p data-start=\"206\" data-end=\"472\"><img loading=\"lazy\" decoding=\"async\" class=\"size-large wp-image-3443 alignnone\" src=\"http:\/\/www.markus-schall.de\/wp-content\/uploads\/Kontakt.jpg\" alt=\"\u0130leti\u015fim\" width=\"1024\" height=\"683\" srcset=\"https:\/\/www.markus-schall.de\/wp-content\/uploads\/Kontakt.jpg 1024w, https:\/\/www.markus-schall.de\/wp-content\/uploads\/Kontakt-300x200.jpg 300w, https:\/\/www.markus-schall.de\/wp-content\/uploads\/Kontakt-768x512.jpg 768w, https:\/\/www.markus-schall.de\/wp-content\/uploads\/Kontakt-18x12.jpg 18w\" sizes=\"auto, (max-width: 1024px) 100vw, 1024px\" \/><\/p>\n<p data-start=\"206\" data-end=\"472\">Bazen bir soruyu a\u00e7\u0131kl\u0131\u011fa kavu\u015fturman\u0131n veya bir fikir \u00fczerinde daha fazla d\u00fc\u015f\u00fcnmenin en kolay yolu k\u0131sa bir ki\u015fisel g\u00f6r\u00fc\u015f al\u0131\u015fveri\u015fidir.<\/p>\n<p data-start=\"206\" data-end=\"472\">Bana mesaj g\u00f6ndermek i\u00e7in a\u015fa\u011f\u0131daki formu kullanabilirsiniz - ister yay\u0131nc\u0131, ister kitaplar\u0131m, ERP yaz\u0131l\u0131m\u0131m, y\u00f6netim dan\u0131\u015fmanl\u0131\u011f\u0131, yapay zeka \u00e7\u00f6z\u00fcmleri veya olas\u0131 bir i\u015fbirli\u011fi hakk\u0131nda.<\/p>\n<p data-start=\"474\" data-end=\"651\">T\u00fcm mesajlar\u0131 kendim okuyorum ve genellikle birka\u00e7 g\u00fcn i\u00e7inde cevap veriyorum. \u00d6zel olarak yan\u0131t verebilmem i\u00e7in l\u00fctfen talebinizi olabildi\u011fince a\u00e7\u0131k bir \u015fekilde tan\u0131mlay\u0131n.<\/p>\n<p data-start=\"653\" data-end=\"776\">Verileriniz elbette gizli tutulacak ve yaln\u0131zca sorunuzu yan\u0131tlamak i\u00e7in kullan\u0131lacakt\u0131r. A\u015fa\u011f\u0131daki y\u00f6nergeler ge\u00e7erlidir <a href=\"https:\/\/www.markus-schall.de\/tr\/baski\/\">Veri koruma<\/a>.<\/p>\n<div class=\"forminator-ui forminator-custom-form forminator-custom-form-3208 forminator-design--flat  forminator_ajax\" data-forminator-render=\"0\" data-form=\"forminator-module-3208\" data-uid=\"69fde7ae187d1\"><br\/><\/div><form\n\t\t\t\tid=\"forminator-module-3208\"\n\t\t\t\tclass=\"forminator-ui forminator-custom-form forminator-custom-form-3208 forminator-design--flat  forminator_ajax\"\n\t\t\t\tmethod=\"post\"\n\t\t\t\tdata-forminator-render=\"0\"\n\t\t\t\tdata-form-id=\"3208\"\n\t\t\t\t data-color-option=\"theme\" data-design=\"flat\" data-grid=\"open\" style=\"display: none;\"\n\t\t\t\tdata-uid=\"69fde7ae187d1\" action=\"\"\n\t\t\t><div role=\"alert\" aria-live=\"polite\" class=\"forminator-response-message forminator-error\" aria-hidden=\"true\"><\/div><div class=\"forminator-row\"><div id=\"name-1\" class=\"forminator-field-name forminator-col forminator-col-12\"><div class=\"forminator-field\"><label for=\"forminator-field-name-1_69fde7ae187d1\" id=\"forminator-field-name-1_69fde7ae187d1-label\" class=\"forminator-label\">\u0130sim <span class=\"forminator-required\">*<\/span><\/label><input type=\"text\" name=\"name-1\" value=\"\" placeholder=\"\" id=\"forminator-field-name-1_69fde7ae187d1\" class=\"forminator-input forminator-name--field\" aria-required=\"true\" autocomplete=\"name\" \/><\/div><\/div><\/div><div class=\"forminator-row\"><div id=\"email-1\" class=\"forminator-field-email forminator-col forminator-col-12\"><div class=\"forminator-field\"><label for=\"forminator-field-email-1_69fde7ae187d1\" id=\"forminator-field-email-1_69fde7ae187d1-label\" class=\"forminator-label\">E-posta adresi <span class=\"forminator-required\">*<\/span><\/label><input type=\"email\" name=\"email-1\" value=\"\" placeholder=\"\" id=\"forminator-field-email-1_69fde7ae187d1\" class=\"forminator-input forminator-email--field\" data-required=\"true\" aria-required=\"true\" autocomplete=\"email\" \/><\/div><\/div><\/div><div class=\"forminator-row\"><div id=\"phone-1\" class=\"forminator-field-phone forminator-col forminator-col-12\"><div class=\"forminator-field\"><label for=\"forminator-field-phone-1_69fde7ae187d1\" id=\"forminator-field-phone-1_69fde7ae187d1-label\" class=\"forminator-label\">Telefon numaras\u0131<\/label><input type=\"text\" name=\"phone-1\" value=\"\" placeholder=\"\" id=\"forminator-field-phone-1_69fde7ae187d1\" class=\"forminator-input forminator-field--phone\" data-required=\"\" aria-required=\"false\" autocomplete=\"off\" \/><\/div><\/div><\/div><div class=\"forminator-row\"><div id=\"select-1\" class=\"forminator-field-select forminator-col forminator-col-12\"><div class=\"forminator-field\"><label for=\"forminator-form-3208__field--select-1_69fde7ae187d1\" id=\"forminator-form-3208__field--select-1_69fde7ae187d1-label\" class=\"forminator-label\">\u0130lgi Alan\u0131<\/label><select  id=\"forminator-form-3208__field--select-1_69fde7ae187d1\" class=\"forminator-select--field forminator-select2 forminator-select2-multiple\" data-required=\"\" name=\"select-1\" data-default-value=\"\" data-hidden-behavior=\"zero\" data-placeholder=\"\" data-search=\"false\" data-search-placeholder=\"\" data-checkbox=\"false\" data-allow-clear=\"false\" aria-labelledby=\"forminator-form-3208__field--select-1_69fde7ae187d1-label\"><option value=\"Allgemeine-Anfrage\"  data-calculation=\"0\">Genel sorgulama<\/option><option value=\"Gastbeitrag-als-Unternehmen\"  data-calculation=\"0\">Kendi uluslararas\u0131 derginiz<\/option><option value=\"one\"  data-calculation=\"0\">Kitaplar \/ Kitap yay\u0131nc\u0131s\u0131<\/option><option value=\"Gastbeitrag-als-Autor\"  data-calculation=\"0\">Yazar olarak konuk katk\u0131<\/option><option value=\"Eigenes-internationales-Magazin\"  data-calculation=\"0\">\u015eirket olarak misafir katk\u0131s\u0131<\/option><option value=\"Artikelservice-Redaktion\"  data-calculation=\"0\">Makale servisi\/edit\u00f6rl\u00fck ofisi\/PR<\/option><option value=\"two\"  data-calculation=\"0\">Strateji dan\u0131\u015fmanl\u0131\u011f\u0131<\/option><option value=\"KI-L\u00f6sungen\"  data-calculation=\"0\">ERP yaz\u0131l\u0131m\u0131<\/option><option value=\"KI-L\u00f6sungen\"  data-calculation=\"0\">Y\u00f6netim Dan\u0131\u015fmanl\u0131\u011f\u0131<\/option><\/select><\/div><\/div><\/div><div class=\"forminator-row\"><div id=\"textarea-1\" class=\"forminator-field-textarea forminator-col forminator-col-12\"><div class=\"forminator-field\"><label for=\"forminator-field-textarea-1_69fde7ae187d1\" id=\"forminator-field-textarea-1_69fde7ae187d1-label\" class=\"forminator-label\">Mesaj<\/label><span id=\"forminator-field-textarea-1_69fde7ae187d1-description\" class=\"forminator-description\"><span data-limit=\"1000\" data-type=\"characters\" data-editor=\"\">0 \/ 1000<\/span><\/span><textarea name=\"textarea-1\" placeholder=\"\" id=\"forminator-field-textarea-1_69fde7ae187d1\" class=\"forminator-textarea\" rows=\"6\" style=\"--forminator-textarea-min-height:140px;\" maxlength=\"1000\" ><\/textarea><\/div><\/div><\/div><input type=\"hidden\" name=\"referer_url\" value=\"\" \/><div class=\"forminator-row forminator-row-last\"><div class=\"forminator-col\"><div class=\"forminator-field\"><button class=\"forminator-button forminator-button-submit\">G\u00f6nderme<\/button><\/div><\/div><\/div><input type=\"hidden\" id=\"forminator_nonce\" name=\"forminator_nonce\" value=\"ab927916cd\" \/><input type=\"hidden\" name=\"_wp_http_referer\" value=\"\/tr\/wp-json\/wp\/v2\/pages\/3209\" \/><input type=\"hidden\" name=\"form_id\" value=\"3208\"><input type=\"hidden\" name=\"page_id\" value=\"3209\"><input type=\"hidden\" name=\"form_type\" value=\"default\"><input type=\"hidden\" name=\"current_url\" value=\"https:\/\/www.markus-schall.de\/tr\/iletisim\/\"><input type=\"hidden\" name=\"render_id\" value=\"0\"><input type=\"hidden\" name=\"action\" value=\"forminator_submit_form_custom-forms\"><label for=\"input_6\" class=\"forminator-hidden\" aria-hidden=\"true\">L\u00fctfen bu alan\u0131 doldurmay\u0131n\u0131z. <input id=\"input_6\" type=\"text\" name=\"input_6\" value=\"\" autocomplete=\"off\"><\/label><input type=\"hidden\" name=\"trp-form-language\" value=\"tr\"\/><\/form>","protected":false},"excerpt":{"rendered":"<p>Bazen bir soruyu a\u00e7\u0131kl\u0131\u011fa kavu\u015fturman\u0131n veya bir fikri daha ileri g\u00f6t\u00fcrmenin en kolay yolu k\u0131sa bir ki\u015fisel g\u00f6r\u00fc\u015fmedir. Bana mesaj g\u00f6ndermek i\u00e7in a\u015fa\u011f\u0131daki formu kullanabilirsiniz - ister yay\u0131nc\u0131, ister kitaplar\u0131m, ERP yaz\u0131l\u0131m\u0131m, y\u00f6netim dan\u0131\u015fmanl\u0131\u011f\u0131, yapay zeka \u00e7\u00f6z\u00fcmleri veya olas\u0131 bir i\u015fbirli\u011fi hakk\u0131nda. T\u00fcm mesajlar\u0131 kendim okurum ve genellikle birka\u00e7 g\u00fcn i\u00e7inde yan\u0131tlar\u0131m. ... <a title=\"\u0130leti\u015fim\" class=\"read-more\" href=\"https:\/\/www.markus-schall.de\/tr\/iletisim\/\" aria-label=\"\u0130leti\u015fim hakk\u0131nda daha fazlas\u0131n\u0131 okuyun\">Devam\u0131n\u0131 oku<\/a><\/p>","protected":false},"author":1,"featured_media":0,"parent":0,"menu_order":0,"comment_status":"closed","ping_status":"closed","template":"","meta":{"iawp_total_views":193,"footnotes":""},"class_list":["post-3209","page","type-page","status-publish"],"_links":{"self":[{"href":"https:\/\/www.markus-schall.de\/tr\/wp-json\/wp\/v2\/pages\/3209","targetHints":{"allow":["GET"]}}],"collection":[{"href":"https:\/\/www.markus-schall.de\/tr\/wp-json\/wp\/v2\/pages"}],"about":[{"href":"https:\/\/www.markus-schall.de\/tr\/wp-json\/wp\/v2\/types\/page"}],"author":[{"embeddable":true,"href":"https:\/\/www.markus-schall.de\/tr\/wp-json\/wp\/v2\/users\/1"}],"replies":[{"embeddable":true,"href":"https:\/\/www.markus-schall.de\/tr\/wp-json\/wp\/v2\/comments?post=3209"}],"version-history":[{"count":7,"href":"https:\/\/www.markus-schall.de\/tr\/wp-json\/wp\/v2\/pages\/3209\/revisions"}],"predecessor-version":[{"id":4858,"href":"https:\/\/www.markus-schall.de\/tr\/wp-json\/wp\/v2\/pages\/3209\/revisions\/4858"}],"wp:attachment":[{"href":"https:\/\/www.markus-schall.de\/tr\/wp-json\/wp\/v2\/media?parent=3209"}],"curies":[{"name":"wp","href":"https:\/\/api.w.org\/{rel}","templated":true}]}}