{"id":4841,"date":"2026-02-09T15:20:44","date_gmt":"2026-02-09T15:20:44","guid":{"rendered":"https:\/\/www.markus-schall.de\/?page_id=4841"},"modified":"2026-04-22T15:06:29","modified_gmt":"2026-04-22T15:06:29","slug":"makale-servi%cc%87si%cc%87-yazi-i%cc%87sleri%cc%87-mueduerluegue","status":"publish","type":"page","link":"https:\/\/www.markus-schall.de\/tr\/makale-servi%cc%87si%cc%87-yazi-i%cc%87sleri%cc%87-mueduerluegue\/","title":{"rendered":"Makale hizmeti ve d\u00fczenleme"},"content":{"rendered":"<h2><img loading=\"lazy\" decoding=\"async\" class=\"alignnone wp-image-4842 size-large\" src=\"https:\/\/www.markus-schall.de\/wp-content\/uploads\/Artikelservice-Magazin.jpg\" alt=\"Kendi derginiz i\u00e7in makale hizmeti\" width=\"1024\" height=\"683\" srcset=\"https:\/\/www.markus-schall.de\/wp-content\/uploads\/Artikelservice-Magazin.jpg 1024w, https:\/\/www.markus-schall.de\/wp-content\/uploads\/Artikelservice-Magazin-300x200.jpg 300w, https:\/\/www.markus-schall.de\/wp-content\/uploads\/Artikelservice-Magazin-768x512.jpg 768w, https:\/\/www.markus-schall.de\/wp-content\/uploads\/Artikelservice-Magazin-18x12.jpg 18w\" sizes=\"auto, (max-width: 1024px) 100vw, 1024px\" \/><\/h2>\n<h2>Bir dergiyi y\u00f6netmek kolayd\u0131r. Zor olan, dergiyi d\u00fczenli olarak doldurmakt\u0131r.<\/h2>\n<p>Bir \u015firket dergisi i\u00e7in teknik temel bug\u00fcn nispeten h\u0131zl\u0131 bir \u015fekilde olu\u015fturulabilir. Yap\u0131, kategoriler, \u00e7ok dillilik, mobil cihazlarda temiz sunum - t\u00fcm bunlar planlanabilir ve g\u00fcvenilir bir \u015fekilde uygulanabilir.<\/p>\n<p>Bununla birlikte, g\u00fcnl\u00fck ya\u015famda genellikle g\u00f6z ard\u0131 edilen \u015fey, ilgili i\u00e7erikle s\u00fcrekli olarak doldurulmas\u0131d\u0131r.<\/p>\n<p>Bir dergi varl\u0131\u011f\u0131yla de\u011fil, faaliyetleriyle ya\u015far. Okuyucular, m\u00fc\u015fteriler ve i\u015f ortaklar\u0131 yeni d\u00fcrt\u00fcler, i\u00e7g\u00f6r\u00fcler ve kategorizasyonlar bekler. Bir \u015feyler oldu\u011funun fark\u0131na varmak isterler. \u0130\u015fte as\u0131l i\u015f burada ba\u015flar.<\/p>\n<p>Ancak toplant\u0131lar, projeler, personel sorunlar\u0131 ve operasyonel g\u00f6revler aras\u0131nda yaz\u0131 yazmak \u00e7o\u011fu zaman bir kenara at\u0131l\u0131yor. \u0130yi niyetler h\u0131zla yay\u0131ns\u0131z aylara d\u00f6n\u00fc\u015f\u00fcr. Ve bir noktada, kimsenin y\u00fcksek sesle sormak istemedi\u011fi bir soru ortaya \u00e7\u0131kar:<\/p>\n<blockquote><p>Ger\u00e7ekte kim ilgileniyor?<\/p><\/blockquote>\n<h3>Darbo\u011faz nadiren iyi niyetten de\u011fil, zamandan kaynaklan\u0131r<\/h3>\n<p>Neredeyse her y\u00f6netici kendi mecras\u0131na sahip olman\u0131n de\u011ferinin fark\u0131ndad\u0131r. G\u00f6r\u00fcn\u00fcrl\u00fck, g\u00fcven, uzman stat\u00fcs\u00fc - t\u00fcm bunlar d\u00fczenli katk\u0131lardan gelir. Yani sorun fark\u0131na varmak de\u011fil.<\/p>\n<p>Sorun ger\u00e7eklik. Takvim dolu. \u00c7al\u0131\u015fanlar\u0131n net sorumluluk alanlar\u0131 vard\u0131r. Pazarlama departmanlar\u0131 kampanyalar \u00fczerinde \u00e7al\u0131\u015f\u0131r, editoryal derinlik \u00fczerinde de\u011fil. Ve b\u00f6ylece dergi tekrar tekrar ertelenir - gelecek haftaya, gelecek aya, gelecek \u00e7eyre\u011fe.<\/p>\n<p>Sonu\u00e7 durma noktas\u0131. Kimse istemedi\u011fi i\u00e7in de\u011fil, kimsenin g\u00fcvenilir bir \u015fekilde ilgilenecek kapasitesi olmad\u0131\u011f\u0131 i\u00e7in.<\/p>\n<h3>\u0130htiyac\u0131n\u0131z oldu\u011funda bir edit\u00f6r ekibine sahip olursunuz<\/h3>\n<p>Makale hizmeti tam da bu noktada devreye giriyor. Dahili kaynaklar olu\u015fturmak, yeni i\u015fler yaratmak ya da kimseyi as\u0131l g\u00f6revlerinden al\u0131koymak zorunda de\u011filsiniz. Bunun yerine, tam da ihtiya\u00e7 duydu\u011funuz anda profesyonel deste\u011fe g\u00fcvenebilirsiniz.<\/p>\n<p>\u0130ster tek bir teknik makale, ister arka plan makalesi, seri veya d\u00fczenli yay\u0131n olsun: kapsam gereksinimlerinize ba\u011fl\u0131d\u0131r.<\/p>\n<p>Y\u00f6n\u00fc, hedefi veya konuyu siz belirlersiniz - derginizin yap\u0131s\u0131n\u0131, anla\u015f\u0131l\u0131r ifadeleri ve temiz d\u00fczenlemeyi biz yapar\u0131z. Kontrol her zaman sizde olur ve yay\u0131nlanmadan \u00f6nce her makaleyi onaylars\u0131n\u0131z.<\/p>\n<p>Bu \u015fekilde, g\u00fcnl\u00fck i\u015fleriniz durma noktas\u0131na gelmeden ad\u0131m ad\u0131m ya\u015fayan bir ortam yarat\u0131l\u0131r.<\/p>\n<h3>\u0130\u015fbirli\u011fi bu kadar basit<\/h3>\n<p>Net s\u00fcre\u00e7ler g\u00fcven yarat\u0131r. Bu nedenle konudan yay\u0131na giden yol kas\u0131tl\u0131 olarak karma\u015f\u0131kla\u015ft\u0131r\u0131lmam\u0131\u015ft\u0131r.<\/p>\n<p>\u0130lk ad\u0131m, ne hakk\u0131nda yazmak istedi\u011finize birlikte karar vermektir. Bu sizin spesifik bir fikriniz ya da edit\u00f6r ekibinin bir \u00f6nerisi olabilir. Daha sonra istenen kapsam\u0131 tan\u0131mlar\u0131z.<\/p>\n<p>Makale bu temelde olu\u015fturulur. \u0130nceleme ve onay i\u00e7in bitmi\u015f metni alacaks\u0131n\u0131z. Yapmak istedi\u011finiz de\u011fi\u015fiklikler elbette dikkate al\u0131nabilir. Ancak o zaman derginizde yay\u0131nlanacakt\u0131r.<\/p>\n<p>Karma\u015f\u0131k s\u00fcre\u00e7ler yok, uzun koordinasyon yok - sadece g\u00fcnl\u00fck i\u015flerinize sorunsuzca uyan pragmatik, denenmi\u015f ve test edilmi\u015f bir prosed\u00fcr.<\/p>\n<p><img loading=\"lazy\" decoding=\"async\" class=\"alignnone wp-image-4843 size-large\" src=\"https:\/\/www.markus-schall.de\/wp-content\/uploads\/Artikelservice-Magazin-Artikel.jpg\" alt=\"Basit i\u015fbirli\u011fi ile makale hizmeti\" width=\"1024\" height=\"683\" srcset=\"https:\/\/www.markus-schall.de\/wp-content\/uploads\/Artikelservice-Magazin-Artikel.jpg 1024w, https:\/\/www.markus-schall.de\/wp-content\/uploads\/Artikelservice-Magazin-Artikel-300x200.jpg 300w, https:\/\/www.markus-schall.de\/wp-content\/uploads\/Artikelservice-Magazin-Artikel-768x512.jpg 768w, https:\/\/www.markus-schall.de\/wp-content\/uploads\/Artikelservice-Magazin-Artikel-18x12.jpg 18w\" sizes=\"auto, (max-width: 1024px) 100vw, 1024px\" \/><\/p>\n<h3>Net performans, net fiyat<\/h3>\n<p>\u015eeffafl\u0131k her t\u00fcrl\u00fc iyi i\u015fbirli\u011finin temelidir. Bu nedenle hesaplama bilin\u00e7li olarak basit tutulmu\u015ftur.<\/p>\n<ul>\n<li><strong>Bir makale 1.000 kelime ba\u015f\u0131na 150 avroya mal olmaktad\u0131r.<\/strong><\/li>\n<li><strong>Yapay zeka taraf\u0131ndan olu\u015fturulan bir g\u00f6rsel, her biri iki se\u00e7me g\u00f6rsel olmak \u00fczere g\u00f6rsel ba\u015f\u0131na 25 avroya mal olur<\/strong><\/li>\n<\/ul>\n<p>Kapsam\u0131 siz belirlersiniz, konuyu siz belirlersiniz ve i\u00e7eri\u011fin kontrol\u00fc her zaman sizde olur. Gizli \u00fccretler, uzun vadeli taahh\u00fctler ve karma\u015f\u0131k tarife modelleri yoktur.<\/p>\n<p>D\u00fczenli katk\u0131 yapmay\u0131 planl\u0131yorsan\u0131z veya s\u00fcrekli destek istiyorsan\u0131z, bireysel anla\u015fmalar yap\u0131labilir. Ancak, temel her zaman \u015feffaf ve adil kal\u0131r. B\u00f6ylece en ba\u015f\u0131ndan itibaren neye g\u00fcvenebilece\u011finizi bilirsiniz.<\/p>\n<h3>Profesyonel destek neden ekonomik olarak i\u015fe yarar?<\/h3>\n<p>Bir dergiyi g\u00fcncel tutmak i\u015f demektir. Bu i\u015fi \u015firket i\u00e7inde haritaland\u0131rmak zaman, personel ve koordinasyon gerektirir. Harcanan \u00e7aba genellikle ba\u015flang\u0131\u00e7ta tahmin edilenden daha fazlad\u0131r.<\/p>\n<p>D\u0131\u015f destek burada rahatlama sa\u011flar. Ek i\u015fe al\u0131mdan ka\u00e7\u0131n\u0131r, koordinasyon turlar\u0131ndan tasarruf eder ve yine de s\u00fcrekli y\u00fcksek kaliteli i\u00e7erik al\u0131rs\u0131n\u0131z. Editoryal ekip yazarken, ekibiniz ana i\u015fine konsantre olabilir.<\/p>\n<p>Ayn\u0131 zamanda derginiz ad\u0131m ad\u0131m b\u00fcy\u00fcmeye devam ediyor. Yeni makaleler g\u00f6r\u00fcn\u00fcrl\u00fc\u011f\u00fcn\u00fcz\u00fc art\u0131r\u0131r, konumunuzu g\u00fc\u00e7lendirir ve m\u00fc\u015fterilerinize ve ortaklar\u0131n\u0131za \u015firketinizin aktif oldu\u011funu g\u00f6sterir.<\/p>\n<p>D\u00fczenlilik bir l\u00fcks de\u011fildir. Bir rekabet avantaj\u0131d\u0131r.<\/p>\n<h3>Derginiz sizin m\u00fclkiyetinizde kal\u0131r<\/h3>\n<p>\u00d6zellikle \u00f6nemli bir nokta: hi\u00e7bir \u015fey vermiyorsunuz. Dergi size ait. Yay\u0131nlanan i\u00e7erik size aittir. Ne yay\u0131nlanaca\u011f\u0131na, ne zaman yay\u0131nlanaca\u011f\u0131na ve ne \u015fekilde sunulaca\u011f\u0131na siz karar verirsiniz.<\/p>\n<p>Makale hizmeti bir ba\u011f\u0131ml\u0131l\u0131k olarak de\u011fil, destek olarak tasarlanm\u0131\u015ft\u0131r. \u0130stedi\u011finiz zaman yazabilir, i\u00e7eri\u011fi uyarlayabilir veya kendi yazarlar\u0131n\u0131z\u0131 entegre edebilirsiniz. Bu \u00f6zg\u00fcrl\u00fck etkilenmeden kal\u0131r.<\/p>\n<p>Modeli bu kadar cazip k\u0131lan da tam olarak bu ba\u011f\u0131ms\u0131zl\u0131k ve profesyonel yard\u0131m kombinasyonudur.<\/p>\n<h3>Bu hizmetin \u00f6zellikle kimler i\u00e7in uygun oldu\u011fu<\/h3>\n<p>Makale hizmeti, d\u00fczenli ileti\u015fimin \u00f6neminin fark\u0131nda olan ancak gerekli kapasiteyi g\u00fcnl\u00fck olarak sa\u011flayamayan \u015firket ve kurulu\u015flara y\u00f6neliktir.<\/p>\n<p>Tipik m\u00fc\u015fteriler, i\u00e7 yap\u0131lar kurmak zorunda kalmadan uzmanl\u0131klar\u0131n\u0131 g\u00f6r\u00fcn\u00fcr k\u0131lmak isteyen genel m\u00fcd\u00fcrler, mal sahipleri ve y\u00f6neticilerdir.<\/p>\n<p>Halihaz\u0131rda bir dergisi olan ancak daha fazla s\u00fcreklilik elde etmek isteyen ekipler de g\u00fcvenilir bir d\u0131\u015f edit\u00f6r ekibinden faydalanabilir.<br \/>\nK\u0131sacas\u0131 bu hizmet, ek \u00e7aba de\u011fil sonu\u00e7 isteyen herkes i\u00e7in idealdir.<\/p>\n<h3>Derginiz hakk\u0131nda konu\u015fal\u0131m<\/h3>\n<p>Her \u015firketin kendine \u00f6zg\u00fc konular\u0131, hedefleri ve \u00f6ncelikleri vard\u0131r. K\u0131sa bir g\u00f6r\u00fc\u015fmeyle, hangi destek bi\u00e7iminin mant\u0131kl\u0131 oldu\u011funu ve hangi kapsam\u0131n fikirlerinize uygun oldu\u011funu h\u0131zl\u0131 bir \u015fekilde netle\u015ftirebiliriz. Ba\u011flay\u0131c\u0131 olmayan, \u015feffaf ve g\u00f6z hizas\u0131nda.<\/p>\n<p>Dilerseniz, g\u00fc\u00e7l\u00fc ve canl\u0131 bir ortam olu\u015fturman\u0131z i\u00e7in size uzun vadeli destek sa\u011flayabiliriz. Sadece ara s\u0131ra yard\u0131ma ihtiyac\u0131n\u0131z varsa, bu da m\u00fcmk\u00fcnd\u00fcr.<\/p>\n<p>\u0130lk ad\u0131m basittir: <a href=\"https:\/\/www.markus-schall.de\/tr\/iletisim\/\"><strong>\u0130leti\u015fime ge\u00e7in<\/strong> <\/a>ve derginizin y\u00fcksek kaliteli i\u00e7erikle d\u00fczenli olarak nas\u0131l b\u00fcy\u00fcyebilece\u011fini birlikte inceleyelim.<\/p>\n<h2>PR paketi - bas\u0131n b\u00fclteniniz tek bir kaynaktan<\/h2>\n<p>Baz\u0131 konular sadece kendi derginiz i\u00e7in de\u011fil, ayn\u0131 zamanda daha geni\u015f bir kamuoyu alg\u0131s\u0131 i\u00e7in de uygundur. Yeni teklifler, \u00f6zel geli\u015fmeler, etkinlikler veya stratejik ad\u0131mlar kendi web sitenizin d\u0131\u015f\u0131nda bir sahneyi hak eder.<\/p>\n<p>PR paketi tam da bunun i\u00e7indir.<\/p>\n<p>Sebebi, arka plan\u0131 veya amac\u0131 siz sa\u011flay\u0131n - bas\u0131n b\u00fclteninin profesyonelce haz\u0131rlanmas\u0131yla biz ilgileniriz. A\u00e7\u0131k\u00e7a yap\u0131land\u0131r\u0131lm\u0131\u015f, anla\u015f\u0131l\u0131r bir \u015fekilde ifade edilmi\u015f ve edit\u00f6rlerin ve okuyucular\u0131n ne hakk\u0131nda oldu\u011funu h\u0131zl\u0131 bir \u015fekilde anlayabilecekleri \u015fekilde d\u00fczenlenmi\u015ftir.<\/p>\n<p>Daha sonra OpenPR arac\u0131l\u0131\u011f\u0131yla yay\u0131nla da ilgileniyoruz. Bu sayede kay\u0131t, formatlama, teknik sorular ve koordinasyondan kurtuluyorsunuz. Herhangi bir ek kurum i\u00e7i \u00e7al\u0131\u015fma olmadan haz\u0131r bir \u00e7\u00f6z\u00fcm elde edersiniz.<\/p>\n<h3>Neler dahildir<\/h3>\n<ul>\n<li>\u00d6nceden yap\u0131lan anla\u015fmaya g\u00f6re bas\u0131n b\u00fclteninin haz\u0131rlanmas\u0131<\/li>\n<li>Maksimum 3.000 karaktere kadar<\/li>\n<li>Editoryal yap\u0131land\u0131rma ve dilbilimsel ince ayar<\/li>\n<li>Uygun bir g\u00f6r\u00fcnt\u00fcn\u00fcn yapay zeka ile olu\u015fturulmas\u0131 (aralar\u0131ndan se\u00e7im yapabilece\u011finiz \u00fc\u00e7 tane)<\/li>\n<li>OpenPR bas\u0131n portal\u0131nda yay\u0131n<\/li>\n<\/ul>\n<p><a href=\"https:\/\/openpr.de\" target=\"_blank\" rel=\"noopener\"><img loading=\"lazy\" decoding=\"async\" class=\"alignright wp-image-4877\" src=\"https:\/\/www.markus-schall.de\/wp-content\/uploads\/openpr-logo.jpg\" alt=\"OpenPR Bas\u0131n Portal\u0131\" width=\"245\" height=\"67\" srcset=\"https:\/\/www.markus-schall.de\/wp-content\/uploads\/openpr-logo.jpg 490w, https:\/\/www.markus-schall.de\/wp-content\/uploads\/openpr-logo-300x82.jpg 300w, https:\/\/www.markus-schall.de\/wp-content\/uploads\/openpr-logo-18x5.jpg 18w\" sizes=\"auto, (max-width: 245px) 100vw, 245px\" \/><\/a>Rapor Google taraf\u0131ndan al\u0131n\u0131rsa, Google Haberler'de de g\u00f6r\u00fcnebilir. Bunun i\u00e7in garantili bir hak yoktur - karar her zaman sistemin kendisine aittir - ancak deneyimler a\u00e7\u0131k\u00e7a form\u00fcle edilmi\u015f, net i\u00e7eri\u011fin \u015fans\u0131 \u00f6nemli \u00f6l\u00e7\u00fcde art\u0131rd\u0131\u011f\u0131n\u0131 g\u00f6stermi\u015ftir.<\/p>\n<h3>Bu kimin i\u00e7in ilgin\u00e7?<\/h3>\n<p>\u015eu \u015firketler i\u00e7in:<\/p>\n<ul>\n<li>haberleri profesyonelce yaymak istiyor<\/li>\n<li>kendi halkla ili\u015fkiler departmanlar\u0131na sahip de\u011filler<\/li>\n<li>h\u0131zl\u0131 ve karma\u015f\u0131k olmayan bir ger\u00e7ekle\u015ftirme istiyor<\/li>\n<li>A\u00e7\u0131k ileti\u015fimi vurgulay\u0131n<\/li>\n<\/ul>\n<p>Avantaj\u0131n\u0131z: \u015eirket i\u00e7i koordinasyona veya format sorunlar\u0131na yat\u0131r\u0131m yapmak zorunda de\u011filsiniz. Yerle\u015ftirme de dahil olmak \u00fczere bitmi\u015f, yay\u0131na haz\u0131r bir makale al\u0131rs\u0131n\u0131z.<\/p>\n<p>K\u0131sacas\u0131: bir f\u0131rsat sa\u011flay\u0131n, serbest b\u0131rak\u0131n, g\u00f6r\u00fcn\u00fcr olun. E\u011fer ilgileniyorsan\u0131z, l\u00fctfen ileti\u015fime ge\u00e7in <a href=\"https:\/\/www.markus-schall.de\/tr\/iletisim\/\"><strong>\u0130leti\u015fim<\/strong><\/a> \u00fczerinde.<\/p>\n<hr \/>\n<h3>S\u0131k\u00e7a sorulan sorular<\/h3>\n<ol>\n<li><strong>Bir makale sipari\u015f etti\u011fimde ne kadar i\u015fi kendim yapmak zorunday\u0131m?<\/strong><br \/>\nKendi \u00e7aban\u0131z y\u00f6netilebilir kal\u0131r. Kural olarak, yapman\u0131z gereken tek \u015fey konu, hedef ve istenen kapsam \u00fczerinde k\u0131saca anla\u015fmakt\u0131r. Materyaller, kilit noktalar veya \u00f6zel talepler halihaz\u0131rda mevcutsa, bunlar elbette dikkate al\u0131nabilir. Edit\u00f6r ekibi daha sonra tasla\u011f\u0131n haz\u0131rlanmas\u0131n\u0131 \u00fcstlenir. Onay i\u00e7in bitmi\u015f bir metin alacaks\u0131n\u0131z ve bo\u015f zamanlar\u0131n\u0131zda her \u015feyin uyup uymad\u0131\u011f\u0131na veya ayarlamalar\u0131n gerekli olup olmad\u0131\u011f\u0131na karar verebilirsiniz. Ama\u00e7 sizi i\u015ften kurtarmakt\u0131r, ek i\u015f yaratmak de\u011fil.<\/li>\n<li><strong>Haz\u0131r konular m\u0131 sunmam gerekiyor yoksa \u00f6neriler mi al\u0131yorum?<\/strong><br \/>\nHer ikisi de m\u00fcmk\u00fcnd\u00fcr. Halihaz\u0131rda belirli fikirleriniz varsa, bu temelde \u00e7al\u0131\u015faca\u011f\u0131z. Yoksa, edit\u00f6r ekibi \u015firketinize, sekt\u00f6r\u00fcn\u00fcze ve konumunuza uygun konular \u00f6nerebilir. Bir\u00e7ok m\u00fc\u015fteri bu se\u00e7ene\u011fi kullanmay\u0131 seviyor \u00e7\u00fcnk\u00fc yeni perspektifler yarat\u0131yor ve derginin \u00e7e\u015fitlili\u011fini koruyor.<\/li>\n<li><strong>\u0130\u00e7eri\u011fi ve tonlamay\u0131 etkileyebilir miyim?<\/strong><br \/>\nTabii ki. Y\u00f6n\u00fc siz belirlersiniz. Yay\u0131nlanmadan \u00f6nce, her makaleyi g\u00f6zden ge\u00e7irmeniz i\u00e7in alacaks\u0131n\u0131z ve de\u011fi\u015fiklikler, eklemeler veya \u00e7\u0131karmalar yapabilirsiniz. Sadece siz tatmin oldu\u011funuzda yay\u0131nlanacakt\u0131r. Bu, her zaman tam kontrol\u00fcn sizde oldu\u011fu anlam\u0131na gelir.<\/li>\n<li><strong>Bir metni be\u011fenmezsem ne olur?<\/strong><br \/>\nDaha sonra uyarlan\u0131r. Geri bildirim, editoryal \u00e7al\u0131\u015fman\u0131n normal bir par\u00e7as\u0131d\u0131r. Ama\u00e7, kendinizi \u00f6zde\u015fle\u015ftirebilece\u011finiz bir \u00e7\u00f6z\u00fcm bulmakt\u0131r. Bu y\u00fczden d\u00fczeltme d\u00f6ng\u00fcleri s\u00fcrecin bir par\u00e7as\u0131d\u0131r.<\/li>\n<li><strong>Makaleler \u015firketim i\u00e7in \u00f6zelle\u015ftirildi mi?<\/strong><br \/>\nEvet, her makale sipari\u015finiz i\u00e7in \u00f6zel olarak geli\u015ftirilir. Bunlar standart metinler veya \u015fablonlar de\u011fil, konular\u0131n\u0131za, hedef kitlenize ve kamu imaj\u0131n\u0131za g\u00f6re \u00f6zelle\u015ftirilmi\u015f i\u00e7eriklerdir.<\/li>\n<li><strong>Sadece ara s\u0131ra katk\u0131 pay\u0131 sipari\u015f edebilir miyim?<\/strong><br \/>\nTabii ki. Sabit al\u0131mlar yapma zorunlulu\u011fu yoktur. Tek tek \u00fcr\u00fcnler sipari\u015f edebilir veya d\u00fczenli i\u015fbirli\u011fini tercih edebilirsiniz. Kapsam tamamen sizin gereksinimlerinize ba\u011fl\u0131d\u0131r.<\/li>\n<li><strong>S\u00fcrekli bak\u0131m m\u00fcmk\u00fcn m\u00fc?<\/strong><br \/>\nEvet, bir\u00e7ok m\u00fc\u015fteri \u00f6ng\u00f6r\u00fclebilir yay\u0131nlar ister, \u00f6rne\u011fin ayl\u0131k veya \u00fc\u00e7 ayl\u0131k bazda. Derginizin s\u00fcrekli b\u00fcy\u00fcmesini ve g\u00f6r\u00fcn\u00fcr kalmas\u0131n\u0131 sa\u011flamak i\u00e7in bireysel anla\u015fmalar yap\u0131labilir.<\/li>\n<li><strong>\u0130\u00e7eri\u011fin teknik olarak do\u011fru olmas\u0131 nas\u0131l sa\u011flan\u0131yor?<\/strong><br \/>\nEditoryal ekip, spesifikasyonlar\u0131n\u0131z ve mevcut bilgilerle y\u00f6nlendirilir. \u00d6zel ayr\u0131nt\u0131lar veya hassas ifadeler konusunda sizinle mutab\u0131k kal\u0131n\u0131r. Yay\u0131nlanmadan \u00f6nce her metni kontrol eder ve onaylars\u0131n\u0131z.<\/li>\n<li><strong>Olu\u015fturulurken arama motoru unsurlar\u0131 dikkate al\u0131n\u0131yor mu?<\/strong><br \/>\nEvet, yap\u0131, okunabilirlik ve tematik netlik \u00f6nemli bir rol oynar. Ama\u00e7, hem okuyucular i\u00e7in anla\u015f\u0131labilir hem de arama motorlar\u0131 i\u00e7in kategorize edilmesi kolay i\u00e7erik olu\u015fturmakt\u0131r.<\/li>\n<li><strong>Makaleler hangi dillerde yay\u0131nlan\u0131yor?<\/strong><br \/>\nBu derginize ba\u011fl\u0131d\u0131r. Sisteminiz birka\u00e7 dil versiyonu sa\u011fl\u0131yorsa, makaleler buna g\u00f6re g\u00f6r\u00fcnt\u00fclenebilir. Ancak, as\u0131l editoryal \u00e7ekirdek ba\u015flang\u0131\u00e7ta kararla\u015ft\u0131r\u0131lan temel dilde olu\u015fturulur.<\/li>\n<li><strong>Kendi \u00e7al\u0131\u015fanlar\u0131m\u0131 veya konuk yazarlar\u0131 da dahil edebilir miyim?<\/strong><br \/>\nEvet, istedi\u011finiz zaman. Makale hizmeti se\u00e7eneklerinizi tamamlar, ancak onlar\u0131n yerini almaz. Dahili katk\u0131lar veya harici sesler kolayca entegre edilebilir.<\/li>\n<li><strong>Bitmi\u015f makalemi ne kadar \u00e7abuk teslim alaca\u011f\u0131m?<\/strong><br \/>\nBu, kapsam ve mevcut sipari\u015f durumuna ba\u011fl\u0131d\u0131r. Kural olarak, \u00f6nceden plan yapabilmeniz i\u00e7in teslimat tarihine ili\u015fkin ger\u00e7ek\u00e7i bir tahmini hemen al\u0131rs\u0131n\u0131z.<\/li>\n<li><strong>Minimum uzunluklar veya sabit formatlar var m\u0131?<\/strong><br \/>\nHay\u0131r. Konunuz i\u00e7in hangi kapsam\u0131n uygun oldu\u011funa siz karar verin. Kompakt bir makaleden ayr\u0131nt\u0131l\u0131 bir analize kadar her \u015fey m\u00fcmk\u00fcnd\u00fcr.<\/li>\n<li><strong>Tamamlanm\u0131\u015f metnin haklar\u0131 kime aittir?<\/strong><br \/>\nOnay ve \u00f6deme yap\u0131ld\u0131ktan sonra makaleyi derginizde kullanabilirsiniz. Sizin m\u00fclkiyetinize ge\u00e7er ve kurumsal ileti\u015fiminizin bir par\u00e7as\u0131 olur.<\/li>\n<li><strong>Mevcut i\u00e7eri\u011fi revize ettirebilir miyim?<\/strong><br \/>\nEvet, yeni geli\u015fmelerin yan\u0131 s\u0131ra mevcut metinler de d\u00fczenlenebilir, yap\u0131land\u0131r\u0131labilir veya geni\u015fletilebilir.<\/li>\n<li><strong>Hizmet k\u00fc\u00e7\u00fck \u015firketler i\u00e7in de uygun mu?<\/strong><br \/>\n\u0130\u015fte bu noktada faydalar \u00f6zellikle b\u00fcy\u00fckt\u00fcr. Kurum i\u00e7i pazarlama veya ileti\u015fim departman\u0131 yoksa, d\u0131\u015far\u0131dan destek profesyonellik ve d\u00fczenlilik sa\u011flar.<\/li>\n<li><strong>Bu g\u00f6revi neden kendi i\u00e7imde \u00e7\u00f6zmeyeyim?<\/strong><br \/>\nElbette bunu yapabilirsiniz. Ancak pek \u00e7ok \u015firket i\u00e7 kaynaklar\u0131n\u0131n g\u00fcnl\u00fck i\u015flerle me\u015fgul oldu\u011funu fark eder. D\u0131\u015far\u0131dan yard\u0131m rutin ve g\u00fcvenilirlik getirir ve ekibinizin \u00fczerindeki bask\u0131y\u0131 azalt\u0131r.<\/li>\n<li><strong>Ba\u015flamak i\u00e7in en iyi yol nedir?<\/strong><br \/>\nBunun en kolay yolu diyalog kurmakt\u0131r. Hedefleri, konular\u0131 ve olas\u0131 s\u00fcre\u00e7leri a\u00e7\u0131kl\u0131\u011fa kavu\u015fturaca\u011f\u0131z. Daha sonra ne \u00f6l\u00e7\u00fcde destek istedi\u011finize karar verebilirsiniz.<\/li>\n<\/ol>","protected":false},"excerpt":{"rendered":"<p>Ein Magazin zu betreiben ist leicht. Es regelm\u00e4\u00dfig zu f\u00fcllen, ist die Herausforderung. Die technische Basis f\u00fcr ein Unternehmensmagazin l\u00e4sst sich heute vergleichsweise schnell schaffen. Struktur, Kategorien, Mehrsprachigkeit, saubere Darstellung auf mobilen Ger\u00e4ten &#8211; all das ist planbar und zuverl\u00e4ssig umsetzbar. Was jedoch im Alltag h\u00e4ufig untersch\u00e4tzt wird, ist die kontinuierliche Bef\u00fcllung mit relevanten Inhalten. &#8230; <a title=\"Artikelservice &#038; Redaktion\" class=\"read-more\" href=\"https:\/\/www.markus-schall.de\/tr\/makale-servi%cc%87si%cc%87-yazi-i%cc%87sleri%cc%87-mueduerluegue\/\" aria-label=\"Read more about Artikelservice &#038; Redaktion\">Devam\u0131n\u0131 oku<\/a><\/p>","protected":false},"author":1,"featured_media":0,"parent":0,"menu_order":0,"comment_status":"closed","ping_status":"closed","template":"","meta":{"iawp_total_views":54,"footnotes":""},"class_list":["post-4841","page","type-page","status-publish"],"_links":{"self":[{"href":"https:\/\/www.markus-schall.de\/tr\/wp-json\/wp\/v2\/pages\/4841","targetHints":{"allow":["GET"]}}],"collection":[{"href":"https:\/\/www.markus-schall.de\/tr\/wp-json\/wp\/v2\/pages"}],"about":[{"href":"https:\/\/www.markus-schall.de\/tr\/wp-json\/wp\/v2\/types\/page"}],"author":[{"embeddable":true,"href":"https:\/\/www.markus-schall.de\/tr\/wp-json\/wp\/v2\/users\/1"}],"replies":[{"embeddable":true,"href":"https:\/\/www.markus-schall.de\/tr\/wp-json\/wp\/v2\/comments?post=4841"}],"version-history":[{"count":10,"href":"https:\/\/www.markus-schall.de\/tr\/wp-json\/wp\/v2\/pages\/4841\/revisions"}],"predecessor-version":[{"id":5807,"href":"https:\/\/www.markus-schall.de\/tr\/wp-json\/wp\/v2\/pages\/4841\/revisions\/5807"}],"wp:attachment":[{"href":"https:\/\/www.markus-schall.de\/tr\/wp-json\/wp\/v2\/media?parent=4841"}],"curies":[{"name":"wp","href":"https:\/\/api.w.org\/{rel}","templated":true}]}}