{"id":738,"date":"2011-09-28T08:23:39","date_gmt":"2011-09-28T08:23:39","guid":{"rendered":"https:\/\/markus-schall.de\/?page_id=738"},"modified":"2026-04-14T16:05:25","modified_gmt":"2026-04-14T16:05:25","slug":"erp-yazilimi","status":"publish","type":"page","link":"https:\/\/www.markus-schall.de\/tr\/erp-yazilimi\/","title":{"rendered":"ERP yaz\u0131l\u0131m\u0131"},"content":{"rendered":"<p><img loading=\"lazy\" decoding=\"async\" class=\"size-large wp-image-3182 alignnone\" src=\"http:\/\/www.markus-schall.de\/wp-content\/uploads\/ERP-Software-1024x683.jpg\" alt=\"ERP yaz\u0131l\u0131m\u0131\" width=\"1024\" height=\"683\" srcset=\"https:\/\/www.markus-schall.de\/wp-content\/uploads\/ERP-Software-1024x683.jpg 1024w, https:\/\/www.markus-schall.de\/wp-content\/uploads\/ERP-Software-300x200.jpg 300w, https:\/\/www.markus-schall.de\/wp-content\/uploads\/ERP-Software-768x512.jpg 768w, https:\/\/www.markus-schall.de\/wp-content\/uploads\/ERP-Software-18x12.jpg 18w, https:\/\/www.markus-schall.de\/wp-content\/uploads\/ERP-Software.jpg 1536w\" sizes=\"auto, (max-width: 1024px) 100vw, 1024px\" \/><\/p>\n<h2>Ba\u011f\u0131ms\u0131z d\u00fc\u015f\u00fcnenler i\u00e7in ERP yaz\u0131l\u0131m\u0131 - esnek, yerel, ba\u011f\u0131ms\u0131z<\/h2>\n<p><img loading=\"lazy\" decoding=\"async\" class=\"alignleft wp-image-2465\" src=\"https:\/\/www.markus-schall.de\/wp-content\/uploads\/gofilemaker-logo-1.png\" alt=\"gofilemaker ERP yaz\u0131l\u0131m\u0131\" width=\"201\" height=\"69\" srcset=\"https:\/\/www.markus-schall.de\/wp-content\/uploads\/gofilemaker-logo-1.png 400w, https:\/\/www.markus-schall.de\/wp-content\/uploads\/gofilemaker-logo-1-300x103.png 300w\" sizes=\"auto, (max-width: 201px) 100vw, 201px\" \/>Bu <strong>gFM-Business ERP yaz\u0131l\u0131m\u0131<\/strong> \u015firket verilerini anonim bir buluta yerle\u015ftirmeye haz\u0131r olmayan, ancak nas\u0131l \u00e7al\u0131\u015facaklar\u0131n\u0131 kendileri belirlemek isteyen herkes i\u00e7in pratik bir i\u015f yaz\u0131l\u0131m\u0131d\u0131r. \u00c7\u00f6z\u00fcm a\u015fa\u011f\u0131dakilere dayanmaktad\u0131r <strong>Claris FileMaker<\/strong>\u00f6zelle\u015ftirilmi\u015f yaz\u0131l\u0131m geli\u015ftirme i\u00e7in kan\u0131tlanm\u0131\u015f bir ara\u00e7t\u0131r ve bu nedenle \u015firketinizin kendisi kadar esnektir.<\/p>\n<p>\u0130ster bir zanaat i\u015fletmesi, ister hizmet sa\u011flay\u0131c\u0131 veya posta sipari\u015fi \u015firketi olun - gFM-Business uyum sa\u011flar, tersi de\u011fil.<\/p>\n<hr \/>\n<h3>\u00dc\u00e7 platform boyutu - tek bir d\u00fc\u015f\u00fcnce: kontrol\u00fc elden b\u0131rakmay\u0131n<\/h3>\n<p>gFM-Business ERP, \u00f6zellikle k\u00fc\u00e7\u00fck ve orta \u00f6l\u00e7ekli \u015firketlerin gereksinimlerine y\u00f6nelik \u00fc\u00e7 geni\u015fleme a\u015famas\u0131nda mevcuttur:<\/p>\n<ol>\n<li><strong>A\u00e7\u0131k Kaynak (\u00fccretsiz): <\/strong>M\u00fc\u015fteri y\u00f6netimi, \u00fcr\u00fcn y\u00f6neticisi, basit faturalama (fatura ve kredi notu) ile ideal giri\u015f seviyesi s\u00fcr\u00fcm\u00fc - do\u011frudan \u00fccretsiz olarak kullan\u0131labilir ve FileMaker ile a\u00e7\u0131k bir \u015fekilde geni\u015fletilebilir. Yaz\u0131l\u0131m ayr\u0131ca teklifler, sipari\u015fler, irsaliyeler ve hat\u0131rlat\u0131c\u0131lar olu\u015fturabilen geni\u015fletilmi\u015f bir OS Plus s\u00fcr\u00fcm\u00fc olarak da mevcuttur.<\/li>\n<li><strong>Temel: <\/strong>Artan gereksinimler i\u00e7in: Tekliften hat\u0131rlatmaya kadar belge olu\u015fturma, proje y\u00f6netimi, zaman kayd\u0131, datif d\u0131\u015fa aktarma ve t\u00fcm yayg\u0131n ma\u011faza sistemlerine (WooCommerce, Shopware, Shopify, Gambio, Modified dahil) aray\u00fczler.<\/li>\n<li><strong>Profesyonel: <\/strong>Birden fazla m\u00fc\u015fterisi olan \u015firketler, \u00e7oklu ma\u011faza aray\u00fczleri, e-fatura formatlar\u0131 (ZUGFeRD, XRechnung) ve \u00e7ok dillilik i\u00e7in tam donan\u0131ml\u0131 versiyonumuz uluslararas\u0131 olarak da kullan\u0131labilir.<\/li>\n<\/ol>\n<p><img loading=\"lazy\" decoding=\"async\" class=\"alignnone wp-image-2468 size-full\" src=\"https:\/\/www.markus-schall.de\/wp-content\/uploads\/Professional-ERP-Software-scaled.jpg\" alt=\"gFM-Business Profesyonel ERP yaz\u0131l\u0131m\u0131\" width=\"2560\" height=\"1339\" srcset=\"https:\/\/www.markus-schall.de\/wp-content\/uploads\/Professional-ERP-Software-scaled.jpg 2560w, https:\/\/www.markus-schall.de\/wp-content\/uploads\/Professional-ERP-Software-300x157.jpg 300w, https:\/\/www.markus-schall.de\/wp-content\/uploads\/Professional-ERP-Software-1024x536.jpg 1024w, https:\/\/www.markus-schall.de\/wp-content\/uploads\/Professional-ERP-Software-768x402.jpg 768w, https:\/\/www.markus-schall.de\/wp-content\/uploads\/Professional-ERP-Software-1536x804.jpg 1536w, https:\/\/www.markus-schall.de\/wp-content\/uploads\/Professional-ERP-Software-2048x1071.jpg 2048w, https:\/\/www.markus-schall.de\/wp-content\/uploads\/Professional-ERP-Software-500x262.jpg 500w\" sizes=\"auto, (max-width: 2560px) 100vw, 2560px\" \/><\/p>\n<hr \/>\n<h3>\u00dc\u00e7 lisans modeli - maksimum uyarlanabilirlik<\/h3>\n<p>\u0130stenen \u00f6zelle\u015ftirme derecesine ba\u011fl\u0131 olarak her s\u00fcr\u00fcm i\u00e7in farkl\u0131 lisans formlar\u0131 mevcuttur:<\/p>\n<ul>\n<li><strong>Standart lisans<\/strong>Bask\u0131 d\u00fczenlerini esnek bir \u015fekilde \u00f6zelle\u015ftirin<\/li>\n<li><strong>\u00d6zel lisans<\/strong>: Maskeleri, alanlar\u0131 ve tablolar\u0131 kendiniz tasarlay\u0131n<\/li>\n<li><strong>A\u00e7\u0131k lisans<\/strong>: Kurum i\u00e7i geli\u015ftirmede oldu\u011fu gibi FileMaker eri\u015fimini tamamlay\u0131n<\/li>\n<\/ul>\n<p>Bu, FileMaker kullan\u0131c\u0131lar\u0131n\u0131n (veya geli\u015ftirme ekibinizin) yaz\u0131l\u0131m\u0131 do\u011frudan kendi gereksinimlerine g\u00f6re \u00f6zelle\u015ftirmesine olanak tan\u0131r - t\u00fcm i\u015flevler \u00fczerinde tam kontrol ile.<\/p>\n<div style=\"border: 1px solid #d9d9d9; border-left: 6px solid #2f5d62; background: #f8faf9; padding: 26px; margin: 35px 0; border-radius: 10px; box-shadow: 0 2px 10px rgba(0,0,0,0.06);\">\n<h3 style=\"margin-top: 0; margin-bottom: 12px; font-size: 1.6em; color: #1f2d2f;\">\u0130\u015f s\u00fcre\u00e7leriniz i\u00e7in 30 dakikal\u0131k \u00fccretsiz ilk dan\u0131\u015fmanl\u0131k<\/h3>\n<p style=\"margin: 0 0 14px 0; font-size: 1.08em; line-height: 1.6; color: #333;\">Bir\u00e7ok \u015firket, y\u0131llar i\u00e7inde geli\u015fen yap\u0131larla g\u00fcnl\u00fck olarak \u00e7al\u0131\u015fmaktad\u0131r - genellikle gereksiz dolamba\u00e7l\u0131 yollar, yinelenen giri\u015fler veya genel bak\u0131\u015f eksikli\u011fi ile.<\/p>\n<p style=\"margin: 0 0 14px 0; font-size: 1.08em; line-height: 1.6; color: #333;\">Bir <strong>ba\u011flay\u0131c\u0131 olmayan ilk dan\u0131\u015fmanl\u0131k (30 dakika)<\/strong> mevcut durumunuza birlikte bak\u0131yoruz - a\u00e7\u0131k, pratik ve sat\u0131\u015f bask\u0131s\u0131 olmadan.<\/p>\n<ul style=\"margin: 0 0 18px 20px; padding: 0; line-height: 1.7; color: #333;\">\n<li>\u015eu anda nerede zaman veya genel bak\u0131\u015f kaybediyorsunuz?<\/li>\n<li>Hangi s\u00fcre\u00e7ler basitle\u015ftirilebilir?<\/li>\n<li>\u00d6zelle\u015ftirilmi\u015f bir ERP \u00e7\u00f6z\u00fcm\u00fcn\u00fcn mant\u0131kl\u0131 olup olmad\u0131\u011f\u0131 ve nas\u0131l mant\u0131kl\u0131 oldu\u011fu<\/li>\n<li>Somut ilk de\u011ferlendirme - anla\u015f\u0131labilir ve do\u011frudan ger\u00e7ekle\u015ftirilebilir<\/li>\n<\/ul>\n<p style=\"margin: 0 0 18px 0; font-size: 1.05em; line-height: 1.6; color: #333;\">D\u0131\u015far\u0131dan net bir bak\u0131\u015f, gereksiz karma\u015f\u0131kl\u0131\u011f\u0131 fark etmek ve ilk iyile\u015ftirmeleri ba\u015flatmak i\u00e7in genellikle yeterlidir.<\/p>\n<div style=\"margin-top: 18px; padding: 16px; background: #ffffff; border: 1px solid #e3e3e3; border-radius: 8px;\">\n<p style=\"margin: 0 0 10px 0; font-weight: bold; color: #1f2d2f;\">Buradan ba\u011flay\u0131c\u0131 olmayan bir randevu talep edin:<\/p>\n<p style=\"margin: 0 0 6px 0; line-height: 1.6;\"><strong>E-Mail:<\/strong><a style=\"color: #2f5d62; text-decoration: none;\" href=\"mailto:in**@*********er.de\" data-original-string=\"a1QEZ6u1WT4pW0t9zkeY1Q==680VASGM5PO5bNhScPd+XqvChY\/WePoiFsY4dAXOqKF1ps=\" title=\"Bu ki\u015fi Anti-Spam by CleanTalk taraf\u0131ndan kodlanm\u0131\u015ft\u0131r. \u015eifreyi \u00e7\u00f6zmek i\u00e7in t\u0131klay\u0131n. Kod \u00e7\u00f6zme i\u015flemini tamamlamak i\u00e7in taray\u0131c\u0131n\u0131zda JavaScript&#039;in etkin oldu\u011fundan emin olun.\"> <span \n                data-original-string='fZ81++BPdbqB\/Y2VZ9cGpw==680T328F3AyyypTcx3ZEydmmz5Jhhv6pEmN32nJ6yv5UKA='\n                class='apbct-email-encoder'\n                title='Bu ki\u015fi Anti-Spam by CleanTalk taraf\u0131ndan kodlanm\u0131\u015ft\u0131r. \u015eifreyi \u00e7\u00f6zmek i\u00e7in t\u0131klay\u0131n. Kod \u00e7\u00f6zme i\u015flemini tamamlamak i\u00e7in taray\u0131c\u0131n\u0131zda JavaScript&#039;in etkin oldu\u011fundan emin olun.'>i\u00e7inde<span class=\"apbct-blur\">**<\/span>@<span class=\"apbct-blur\">*********<\/span>er.de<\/span><br \/>\n<\/a><\/p>\n<p style=\"margin: 0 0 6px 0; line-height: 1.6;\"><strong>Telefon:<\/strong><a style=\"color: #2f5d62; text-decoration: none;\" href=\"tel:+4944130437640\"> 0441 &#8211; 30 437 640<br \/>\n<\/a><\/p>\n<p style=\"margin: 0; line-height: 1.6;\">Bana mevcut durumunuzla ilgili birka\u00e7 \u00f6nemli noktay\u0131 k\u0131saca yazman\u0131z yeterli - m\u00fcmk\u00fcn olan en k\u0131sa s\u00fcrede size ki\u015fisel olarak geri d\u00f6nece\u011fim.<\/p>\n<\/div>\n<\/div>\n<hr \/>\n<h3>Bir kez \u00f6de, s\u00fcrekli kullan<\/h3>\n<p>Bizde ayl\u0131k abonelik tuzaklar\u0131 yoktur. Her bir lisans, tek seferlik bir fiyatla sat\u0131n alma lisans\u0131 olarak mevcuttur. Bak\u0131m s\u00f6zle\u015fmeleri zorunlu de\u011fildir, gerekirse g\u00fcncellemeler ayr\u0131ca sat\u0131n al\u0131nabilir.<\/p>\n<hr \/>\n<h3>Verileriniz size aittir - nokta.<\/h3>\n<p>gFM-Business ERP t\u00fcm verileri m\u00fc\u015fterinin tesislerinde yerel olarak depolar - ya kendi bilgisayar\u0131nda ya da \u015firket i\u00e7i FileMaker sunucusunda. Bulut yok, ba\u011f\u0131ml\u0131l\u0131k yok, gizli sunucu yap\u0131lar\u0131 yok. Bu, hassas i\u015f verileriniz \u00fczerinde her zaman tam kontrole sahip oldu\u011funuz anlam\u0131na gelir.<\/p>\n<hr \/>\n<h3>gFM-Business kimler i\u00e7in \u00fcretilmi\u015ftir?<\/h3>\n<ul>\n<li><strong>K\u00fc\u00e7\u00fck ve orta \u00f6l\u00e7ekli i\u015fletmeler<\/strong><\/li>\n<li><strong>\u015eah\u0131s \u015firketleri ve serbest \u00e7al\u0131\u015fanlar<\/strong><\/li>\n<li><strong>Acenteler, bayiler, hizmet sa\u011flay\u0131c\u0131lar<\/strong><\/li>\n<li><strong>Patronluk taslamaktansa tasar\u0131m yapmay\u0131 tercih eden herkes<\/strong><\/li>\n<\/ul>\n<p>Kendi dilinizi konu\u015fan bir ERP \u00e7\u00f6z\u00fcm\u00fc ar\u0131yorsan\u0131z do\u011fru yere geldiniz.<br \/>\n<a href=\"https:\/\/gofilemaker.de\/tr\/\" target=\"_blank\" rel=\"noopener\"><strong>Daha fazla bilgi i\u00e7in: gofilemaker.de<\/strong><\/a><\/p>\n<hr \/>\n<h3>S\u0131k\u00e7a sorulan sorular<\/h3>\n<ol>\n<li style=\"text-align: left;\"><strong>gFM-Business tam olarak nedir - ERP, CRM veya \u00fcr\u00fcn y\u00f6netimi?<\/strong><br \/>\ngFM-Business bilin\u00e7li olarak sadece bir \u201emod\u00fcl\u201c de\u011fil, gerekti\u011finde CRM, \u00fcr\u00fcn y\u00f6netimi, faturalama program\u0131, acente yaz\u0131l\u0131m\u0131 veya ofis yaz\u0131l\u0131m\u0131 olarak kullan\u0131labilen FileMaker tabanl\u0131 bir ERP platformudur. \u0130\u015fin \u00f6z\u00fc \u015fudur: i\u015f s\u00fcre\u00e7lerinize g\u00f6re \u00f6zelle\u015ftirilebilen bir \u00e7\u00f6z\u00fcm elde edersiniz - tam tersi de\u011fil. Bu, kat\u0131 bir standart sisteme zorlanmak istemeyen, ancak s\u00fcre\u00e7leri temiz ve kademeli olarak dijitalle\u015ftirmek isteyen \u015firketler i\u00e7in \u00f6zellikle pratiktir.<\/li>\n<li style=\"text-align: left;\"><strong>gFM-Business hangi \u015firketler i\u00e7in tasarlanm\u0131\u015ft\u0131r?<\/strong><br \/>\nTipik olarak, klasik b\u00fcy\u00fck \u00f6l\u00e7ekli ERP uygulamalar\u0131n\u0131n y\u00fck\u00fc olmadan net, \u00f6zelle\u015ftirilebilir bir sistem arayan k\u00fc\u00e7\u00fck ve orta \u00f6l\u00e7ekli \u015firketler i\u00e7in. Mant\u0131kl\u0131 kullan\u0131m genellikle Excel listelerinin, izole \u00e7\u00f6z\u00fcmlerin veya \u201eb\u00fcy\u00fcm\u00fc\u015f\u201c bir s\u00fcre\u00e7 kar\u0131\u015f\u0131m\u0131n\u0131n belirgin bir \u015fekilde zaman kaybetti\u011fi yerlerde ba\u015flar: teklifler, sipari\u015fler, depo, irsaliyeler, faturalar, m\u00fc\u015fteri ileti\u015fimi, analizler. Ayn\u0131 zamanda platform o kadar \u00f6l\u00e7eklenebilir ki \u015firketle birlikte b\u00fcy\u00fcyebilir - tek bir i\u015f istasyonundan bir \u00e7al\u0131\u015fma grubuna kadar.<\/li>\n<li style=\"text-align: left;\"><strong>Yaz\u0131l\u0131m hangi sistemlerde \u00e7al\u0131\u015f\u0131yor?<\/strong><br \/>\ngFM-Business \u00e7apraz platformdur ve macOS, Windows ve iOS (iPad) \u00fczerinde kullan\u0131labilir. Bu \u00f6zellikle karma bir ortamda \u00e7al\u0131\u015fan veya hareket halindeyken verilere eri\u015fmek isteyen ekipler i\u00e7in ilgi \u00e7ekicidir. Bir\u00e7ok \u015firkette bu ger\u00e7ek bir avantajd\u0131r \u00e7\u00fcnk\u00fc sadece bir ERP'yi \u00e7al\u0131\u015ft\u0131rabilmek i\u00e7in t\u00fcm donan\u0131m d\u00fcnyas\u0131n\u0131 standartla\u015ft\u0131rmak zorunda de\u011filsiniz.<\/li>\n<li style=\"text-align: left;\"><strong>Hangi s\u00fcr\u00fcm benim i\u00e7in do\u011fru: A\u00e7\u0131k Kaynak, OS-Plus, Temel veya Profesyonel?<\/strong><br \/>\nYaz\u0131l\u0131m, \u201e\u00e7ok b\u00fcy\u00fck\u201c olmak zorunda kalmaman\u0131z i\u00e7in \u00e7e\u015fitli geni\u015fletme a\u015famalar\u0131nda mevcuttur:<br \/>\n- gFM-Business A\u00e7\u0131k Kaynak: CRM, adresler, \u00fcr\u00fcn\/depo (1 depo), faturalar\/kredi notlar\u0131 art\u0131 geli\u015ftirici mod\u00fcl\u00fc (tablolar\u0131n\/alanlar\u0131n\/komut dosyalar\u0131n\u0131n dok\u00fcmantasyonu) ile \u00fccretsiz giri\u015f - bir g\u00f6z atmak veya \u00f6zelle\u015ftirmeler i\u00e7in temel olarak ideal.<br \/>\n- gFM-Business OS-Plus: A\u00e7\u0131k Kayna\u011f\u0131, zaman kayd\u0131\/hizmetleri ve d\u00f6n\u00fc\u015ft\u00fcrme mant\u0131\u011f\u0131 (sipari\u015f \u2192 irsaliye \u2192 fatura vb.) dahil olmak \u00fczere ek belge t\u00fcrlerini i\u00e7erecek \u015fekilde geni\u015fletir.<br \/>\n- gFM-Business Temel: Bir\u00e7ok KOB\u0130 i\u00e7in \u201eklasik\u201c daha fazla CRM\/yaz\u0131\u015fma\/hesap defteri\/proje ve ma\u011faza i\u015flevleriyle ba\u015flar.<br \/>\n- gFM-Business Professional: daha zorlu s\u00fcre\u00e7ler i\u00e7in (\u00f6rne\u011fin, birden fazla m\u00fc\u015fteri, depolama konumu, sistem genelinde diller, varyantlar, par\u00e7a listeleri \/ partiler, bilet sistemi, paralel olarak birka\u00e7 \u00e7evrimi\u00e7i ma\u011faza).<\/li>\n<li style=\"text-align: left;\"><strong>\u201eA\u00e7\u0131k lisans\u201c ne anlama geliyor ve buna ne zaman ihtiyac\u0131m var?<\/strong><br \/>\nA\u00e7\u0131k lisans, FileMaker'de tam y\u00f6netim haklar\u0131na sahip olarak gFM-Business'yi kapsaml\u0131 bir \u015fekilde uyarlamak ve geni\u015fletmek isteyen \u015firketler (veya FileMaker ortaklar\u0131) i\u00e7in tasarlanm\u0131\u015ft\u0131r. Avantaj\u0131: Pazar, \u00fcr\u00fcn yelpazesi, ekip veya dahili s\u00fcre\u00e7ler de\u011fi\u015firse s\u00fcre\u00e7ler operasyon s\u0131ras\u0131nda uyarlanabilir. Bu, birka\u00e7 y\u0131lda bir sistem de\u011fi\u015ftirmek yerine uzun vadede istikrarl\u0131 bir temelde \u00f6zelle\u015ftirilmi\u015f yaz\u0131l\u0131m isteyen i\u015fletmeler i\u00e7in tipiktir. Taraf\u0131n notu: A\u00e7\u0131k lisans i\u00e7in FileMaker Pro Advanced gereklidir.<\/li>\n<li style=\"text-align: left;\"><strong>gFM-Business'yi kullanmak i\u00e7in Claris FileMaker'ye sahip olmak zorunda m\u0131y\u0131m?<\/strong><br \/>\nEvet, tek i\u015f istasyonu kullan\u0131m\u0131 i\u00e7in bir Claris FileMaker Pro lisans\u0131 gereklidir. E\u015fler aras\u0131 payla\u015f\u0131m yoluyla birden fazla i\u015f istasyonu kullan\u0131l\u0131yorsa, her i\u015f istasyonu i\u00e7in ek bir Claris FileMaker Pro lisans\u0131 gerekir. A\u011fdaki be\u015f veya daha fazla kullan\u0131c\u0131 i\u00e7in FileMaker Server kullan\u0131m\u0131 \u00f6nerilir.<\/li>\n<li style=\"text-align: left;\"><strong>Teklifleri, sipari\u015fleri, irsaliyeleri, faturalar\u0131, kredi notlar\u0131n\u0131 ve hat\u0131rlat\u0131c\u0131lar\u0131 e\u015fleyebilir miyim?<\/strong><br \/>\nEvet - gFM-Business tam olarak bu klasik \u201eofis makine odas\u0131\u201c i\u00e7in tasarlanm\u0131\u015ft\u0131r: takip belgeleri de dahil olmak \u00fczere tekliften faturaya. D\u00f6n\u00fc\u015f\u00fcmler otomatikle\u015ftirildi\u011finde (\u00f6rne\u011fin sipari\u015f \u2192 irsaliye \u2192 fatura) \u00f6zellikle pratiktir, \u00e7\u00fcnk\u00fc bu hatalar\u0131 azalt\u0131r ve zamandan tasarruf sa\u011flar - \u00f6zellikle yinelenen s\u00fcre\u00e7lerde veya ma\u011faza ithalatlar\u0131nda.<\/li>\n<li style=\"text-align: left;\"><strong>gFM-Business elektronik faturalar\u0131 (\u00f6rn. ZUGFeRD) destekliyor mu?<\/strong><br \/>\nEvet - gFM-Business Professional, ZUGFeRD ve Factur-X'in yan\u0131 s\u0131ra Swiss-QR uyar\u0131nca elektronik faturalar i\u00e7in destek i\u00e7erir; g\u00f6m\u00fcl\u00fc e-fatura bilgilerine sahip PDF'ler olu\u015fturulur. Bu \u00f6zellikle \u00f6nemlidir, \u00e7\u00fcnk\u00fc e-fatura gereksinimleri artmaktad\u0131r ve \u015firketler daha sonra \u00e7\u0131lg\u0131nca g\u00fc\u00e7lendirme yapmak yerine erken bir a\u015famada temiz bir \u015fekilde kurmay\u0131 tercih etmektedir.<\/li>\n<li style=\"text-align: left;\"><strong>\u00c7ok dillilik nas\u0131l i\u015fliyor - y\u00fczey ve bask\u0131?<\/strong><br \/>\nYaz\u0131l\u0131m, sistem genelinde \u00e7ok dillilik i\u00e7in haz\u0131rlanm\u0131\u015ft\u0131r. \u00dcr\u00fcn sayfas\u0131na g\u00f6re, Light\/Professional \u00f6rne\u011fin Almanca, \u0130ngilizce ve Frans\u0131zca dillerini i\u00e7erir ve etiketler, diyaloglar ve se\u00e7im\/de\u011fer listeleri dahil olmak \u00fczere dil kullan\u0131c\u0131 ba\u015f\u0131na de\u011fi\u015ftirilebilir. Pratik kullan\u0131m i\u00e7in \u00f6nemli: Bask\u0131 d\u00fczenleri de mevcut t\u00fcm dillerde mevcuttur ve metinler \u00f6zelle\u015ftirilebilir\/geni\u015fletilebilir.<\/li>\n<li style=\"text-align: left;\"><strong>Birden fazla \u015firketi\/m\u00fc\u015fteriyi ve birden fazla depolama konumunu y\u00f6netebilir miyim?<\/strong><br \/>\nBirka\u00e7 t\u00fczel ki\u015fili\u011fi, \u015fubeyi veya \u015firket b\u00f6l\u00fcm\u00fcn\u00fc tek bir sistemde e\u015fle\u015ftirmek istiyorsan\u0131z, bu genellikle profesyonel bir konudur: siteye g\u00f6re, geni\u015fletilmi\u015f \u00fcr\u00fcn ve depo mant\u0131\u011f\u0131 dahil olmak \u00fczere \u00e7e\u015fitli m\u00fc\u015fteriler ve depolama konumlar\u0131 desteklenir. B\u00fcy\u00fcyen \u015firketler i\u00e7in bu, \u201ebasit mal y\u00f6netiminden\u201c \u201eger\u00e7ek ERP'ye\u201c ge\u00e7ti\u011finiz klasik bir noktad\u0131r.<\/li>\n<li style=\"text-align: left;\"><strong>\u00dcr\u00fcn varyantlar\u0131, \u00f6zellikleri, par\u00e7a listeleri ve partileri var m\u0131?<\/strong><br \/>\nEvet - Profesyoneller i\u00e7in \u00fcr\u00fcn varyantlar\u0131, fiyatla ilgili \u00f6zellikler, par\u00e7a listeleri ve parti y\u00f6netiminden bahsedilir. Bunlar tam olarak bir\u00e7ok sistemin \u201e\u00fcstte\u201c pahal\u0131 olarak satt\u0131\u011f\u0131 i\u015flevlerdir - ancak pratikte varyantl\u0131 \u00fcr\u00fcn serileri (boyut \/ renk \/ malzeme) veya \u00fcretim \/ montaj i\u00e7in h\u0131zla vazge\u00e7ilmezdir.<\/li>\n<li style=\"text-align: left;\"><strong>gFM-Business online ma\u011fazalar i\u00e7in ne kadar uygun?<\/strong><br \/>\ngFM-Business Basic ve Professional bir online ma\u011faza aray\u00fcz\u00fc i\u00e7erir (Basic bir ma\u011faza i\u00e7in; \u00f6rnekler Shopware, WooCommerce, Gambio, Modified'\u0131 i\u00e7erir) ve Professional'da ayr\u0131ca birka\u00e7 paralel ma\u011faza - farkl\u0131 ma\u011faza sistemlerinin kar\u0131\u015f\u0131k \u00e7al\u0131\u015fmas\u0131 durumunda bile. A\u00e7\u0131klamaya g\u00f6re, a\u00e7\u0131k lisans, aray\u00fcz\u00fcn bireysel gereksinimlere uyarlanmas\u0131na veya di\u011fer REST \u00f6zellikli ma\u011fazalara geni\u015fletilmesine de izin veriyor.<\/li>\n<li style=\"text-align: left;\"><strong>\u201egFM-Business yapay zekaya gidiyor\u201c ne hakk\u0131nda?<\/strong><br \/>\nSayfada, gFM-Business Professional'\u0131n ERP yaz\u0131l\u0131m\u0131nda yapay zeka belgeleri ve yapay zeka metinleri olu\u015fturmak i\u00e7in ilk kez OpenAI\/ChatGPT entegrasyonunu i\u00e7erdi\u011fi a\u00e7\u0131klanmaktad\u0131r. Pratik fayda genellikle bir \u201ehile\u201c de\u011fil, g\u00fcnl\u00fck metin \u00e7al\u0131\u015fmas\u0131d\u0131r: \u015fablonlar, form\u00fclasyonlar, standart metinler, dahili notlar - aksi takdirde ekiplerin zaman kaybedece\u011fi veya tutars\u0131z hale gelece\u011fi yerler.<\/li>\n<li style=\"text-align: left;\"><strong>Bask\u0131 d\u00fczenleri ne kadar \u00f6zelle\u015ftirilebilir - ve bu ne kadar h\u0131zl\u0131 yap\u0131labilir?<\/strong><br \/>\nEntegre bask\u0131 sistemi g\u00fc\u00e7l\u00fc bir noktad\u0131r: bask\u0131 d\u00fczenleri, t\u0131pk\u0131 bir metin\/DTP ortam\u0131nda oldu\u011fu gibi FileMaker d\u00fczen modunda d\u00fczenlenebilir veya yeni olu\u015fturulabilir. Yeni d\u00fczenler bir program b\u00f6l\u00fcm\u00fcne atan\u0131r ve hemen kullan\u0131labilir. Bu klasik \u201eFileMaker d\u00fc\u015f\u00fcncesi\u201c: pragmatik olarak \u00f6zelle\u015ftirmek, \u00fcretici yol haritalar\u0131 i\u00e7in y\u0131llarca beklemekten daha iyidir.<\/li>\n<li style=\"text-align: left;\"><strong>Hangi aray\u00fczler\/d\u0131\u015fa aktar\u0131mlar m\u00fcmk\u00fcnd\u00fcr (CSV, Excel, DATEV vb.)?<\/strong><br \/>\ngFM-Business ithalat\/ihracat i\u00e7in \u00e7e\u015fitli formatlarla birlikte gelir (metin\/tab, CSV, Excel, FileMaker, DBF; art\u0131 Office birle\u015ftirme\/seri mektup yollar\u0131 dahil). Mod\u00fcle ba\u011fl\u0131 olarak, sayfada ayr\u0131ca DATEV (kasa defteri ba\u011flam\u0131nda) ve di\u011fer finansal\/\u00f6deme formatlar\u0131 gibi ek ihracatlar da alt sayfalarda listelenir. Bir\u00e7ok \u015firket i\u00e7in belirleyici olan tam olarak budur: \u201ecanavar entegrasyonu\u201c olmadan bile veriler d\u0131\u015fa ve i\u00e7e aktar\u0131labildi\u011fi i\u00e7in hareket kabiliyetiniz devam eder.<\/li>\n<li style=\"text-align: left;\"><strong>Do\u011frudan sistemden e-posta g\u00f6nderebilir ve atayabilir miyim?<\/strong><br \/>\nEvet - \u00fcr\u00fcn sayfas\u0131na g\u00f6re, entegre bir e-posta istemcisi (POP3\/IMAP) var. Bilinen adreslerden gelen e-postalar otomatik olarak ki\u015filere atanabilir. Pratik etki: daha az \u201eposta kutusu kaosu\u201c ve tek bir yerde daha fazla m\u00fc\u015fteri ge\u00e7mi\u015fi - t\u0131pk\u0131 eskiden klas\u00f6rlerde d\u00fczg\u00fcn bir \u015fekilde d\u00fczenledi\u011finiz gibi, yaln\u0131zca dijital ve aranabilir.<\/li>\n<li style=\"text-align: left;\"><strong>Ekip nas\u0131l \u00e7al\u0131\u015f\u0131yor - yerel olarak m\u0131, bir a\u011f i\u00e7inde mi yoksa internet \u00fczerinden mi?<\/strong><br \/>\ngFM-Business i\u00e7in tipik uygulama senaryolar\u0131 tan\u0131mlanm\u0131\u015ft\u0131r: yerel a\u011fda (\u00f6rn. FileMaker Pro\/Server, VPN \u00fczerinden harici eri\u015fim) veya \u0130nternet \u00fczerinden payla\u015f\u0131m (web sunucusu + FileMaker Server veya gFM-Business Cloud). Bu \u00f6nemlidir \u00e7\u00fcnk\u00fc klasik ofis a\u011f\u0131nda m\u0131 yoksa farkl\u0131 konumlarda m\u0131 \u00e7al\u0131\u015fmay\u0131 tercih etti\u011finize ba\u011fl\u0131 olarak size \u00e7e\u015fitli se\u00e7enekler sunar.<\/li>\n<li style=\"text-align: left;\"><strong>Ba\u015flamak i\u00e7in en iyi yol nedir - test, bilgi, ilk mant\u0131kl\u0131 ad\u0131m?<\/strong><br \/>\n\u0130htiyatl\u0131 bir \u015fekilde ak\u0131ll\u0131 yol \u015fudur: \u00f6nce gereksinimleri toplay\u0131n, ard\u0131ndan s\u00fcr\u00fcm\u00fc se\u00e7in, ard\u0131ndan net bir pilot s\u00fcre\u00e7le ba\u015flay\u0131n (\u00f6rne\u011fin makale \/ stok + belgeler + 1-2 standart bask\u0131). gofilemaker.de \u00e7e\u015fitli platformlara\/versiyonlara eri\u015fimin yan\u0131 s\u0131ra indirmeler\/bilgiler de sunar. Bir\u00e7ok \u015firket, her \u015feyi bir kerede \u201em\u00fckemmel\u201c bir \u015fekilde yapmak yerine, s\u00fcre\u00e7lerin geleneksel olarak b\u00fcy\u00fcd\u00fc\u011f\u00fc \u015fekilde yaz\u0131l\u0131m\u0131 ad\u0131m ad\u0131m geli\u015ftirerek en fazla tasarrufu sa\u011flar - ancak bu sefer temiz bir \u015fekilde belgelenmi\u015f ve istikrarl\u0131 bir \u015fekilde otomatikle\u015ftirilmi\u015ftir.<\/li>\n<\/ol>","protected":false},"excerpt":{"rendered":"<p>Kendi kendine d\u00fc\u015f\u00fcnenler i\u00e7in ERP yaz\u0131l\u0131m\u0131 - esnek, yerel, ba\u011f\u0131ms\u0131z gFM-Business ERP yaz\u0131l\u0131m\u0131, \u015firket verilerini anonim bir buluta yerle\u015ftirmeye haz\u0131r olmayan, ancak nas\u0131l \u00e7al\u0131\u015facaklar\u0131n\u0131 kendileri belirlemek isteyen herkes i\u00e7in pratik bir i\u015f yaz\u0131l\u0131m\u0131d\u0131r. \u00c7\u00f6z\u00fcm, \u00f6zelle\u015ftirilmi\u015f yaz\u0131l\u0131m geli\u015ftirme i\u00e7in kan\u0131tlanm\u0131\u015f bir ara\u00e7 olan Claris FileMaker'ye dayanmaktad\u0131r ve bu nedenle sizin ihtiya\u00e7lar\u0131n\u0131z kadar esnektir. <a title=\"ERP yaz\u0131l\u0131m\u0131\" class=\"read-more\" href=\"https:\/\/www.markus-schall.de\/tr\/erp-yazilimi\/\" aria-label=\"ERP yaz\u0131l\u0131m\u0131 hakk\u0131nda daha fazla bilgi edinin\">Devam\u0131n\u0131 oku<\/a><\/p>","protected":false},"author":1,"featured_media":0,"parent":0,"menu_order":0,"comment_status":"closed","ping_status":"closed","template":"","meta":{"iawp_total_views":229,"footnotes":""},"class_list":["post-738","page","type-page","status-publish"],"_links":{"self":[{"href":"https:\/\/www.markus-schall.de\/tr\/wp-json\/wp\/v2\/pages\/738","targetHints":{"allow":["GET"]}}],"collection":[{"href":"https:\/\/www.markus-schall.de\/tr\/wp-json\/wp\/v2\/pages"}],"about":[{"href":"https:\/\/www.markus-schall.de\/tr\/wp-json\/wp\/v2\/types\/page"}],"author":[{"embeddable":true,"href":"https:\/\/www.markus-schall.de\/tr\/wp-json\/wp\/v2\/users\/1"}],"replies":[{"embeddable":true,"href":"https:\/\/www.markus-schall.de\/tr\/wp-json\/wp\/v2\/comments?post=738"}],"version-history":[{"count":13,"href":"https:\/\/www.markus-schall.de\/tr\/wp-json\/wp\/v2\/pages\/738\/revisions"}],"predecessor-version":[{"id":5730,"href":"https:\/\/www.markus-schall.de\/tr\/wp-json\/wp\/v2\/pages\/738\/revisions\/5730"}],"wp:attachment":[{"href":"https:\/\/www.markus-schall.de\/tr\/wp-json\/wp\/v2\/media?parent=738"}],"curies":[{"name":"wp","href":"https:\/\/api.w.org\/{rel}","templated":true}]}}